{"id":1067,"date":"2025-07-14T12:05:15","date_gmt":"2025-07-14T12:05:15","guid":{"rendered":"https:\/\/eclawcounsel.com\/additional-living-expenses\/"},"modified":"2025-09-12T16:12:07","modified_gmt":"2025-09-12T16:12:07","slug":"despues-de-los-danos","status":"publish","type":"page","link":"https:\/\/eclawcounsel.com\/es\/despues-de-los-danos\/","title":{"rendered":"Additional Living Expenses Insurance Lawyer"},"content":{"rendered":"<p>Cuando su hogar en el Sur de la Florida sufre da\u00f1os que lo obligan a mudarse temporalmente de su casa para vivir en un hotel, motel, hospedaje prolongado o alquiler a corto plazo, usted incurrir\u00e1 en gastos adicionales que exceden los presupuestos personales de la mayor\u00eda de los propietarios. \u00bfSab\u00eda que su p\u00f3liza de seguro para propietarios de viviendas o contra inundaciones debe cubrir estos gastos mientras su casa est\u00e1 en reparaci\u00f3n?<\/p>\n<p><span data-ctm-watch-id=\"7\" data-ctm-tracked=\"1\" data-observe=\"1\" data-observer-id=\"3\" data-ctm-remark=\"1\">En la Asesor\u00eda Jur\u00eddica EC del Bufete de Abogados de Hollywood, FL, manejamos casos de derecho de seguros en el sureste y suroeste de Florida. Ll\u00e1menos hoy al 954-740-6333 para hablar con un abogado de nuestra firma especializado en gastos de subsistencia adicionales\u00a0<\/span><\/p>\n<h2><b>\u00bfQu\u00e9 son los \u201cgastos de subsistencia adicionales\u201d (ALE) en su p\u00f3liza de seguro de propietario de una vivienda?<\/b><\/h2>\n<p>Su p\u00f3liza de propietario de una vivienda debe cubrir los gastos en los que incurra mientras vive fuera de su casa que no puede ser habitada despu\u00e9s de los da\u00f1os. Mientras usted completa las reparaciones de su vivienda, su compa\u00f1\u00eda de seguros deber\u00eda reembolsarle los gastos que considere inevitables, tal y como se indica en su p\u00f3liza de seguro del hogar.<\/p>\n<p>Para reclamar la cobertura ALE a su aseguradora, revise su p\u00f3liza para conocer los l\u00edmites de su p\u00f3liza para la cobertura ALE. Los l\u00edmites pueden variar, por lo que debe revisar su p\u00f3liza con la ayuda de un abogado experto en gastos de manutenci\u00f3n adicionales.<\/p>\n<p>Su compa\u00f1\u00eda de seguros tendr\u00e1 que verificar que su casa es inhabitable durante las reparaciones y en qu\u00e9 medida necesitar\u00e1 un alojamiento. Por ejemplo, el alquiler de otra casa o apartamento debe ser de tama\u00f1o comparable y sin que se reduzca su calidad de vida habitual.<\/p>\n<h2><b>\u00bfQu\u00e9 pagar\u00e1 la compa\u00f1\u00eda de seguros mientras est\u00e9 fuera de casa?<\/b><\/h2>\n<p>Por lo general, la compa\u00f1\u00eda de seguros le reembolsar\u00e1 los gastos necesarios en los que incurra por verse obligado a desplazarse de su hogar. Dichos gastos podr\u00edan incluir:<\/p>\n<ul>\n<li aria-level=\"1\">Costos de alquiler de una habitaci\u00f3n de hotel, condominio, casa adosada o casa unifamiliar comparable a su hogar que actualmente est\u00e1 inhabitable<\/li>\n<li aria-level=\"1\">Costes de comidas en restaurantes con regularidad si su alojamiento transitorio no dispone de cocina<\/li>\n<li aria-level=\"1\">Gastos de residencia o alojamiento de una mascota si en su alojamiento provisional no se admiten mascotas<\/li>\n<li aria-level=\"1\">Costes de servicios p\u00fablicos para su arreglo de vivienda temporal si no est\u00e1n incluidos en la tarifa de alquiler (comparable a los servicios p\u00fablicos actuales en su hogar inhabitable)<\/li>\n<li aria-level=\"1\">Gastos de almacenamiento de enseres dom\u00e9sticos en una unidad de almacenamiento mientras la vivienda est\u00e9 inhabitable<\/li>\n<li aria-level=\"1\">Otros gastos de manutenci\u00f3n adicionales necesarios<\/li>\n<\/ul>\n<h2><b>Qu\u00e9 hacer cuando presente un reclamo ALE<\/b><\/h2>\n<p>Su compa\u00f1\u00eda de seguros s\u00f3lo cubrir\u00e1 los gastos incurridos por ALE mientras su vivienda est\u00e9 inhabitable. Por ello, debe conservar todos los recibos y facturas que reciba mientras viva en un alojamiento transitorio. Al reclamar por ALE, aseg\u00farese de:<\/p>\n<ul>\n<li aria-level=\"1\">Mantener registros de gastos y documentaci\u00f3n para el reembolso.<\/li>\n<li aria-level=\"1\">Buscar alojamientos comparables a los est\u00e1ndares de su hogar<\/li>\n<li aria-level=\"1\">Mantener un presupuesto para evitar sobrepasar el l\u00edmite de su p\u00f3liza<\/li>\n<\/ul>\n<p>Para obtener ayuda para saber qu\u00e9 gastos cumplen los requisitos para el reembolso por ALE y negociar con su compa\u00f1\u00eda de seguros, p\u00f3ngase en contacto con nosotros en la Asesor\u00eda jur\u00eddica del Estudio de Abogados.<\/p>\n<h2>P\u00f3ngase en contacto con nuestro equipo legal especializado en gastos de subsistencia adicionales en Florida.<\/h2>\n<p><span data-ctm-watch-id=\"5\" data-ctm-tracked=\"1\" data-observe=\"1\" data-observer-id=\"2\" data-ctm-remark=\"1\">En la Asesor\u00eda jur\u00eddica EC del Bufete de Abogados sabemos que negociar con su agente de seguros sobre su p\u00f3liza de propietario de vivienda no siempre es c\u00f3modo. Ll\u00e1menos hoy al 954-740-6333 para programar una consulta inicial. No luche solo contra su compa\u00f1\u00eda de seguros, obtenga ayuda de su lado cuando trate con su compa\u00f1\u00eda de seguros de propietarios de viviendas.<\/span><\/p>\n","protected":false},"excerpt":{"rendered":"<p>Cuando su hogar en el Sur de la Florida sufre da\u00f1os que lo obligan a mudarse temporalmente de su casa para vivir en un hotel, motel, hospedaje prolongado o alquiler a corto plazo, usted incurrir\u00e1 en gastos adicionales que exceden los presupuestos personales de la mayor\u00eda de los propietarios. \u00bfSab\u00eda que su p\u00f3liza de seguro [&hellip;]<\/p>\n","protected":false},"author":2,"featured_media":0,"parent":0,"menu_order":0,"comment_status":"closed","ping_status":"closed","template":"page-templates\/services-template.php","meta":{"_acf_changed":false,"inline_featured_image":false,"footnotes":""},"class_list":["post-1067","page","type-page","status-publish","hentry"],"acf":[],"yoast_head":"<!-- This site is optimized with the Yoast SEO plugin v27.5 - https:\/\/yoast.com\/product\/yoast-seo-wordpress\/ -->\n<title>Abogado experto en gastos de subsistencia en Florida - EC Law<\/title>\n<meta name=\"description\" content=\"\u00bfSu propiedad en Florida ha sufrido da\u00f1os? Descubra los pasos a seguir y c\u00f3mo nuestros abogados pueden ayudarlo. \u00a1Cont\u00e1ctenos hoy!\" \/>\n<meta name=\"robots\" content=\"index, follow, max-snippet:-1, max-image-preview:large, max-video-preview:-1\" \/>\n<link rel=\"canonical\" href=\"https:\/\/eclawcounsel.com\/es\/despues-de-los-danos\/\" \/>\n<meta property=\"og:locale\" content=\"es_ES\" \/>\n<meta property=\"og:type\" content=\"article\" \/>\n<meta property=\"og:title\" content=\"Abogado experto en gastos de subsistencia en Florida - EC Law\" \/>\n<meta property=\"og:description\" content=\"\u00bfSu propiedad en Florida ha sufrido da\u00f1os? Descubra los pasos a seguir y c\u00f3mo nuestros abogados pueden ayudarlo. \u00a1Cont\u00e1ctenos hoy!\" \/>\n<meta property=\"og:url\" content=\"https:\/\/eclawcounsel.com\/es\/despues-de-los-danos\/\" \/>\n<meta property=\"og:site_name\" content=\"EC Law Counsel\" \/>\n<meta property=\"article:modified_time\" content=\"2025-09-12T16:12:07+00:00\" \/>\n<meta name=\"twitter:card\" content=\"summary_large_image\" \/>\n<meta name=\"twitter:label1\" content=\"Est. reading time\" \/>\n\t<meta name=\"twitter:data1\" content=\"3 minutos\" \/>\n<!-- \/ Yoast SEO plugin. -->","yoast_head_json":{"title":"Abogado experto en gastos de subsistencia en Florida - EC Law","description":"\u00bfSu propiedad en Florida ha sufrido da\u00f1os? Descubra los pasos a seguir y c\u00f3mo nuestros abogados pueden ayudarlo. \u00a1Cont\u00e1ctenos hoy!","robots":{"index":"index","follow":"follow","max-snippet":"max-snippet:-1","max-image-preview":"max-image-preview:large","max-video-preview":"max-video-preview:-1"},"canonical":"https:\/\/eclawcounsel.com\/es\/despues-de-los-danos\/","og_locale":"es_ES","og_type":"article","og_title":"Abogado experto en gastos de subsistencia en Florida - EC Law","og_description":"\u00bfSu propiedad en Florida ha sufrido da\u00f1os? Descubra los pasos a seguir y c\u00f3mo nuestros abogados pueden ayudarlo. \u00a1Cont\u00e1ctenos hoy!","og_url":"https:\/\/eclawcounsel.com\/es\/despues-de-los-danos\/","og_site_name":"EC Law Counsel","article_modified_time":"2025-09-12T16:12:07+00:00","twitter_card":"summary_large_image","twitter_misc":{"Est. reading time":"3 minutos"},"schema":{"@context":"https:\/\/schema.org","@graph":[{"@type":"WebPage","@id":"https:\/\/eclawcounsel.com\/es\/despues-de-los-danos\/","url":"https:\/\/eclawcounsel.com\/es\/despues-de-los-danos\/","name":"Abogado experto en gastos de subsistencia en Florida - EC Law","isPartOf":{"@id":"https:\/\/eclawcounsel.com\/es\/#website"},"datePublished":"2025-07-14T12:05:15+00:00","dateModified":"2025-09-12T16:12:07+00:00","description":"\u00bfSu propiedad en Florida ha sufrido da\u00f1os? Descubra los pasos a seguir y c\u00f3mo nuestros abogados pueden ayudarlo. \u00a1Cont\u00e1ctenos hoy!","breadcrumb":{"@id":"https:\/\/eclawcounsel.com\/es\/despues-de-los-danos\/#breadcrumb"},"inLanguage":"es","potentialAction":[{"@type":"ReadAction","target":["https:\/\/eclawcounsel.com\/es\/despues-de-los-danos\/"]}]},{"@type":"BreadcrumbList","@id":"https:\/\/eclawcounsel.com\/es\/despues-de-los-danos\/#breadcrumb","itemListElement":[{"@type":"ListItem","position":1,"name":"Home","item":"https:\/\/eclawcounsel.com\/es\/"},{"@type":"ListItem","position":2,"name":"Additional Living Expenses Insurance Lawyer"}]},{"@type":"WebSite","@id":"https:\/\/eclawcounsel.com\/es\/#website","url":"https:\/\/eclawcounsel.com\/es\/","name":"EC Law Counsel","description":"","publisher":{"@id":"https:\/\/eclawcounsel.com\/es\/#organization"},"potentialAction":[{"@type":"SearchAction","target":{"@type":"EntryPoint","urlTemplate":"https:\/\/eclawcounsel.com\/es\/?s={search_term_string}"},"query-input":{"@type":"PropertyValueSpecification","valueRequired":true,"valueName":"search_term_string"}}],"inLanguage":"es"},{"@type":"Organization","@id":"https:\/\/eclawcounsel.com\/es\/#organization","name":"EC Law Counsel","url":"https:\/\/eclawcounsel.com\/es\/","logo":{"@type":"ImageObject","inLanguage":"es","@id":"https:\/\/eclawcounsel.com\/es\/#\/schema\/logo\/image\/","url":"https:\/\/eclawcounsel.com\/wp-content\/uploads\/2025\/06\/eclawcounsel-logo.svg","contentUrl":"https:\/\/eclawcounsel.com\/wp-content\/uploads\/2025\/06\/eclawcounsel-logo.svg","width":196,"height":61,"caption":"EC Law Counsel"},"image":{"@id":"https:\/\/eclawcounsel.com\/es\/#\/schema\/logo\/image\/"}}]}},"_links":{"self":[{"href":"https:\/\/eclawcounsel.com\/es\/wp-json\/wp\/v2\/pages\/1067","targetHints":{"allow":["GET"]}}],"collection":[{"href":"https:\/\/eclawcounsel.com\/es\/wp-json\/wp\/v2\/pages"}],"about":[{"href":"https:\/\/eclawcounsel.com\/es\/wp-json\/wp\/v2\/types\/page"}],"author":[{"embeddable":true,"href":"https:\/\/eclawcounsel.com\/es\/wp-json\/wp\/v2\/users\/2"}],"replies":[{"embeddable":true,"href":"https:\/\/eclawcounsel.com\/es\/wp-json\/wp\/v2\/comments?post=1067"}],"version-history":[{"count":0,"href":"https:\/\/eclawcounsel.com\/es\/wp-json\/wp\/v2\/pages\/1067\/revisions"}],"wp:attachment":[{"href":"https:\/\/eclawcounsel.com\/es\/wp-json\/wp\/v2\/media?parent=1067"}],"curies":[{"name":"wp","href":"https:\/\/api.w.org\/{rel}","templated":true}]}}