{"id":1069,"date":"2025-07-14T12:10:01","date_gmt":"2025-07-14T12:10:01","guid":{"rendered":"https:\/\/eclawcounsel.com\/south-florida-appliance-leak-lawyer\/"},"modified":"2025-09-17T06:57:15","modified_gmt":"2025-09-17T06:57:15","slug":"fugas-de-electrodomesticos","status":"publish","type":"page","link":"https:\/\/eclawcounsel.com\/es\/fugas-de-electrodomesticos\/","title":{"rendered":"Florida Appliance Leak Lawyer"},"content":{"rendered":"<p>Muchos floridanos experimentan da\u00f1os por agua en sus hogares anualmente por fugas de electrodom\u00e9sticos, tales como lavadoras, lavavajillas o refrigeradores. Si recientemente ha habido una fuga en su casa, deje que nuestros abogados revisen su p\u00f3liza de seguro para averiguar si los da\u00f1os a su casa o negocio cumplen los requisitos para recibir cobertura de su compa\u00f1\u00eda de seguros.<\/p>\n<p data-ctm-watch-id=\"7\" data-ctm-tracked=\"1\" data-observe=\"1\" data-observer-id=\"3\" data-ctm-remark=\"1\">Para obtener ayuda con su reclamo, p\u00f3ngase en contacto con nosotros en la Asesor\u00eda Jur\u00eddica EC del bufete de abogados para una cita con un abogado especializado en fugas de electrodom\u00e9sticos. Podemos ayudarle a revisar su p\u00f3liza y presentar las pruebas correctas para su reclamaci\u00f3n con su compa\u00f1\u00eda de seguros. Ll\u00e1menos hoy al 954-740-6333.<\/p>\n<h2>\u00bfMi p\u00f3liza de seguro cubre da\u00f1os por agua debido a fugas de electrodom\u00e9sticos?<\/h2>\n<p>En general, las p\u00f3lizas de seguro est\u00e1ndar para propietarios de viviendas cubren los da\u00f1os por agua causados por fugas en los electrodom\u00e9sticos, siempre que la fuga sea repentina y accidental. Esto quiere decir que si su lavadora, lavavajillas, calentador de agua o refrigerador de repente tienen una fuga, causando da\u00f1os por agua en su hogar, su p\u00f3liza de seguro debe cubrir el costo de las reparaciones.<\/p>\n<p>Una tuber\u00eda de alimentaci\u00f3n o desag\u00fce obstruido puede hacer que aumente la presi\u00f3n hasta que la manguera se rompa, derramando agua por todo el piso. La junta que rodea un lavavajillas o una lavadora de carga frontal podr\u00eda fallar, podr\u00eda fallar una conexi\u00f3n de la l\u00ednea de suministro de agua o podr\u00eda romperse o explotar un calentador de agua.<\/p>\n<h2>\u00bfDebo presentar mi demanda en el marco de mi p\u00f3liza de seguro de hogar o contra inundaciones?<\/h2>\n<p>Las demandas por fugas de electrodom\u00e9sticos deben presentarse en el marco de su p\u00f3liza de propietario de una vivienda.<\/p>\n<p>El seguro contra inundaciones cubre los da\u00f1os causados por el aumento del nivel del agua debido a inundaciones. Muchos propietarios de viviendas deben adquirir un seguro adicional para los casos de inundaciones en Florida debido a la frecuencia de las inundaciones en todo el estado. No importa d\u00f3nde se encuentre en Florida, la playa nunca est\u00e1 a m\u00e1s de 90 kil\u00f3metros de distancia. Las grandes marejadas cicl\u00f3nicas pueden empujar las aguas de la inundaci\u00f3n kil\u00f3metros tierra adentro cuando las tormentas tocan tierra o bordean la costa. Por lo tanto, su p\u00f3liza contra inundaciones no cubre los da\u00f1os que se derivan de la fuga de un electrodom\u00e9stico. Por lo tanto, su p\u00f3liza para casos de inundaci\u00f3n no cubre los da\u00f1os derivados de una fuga de electrodom\u00e9sticos.<\/p>\n<p>La mayor\u00eda de las p\u00f3lizas de seguro del hogar suelen cubrir los da\u00f1os por agua causados por sucesos repentinos y accidentales, como son la rotura de tuber\u00edas o fugas de electrodom\u00e9sticos. Sin embargo, la cobertura puede variar en funci\u00f3n de la causa de la fuga, el alcance de los da\u00f1os y las exclusiones o limitaciones de la p\u00f3liza. Un abogado especializado en fugas de electrodom\u00e9sticos de nuestro bufete de abogados EC puede ayudarle a presentar los formularios de demanda y las pruebas pertinentes en el marco de su p\u00f3liza de seguro de propietario o arrendatario.<\/p>\n<p>Su seguro de propietario o arrendatario debe cubrir:<\/p>\n<ul>\n<li aria-level=\"1\">El coste de las reparaciones por da\u00f1os causados por la fuga del electrodom\u00e9stico, como pisos, paneles de yeso o gabinetes<\/li>\n<li aria-level=\"1\">El coste de la reposici\u00f3n de bienes muebles tales como muebles, juguetes, ropa, etc.<\/li>\n<li aria-level=\"1\">El saneamiento de moho y hongos<\/li>\n<li aria-level=\"1\">Los costes de mano de obra para la instalaci\u00f3n de nuevos electrodom\u00e9sticos y su reparaci\u00f3n<\/li>\n<\/ul>\n<h2>\u00bfQu\u00e9 debo hacer si tengo una fuga en el electrodom\u00e9stico?<\/h2>\n<p>La mayor\u00eda de la gente no sabe qu\u00e9 hacer cuando ve que sale agua de debajo de un electrodom\u00e9stico y se extiende por el suelo. Cuando vea esto, siga estos pasos:<\/p>\n<ul>\n<li aria-level=\"1\">Grabe un v\u00eddeo de la fuga en el momento que ocurre<\/li>\n<li aria-level=\"1\">Apague el aparato para evitar que salga m\u00e1s agua<\/li>\n<li aria-level=\"1\">Limpie el agua que est\u00e9 a su alcance.<\/li>\n<li aria-level=\"1\">Mueva cualquier bien personal da\u00f1ado y mant\u00e9ngalo alejado de los bienes no da\u00f1ados<\/li>\n<li aria-level=\"1\">Registre cualquier otra prueba de los da\u00f1os con fotos y recibos de los bienes perdidos<\/li>\n<li aria-level=\"1\">P\u00f3ngase en contacto con nosotros para obtener ayuda en la presentaci\u00f3n de su demanda<\/li>\n<\/ul>\n<h2>Comun\u00edquese con un abogado especializado en fugas de electrodom\u00e9sticos que preste servicios en el sureste y suroeste de Florida<\/h2>\n<p data-ctm-watch-id=\"5\" data-ctm-tracked=\"1\" data-observe=\"1\" data-observer-id=\"2\" data-ctm-remark=\"1\">Cuando necesite presentar una demanda por da\u00f1os causados por el agua en su hogar, p\u00f3ngase en contacto con un abogado especializado en fugas de electrodom\u00e9sticos de nuestro bufete de abogados especializado en reclamaciones de seguros. Estamos orgullosos de prestar nuestros servicios en el sureste y suroeste de Florida. Ll\u00e1menos a la Asesor\u00eda Jur\u00eddica EC del bufete de abogados al 954-740-6333 para programar una cita.<\/p>\n","protected":false},"excerpt":{"rendered":"<p>Muchos floridanos experimentan da\u00f1os por agua en sus hogares anualmente por fugas de electrodom\u00e9sticos, tales como lavadoras, lavavajillas o refrigeradores. Si recientemente ha habido una fuga en su casa, deje que nuestros abogados revisen su p\u00f3liza de seguro para averiguar si los da\u00f1os a su casa o negocio cumplen los requisitos para recibir cobertura de [&hellip;]<\/p>\n","protected":false},"author":2,"featured_media":0,"parent":0,"menu_order":0,"comment_status":"closed","ping_status":"closed","template":"page-templates\/services-template.php","meta":{"_acf_changed":false,"inline_featured_image":false,"footnotes":""},"class_list":["post-1069","page","type-page","status-publish","hentry"],"acf":[],"yoast_head":"<!-- This site is optimized with the Yoast SEO plugin v27.3 - https:\/\/yoast.com\/product\/yoast-seo-wordpress\/ -->\n<title>Abogado en fugas de electrodom\u00e9sticos en el sur de Florida<\/title>\n<meta name=\"description\" content=\"\u00bfDa\u00f1os por fugas de lavadora o lavavajillas en su hogar de Florida? Conf\u00ede en nuestros expertos legales para manejar su reclamaci\u00f3n de seguro y obtener compensaci\u00f3n justa.\" \/>\n<meta name=\"robots\" content=\"index, follow, max-snippet:-1, max-image-preview:large, max-video-preview:-1\" \/>\n<link rel=\"canonical\" href=\"https:\/\/eclawcounsel.com\/es\/fugas-de-electrodomesticos\/\" \/>\n<meta property=\"og:locale\" content=\"es_ES\" \/>\n<meta property=\"og:type\" content=\"article\" \/>\n<meta property=\"og:title\" content=\"Abogado en fugas de electrodom\u00e9sticos en el sur de Florida\" \/>\n<meta property=\"og:description\" content=\"\u00bfDa\u00f1os por fugas de lavadora o lavavajillas en su hogar de Florida? Conf\u00ede en nuestros expertos legales para manejar su reclamaci\u00f3n de seguro y obtener compensaci\u00f3n justa.\" \/>\n<meta property=\"og:url\" content=\"https:\/\/eclawcounsel.com\/es\/fugas-de-electrodomesticos\/\" \/>\n<meta property=\"og:site_name\" content=\"EC Law Counsel\" \/>\n<meta property=\"article:modified_time\" content=\"2025-09-17T06:57:15+00:00\" \/>\n<meta name=\"twitter:card\" content=\"summary_large_image\" \/>\n<meta name=\"twitter:label1\" content=\"Est. reading time\" \/>\n\t<meta name=\"twitter:data1\" content=\"4 minutos\" \/>\n<!-- \/ Yoast SEO plugin. -->","yoast_head_json":{"title":"Abogado en fugas de electrodom\u00e9sticos en el sur de Florida","description":"\u00bfDa\u00f1os por fugas de lavadora o lavavajillas en su hogar de Florida? Conf\u00ede en nuestros expertos legales para manejar su reclamaci\u00f3n de seguro y obtener compensaci\u00f3n justa.","robots":{"index":"index","follow":"follow","max-snippet":"max-snippet:-1","max-image-preview":"max-image-preview:large","max-video-preview":"max-video-preview:-1"},"canonical":"https:\/\/eclawcounsel.com\/es\/fugas-de-electrodomesticos\/","og_locale":"es_ES","og_type":"article","og_title":"Abogado en fugas de electrodom\u00e9sticos en el sur de Florida","og_description":"\u00bfDa\u00f1os por fugas de lavadora o lavavajillas en su hogar de Florida? Conf\u00ede en nuestros expertos legales para manejar su reclamaci\u00f3n de seguro y obtener compensaci\u00f3n justa.","og_url":"https:\/\/eclawcounsel.com\/es\/fugas-de-electrodomesticos\/","og_site_name":"EC Law Counsel","article_modified_time":"2025-09-17T06:57:15+00:00","twitter_card":"summary_large_image","twitter_misc":{"Est. reading time":"4 minutos"},"schema":{"@context":"https:\/\/schema.org","@graph":[{"@type":"WebPage","@id":"https:\/\/eclawcounsel.com\/es\/fugas-de-electrodomesticos\/","url":"https:\/\/eclawcounsel.com\/es\/fugas-de-electrodomesticos\/","name":"Abogado en fugas de electrodom\u00e9sticos en el sur de Florida","isPartOf":{"@id":"https:\/\/eclawcounsel.com\/es\/#website"},"datePublished":"2025-07-14T12:10:01+00:00","dateModified":"2025-09-17T06:57:15+00:00","description":"\u00bfDa\u00f1os por fugas de lavadora o lavavajillas en su hogar de Florida? Conf\u00ede en nuestros expertos legales para manejar su reclamaci\u00f3n de seguro y obtener compensaci\u00f3n justa.","breadcrumb":{"@id":"https:\/\/eclawcounsel.com\/es\/fugas-de-electrodomesticos\/#breadcrumb"},"inLanguage":"es","potentialAction":[{"@type":"ReadAction","target":["https:\/\/eclawcounsel.com\/es\/fugas-de-electrodomesticos\/"]}]},{"@type":"BreadcrumbList","@id":"https:\/\/eclawcounsel.com\/es\/fugas-de-electrodomesticos\/#breadcrumb","itemListElement":[{"@type":"ListItem","position":1,"name":"Home","item":"https:\/\/eclawcounsel.com\/es\/"},{"@type":"ListItem","position":2,"name":"Florida Appliance Leak Lawyer"}]},{"@type":"WebSite","@id":"https:\/\/eclawcounsel.com\/es\/#website","url":"https:\/\/eclawcounsel.com\/es\/","name":"EC Law Counsel","description":"","publisher":{"@id":"https:\/\/eclawcounsel.com\/es\/#organization"},"potentialAction":[{"@type":"SearchAction","target":{"@type":"EntryPoint","urlTemplate":"https:\/\/eclawcounsel.com\/es\/?s={search_term_string}"},"query-input":{"@type":"PropertyValueSpecification","valueRequired":true,"valueName":"search_term_string"}}],"inLanguage":"es"},{"@type":"Organization","@id":"https:\/\/eclawcounsel.com\/es\/#organization","name":"EC Law Counsel","url":"https:\/\/eclawcounsel.com\/es\/","logo":{"@type":"ImageObject","inLanguage":"es","@id":"https:\/\/eclawcounsel.com\/es\/#\/schema\/logo\/image\/","url":"https:\/\/eclawcounsel.com\/wp-content\/uploads\/2025\/06\/eclawcounsel-logo.svg","contentUrl":"https:\/\/eclawcounsel.com\/wp-content\/uploads\/2025\/06\/eclawcounsel-logo.svg","width":196,"height":61,"caption":"EC Law Counsel"},"image":{"@id":"https:\/\/eclawcounsel.com\/es\/#\/schema\/logo\/image\/"}}]}},"_links":{"self":[{"href":"https:\/\/eclawcounsel.com\/es\/wp-json\/wp\/v2\/pages\/1069","targetHints":{"allow":["GET"]}}],"collection":[{"href":"https:\/\/eclawcounsel.com\/es\/wp-json\/wp\/v2\/pages"}],"about":[{"href":"https:\/\/eclawcounsel.com\/es\/wp-json\/wp\/v2\/types\/page"}],"author":[{"embeddable":true,"href":"https:\/\/eclawcounsel.com\/es\/wp-json\/wp\/v2\/users\/2"}],"replies":[{"embeddable":true,"href":"https:\/\/eclawcounsel.com\/es\/wp-json\/wp\/v2\/comments?post=1069"}],"version-history":[{"count":0,"href":"https:\/\/eclawcounsel.com\/es\/wp-json\/wp\/v2\/pages\/1069\/revisions"}],"wp:attachment":[{"href":"https:\/\/eclawcounsel.com\/es\/wp-json\/wp\/v2\/media?parent=1069"}],"curies":[{"name":"wp","href":"https:\/\/api.w.org\/{rel}","templated":true}]}}