{"id":1071,"date":"2025-07-14T12:13:43","date_gmt":"2025-07-14T12:13:43","guid":{"rendered":"https:\/\/eclawcounsel.com\/auto-accident-attorney-in-florida\/"},"modified":"2025-09-12T08:45:05","modified_gmt":"2025-09-12T08:45:05","slug":"accidentes-automovilisticos","status":"publish","type":"page","link":"https:\/\/eclawcounsel.com\/es\/accidentes-automovilisticos\/","title":{"rendered":"Florida Car Accident Insurance Attorney"},"content":{"rendered":"<p>Los accidentes de tr\u00e1nsito son lo suficientemente estresantes sin tener que enfrentarse a los ajustadores de seguros. No lo haga solo. Perm\u00edtanos encargarnos del trabajo preliminar legal y negociar con la compa\u00f1\u00eda de seguros mientras usted se enfoca en su recuperaci\u00f3n.<\/p>\n<p>En la Asesor\u00eda Jur\u00eddica EC del bufete de abogados, hemos ayudado a v\u00edctimas de accidentes automovil\u00edsticos con reclamaciones de seguros durante m\u00e1s de una d\u00e9cada. Estamos ubicados en Hollywood, FL, y servimos a clientes en todo el sureste y suroeste de Florida. Llame al (954) 861-0833 o cont\u00e1ctenos en l\u00ednea para una consulta gratuita con un abogado experto en accidentes automovil\u00edsticos de nuestro equipo.<\/p>\n<h2>\u00bfC\u00f3mo funciona el seguro de autom\u00f3vil en Florida?<\/h2>\n<p>Florida es un estado sin culpa. Esto significa que primero debe recurrir a su seguro de protecci\u00f3n contra lesiones personales (PIP) despu\u00e9s de un accidente de tr\u00e1nsito para cubrir sus gastos m\u00e9dicos, independientemente de qui\u00e9n haya tenido la culpa. El PIP cubre:<\/p>\n<ul>\n<li>El 80% de los gastos m\u00e9dicos razonables por lesiones cubiertas para +<\/li>\n<li>accidentes.<\/li>\n<li>El 60% de los salarios que haya perdido como consecuencia del accidente<\/li>\n<li>Prestaciones por fallecimiento<\/li>\n<\/ul>\n<p>Si su PIP no es suficiente para cubrir sus p\u00e9rdidas, es posible que deba presentar una demanda contra el seguro del otro conductor o iniciar una demanda por lesiones personales.<\/p>\n<h2>\u00bfPor qu\u00e9 contratar a un abogado especializado en accidentes automovil\u00edsticos de Florida?<\/h2>\n<p>Es probable que la compa\u00f1\u00eda de seguros intente minimizar su pago o evite hacerlo por completo. Trabajar con un abogado especializado en accidentes automovil\u00edsticos de nuestro equipo puede mejorar sus posibilidades de recuperar una compensaci\u00f3n. Podemos ayudarle a:<\/p>\n<ul>\n<li>Investigar el accidente<\/li>\n<li>Preparar y presentar su demanda al seguro por accidentes<\/li>\n<li>Probar sus da\u00f1os<\/li>\n<li>Negociar con la compa\u00f1\u00eda de seguros<\/li>\n<li>Si es necesario, presentar una demanda por lesiones personales y representarle en la corte<\/li>\n<\/ul>\n<h2>\u00bfQu\u00e9 indemnizaci\u00f3n est\u00e1 disponible despu\u00e9s de accidentes automovil\u00edsticos en Florida?<\/h2>\n<p>Dependiendo de sus p\u00e9rdidas, es posible que pueda solicitar una indemnizaci\u00f3n por da\u00f1os financieros y no financieros, incluyendo:<\/p>\n<ul>\n<li>Gastos m\u00e9dicos pasados y futuros<\/li>\n<li>P\u00e9rdida de ingresos pasados y futuros<\/li>\n<li>Muerte por negligencia<\/li>\n<li>Da\u00f1os a la propiedad de su veh\u00edculo u otros art\u00edculos<\/li>\n<li>Dolor y sufrimiento f\u00edsico<\/li>\n<li>Angustia mental<\/li>\n<li>P\u00e9rdida del disfrute de la vida.<\/li>\n<\/ul>\n<h2>Qu\u00e9 hacer despu\u00e9s de un accidente automovil\u00edstico en Florida<\/h2>\n<p>Despu\u00e9s de un accidente automovil\u00edstico, haga lo siguiente:<\/p>\n<ul>\n<li>Ap\u00e1rtese usted y a los dem\u00e1s del tr\u00e1fico del tr\u00e1fico que se aproxima.<\/li>\n<li>Llame inmediatamente al 911 para informar del accidente.<\/li>\n<li>Intercambie informaci\u00f3n personal y del seguro con el otro conductor.<\/li>\n<li>Tome fotos y videos de la escena, los veh\u00edculos y sus matr\u00edculas.<\/li>\n<li>Busque atenci\u00f3n m\u00e9dica inmediata, aunque se sienta bien.<\/li>\n<\/ul>\n<p><i>Las cosas que no se deben hacer despu\u00e9s de un accidente de tr\u00e1nsito incluyen:<\/i><\/p>\n<ul>\n<li>Proporcionar una declaraci\u00f3n a su compa\u00f1\u00eda de seguros antes de hablar con uno de nuestros abogados especialistas en accidentes automovil\u00edsticos.<\/li>\n<li>No aceptar un pago personal o dejar a la polic\u00eda fuera del accidente.<\/li>\n<\/ul>\n<h2>Hable hoy con un abogado especializado en accidentes automovil\u00edsticos de Florida<\/h2>\n<p>El bufete de abogados EC de Asesor\u00eda Jur\u00eddica, no es un bufete de abogados m\u00e1s. Los miembros de nuestro equipo han trabajado como peritos de seguros, empleados de reclamos y aseguradores.<\/p>\n<p>Sabemos c\u00f3mo funciona la industria desde adentro y tenemos experiencia manejando demandas de v\u00edctimas de accidentes con todas las aseguradoras principales y locales en Hollywood, FL, y en toda la Florida.<\/p>\n<p>Llame al (954) 861-0833 o cont\u00e1ctenos en l\u00ednea para una consulta gratuita con nuestros abogados expertos en seguros de autom\u00f3viles.<\/p>\n","protected":false},"excerpt":{"rendered":"<p>Los accidentes de tr\u00e1nsito son lo suficientemente estresantes sin tener que enfrentarse a los ajustadores de seguros. No lo haga solo. Perm\u00edtanos encargarnos del trabajo preliminar legal y negociar con la compa\u00f1\u00eda de seguros mientras usted se enfoca en su recuperaci\u00f3n. En la Asesor\u00eda Jur\u00eddica EC del bufete de abogados, hemos ayudado a v\u00edctimas de [&hellip;]<\/p>\n","protected":false},"author":2,"featured_media":0,"parent":0,"menu_order":0,"comment_status":"closed","ping_status":"closed","template":"page-templates\/services-template.php","meta":{"_acf_changed":false,"inline_featured_image":false,"footnotes":""},"class_list":["post-1071","page","type-page","status-publish","hentry"],"acf":[],"yoast_head":"<!-- This site is optimized with the Yoast SEO plugin v27.4 - https:\/\/yoast.com\/product\/yoast-seo-wordpress\/ -->\n<title>Abogado de accidentes automovil\u00edsticos en Florida - EC Law<\/title>\n<meta name=\"description\" content=\"\u00bfHa sufrido un accidente automovil\u00edstico en Florida? Los abogados de EC Law Counsel le ayudan a obtener la compensaci\u00f3n que merece. Llame al (954) 861-0833.\" \/>\n<meta name=\"robots\" content=\"index, follow, max-snippet:-1, max-image-preview:large, max-video-preview:-1\" \/>\n<link rel=\"canonical\" href=\"https:\/\/eclawcounsel.com\/es\/accidentes-automovilisticos\/\" \/>\n<meta property=\"og:locale\" content=\"es_ES\" \/>\n<meta property=\"og:type\" content=\"article\" \/>\n<meta property=\"og:title\" content=\"Abogado de accidentes automovil\u00edsticos en Florida - EC Law\" \/>\n<meta property=\"og:description\" content=\"\u00bfHa sufrido un accidente automovil\u00edstico en Florida? Los abogados de EC Law Counsel le ayudan a obtener la compensaci\u00f3n que merece. Llame al (954) 861-0833.\" \/>\n<meta property=\"og:url\" content=\"https:\/\/eclawcounsel.com\/es\/accidentes-automovilisticos\/\" \/>\n<meta property=\"og:site_name\" content=\"EC Law Counsel\" \/>\n<meta property=\"article:modified_time\" content=\"2025-09-12T08:45:05+00:00\" \/>\n<meta name=\"twitter:card\" content=\"summary_large_image\" \/>\n<meta name=\"twitter:label1\" content=\"Est. reading time\" \/>\n\t<meta name=\"twitter:data1\" content=\"3 minutos\" \/>\n<!-- \/ Yoast SEO plugin. -->","yoast_head_json":{"title":"Abogado de accidentes automovil\u00edsticos en Florida - EC Law","description":"\u00bfHa sufrido un accidente automovil\u00edstico en Florida? Los abogados de EC Law Counsel le ayudan a obtener la compensaci\u00f3n que merece. Llame al (954) 861-0833.","robots":{"index":"index","follow":"follow","max-snippet":"max-snippet:-1","max-image-preview":"max-image-preview:large","max-video-preview":"max-video-preview:-1"},"canonical":"https:\/\/eclawcounsel.com\/es\/accidentes-automovilisticos\/","og_locale":"es_ES","og_type":"article","og_title":"Abogado de accidentes automovil\u00edsticos en Florida - EC Law","og_description":"\u00bfHa sufrido un accidente automovil\u00edstico en Florida? Los abogados de EC Law Counsel le ayudan a obtener la compensaci\u00f3n que merece. Llame al (954) 861-0833.","og_url":"https:\/\/eclawcounsel.com\/es\/accidentes-automovilisticos\/","og_site_name":"EC Law Counsel","article_modified_time":"2025-09-12T08:45:05+00:00","twitter_card":"summary_large_image","twitter_misc":{"Est. reading time":"3 minutos"},"schema":{"@context":"https:\/\/schema.org","@graph":[{"@type":"WebPage","@id":"https:\/\/eclawcounsel.com\/es\/accidentes-automovilisticos\/","url":"https:\/\/eclawcounsel.com\/es\/accidentes-automovilisticos\/","name":"Abogado de accidentes automovil\u00edsticos en Florida - EC Law","isPartOf":{"@id":"https:\/\/eclawcounsel.com\/es\/#website"},"datePublished":"2025-07-14T12:13:43+00:00","dateModified":"2025-09-12T08:45:05+00:00","description":"\u00bfHa sufrido un accidente automovil\u00edstico en Florida? Los abogados de EC Law Counsel le ayudan a obtener la compensaci\u00f3n que merece. Llame al (954) 861-0833.","breadcrumb":{"@id":"https:\/\/eclawcounsel.com\/es\/accidentes-automovilisticos\/#breadcrumb"},"inLanguage":"es","potentialAction":[{"@type":"ReadAction","target":["https:\/\/eclawcounsel.com\/es\/accidentes-automovilisticos\/"]}]},{"@type":"BreadcrumbList","@id":"https:\/\/eclawcounsel.com\/es\/accidentes-automovilisticos\/#breadcrumb","itemListElement":[{"@type":"ListItem","position":1,"name":"Home","item":"https:\/\/eclawcounsel.com\/es\/"},{"@type":"ListItem","position":2,"name":"Florida Car Accident Insurance Attorney"}]},{"@type":"WebSite","@id":"https:\/\/eclawcounsel.com\/es\/#website","url":"https:\/\/eclawcounsel.com\/es\/","name":"EC Law Counsel","description":"","publisher":{"@id":"https:\/\/eclawcounsel.com\/es\/#organization"},"potentialAction":[{"@type":"SearchAction","target":{"@type":"EntryPoint","urlTemplate":"https:\/\/eclawcounsel.com\/es\/?s={search_term_string}"},"query-input":{"@type":"PropertyValueSpecification","valueRequired":true,"valueName":"search_term_string"}}],"inLanguage":"es"},{"@type":"Organization","@id":"https:\/\/eclawcounsel.com\/es\/#organization","name":"EC Law Counsel","url":"https:\/\/eclawcounsel.com\/es\/","logo":{"@type":"ImageObject","inLanguage":"es","@id":"https:\/\/eclawcounsel.com\/es\/#\/schema\/logo\/image\/","url":"https:\/\/eclawcounsel.com\/wp-content\/uploads\/2025\/06\/eclawcounsel-logo.svg","contentUrl":"https:\/\/eclawcounsel.com\/wp-content\/uploads\/2025\/06\/eclawcounsel-logo.svg","width":196,"height":61,"caption":"EC Law Counsel"},"image":{"@id":"https:\/\/eclawcounsel.com\/es\/#\/schema\/logo\/image\/"}}]}},"_links":{"self":[{"href":"https:\/\/eclawcounsel.com\/es\/wp-json\/wp\/v2\/pages\/1071","targetHints":{"allow":["GET"]}}],"collection":[{"href":"https:\/\/eclawcounsel.com\/es\/wp-json\/wp\/v2\/pages"}],"about":[{"href":"https:\/\/eclawcounsel.com\/es\/wp-json\/wp\/v2\/types\/page"}],"author":[{"embeddable":true,"href":"https:\/\/eclawcounsel.com\/es\/wp-json\/wp\/v2\/users\/2"}],"replies":[{"embeddable":true,"href":"https:\/\/eclawcounsel.com\/es\/wp-json\/wp\/v2\/comments?post=1071"}],"version-history":[{"count":0,"href":"https:\/\/eclawcounsel.com\/es\/wp-json\/wp\/v2\/pages\/1071\/revisions"}],"wp:attachment":[{"href":"https:\/\/eclawcounsel.com\/es\/wp-json\/wp\/v2\/media?parent=1071"}],"curies":[{"name":"wp","href":"https:\/\/api.w.org\/{rel}","templated":true}]}}