{"id":1074,"date":"2025-07-14T12:15:15","date_gmt":"2025-07-14T12:15:15","guid":{"rendered":"https:\/\/eclawcounsel.com\/business-interruption-claim\/"},"modified":"2025-09-12T16:17:17","modified_gmt":"2025-09-12T16:17:17","slug":"reclamaciones-por-interrupcion","status":"publish","type":"page","link":"https:\/\/eclawcounsel.com\/es\/reclamaciones-por-interrupcion\/","title":{"rendered":"Call Our Florida Business Interruption Claim Lawyer After a Disaster"},"content":{"rendered":"<p>Cuando un hurac\u00e1n azota el sureste y suroeste de Florida, su negocio podr\u00eda sufrir una interrupci\u00f3n de las actividades habituales. Tales desastres naturales u otros accidentes pueden causar da\u00f1os f\u00edsicos a la propiedad de su negocio asegurado y detener transitoriamente las actividades de su negocio. \u00bfUsted sab\u00eda que la mayor\u00eda de los due\u00f1os de negocios tienen en sus p\u00f3lizas de seguro cobertura por la interrupci\u00f3n de negocios para cubrir ciertos gastos mientras est\u00e1n cerrados o tiene una capacidad reducida?<\/p>\n<p>Si su compa\u00f1\u00eda se enfrenta a da\u00f1os relacionados con el desastre, hable con nuestro abogado especialista en reclamaciones por interrupci\u00f3n del negocio en la Asesor\u00eda Jur\u00eddica EC del bufete de abogados. Con sede en Hollywood, FL, estamos orgullosos de atender a todo el sureste y suroeste de la Florida en derecho comercial y de seguros. Ll\u00e1menos al 954-861-0833 para programar una consulta.<\/p>\n<h2>\u00bfQu\u00e9 protecci\u00f3n contra desastres naturales ofrecen la mayor\u00eda de las p\u00f3lizas por interrupci\u00f3n de negocios?<\/h2>\n<p>Si los da\u00f1os a su negocio cumplen con los requisitos para recibir la cobertura por interrupci\u00f3n de negocios bajo su p\u00f3liza de seguro de negocios, su compa\u00f1\u00eda de seguros podr\u00eda proporcionar una indemnizaci\u00f3n por su demanda por:<\/p>\n<ul>\n<li>P\u00e9rdida de ingresos debido a la interrupci\u00f3n de las actividades habituales<\/li>\n<li>Gastos operativos continuos, incluyendo facturas, costes de alquiler de equipos y m\u00e1s<\/li>\n<li>Costes de reubicaci\u00f3n provisional del negocio<\/li>\n<li>Costes para restablecer el negocio a plena capacidad operativa.<\/li>\n<\/ul>\n<p>Sin embargo, su negocio debe cumplir con los requisitos para la cobertura de interrupci\u00f3n de negocios en funci\u00f3n de los da\u00f1os a su negocio, inventario y equipo. La mayor\u00eda de las p\u00f3lizas cubren la interrupci\u00f3n de la actividad como consecuencia de desastres naturales como huracanes, tornados, tormentas de viento, incendios, vandalismo o da\u00f1os causados por el agua.<\/p>\n<p>Las compa\u00f1\u00edas de seguros tampoco suelen cubrir las p\u00e9rdidas debidas a evacuaciones voluntarias, las p\u00e9rdidas sufridas sin da\u00f1os a la propiedad, o cierres a corto plazo de su negocio por menos de 72 horas. P\u00f3ngase en contacto con nuestro abogado especializado en reclamos por interrupci\u00f3n de la actividad de su negocio para obtener m\u00e1s informaci\u00f3n sobre qu\u00e9 puede amparar la cobertura por interrupci\u00f3n de la actividad de su p\u00f3liza de seguro..<\/p>\n<h2>Uso de la cobertura por interrupci\u00f3n de negocios en el sur de la Florida<\/h2>\n<p>Al presentar su demanda por interrupci\u00f3n del negocio con su proveedor de seguros, necesitar\u00e1 documentaci\u00f3n de las facturas de antes de la interrupci\u00f3n para justificar sus gastos, ingresos y beneficios, as\u00ed como los gastos o p\u00e9rdidas incurridas durante la interrupci\u00f3n. Los documentos que necesitar\u00e1 incluyen:<\/p>\n<ul>\n<li>Facturas de alquiler de equipos o asientos contables de compra y amortizaci\u00f3n.<\/li>\n<li>Registros de auditor\u00eda de inventario antes y despu\u00e9s del suceso<\/li>\n<li>Facturas asociadas a sus operaciones comerciales<\/li>\n<li>Registros de n\u00f3mina anteriores a los da\u00f1os<\/li>\n<li>Extractos bancarios y recibos<\/li>\n<\/ul>\n<p>Las p\u00f3lizas por interrupci\u00f3n del negocio suelen limitar la cuant\u00eda de los da\u00f1os que puede reclamar un asegurado, as\u00ed como los gastos espec\u00edficos excluidos. Usted tendr\u00e1 que justificar cualquier coste o gasto que reclame a su compa\u00f1\u00eda de seguros con los registros correspondientes, incluidas sus estimaciones de ingresos anteriores a los da\u00f1os. Aseg\u00farese de mantener dichos registros a salvo de da\u00f1os.<\/p>\n<h2>Qu\u00e9 Hacen los Abogados Especializados en Interrupci\u00f3n de Negocios Por los Propietarios de Negocios<\/h2>\n<p>Los abogados de interrupci\u00f3n de negocios ayudan a los due\u00f1os de negocios a interpretar sus p\u00f3lizas de seguro para determinar cu\u00e1nta cobertura de interrupci\u00f3n de negocios tienen y luego negociar con el proveedor de seguros para obtener un acuerdo justo.<\/p>\n<p>Nuestro abogado con experiencia en demandas por interrupci\u00f3n del negocio puede ayudarle a interpretar su p\u00f3liza y reunir la documentaci\u00f3n que necesitar\u00e1 para presentar su demanda con \u00e9xito.<\/p>\n<p>P\u00f3ngase en contacto con nosotros en la Asesor\u00eda Jur\u00eddica EC del bufete de abogados para obtener ayuda con su demanda de interrupci\u00f3n de negocios<\/p>\n<p>Cuando su negocio en la Florida experimenta interrupciones en las operaciones debido a un desastre natural o accidente, p\u00f3ngase en contacto con nosotros en la Asesor\u00eda Jur\u00eddica EC del bufete de abogados. Un abogado especializado en demandas por interrupci\u00f3n de negocios de nuestro bufete puede ayudarle a presentar su demanda, presentar la documentaci\u00f3n y entablar una demanda si es necesario. No pierda lo que es suyo por derecho.\u00a0 Ll\u00e1menos al 954-861-0833 para programar una consulta.<\/p>\n","protected":false},"excerpt":{"rendered":"<p>Cuando un hurac\u00e1n azota el sureste y suroeste de Florida, su negocio podr\u00eda sufrir una interrupci\u00f3n de las actividades habituales. Tales desastres naturales u otros accidentes pueden causar da\u00f1os f\u00edsicos a la propiedad de su negocio asegurado y detener transitoriamente las actividades de su negocio. \u00bfUsted sab\u00eda que la mayor\u00eda de los due\u00f1os de negocios [&hellip;]<\/p>\n","protected":false},"author":2,"featured_media":0,"parent":0,"menu_order":0,"comment_status":"closed","ping_status":"closed","template":"page-templates\/services-template.php","meta":{"_acf_changed":false,"inline_featured_image":false,"footnotes":""},"class_list":["post-1074","page","type-page","status-publish","hentry"],"acf":[],"yoast_head":"<!-- This site is optimized with the Yoast SEO plugin v27.4 - https:\/\/yoast.com\/product\/yoast-seo-wordpress\/ -->\n<title>Tras una cat\u00e1strofe, llame a nuestro abogado en interrupci\u00f3n de negocios<\/title>\n<meta name=\"description\" content=\"\u00bfP\u00e9rdidas comerciales por desastres naturales en Florida? Conf\u00ede en nuestros expertos legales para manejar su reclamaci\u00f3n de seguro y obtener compensaci\u00f3n justa.\" \/>\n<meta name=\"robots\" content=\"index, follow, max-snippet:-1, max-image-preview:large, max-video-preview:-1\" \/>\n<link rel=\"canonical\" href=\"https:\/\/eclawcounsel.com\/es\/reclamaciones-por-interrupcion\/\" \/>\n<meta property=\"og:locale\" content=\"es_ES\" \/>\n<meta property=\"og:type\" content=\"article\" \/>\n<meta property=\"og:title\" content=\"Tras una cat\u00e1strofe, llame a nuestro abogado en interrupci\u00f3n de negocios\" \/>\n<meta property=\"og:description\" content=\"\u00bfP\u00e9rdidas comerciales por desastres naturales en Florida? Conf\u00ede en nuestros expertos legales para manejar su reclamaci\u00f3n de seguro y obtener compensaci\u00f3n justa.\" \/>\n<meta property=\"og:url\" content=\"https:\/\/eclawcounsel.com\/es\/reclamaciones-por-interrupcion\/\" \/>\n<meta property=\"og:site_name\" content=\"EC Law Counsel\" \/>\n<meta property=\"article:modified_time\" content=\"2025-09-12T16:17:17+00:00\" \/>\n<meta name=\"twitter:card\" content=\"summary_large_image\" \/>\n<meta name=\"twitter:label1\" content=\"Est. reading time\" \/>\n\t<meta name=\"twitter:data1\" content=\"4 minutos\" \/>\n<!-- \/ Yoast SEO plugin. -->","yoast_head_json":{"title":"Tras una cat\u00e1strofe, llame a nuestro abogado en interrupci\u00f3n de negocios","description":"\u00bfP\u00e9rdidas comerciales por desastres naturales en Florida? Conf\u00ede en nuestros expertos legales para manejar su reclamaci\u00f3n de seguro y obtener compensaci\u00f3n justa.","robots":{"index":"index","follow":"follow","max-snippet":"max-snippet:-1","max-image-preview":"max-image-preview:large","max-video-preview":"max-video-preview:-1"},"canonical":"https:\/\/eclawcounsel.com\/es\/reclamaciones-por-interrupcion\/","og_locale":"es_ES","og_type":"article","og_title":"Tras una cat\u00e1strofe, llame a nuestro abogado en interrupci\u00f3n de negocios","og_description":"\u00bfP\u00e9rdidas comerciales por desastres naturales en Florida? Conf\u00ede en nuestros expertos legales para manejar su reclamaci\u00f3n de seguro y obtener compensaci\u00f3n justa.","og_url":"https:\/\/eclawcounsel.com\/es\/reclamaciones-por-interrupcion\/","og_site_name":"EC Law Counsel","article_modified_time":"2025-09-12T16:17:17+00:00","twitter_card":"summary_large_image","twitter_misc":{"Est. reading time":"4 minutos"},"schema":{"@context":"https:\/\/schema.org","@graph":[{"@type":"WebPage","@id":"https:\/\/eclawcounsel.com\/es\/reclamaciones-por-interrupcion\/","url":"https:\/\/eclawcounsel.com\/es\/reclamaciones-por-interrupcion\/","name":"Tras una cat\u00e1strofe, llame a nuestro abogado en interrupci\u00f3n de negocios","isPartOf":{"@id":"https:\/\/eclawcounsel.com\/es\/#website"},"datePublished":"2025-07-14T12:15:15+00:00","dateModified":"2025-09-12T16:17:17+00:00","description":"\u00bfP\u00e9rdidas comerciales por desastres naturales en Florida? Conf\u00ede en nuestros expertos legales para manejar su reclamaci\u00f3n de seguro y obtener compensaci\u00f3n justa.","breadcrumb":{"@id":"https:\/\/eclawcounsel.com\/es\/reclamaciones-por-interrupcion\/#breadcrumb"},"inLanguage":"es","potentialAction":[{"@type":"ReadAction","target":["https:\/\/eclawcounsel.com\/es\/reclamaciones-por-interrupcion\/"]}]},{"@type":"BreadcrumbList","@id":"https:\/\/eclawcounsel.com\/es\/reclamaciones-por-interrupcion\/#breadcrumb","itemListElement":[{"@type":"ListItem","position":1,"name":"Home","item":"https:\/\/eclawcounsel.com\/es\/"},{"@type":"ListItem","position":2,"name":"Call Our Florida Business Interruption Claim Lawyer After a Disaster"}]},{"@type":"WebSite","@id":"https:\/\/eclawcounsel.com\/es\/#website","url":"https:\/\/eclawcounsel.com\/es\/","name":"EC Law Counsel","description":"","publisher":{"@id":"https:\/\/eclawcounsel.com\/es\/#organization"},"potentialAction":[{"@type":"SearchAction","target":{"@type":"EntryPoint","urlTemplate":"https:\/\/eclawcounsel.com\/es\/?s={search_term_string}"},"query-input":{"@type":"PropertyValueSpecification","valueRequired":true,"valueName":"search_term_string"}}],"inLanguage":"es"},{"@type":"Organization","@id":"https:\/\/eclawcounsel.com\/es\/#organization","name":"EC Law Counsel","url":"https:\/\/eclawcounsel.com\/es\/","logo":{"@type":"ImageObject","inLanguage":"es","@id":"https:\/\/eclawcounsel.com\/es\/#\/schema\/logo\/image\/","url":"https:\/\/eclawcounsel.com\/wp-content\/uploads\/2025\/06\/eclawcounsel-logo.svg","contentUrl":"https:\/\/eclawcounsel.com\/wp-content\/uploads\/2025\/06\/eclawcounsel-logo.svg","width":196,"height":61,"caption":"EC Law Counsel"},"image":{"@id":"https:\/\/eclawcounsel.com\/es\/#\/schema\/logo\/image\/"}}]}},"_links":{"self":[{"href":"https:\/\/eclawcounsel.com\/es\/wp-json\/wp\/v2\/pages\/1074","targetHints":{"allow":["GET"]}}],"collection":[{"href":"https:\/\/eclawcounsel.com\/es\/wp-json\/wp\/v2\/pages"}],"about":[{"href":"https:\/\/eclawcounsel.com\/es\/wp-json\/wp\/v2\/types\/page"}],"author":[{"embeddable":true,"href":"https:\/\/eclawcounsel.com\/es\/wp-json\/wp\/v2\/users\/2"}],"replies":[{"embeddable":true,"href":"https:\/\/eclawcounsel.com\/es\/wp-json\/wp\/v2\/comments?post=1074"}],"version-history":[{"count":0,"href":"https:\/\/eclawcounsel.com\/es\/wp-json\/wp\/v2\/pages\/1074\/revisions"}],"wp:attachment":[{"href":"https:\/\/eclawcounsel.com\/es\/wp-json\/wp\/v2\/media?parent=1074"}],"curies":[{"name":"wp","href":"https:\/\/api.w.org\/{rel}","templated":true}]}}