{"id":1078,"date":"2025-07-14T12:17:57","date_gmt":"2025-07-14T12:17:57","guid":{"rendered":"https:\/\/eclawcounsel.com\/commercial-property-claims\/"},"modified":"2025-09-11T16:46:34","modified_gmt":"2025-09-11T16:46:34","slug":"comercial-que-presta-servicios","status":"publish","type":"page","link":"https:\/\/eclawcounsel.com\/es\/comercial-que-presta-servicios\/","title":{"rendered":"Commercial Property Claims Attorney in Florida"},"content":{"rendered":"<p>Los due\u00f1os de propiedades comerciales en Florida conf\u00edan en su seguro comercial para cubrir da\u00f1os en un suceso como un desastre natural, incendio o robo. Desafortunadamente, incluso si ha comprado todo tipo de cobertura comercial relevante, a\u00fan puede encontrarse con una denegaci\u00f3n de su demanda o demoras frustrantes.<\/p>\n<p>\u00bfSospecha que su aseguradora comercial est\u00e1 actuando de mala fe? Llame a la Asesor\u00eda legal EC al (954) 861-0833 y obtenga una evaluaci\u00f3n gratuita de su caso por parte de un abogado con experiencia en demandas a la propiedad comercial en el sureste y suroeste de Florida.<\/p>\n<h2>Qu\u00e9 incluye la cobertura del seguro comercial<\/h2>\n<p>Una p\u00f3liza de seguro comercial t\u00edpica en Florida cubre lo siguiente:<\/p>\n<ul>\n<li>Da\u00f1os estructurales, incluidos el techo, los cimientos, los pisos y la plomer\u00eda<\/li>\n<li>Costes de equipo comercial y art\u00edculos personales<\/li>\n<li>Cobertura de la plantilla de sueldos habitual para sus empleados<\/li>\n<li>P\u00e9rdida de alquiler si es propietario de una propiedad de alquiler<\/li>\n<li>Instancia civil, por ejemplo, toques de queda o evacuaciones obligatorias que puedan limitar el acceso a su negocio<\/li>\n<li>Gastos adicionales, como ser el alquiler que puede pagar por una ubicaci\u00f3n comercial provisoria mientras reparan su propiedad comercial<\/li>\n<\/ul>\n<p>Sin embargo, las p\u00f3lizas de seguros comerciales pueden diferir seg\u00fan las coberturas que haya adquirido. Nuestro bufete de abogados puede examinar su p\u00f3liza espec\u00edfica y decirle qu\u00e9 costes puede esperar recuperar.<\/p>\n<h2>Qu\u00e9 sucede cuando presenta una demanda contra el seguro de una propiedad comercial<\/h2>\n<p>Las demandas contra la propiedad comercial suelen incluir da\u00f1os m\u00e1s complejos y costos potenciales m\u00e1s altos que el seguro est\u00e1ndar para propietarios de viviendas, por lo que el proceso de la demanda puede llevar m\u00e1s tiempo. Despu\u00e9s de notificar a su proveedor de seguros sobre el incidente, un perito en seguros deber\u00e1:<\/p>\n<ul>\n<li>Determinar si su p\u00f3liza de seguro cubre el siniestro<\/li>\n<li>Evaluar los costes de reparaci\u00f3n de la propiedad comercial<\/li>\n<li>Proporcionar una valoraci\u00f3n de los art\u00edculos asegurados, como ser equipos comerciales.<\/li>\n<li>Proporcionar una evaluaci\u00f3n de los da\u00f1os.<\/li>\n<li>Llegar a un acuerdo que incluya todas las cl\u00e1usulas de su p\u00f3liza<\/li>\n<\/ul>\n<p>En Florida, una compa\u00f1\u00eda de seguros en general tiene 90 d\u00edas para aceptar o rechazar su demanda y 20 d\u00edas adicionales para pagar la liquidaci\u00f3n.<\/p>\n<h2>En qu\u00e9 forma ayuda la Asesor\u00eda Legal EC a los propietarios de locales comerciales a recuperar los da\u00f1os sufridos<\/h2>\n<p>Como propietario de un negocio que paga fielmente sus primas de seguros comerciales, puede esperar un proceso de indemnizaci\u00f3n r\u00e1pido y sencillo. Sin embargo, incluso si los t\u00e9rminos de su p\u00f3liza parecen claros, las compa\u00f1\u00edas de seguros pueden usar t\u00e1cticas deshonestas como ser subestimar el alcance del da\u00f1o, tergiversar las condiciones de la p\u00f3liza o incluso acusarle de fraude.<\/p>\n<p>Trabajar con abogados experimentados en demandas de seguros mejora sus posibilidades de obtener una indemnizaci\u00f3n justa. En la Asesor\u00eda Legal de EC tenemos un historial excepcional de ayudar a los due\u00f1os de negocios a resolver demandas contra seguros a la propiedad comercial. Nuestro \u00e9xito se lo debemos a:<\/p>\n<ul>\n<li>Un abogado especializado en demandas de propiedad comercial con m\u00e1s de 11 a\u00f1os de pr\u00e1ctica<\/li>\n<li>Un personal variado de exempleados expertos en demandas, peritos de seguros y otros profesionales de la industria<\/li>\n<li>Una acci\u00f3n legal r\u00e1pida e implacable y experiencia en litigios<\/li>\n<li>Estrategias a medida para promocionar su demanda<\/li>\n<\/ul>\n<h2>Asesor\u00eda legal EC: Representaci\u00f3n legal eficiente para todo tipo de demandas de seguros comerciales en el sureste y suroeste de Florida<\/h2>\n<p>Una cobertura de seguro comercial adecuada es esencial para que su negocio funcione sin problemas durante interrupciones como ser da\u00f1os a la propiedad, desastres naturales y robos. Si su compa\u00f1\u00eda de seguros comercial intenta retrasar o denegar su demanda, comun\u00edquese con la Asesor\u00eda Legal de EC. Nuestro bufete de abogados ha ayudado a muchos propietarios de negocios en el sureste y suroeste de Florida a resolver exitosamente demandas de seguros comerciales.<\/p>\n<p>Para una consulta gratuita con un abogado local especialista en demandas a la propiedad comercial, llame hoy al <a href=\"tel:(954) 861-0833\">(954) 861-0833<\/a> o complete nuestro formulario en l\u00ednea.<\/p>\n","protected":false},"excerpt":{"rendered":"<p>Los due\u00f1os de propiedades comerciales en Florida conf\u00edan en su seguro comercial para cubrir da\u00f1os en un suceso como un desastre natural, incendio o robo. Desafortunadamente, incluso si ha comprado todo tipo de cobertura comercial relevante, a\u00fan puede encontrarse con una denegaci\u00f3n de su demanda o demoras frustrantes. \u00bfSospecha que su aseguradora comercial est\u00e1 actuando [&hellip;]<\/p>\n","protected":false},"author":2,"featured_media":0,"parent":0,"menu_order":0,"comment_status":"closed","ping_status":"closed","template":"page-templates\/services-template.php","meta":{"_acf_changed":false,"inline_featured_image":false,"footnotes":""},"class_list":["post-1078","page","type-page","status-publish","hentry"],"acf":[],"yoast_head":"<!-- This site is optimized with the Yoast SEO plugin v27.4 - https:\/\/yoast.com\/product\/yoast-seo-wordpress\/ -->\n<title>Abogado en demandas a propiedad comercial en Florida - EC Law<\/title>\n<meta name=\"description\" content=\"Proteja su propiedad comercial en Florida. EC Law Counsel ofrece asesor\u00eda legal experta para gestionar reclamaciones de seguros y asegurar su indemnizaci\u00f3n.\" \/>\n<meta name=\"robots\" content=\"index, follow, max-snippet:-1, max-image-preview:large, max-video-preview:-1\" \/>\n<link rel=\"canonical\" href=\"https:\/\/eclawcounsel.com\/es\/comercial-que-presta-servicios\/\" \/>\n<meta property=\"og:locale\" content=\"es_ES\" \/>\n<meta property=\"og:type\" content=\"article\" \/>\n<meta property=\"og:title\" content=\"Abogado en demandas a propiedad comercial en Florida - EC Law\" \/>\n<meta property=\"og:description\" content=\"Proteja su propiedad comercial en Florida. EC Law Counsel ofrece asesor\u00eda legal experta para gestionar reclamaciones de seguros y asegurar su indemnizaci\u00f3n.\" \/>\n<meta property=\"og:url\" content=\"https:\/\/eclawcounsel.com\/es\/comercial-que-presta-servicios\/\" \/>\n<meta property=\"og:site_name\" content=\"EC Law Counsel\" \/>\n<meta property=\"article:modified_time\" content=\"2025-09-11T16:46:34+00:00\" \/>\n<meta name=\"twitter:card\" content=\"summary_large_image\" \/>\n<meta name=\"twitter:label1\" content=\"Est. reading time\" \/>\n\t<meta name=\"twitter:data1\" content=\"3 minutos\" \/>\n<!-- \/ Yoast SEO plugin. -->","yoast_head_json":{"title":"Abogado en demandas a propiedad comercial en Florida - EC Law","description":"Proteja su propiedad comercial en Florida. EC Law Counsel ofrece asesor\u00eda legal experta para gestionar reclamaciones de seguros y asegurar su indemnizaci\u00f3n.","robots":{"index":"index","follow":"follow","max-snippet":"max-snippet:-1","max-image-preview":"max-image-preview:large","max-video-preview":"max-video-preview:-1"},"canonical":"https:\/\/eclawcounsel.com\/es\/comercial-que-presta-servicios\/","og_locale":"es_ES","og_type":"article","og_title":"Abogado en demandas a propiedad comercial en Florida - EC Law","og_description":"Proteja su propiedad comercial en Florida. EC Law Counsel ofrece asesor\u00eda legal experta para gestionar reclamaciones de seguros y asegurar su indemnizaci\u00f3n.","og_url":"https:\/\/eclawcounsel.com\/es\/comercial-que-presta-servicios\/","og_site_name":"EC Law Counsel","article_modified_time":"2025-09-11T16:46:34+00:00","twitter_card":"summary_large_image","twitter_misc":{"Est. reading time":"3 minutos"},"schema":{"@context":"https:\/\/schema.org","@graph":[{"@type":"WebPage","@id":"https:\/\/eclawcounsel.com\/es\/comercial-que-presta-servicios\/","url":"https:\/\/eclawcounsel.com\/es\/comercial-que-presta-servicios\/","name":"Abogado en demandas a propiedad comercial en Florida - EC Law","isPartOf":{"@id":"https:\/\/eclawcounsel.com\/es\/#website"},"datePublished":"2025-07-14T12:17:57+00:00","dateModified":"2025-09-11T16:46:34+00:00","description":"Proteja su propiedad comercial en Florida. EC Law Counsel ofrece asesor\u00eda legal experta para gestionar reclamaciones de seguros y asegurar su indemnizaci\u00f3n.","breadcrumb":{"@id":"https:\/\/eclawcounsel.com\/es\/comercial-que-presta-servicios\/#breadcrumb"},"inLanguage":"es","potentialAction":[{"@type":"ReadAction","target":["https:\/\/eclawcounsel.com\/es\/comercial-que-presta-servicios\/"]}]},{"@type":"BreadcrumbList","@id":"https:\/\/eclawcounsel.com\/es\/comercial-que-presta-servicios\/#breadcrumb","itemListElement":[{"@type":"ListItem","position":1,"name":"Home","item":"https:\/\/eclawcounsel.com\/es\/"},{"@type":"ListItem","position":2,"name":"Commercial Property Claims Attorney in Florida"}]},{"@type":"WebSite","@id":"https:\/\/eclawcounsel.com\/es\/#website","url":"https:\/\/eclawcounsel.com\/es\/","name":"EC Law Counsel","description":"","publisher":{"@id":"https:\/\/eclawcounsel.com\/es\/#organization"},"potentialAction":[{"@type":"SearchAction","target":{"@type":"EntryPoint","urlTemplate":"https:\/\/eclawcounsel.com\/es\/?s={search_term_string}"},"query-input":{"@type":"PropertyValueSpecification","valueRequired":true,"valueName":"search_term_string"}}],"inLanguage":"es"},{"@type":"Organization","@id":"https:\/\/eclawcounsel.com\/es\/#organization","name":"EC Law Counsel","url":"https:\/\/eclawcounsel.com\/es\/","logo":{"@type":"ImageObject","inLanguage":"es","@id":"https:\/\/eclawcounsel.com\/es\/#\/schema\/logo\/image\/","url":"https:\/\/eclawcounsel.com\/wp-content\/uploads\/2025\/06\/eclawcounsel-logo.svg","contentUrl":"https:\/\/eclawcounsel.com\/wp-content\/uploads\/2025\/06\/eclawcounsel-logo.svg","width":196,"height":61,"caption":"EC Law Counsel"},"image":{"@id":"https:\/\/eclawcounsel.com\/es\/#\/schema\/logo\/image\/"}}]}},"_links":{"self":[{"href":"https:\/\/eclawcounsel.com\/es\/wp-json\/wp\/v2\/pages\/1078","targetHints":{"allow":["GET"]}}],"collection":[{"href":"https:\/\/eclawcounsel.com\/es\/wp-json\/wp\/v2\/pages"}],"about":[{"href":"https:\/\/eclawcounsel.com\/es\/wp-json\/wp\/v2\/types\/page"}],"author":[{"embeddable":true,"href":"https:\/\/eclawcounsel.com\/es\/wp-json\/wp\/v2\/users\/2"}],"replies":[{"embeddable":true,"href":"https:\/\/eclawcounsel.com\/es\/wp-json\/wp\/v2\/comments?post=1078"}],"version-history":[{"count":0,"href":"https:\/\/eclawcounsel.com\/es\/wp-json\/wp\/v2\/pages\/1078\/revisions"}],"wp:attachment":[{"href":"https:\/\/eclawcounsel.com\/es\/wp-json\/wp\/v2\/media?parent=1078"}],"curies":[{"name":"wp","href":"https:\/\/api.w.org\/{rel}","templated":true}]}}