{"id":1079,"date":"2025-07-14T12:19:52","date_gmt":"2025-07-14T12:19:52","guid":{"rendered":"https:\/\/eclawcounsel.com\/condominium-association-property-damage\/"},"modified":"2025-10-13T10:35:40","modified_gmt":"2025-10-13T10:35:40","slug":"condominios-que-presta-servicios","status":"publish","type":"page","link":"https:\/\/eclawcounsel.com\/es\/condominios-que-presta-servicios\/","title":{"rendered":"Florida Condominium Association Property Damage Lawyer"},"content":{"rendered":"<p>Como propietario de una unidad de condominio en Florida, probablemente cuente con el seguro para da\u00f1os a la propiedad de su condominio para cubrir los da\u00f1os causados por sucesos como huracanes, incendios, robos e inundaciones. Sin embargo, las demandas por da\u00f1os en condominios suelen ser complejas. Trabajar con un abogado experimentado en da\u00f1os a la propiedad de una asociaci\u00f3n de condominios puede garantizar que aproveche al m\u00e1ximo su cobertura del seguro.<\/p>\n<p>Si su unidad de condominio sufri\u00f3 da\u00f1os, llame a la Asesor\u00eda Legal EC al <a href=\"tel:(954) 861-0833\">(954) 861-0833<\/a>. Un abogado local con experiencia en demandas de seguros de condominios evaluar\u00e1 su caso y lo ayudar\u00e1 a presentar una dmanda.<\/p>\n<h2>C\u00f3mo funciona el seguro de propiedad en condominios<\/h2>\n<p>Una p\u00f3liza de seguro est\u00e1ndar para propietarios de viviendas cubre una vivienda completa (y, a menudo, tambi\u00e9n las dependencias). En los condominios, los propietarios de las unidades pagan cuotas mensuales a una HOA, que asegura y mantiene la estructura del edificio del condominio y las \u00e1reas comunes. El propietario de la unidad tambi\u00e9n debe comprar un seguro por separado para cubrir los da\u00f1os de la unidad individual en eventos como:<\/p>\n<ul>\n<li style=\"font-weight: 400;\" aria-level=\"1\">Incendios<\/li>\n<li style=\"font-weight: 400;\" aria-level=\"1\">Huracanes<\/li>\n<li style=\"font-weight: 400;\" aria-level=\"1\">Robo y vandalismo<\/li>\n<li style=\"font-weight: 400;\" aria-level=\"1\">Da\u00f1os por agua<\/li>\n<li style=\"font-weight: 400;\" aria-level=\"1\">Inundaciones<\/li>\n<\/ul>\n<p>Debido a que al menos dos compa\u00f1\u00edas de seguros generalmente participan en la cobertura de la propiedad del condominio, a menudo es complicado para el propietario de una unidad negociar un acuerdo. Nuestro bufete de abogados puede ayudarle a comprender qu\u00e9 es lo que cubre su p\u00f3liza del seguro y qui\u00e9n debe compensarlo por los da\u00f1os a su unidad del condominio y bienes personales.<\/p>\n<h2>Qu\u00e9 hacer cuando su propiedad en condominio sufre da\u00f1os<\/h2>\n<p>Si su unidad de condominio sufre da\u00f1os en un incidente cubierto por la p\u00f3liza, debe:<\/p>\n<ul>\n<li style=\"font-weight: 400;\" aria-level=\"1\">Documentar todos los da\u00f1os y escriba un registro detallado del evento .<\/li>\n<li style=\"font-weight: 400;\" aria-level=\"1\">Notificar a su agente de seguros del incidente<\/li>\n<li style=\"font-weight: 400;\" aria-level=\"1\">Si es posible, esperar por cualquier reparaci\u00f3n hasta que obtenga la luz verde de su aseguradora, aparte del trabajo de emergencia para proteger su propiedad de da\u00f1os mayores.<\/li>\n<\/ul>\n<h2>Por qu\u00e9 necesita un abogado experto en da\u00f1os a la propiedad de la Asociaci\u00f3n de Condominios<\/h2>\n<p>Cuando examina su p\u00f3liza de seguro de condominio, puede concluir que recuperar un acuerdo deber\u00eda ser f\u00e1cil. Sin embargo, incluso si su p\u00f3liza parece clara, muchas compa\u00f1\u00edas de seguros utilizan t\u00e1cticas encubiertas para negar o minimizar las demandas. Una aseguradora puede afirmar que el da\u00f1o ocurri\u00f3 por razones que su p\u00f3liza no cubre, prolongar su demanda o incluso acusarle de fraude.<\/p>\n<p>En la Asesor\u00eda Legal EC, sabemos c\u00f3mo funcionan las demandas al seguro de condominios y c\u00f3mo negociar con su aseguradora en su nombre. Nuestro bufete de abogados ha resuelto con \u00e9xito muchas demandas por da\u00f1os a la propiedad de asociaciones de condominios en el \u00e1rea del sureste y suroeste de Florida, gracias a:<\/p>\n<ul>\n<li style=\"font-weight: 400;\" aria-level=\"1\">M\u00e1s de 11 a\u00f1os de experiencia local en demandas de seguros de condominios<\/li>\n<li style=\"font-weight: 400;\" aria-level=\"1\">Un personal bien informado y trabajador con conocimiento interno de la industria de seguros de propiedad.<\/li>\n<li style=\"font-weight: 400;\" aria-level=\"1\">Apoyo legal personal r\u00e1pido y especializado para cada cliente<\/li>\n<\/ul>\n<h2>Abogado de EC: Apoyo legal eficiente para demandas por da\u00f1os en condominios que prestan servicios en el sureste y suroeste de Florida<\/h2>\n<p>\u00bfSe est\u00e1 preparando para presentar una demanda por da\u00f1os a la unidad de condominio? \u00bfSu compa\u00f1\u00eda de seguros ya rechaz\u00f3 su demanda o le hizo una oferta baja? P\u00f3ngase en contacto con el Asesor Jur\u00eddico de la CE. Nuestro abogado experto en da\u00f1os a la propiedad de asociaciones de condominios ha ayudado a muchos propietarios de condominios en el sureste y suroeste de Florida a recuperar indemnizaciones por seguros despu\u00e9s de incendios, robos y fen\u00f3menos clim\u00e1ticos extremos.<\/p>\n<p>Llame al <a href=\"tel:(954) 861-0833\">(954) 861-0833<\/a> o complete nuestro formulario en l\u00ednea para una consulta gratuita con un abogado local experto en seguros de propiedad de condominios.<\/p>\n","protected":false},"excerpt":{"rendered":"<p>Como propietario de una unidad de condominio en Florida, probablemente cuente con el seguro para da\u00f1os a la propiedad de su condominio para cubrir los da\u00f1os causados por sucesos como huracanes, incendios, robos e inundaciones. Sin embargo, las demandas por da\u00f1os en condominios suelen ser complejas. Trabajar con un abogado experimentado en da\u00f1os a la [&hellip;]<\/p>\n","protected":false},"author":2,"featured_media":0,"parent":0,"menu_order":0,"comment_status":"closed","ping_status":"closed","template":"page-templates\/services-template.php","meta":{"_acf_changed":false,"inline_featured_image":false,"footnotes":""},"class_list":["post-1079","page","type-page","status-publish","hentry"],"acf":[],"yoast_head":"<!-- This site is optimized with the Yoast SEO plugin v27.3 - https:\/\/yoast.com\/product\/yoast-seo-wordpress\/ -->\n<title>Abogado en da\u00f1os a propiedad de condominios en Florida - EC Law<\/title>\n<meta name=\"description\" content=\"Enfrentando da\u00f1os en su condominio en Florida? Nuestros abogados especializados en seguros lo gu\u00edan para maximizar su cobertura y obtener compensaci\u00f3n.\" \/>\n<meta name=\"robots\" content=\"index, follow, max-snippet:-1, max-image-preview:large, max-video-preview:-1\" \/>\n<link rel=\"canonical\" href=\"https:\/\/eclawcounsel.com\/es\/condominios-que-presta-servicios\/\" \/>\n<meta property=\"og:locale\" content=\"es_ES\" \/>\n<meta property=\"og:type\" content=\"article\" \/>\n<meta property=\"og:title\" content=\"Abogado en da\u00f1os a propiedad de condominios en Florida - EC Law\" \/>\n<meta property=\"og:description\" content=\"Enfrentando da\u00f1os en su condominio en Florida? Nuestros abogados especializados en seguros lo gu\u00edan para maximizar su cobertura y obtener compensaci\u00f3n.\" \/>\n<meta property=\"og:url\" content=\"https:\/\/eclawcounsel.com\/es\/condominios-que-presta-servicios\/\" \/>\n<meta property=\"og:site_name\" content=\"EC Law Counsel\" \/>\n<meta property=\"article:modified_time\" content=\"2025-10-13T10:35:40+00:00\" \/>\n<meta name=\"twitter:card\" content=\"summary_large_image\" \/>\n<meta name=\"twitter:label1\" content=\"Est. reading time\" \/>\n\t<meta name=\"twitter:data1\" content=\"3 minutos\" \/>\n<!-- \/ Yoast SEO plugin. -->","yoast_head_json":{"title":"Abogado en da\u00f1os a propiedad de condominios en Florida - EC Law","description":"Enfrentando da\u00f1os en su condominio en Florida? Nuestros abogados especializados en seguros lo gu\u00edan para maximizar su cobertura y obtener compensaci\u00f3n.","robots":{"index":"index","follow":"follow","max-snippet":"max-snippet:-1","max-image-preview":"max-image-preview:large","max-video-preview":"max-video-preview:-1"},"canonical":"https:\/\/eclawcounsel.com\/es\/condominios-que-presta-servicios\/","og_locale":"es_ES","og_type":"article","og_title":"Abogado en da\u00f1os a propiedad de condominios en Florida - EC Law","og_description":"Enfrentando da\u00f1os en su condominio en Florida? Nuestros abogados especializados en seguros lo gu\u00edan para maximizar su cobertura y obtener compensaci\u00f3n.","og_url":"https:\/\/eclawcounsel.com\/es\/condominios-que-presta-servicios\/","og_site_name":"EC Law Counsel","article_modified_time":"2025-10-13T10:35:40+00:00","twitter_card":"summary_large_image","twitter_misc":{"Est. reading time":"3 minutos"},"schema":{"@context":"https:\/\/schema.org","@graph":[{"@type":"WebPage","@id":"https:\/\/eclawcounsel.com\/es\/condominios-que-presta-servicios\/","url":"https:\/\/eclawcounsel.com\/es\/condominios-que-presta-servicios\/","name":"Abogado en da\u00f1os a propiedad de condominios en Florida - EC Law","isPartOf":{"@id":"https:\/\/eclawcounsel.com\/es\/#website"},"datePublished":"2025-07-14T12:19:52+00:00","dateModified":"2025-10-13T10:35:40+00:00","description":"Enfrentando da\u00f1os en su condominio en Florida? Nuestros abogados especializados en seguros lo gu\u00edan para maximizar su cobertura y obtener compensaci\u00f3n.","breadcrumb":{"@id":"https:\/\/eclawcounsel.com\/es\/condominios-que-presta-servicios\/#breadcrumb"},"inLanguage":"es","potentialAction":[{"@type":"ReadAction","target":["https:\/\/eclawcounsel.com\/es\/condominios-que-presta-servicios\/"]}]},{"@type":"BreadcrumbList","@id":"https:\/\/eclawcounsel.com\/es\/condominios-que-presta-servicios\/#breadcrumb","itemListElement":[{"@type":"ListItem","position":1,"name":"Home","item":"https:\/\/eclawcounsel.com\/es\/"},{"@type":"ListItem","position":2,"name":"Florida Condominium Association Property Damage Lawyer"}]},{"@type":"WebSite","@id":"https:\/\/eclawcounsel.com\/es\/#website","url":"https:\/\/eclawcounsel.com\/es\/","name":"EC Law Counsel","description":"","publisher":{"@id":"https:\/\/eclawcounsel.com\/es\/#organization"},"potentialAction":[{"@type":"SearchAction","target":{"@type":"EntryPoint","urlTemplate":"https:\/\/eclawcounsel.com\/es\/?s={search_term_string}"},"query-input":{"@type":"PropertyValueSpecification","valueRequired":true,"valueName":"search_term_string"}}],"inLanguage":"es"},{"@type":"Organization","@id":"https:\/\/eclawcounsel.com\/es\/#organization","name":"EC Law Counsel","url":"https:\/\/eclawcounsel.com\/es\/","logo":{"@type":"ImageObject","inLanguage":"es","@id":"https:\/\/eclawcounsel.com\/es\/#\/schema\/logo\/image\/","url":"https:\/\/eclawcounsel.com\/wp-content\/uploads\/2025\/06\/eclawcounsel-logo.svg","contentUrl":"https:\/\/eclawcounsel.com\/wp-content\/uploads\/2025\/06\/eclawcounsel-logo.svg","width":196,"height":61,"caption":"EC Law Counsel"},"image":{"@id":"https:\/\/eclawcounsel.com\/es\/#\/schema\/logo\/image\/"}}]}},"_links":{"self":[{"href":"https:\/\/eclawcounsel.com\/es\/wp-json\/wp\/v2\/pages\/1079","targetHints":{"allow":["GET"]}}],"collection":[{"href":"https:\/\/eclawcounsel.com\/es\/wp-json\/wp\/v2\/pages"}],"about":[{"href":"https:\/\/eclawcounsel.com\/es\/wp-json\/wp\/v2\/types\/page"}],"author":[{"embeddable":true,"href":"https:\/\/eclawcounsel.com\/es\/wp-json\/wp\/v2\/users\/2"}],"replies":[{"embeddable":true,"href":"https:\/\/eclawcounsel.com\/es\/wp-json\/wp\/v2\/comments?post=1079"}],"version-history":[{"count":0,"href":"https:\/\/eclawcounsel.com\/es\/wp-json\/wp\/v2\/pages\/1079\/revisions"}],"wp:attachment":[{"href":"https:\/\/eclawcounsel.com\/es\/wp-json\/wp\/v2\/media?parent=1079"}],"curies":[{"name":"wp","href":"https:\/\/api.w.org\/{rel}","templated":true}]}}