{"id":1081,"date":"2025-07-14T12:21:21","date_gmt":"2025-07-14T12:21:21","guid":{"rendered":"https:\/\/eclawcounsel.com\/experienced-florida-contents-claim-lawyer-for-your-home\/"},"modified":"2025-09-12T16:17:45","modified_gmt":"2025-09-12T16:17:45","slug":"demandas-por-contenidos","status":"publish","type":"page","link":"https:\/\/eclawcounsel.com\/es\/demandas-por-contenidos\/","title":{"rendered":"Experienced Florida Contents Claim Lawyer for Your Home"},"content":{"rendered":"<p>\u00bfEst\u00e1 lidiando con da\u00f1os a la propiedad despu\u00e9s de una tormenta, incendio o p\u00e9rdida de agua? \u00bfSus pertenencias han sido da\u00f1adas despu\u00e9s de una p\u00e9rdida? \u00bfRecientemente le han robado? La cobertura de su p\u00f3liza por contenidos lo protege contra diversas p\u00e9rdidas y le reembolsa los art\u00edculos da\u00f1ados, perdidos o robados. Los Asesores Legales EC tienen m\u00e1s de una d\u00e9cada de experiencia en derecho de seguros como abogados especialistas en demandas por contenidos en Florida. Nuestro personal variado y solidario brinda un servicio r\u00e1pido y confiable cuando es importante.<\/p>\n<p>Ll\u00e1menos al <a href=\"tel:954-861-0833\">954-861-0833<\/a> para saber c\u00f3mo podemos proteger sus bienes en caso de p\u00e9rdida.<\/p>\n<h2>Abogado de Confianza en demandas por contenidos del hogar en Hollywood, Florida<\/h2>\n<p>Los floridanos est\u00e1n familiarizados con el poder destructivo de los desastres naturales, incendios, robos. P\u00e9rdidas como estas pueden resultar en da\u00f1os a la propiedad que pueden requerir que presente una demanda y contrate a un abogado.<\/p>\n<p>Nuestro bufete de abogados se enfoca en la mitigaci\u00f3n de desastres para su hogar haciendo un inventario de sus bienes personales para su demanda al seguro. Nuestro servicio de inventario le ayuda a informar el valor total de los art\u00edculos perdidos para su demanda al seguro de hogar para asegurarse que reciba la indemnizaci\u00f3n correcta como compensaci\u00f3n.<\/p>\n<h2>\u00bfQu\u00e9 hace un abogado especialista en demandas por contenidos?<\/h2>\n<p>Si necesita presentar una demanda al seguro debido a la p\u00e9rdida de bienes personales, debe documentar esas p\u00e9rdidas para su compa\u00f1\u00eda de seguros. Usted tiene que enumerar por escrito cada art\u00edculo con tanta informaci\u00f3n disponible como sea posible, incluyendo<\/p>\n<ul>\n<li>Un Descripci\u00f3n detallada de los art\u00edculos.<\/li>\n<li>Recibos<\/li>\n<li>Fotograf\u00edas<\/li>\n<li>Coste al momento de la compra<\/li>\n<li>Costes de reposici\u00f3n<\/li>\n<\/ul>\n<p>En caso de una p\u00e9rdida importante, esta tarea se convierte en un desaf\u00edo cuando se tiene una fecha l\u00edmite para presentar esta documentaci\u00f3n.<\/p>\n<h2>En la Asesor\u00eda Jur\u00eddica EC, le ayudamos con su demanda, que incluyendo:<\/h2>\n<ul>\n<li>Revisar su p\u00f3liza y cobertura<\/li>\n<li>Informar su demanda<\/li>\n<li>Crear una lista detallada que describa cada art\u00edculo y su valor<\/li>\n<li>Negociar con su compa\u00f1\u00eda de seguros<\/li>\n<li>Permitir que un abogado experto en demandas por contenidos de la Asesor\u00eda Jur\u00eddica EC se encargue de estos asuntos.<\/li>\n<\/ul>\n<h2>\u00bfPor qu\u00e9 contratar a un abogado especialista en demandas por contenidos?<\/h2>\n<p>Despu\u00e9s de un desastre, usted necesita tiempo para recuperarse. Perm\u00edtanos quitarle de encima la carga de lidiar con la compa\u00f1\u00eda de seguros.<\/p>\n<p>Negociar una demanda al seguro implica entender lo siguiente:<\/p>\n<ul>\n<li>Depreciaci\u00f3n: La cantidad por la cual su compa\u00f1\u00eda de seguros reduce el valor de sus art\u00edculos perdidos debido al tiempo de uso y el desgaste normal.<\/li>\n<li>Valor real en efectivo de los art\u00edculos: El valor de sus art\u00edculos perdidos despu\u00e9s de la depreciaci\u00f3n.<\/li>\n<li>Costos de la reposici\u00f3n: El costo de reemplazar sus art\u00edculos.<\/li>\n<li>Consecuencias fiscales despu\u00e9s de un desastre: Consideraciones fiscales federales sobre desastres naturales.<\/li>\n<\/ul>\n<p>Si no est\u00e1 familiarizado con estos conceptos, es posible que, sin saberlo, acepte un acuerdo injusto. Por ejemplo, no existe un programa de depreciaci\u00f3n universal. Como resultado, su compa\u00f1\u00eda de seguros puede usar un programa de depreciaci\u00f3n que reduzca su pago. En la Asesor\u00eda Jur\u00eddica EC, obtendremos expertos para realizar una evaluaci\u00f3n adecuada de su p\u00e9rdida y obtener el acuerdo que se merece.<\/p>\n<p>Al presentar una demanda, usted es responsable de proporcionar toda la lista extensa del inventario y la letan\u00eda de documentos solicitados a su proveedor de seguros. Su compa\u00f1\u00eda de seguros puede pedirle que env\u00ede una declaraci\u00f3n jurada o grabada. Solo acepte esta solicitud una vez que haya hablado con un abogado experto en seguros que haya revisado su caso.<\/p>\n<h2>P\u00f3ngase en contacto hoy con nuestros abogados de Florida especialistas en demandas por contenidos<\/h2>\n<p>Cuando se trata de contratar a un abogado para una demanda por contenidos, la Asesor\u00eda Jur\u00eddica EC est\u00e1 lista para ayudarle. Utilizamos nuestra experiencia para proteger sus bienes, brindarle tranquilidad y luchar por usted durante este momento dif\u00edcil. Ll\u00e1menos al <a href=\"tel:954-861-0833\">954-861-0833<\/a> hoy para discutir sus necesidades con un abogado de Florida experto en demandas por contenidos.<\/p>\n","protected":false},"excerpt":{"rendered":"<p>\u00bfEst\u00e1 lidiando con da\u00f1os a la propiedad despu\u00e9s de una tormenta, incendio o p\u00e9rdida de agua? \u00bfSus pertenencias han sido da\u00f1adas despu\u00e9s de una p\u00e9rdida? \u00bfRecientemente le han robado? La cobertura de su p\u00f3liza por contenidos lo protege contra diversas p\u00e9rdidas y le reembolsa los art\u00edculos da\u00f1ados, perdidos o robados. Los Asesores Legales EC tienen [&hellip;]<\/p>\n","protected":false},"author":2,"featured_media":0,"parent":0,"menu_order":0,"comment_status":"closed","ping_status":"closed","template":"page-templates\/services-template.php","meta":{"_acf_changed":false,"inline_featured_image":false,"footnotes":""},"class_list":["post-1081","page","type-page","status-publish","hentry"],"acf":[],"yoast_head":"<!-- This site is optimized with the Yoast SEO plugin v27.4 - https:\/\/yoast.com\/product\/yoast-seo-wordpress\/ -->\n<title>Abogado en Florida experto en demandas por contenidos del hogar<\/title>\n<meta name=\"description\" content=\"\u00bfP\u00e9rdida de pertenencias en Florida? Nuestros abogados especializados lo asisten en reclamar al seguro por da\u00f1os a sus bienes personales. \u00a1Cont\u00e1ctenos hoy!\" \/>\n<meta name=\"robots\" content=\"index, follow, max-snippet:-1, max-image-preview:large, max-video-preview:-1\" \/>\n<link rel=\"canonical\" href=\"https:\/\/eclawcounsel.com\/es\/demandas-por-contenidos\/\" \/>\n<meta property=\"og:locale\" content=\"es_ES\" \/>\n<meta property=\"og:type\" content=\"article\" \/>\n<meta property=\"og:title\" content=\"Abogado en Florida experto en demandas por contenidos del hogar\" \/>\n<meta property=\"og:description\" content=\"\u00bfP\u00e9rdida de pertenencias en Florida? Nuestros abogados especializados lo asisten en reclamar al seguro por da\u00f1os a sus bienes personales. \u00a1Cont\u00e1ctenos hoy!\" \/>\n<meta property=\"og:url\" content=\"https:\/\/eclawcounsel.com\/es\/demandas-por-contenidos\/\" \/>\n<meta property=\"og:site_name\" content=\"EC Law Counsel\" \/>\n<meta property=\"article:modified_time\" content=\"2025-09-12T16:17:45+00:00\" \/>\n<meta name=\"twitter:card\" content=\"summary_large_image\" \/>\n<meta name=\"twitter:label1\" content=\"Est. reading time\" \/>\n\t<meta name=\"twitter:data1\" content=\"3 minutos\" \/>\n<!-- \/ Yoast SEO plugin. -->","yoast_head_json":{"title":"Abogado en Florida experto en demandas por contenidos del hogar","description":"\u00bfP\u00e9rdida de pertenencias en Florida? Nuestros abogados especializados lo asisten en reclamar al seguro por da\u00f1os a sus bienes personales. \u00a1Cont\u00e1ctenos hoy!","robots":{"index":"index","follow":"follow","max-snippet":"max-snippet:-1","max-image-preview":"max-image-preview:large","max-video-preview":"max-video-preview:-1"},"canonical":"https:\/\/eclawcounsel.com\/es\/demandas-por-contenidos\/","og_locale":"es_ES","og_type":"article","og_title":"Abogado en Florida experto en demandas por contenidos del hogar","og_description":"\u00bfP\u00e9rdida de pertenencias en Florida? Nuestros abogados especializados lo asisten en reclamar al seguro por da\u00f1os a sus bienes personales. \u00a1Cont\u00e1ctenos hoy!","og_url":"https:\/\/eclawcounsel.com\/es\/demandas-por-contenidos\/","og_site_name":"EC Law Counsel","article_modified_time":"2025-09-12T16:17:45+00:00","twitter_card":"summary_large_image","twitter_misc":{"Est. reading time":"3 minutos"},"schema":{"@context":"https:\/\/schema.org","@graph":[{"@type":"WebPage","@id":"https:\/\/eclawcounsel.com\/es\/demandas-por-contenidos\/","url":"https:\/\/eclawcounsel.com\/es\/demandas-por-contenidos\/","name":"Abogado en Florida experto en demandas por contenidos del hogar","isPartOf":{"@id":"https:\/\/eclawcounsel.com\/es\/#website"},"datePublished":"2025-07-14T12:21:21+00:00","dateModified":"2025-09-12T16:17:45+00:00","description":"\u00bfP\u00e9rdida de pertenencias en Florida? Nuestros abogados especializados lo asisten en reclamar al seguro por da\u00f1os a sus bienes personales. \u00a1Cont\u00e1ctenos hoy!","breadcrumb":{"@id":"https:\/\/eclawcounsel.com\/es\/demandas-por-contenidos\/#breadcrumb"},"inLanguage":"es","potentialAction":[{"@type":"ReadAction","target":["https:\/\/eclawcounsel.com\/es\/demandas-por-contenidos\/"]}]},{"@type":"BreadcrumbList","@id":"https:\/\/eclawcounsel.com\/es\/demandas-por-contenidos\/#breadcrumb","itemListElement":[{"@type":"ListItem","position":1,"name":"Home","item":"https:\/\/eclawcounsel.com\/es\/"},{"@type":"ListItem","position":2,"name":"Experienced Florida Contents Claim Lawyer for Your Home"}]},{"@type":"WebSite","@id":"https:\/\/eclawcounsel.com\/es\/#website","url":"https:\/\/eclawcounsel.com\/es\/","name":"EC Law Counsel","description":"","publisher":{"@id":"https:\/\/eclawcounsel.com\/es\/#organization"},"potentialAction":[{"@type":"SearchAction","target":{"@type":"EntryPoint","urlTemplate":"https:\/\/eclawcounsel.com\/es\/?s={search_term_string}"},"query-input":{"@type":"PropertyValueSpecification","valueRequired":true,"valueName":"search_term_string"}}],"inLanguage":"es"},{"@type":"Organization","@id":"https:\/\/eclawcounsel.com\/es\/#organization","name":"EC Law Counsel","url":"https:\/\/eclawcounsel.com\/es\/","logo":{"@type":"ImageObject","inLanguage":"es","@id":"https:\/\/eclawcounsel.com\/es\/#\/schema\/logo\/image\/","url":"https:\/\/eclawcounsel.com\/wp-content\/uploads\/2025\/06\/eclawcounsel-logo.svg","contentUrl":"https:\/\/eclawcounsel.com\/wp-content\/uploads\/2025\/06\/eclawcounsel-logo.svg","width":196,"height":61,"caption":"EC Law Counsel"},"image":{"@id":"https:\/\/eclawcounsel.com\/es\/#\/schema\/logo\/image\/"}}]}},"_links":{"self":[{"href":"https:\/\/eclawcounsel.com\/es\/wp-json\/wp\/v2\/pages\/1081","targetHints":{"allow":["GET"]}}],"collection":[{"href":"https:\/\/eclawcounsel.com\/es\/wp-json\/wp\/v2\/pages"}],"about":[{"href":"https:\/\/eclawcounsel.com\/es\/wp-json\/wp\/v2\/types\/page"}],"author":[{"embeddable":true,"href":"https:\/\/eclawcounsel.com\/es\/wp-json\/wp\/v2\/users\/2"}],"replies":[{"embeddable":true,"href":"https:\/\/eclawcounsel.com\/es\/wp-json\/wp\/v2\/comments?post=1081"}],"version-history":[{"count":0,"href":"https:\/\/eclawcounsel.com\/es\/wp-json\/wp\/v2\/pages\/1081\/revisions"}],"wp:attachment":[{"href":"https:\/\/eclawcounsel.com\/es\/wp-json\/wp\/v2\/media?parent=1081"}],"curies":[{"name":"wp","href":"https:\/\/api.w.org\/{rel}","templated":true}]}}