{"id":1083,"date":"2025-07-14T12:24:05","date_gmt":"2025-07-14T12:24:05","guid":{"rendered":"https:\/\/eclawcounsel.com\/denied-claim-lawyer\/"},"modified":"2025-09-12T16:18:48","modified_gmt":"2025-09-12T16:18:48","slug":"especialista-en-demandas-denegadas","status":"publish","type":"page","link":"https:\/\/eclawcounsel.com\/es\/especialista-en-demandas-denegadas\/","title":{"rendered":"Denied Claim Lawyer"},"content":{"rendered":"<p>Si una compa\u00f1\u00eda de seguros deneg\u00f3 su demanda, llame a nuestro abogado de Florida especialista en demandas denegadas<\/p>\n<p>Una carta de denegaci\u00f3n de reclamaci\u00f3n de su aseguradora puede ser desalentadora. Ya sea que se trate de una denegaci\u00f3n de una demanda de seguro para el hogar, autom\u00f3vil o vida, es probable que enfrente presi\u00f3n econ\u00f3mica por los costos de da\u00f1os a la propiedad y las facturas m\u00e9dicas.<\/p>\n<p>Un abogado con experiencia en demandas de seguros de la Asesor\u00eda Legal EC est\u00e1 disponible para una consulta gratuita. Nuestro bufete de abogados tiene 11 a\u00f1os de experiencia en demandas denegadas y comprende las leyes del estado de Florida. Hable hoy con un abogado especialista en demandas denegadas al <a href=\"tel:954-861-0833\">954-861-0833<\/a>.<\/p>\n<h2>Averig\u00fce por qu\u00e9 la compa\u00f1\u00eda de seguros neg\u00f3 su demanda<\/h2>\n<p>El proceso de demandas es confuso, y la negativa a los beneficios del seguro ocurre frecuentemente. El primer paso para resolver el asunto es determinar por qu\u00e9 la aseguradora decidi\u00f3 denegar su demanda. Una compa\u00f1\u00eda de seguros puede rechazar una demanda por varias razones. Las m\u00e1s comunes son las siguientes:<\/p>\n<ul>\n<li>La p\u00f3liza no cubre sus da\u00f1os.<\/li>\n<li>Incumplimiento de los requisitos de la pol\u00edtica<\/li>\n<li>Error en la demanda<\/li>\n<li>La causa del da\u00f1o entra dentro de una exclusi\u00f3n espec\u00edfica de la p\u00f3liza<\/li>\n<\/ul>\n<h2>Su p\u00f3liza no cubre sus da\u00f1os<\/h2>\n<p>Por lo general, las p\u00f3lizas excluyen los da\u00f1os por terremotos, inundaciones y el deterioro normal.<\/p>\n<p>Sin embargo, a menudo una compa\u00f1\u00eda de seguros aplica indebidamente una exclusi\u00f3n a la p\u00f3liza de su demanda.<\/p>\n<p>Si ha revisado las exclusiones y cree que su p\u00f3liza cubre los da\u00f1os, p\u00f3ngase en contacto con un abogado de la Asesor\u00eda Legal EC especializado en demandas de seguros<\/p>\n<h2>Incumplimiento de los requisitos de la p\u00f3liza<\/h2>\n<p>Su p\u00f3liza de seguro requiere que usted cumpla con requisitos espec\u00edficos para mantener la cobertura. Los requisitos m\u00e1s comunes incluyen los siguientes:<\/p>\n<ul>\n<li>Hacer los pagos a tiempo<\/li>\n<li>Informar de un cambio de circunstancias<\/li>\n<li>Reducir los da\u00f1os<\/li>\n<li>Informar de su demanda dentro de un plazo establecido<\/li>\n<li>Facilitar informaci\u00f3n suficiente sobre la causa de sus da\u00f1os.<\/li>\n<li>Someterse a un examen bajo juramento<\/li>\n<li>Prestar una declaraci\u00f3n jurada<\/li>\n<li>Proporcionar pruebas de las p\u00e9rdidas<\/li>\n<li>Participar en una declaraci\u00f3n grabada<\/li>\n<li>Cumplir con su franquicia<\/li>\n<\/ul>\n<h2>Un error en la demanda<\/h2>\n<p>Un error en su demanda puede ser un hecho inocente o la prueba de una demanda de mala fe. Si su aseguradora rechaz\u00f3 su demanda debido a un error o por mala fe, nuestros abogados especialistas en demandas denegadas en la Asesor\u00eda Legal EC pueden corregir el error y negociar con la compa\u00f1\u00eda de seguros para obtener un pago razonable.<\/p>\n<p>Recurra a un abogado de Florida especialista en demandas denegadas para impugnar la denegaci\u00f3n de los beneficios del seguro<\/p>\n<p>Puede apelar su denegaci\u00f3n de los beneficios del seguro de dos maneras. Primero, puede presentar una apelaci\u00f3n ante su compa\u00f1\u00eda de seguros. Si su apelaci\u00f3n no tiene \u00e9xito, puede tener motivos para presentar una demanda alegando incumplimiento de contrato por parte de la aseguradora.<\/p>\n<h2>Apelar la denegaci\u00f3n ante la compa\u00f1\u00eda de seguros<\/h2>\n<p>Contar con un abogado con experiencia en demandas denegadas a su lado durante la apelaci\u00f3n tiene un valor incalculable. Nuestros abogados tienen un conocimiento detallado de la ley de seguros y del proceso de apelaci\u00f3n. Reuniremos pruebas para presentar su demanda y revocar la decisi\u00f3n de la compa\u00f1\u00eda de seguros.<\/p>\n<h2>Presentar una demanda<\/h2>\n<p>Si su solicitud de reconsideraci\u00f3n de la demanda no finaliza con una oferta de acuerdo satisfactoria ni resuelve el asunto, puede tener motivos para presentar una demanda contra la compa\u00f1\u00eda de seguros. Probar una acci\u00f3n por incumplimiento del contrato es un desaf\u00edo decisivo, y la asistencia de un abogado con experiencia en reclamaciones denegadas es fundamental.<\/p>\n<p>Si tiene motivos y gana, puede recuperar una indemnizaci\u00f3n por da\u00f1os y perjuicios por:<\/p>\n<ul>\n<li>El monto total de su demanda<\/li>\n<li>Costos y honorarios<\/li>\n<\/ul>\n<h2>P\u00f3ngase en contacto con nosotros para obtener ayuda para impugnar una demanda denegada<\/h2>\n<p>Si su compa\u00f1\u00eda de seguros rechaz\u00f3 su demanda, hable con un abogado de Florida especialista en demandas denegadas. Con m\u00e1s de una d\u00e9cada de experiencia en derecho de seguros, nuestros abogados expertos en seguros pueden brindarle una consulta gratuita y describir sus opciones.<\/p>\n<p>Llame hoy a nuestro equipo legal de la Asesor\u00eda Jur\u00eddica EC al <a href=\"tel:954-861-0833\">954-861-0833<\/a> para conversar sobre su demanda denegada<\/p>\n","protected":false},"excerpt":{"rendered":"<p>Si una compa\u00f1\u00eda de seguros deneg\u00f3 su demanda, llame a nuestro abogado de Florida especialista en demandas denegadas Una carta de denegaci\u00f3n de reclamaci\u00f3n de su aseguradora puede ser desalentadora. Ya sea que se trate de una denegaci\u00f3n de una demanda de seguro para el hogar, autom\u00f3vil o vida, es probable que enfrente presi\u00f3n econ\u00f3mica [&hellip;]<\/p>\n","protected":false},"author":2,"featured_media":0,"parent":0,"menu_order":0,"comment_status":"closed","ping_status":"closed","template":"page-templates\/services-template.php","meta":{"_acf_changed":false,"inline_featured_image":false,"footnotes":""},"class_list":["post-1083","page","type-page","status-publish","hentry"],"acf":[],"yoast_head":"<!-- This site is optimized with the Yoast SEO plugin v27.5 - https:\/\/yoast.com\/product\/yoast-seo-wordpress\/ -->\n<title>Denied Claim Lawyer - EC Law Counsel<\/title>\n<meta name=\"description\" content=\"Proteja sus derechos ante negativas de cobertura en Florida. En EC Law Counsel, nuestros abogados se dedican a resolver disputas con aseguradoras a su favor.\" \/>\n<meta name=\"robots\" content=\"index, follow, max-snippet:-1, max-image-preview:large, max-video-preview:-1\" \/>\n<link rel=\"canonical\" href=\"https:\/\/eclawcounsel.com\/es\/especialista-en-demandas-denegadas\/\" \/>\n<meta property=\"og:locale\" content=\"es_ES\" \/>\n<meta property=\"og:type\" content=\"article\" \/>\n<meta property=\"og:title\" content=\"Denied Claim Lawyer - EC Law Counsel\" \/>\n<meta property=\"og:description\" content=\"Proteja sus derechos ante negativas de cobertura en Florida. En EC Law Counsel, nuestros abogados se dedican a resolver disputas con aseguradoras a su favor.\" \/>\n<meta property=\"og:url\" content=\"https:\/\/eclawcounsel.com\/es\/especialista-en-demandas-denegadas\/\" \/>\n<meta property=\"og:site_name\" content=\"EC Law Counsel\" \/>\n<meta property=\"article:modified_time\" content=\"2025-09-12T16:18:48+00:00\" \/>\n<meta name=\"twitter:card\" content=\"summary_large_image\" \/>\n<meta name=\"twitter:label1\" content=\"Est. reading time\" \/>\n\t<meta name=\"twitter:data1\" content=\"4 minutos\" \/>\n<!-- \/ Yoast SEO plugin. -->","yoast_head_json":{"title":"Denied Claim Lawyer - EC Law Counsel","description":"Proteja sus derechos ante negativas de cobertura en Florida. En EC Law Counsel, nuestros abogados se dedican a resolver disputas con aseguradoras a su favor.","robots":{"index":"index","follow":"follow","max-snippet":"max-snippet:-1","max-image-preview":"max-image-preview:large","max-video-preview":"max-video-preview:-1"},"canonical":"https:\/\/eclawcounsel.com\/es\/especialista-en-demandas-denegadas\/","og_locale":"es_ES","og_type":"article","og_title":"Denied Claim Lawyer - EC Law Counsel","og_description":"Proteja sus derechos ante negativas de cobertura en Florida. En EC Law Counsel, nuestros abogados se dedican a resolver disputas con aseguradoras a su favor.","og_url":"https:\/\/eclawcounsel.com\/es\/especialista-en-demandas-denegadas\/","og_site_name":"EC Law Counsel","article_modified_time":"2025-09-12T16:18:48+00:00","twitter_card":"summary_large_image","twitter_misc":{"Est. reading time":"4 minutos"},"schema":{"@context":"https:\/\/schema.org","@graph":[{"@type":"WebPage","@id":"https:\/\/eclawcounsel.com\/es\/especialista-en-demandas-denegadas\/","url":"https:\/\/eclawcounsel.com\/es\/especialista-en-demandas-denegadas\/","name":"Denied Claim Lawyer - EC Law Counsel","isPartOf":{"@id":"https:\/\/eclawcounsel.com\/es\/#website"},"datePublished":"2025-07-14T12:24:05+00:00","dateModified":"2025-09-12T16:18:48+00:00","description":"Proteja sus derechos ante negativas de cobertura en Florida. En EC Law Counsel, nuestros abogados se dedican a resolver disputas con aseguradoras a su favor.","breadcrumb":{"@id":"https:\/\/eclawcounsel.com\/es\/especialista-en-demandas-denegadas\/#breadcrumb"},"inLanguage":"es","potentialAction":[{"@type":"ReadAction","target":["https:\/\/eclawcounsel.com\/es\/especialista-en-demandas-denegadas\/"]}]},{"@type":"BreadcrumbList","@id":"https:\/\/eclawcounsel.com\/es\/especialista-en-demandas-denegadas\/#breadcrumb","itemListElement":[{"@type":"ListItem","position":1,"name":"Home","item":"https:\/\/eclawcounsel.com\/es\/"},{"@type":"ListItem","position":2,"name":"Denied Claim Lawyer"}]},{"@type":"WebSite","@id":"https:\/\/eclawcounsel.com\/es\/#website","url":"https:\/\/eclawcounsel.com\/es\/","name":"EC Law Counsel","description":"","publisher":{"@id":"https:\/\/eclawcounsel.com\/es\/#organization"},"potentialAction":[{"@type":"SearchAction","target":{"@type":"EntryPoint","urlTemplate":"https:\/\/eclawcounsel.com\/es\/?s={search_term_string}"},"query-input":{"@type":"PropertyValueSpecification","valueRequired":true,"valueName":"search_term_string"}}],"inLanguage":"es"},{"@type":"Organization","@id":"https:\/\/eclawcounsel.com\/es\/#organization","name":"EC Law Counsel","url":"https:\/\/eclawcounsel.com\/es\/","logo":{"@type":"ImageObject","inLanguage":"es","@id":"https:\/\/eclawcounsel.com\/es\/#\/schema\/logo\/image\/","url":"https:\/\/eclawcounsel.com\/wp-content\/uploads\/2025\/06\/eclawcounsel-logo.svg","contentUrl":"https:\/\/eclawcounsel.com\/wp-content\/uploads\/2025\/06\/eclawcounsel-logo.svg","width":196,"height":61,"caption":"EC Law Counsel"},"image":{"@id":"https:\/\/eclawcounsel.com\/es\/#\/schema\/logo\/image\/"}}]}},"_links":{"self":[{"href":"https:\/\/eclawcounsel.com\/es\/wp-json\/wp\/v2\/pages\/1083","targetHints":{"allow":["GET"]}}],"collection":[{"href":"https:\/\/eclawcounsel.com\/es\/wp-json\/wp\/v2\/pages"}],"about":[{"href":"https:\/\/eclawcounsel.com\/es\/wp-json\/wp\/v2\/types\/page"}],"author":[{"embeddable":true,"href":"https:\/\/eclawcounsel.com\/es\/wp-json\/wp\/v2\/users\/2"}],"replies":[{"embeddable":true,"href":"https:\/\/eclawcounsel.com\/es\/wp-json\/wp\/v2\/comments?post=1083"}],"version-history":[{"count":0,"href":"https:\/\/eclawcounsel.com\/es\/wp-json\/wp\/v2\/pages\/1083\/revisions"}],"wp:attachment":[{"href":"https:\/\/eclawcounsel.com\/es\/wp-json\/wp\/v2\/media?parent=1083"}],"curies":[{"name":"wp","href":"https:\/\/api.w.org\/{rel}","templated":true}]}}