{"id":1085,"date":"2025-07-14T12:26:15","date_gmt":"2025-07-14T12:26:15","guid":{"rendered":"https:\/\/eclawcounsel.com\/dog-bite-attorneys\/"},"modified":"2025-09-12T16:18:51","modified_gmt":"2025-09-12T16:18:51","slug":"abogados-lesiones-mordida-perro-florida","status":"publish","type":"page","link":"https:\/\/eclawcounsel.com\/es\/abogados-lesiones-mordida-perro-florida\/","title":{"rendered":"Dog Bites"},"content":{"rendered":"<h2>Abogados para v\u00edctimas de lesiones por mordedura de perro en Florida<\/h2>\n<p>Una mordida de perro puede cambiar tu vida en segundos. En EC Law Counsel ayudamos a v\u00edctimas de ataques caninos a obtener la compensaci\u00f3n que merecen. Ya sea que hayas sufrido lesiones f\u00edsicas, trauma emocional o ambos, nuestro equipo legal est\u00e1 preparado para acompa\u00f1arte en cada paso del proceso.<\/p>\n<p>Las mordeduras de perro son un grave problema de salud p\u00fablica en todo el mundo. <a href=\"https:\/\/eclawcounsel.com\/wp-content\/uploads\/2025\/06\/dogbites-fl.pdf\" target=\"_blank\" rel=\"noopener\">Florida<\/a>, impactando a miles de residentes cada a\u00f1o. Si usted o un ser querido ha sufrido una lesi\u00f3n por mordedura de perro, es fundamental comprender sus derechos y opciones legales.<\/p>\n<p>En <a href=\"https:\/\/eclawcounsel.com\/personal-injury\/\">Asesor Jur\u00eddico de la CE<\/a>, nuestro dedicado equipo de abogados de lesiones personales representa a v\u00edctimas de mordeduras de perro en toda Florida. Nuestro equipo le explicar\u00e1 los datos clave sobre las mordeduras de perros en Florida, por qu\u00e9 ocurren, c\u00f3mo se aplica la ley a las v\u00edctimas y c\u00f3mo nuestra firma puede ayudarle a obtener una compensaci\u00f3n justa y justicia.<\/p>\n<h2>\u00bfPor qu\u00e9 son tan comunes las lesiones causadas por perros en Florida?<\/h2>\n<p>Florida posee una de las tasas <a href=\"https:\/\/www.thezebra.com\/resources\/home\/states-with-the-most-dog-bites\/\" target=\"_blank\" rel=\"noopener\">m\u00e1s altas<\/a> de mordeduras de perro en el pa\u00eds, de hecho, el n\u00famero 2, s\u00f3lo detr\u00e1s de California. Para quienes han sufrido una mordedura de perro, las consecuencias pueden ser abrumadoras, tanto f\u00edsica como emocionalmente. EC Law Counsel est\u00e1 aqu\u00ed para guiarte en cada paso de tu proceso legal y de recuperaci\u00f3n. Nuestro objetivo es asegurarnos de que las v\u00edctimas de mordeduras de perro reciban el apoyo, la defensa y la compensaci\u00f3n que merecen.<\/p>\n<h2>Estad\u00edsticas de mordeduras de perros en Florida (informe 2023)<\/h2>\n<p>Mantenerse informado sobre la magnitud y la naturaleza de las lesiones por mordeduras de perros en Florida puede ayudarle a apreciar la importancia de una ayuda legal eficaz:<\/p>\n<ul>\n<li aria-level=\"1\"><b>Reclamaciones de seguros:<\/b> Florida registr\u00f3 1.532 reclamaciones de seguro relacionadas con mordeduras de perro en 2023.<\/li>\n<li aria-level=\"1\"><b>Tasa per c\u00e1pita:<\/b> Con una tasa de 25,2 lesiones por mordeduras de perro por cada 100.000 personas, Florida supera el promedio nacional de 18,9.<\/li>\n<li aria-level=\"1\"><b>Ni\u00f1os en riesgo:<\/b> M\u00e1s del 50% de las v\u00edctimas de mordeduras de perro en Florida son ni\u00f1os, particularmente aquellos de 1 a 9 a\u00f1os. Los ni\u00f1os de este grupo de edad son especialmente vulnerables.<\/li>\n<li aria-level=\"1\"><b>Hospitalizaciones:<\/b> M\u00e1s de 600 floridanos son hospitalizados cada a\u00f1o debido a lesiones por mordeduras de perro.<\/li>\n<li aria-level=\"1\"><b>Muertes:<\/b> Las mordeduras de perro cobran la vida de un promedio de 2 a 4 floridanos al a\u00f1o.<\/li>\n<\/ul>\n<p>Estas estad\u00edsticas resaltan la importancia de comprender tus derechos y el papel que un asesor legal experimentado puede desempe\u00f1ar en su recuperaci\u00f3n.<\/p>\n<h2>\u00bfPor qu\u00e9 son comunes las mordeduras de perros en Florida?<\/h2>\n<p>Varios factores contribuyen a la alta incidencia de mordeduras de perros en Florida:<\/p>\n<ul>\n<li aria-level=\"1\"><b>Aumento de la propiedad de perros:<\/b> Lamentablemente, el aumento del n\u00famero de propietarios de mascotas ha provocado m\u00e1s incidentes, especialmente en zonas densamente pobladas.<\/li>\n<li aria-level=\"1\"><b>Falta de leyes uniformes sobre correas:<\/b> Las regulaciones sobre correas de Florida var\u00edan seg\u00fan la ciudad y el condado, lo que a veces da como resultado que los perros corran sueltos.<\/li>\n<li aria-level=\"1\"><b>Clima:<\/b> El clima c\u00e1lido durante todo el a\u00f1o significa que los perros y las personas interact\u00faan al aire libre con m\u00e1s frecuencia, lo que aumenta los encuentros potenciales.<\/li>\n<li aria-level=\"1\"><b>Alta poblaci\u00f3n transitoria:<\/b> Los movimientos y visitas frecuentes pueden hacer que los perros est\u00e9n menos familiarizados con las personas o con entornos nuevos, lo que aumenta el riesgo de comportamientos impredecibles.<\/li>\n<\/ul>\n<p>Comprender estos factores proporciona el contexto de por qu\u00e9 las leyes sobre mordeduras de perros y los servicios de apoyo a las v\u00edctimas como EC Law Counsel son tan cruciales en Florida.<\/p>\n<h2>Tipos de lesiones por mordedura de perro<\/h2>\n<p>Las lesiones por mordedura de perro pueden variar desde leves hasta potencialmente mortales y sus efectos suelen ir m\u00e1s all\u00e1 de las heridas f\u00edsicas:<\/p>\n<h3>Lesiones f\u00edsicas<\/h3>\n<ul>\n<li aria-level=\"1\"><b>Punciones y Laceraciones:<\/b> Las heridas profundas pueden provocar sangrado excesivo, da\u00f1o a los nervios e infecci\u00f3n.<\/li>\n<li aria-level=\"1\"><b>Huesos rotos:<\/b> Los perros m\u00e1s grandes pueden fracturar huesos peque\u00f1os, especialmente en los ni\u00f1os.<\/li>\n<li aria-level=\"1\"><b>Cicatrizaci\u00f3n y desfiguraci\u00f3n:<\/b> Las lesiones faciales y de las extremidades suelen requerir cirug\u00eda pl\u00e1stica.<\/li>\n<li aria-level=\"1\"><b>Complicaciones graves:<\/b> La rabia, el t\u00e9tanos y otras infecciones suponen un riesgo si las lesiones no son tratadas a tiempo.<\/li>\n<\/ul>\n<h3>Trauma emocional y psicol\u00f3gico<\/h3>\n<ul>\n<li aria-level=\"1\"><b>Ansiedad y trastorno de estr\u00e9s postraum\u00e1tico:<\/b> Especialmente com\u00fan en los ni\u00f1os, el trauma del ataque puede provocar miedo continuo o secuelas psicol\u00f3gicas graves..<\/li>\n<li aria-level=\"1\"><b>Miedo a los animales:<\/b> Incluso las v\u00edctimas que antes eran amantes de los perros pueden desarrollar fobias duraderas.<\/li>\n<\/ul>\n<p>Si ha sufrido alguna de estas lesiones, la acci\u00f3n inmediata y el apoyo legal pueden marcar una diferencia significativa en su recuperaci\u00f3n y resultados a largo plazo.<\/p>\n<h2>\u00bfQu\u00e9 dice la ley de Florida sobre mordeduras de perro?<\/h2>\n<p>Florida emplea la norma de responsabilidad objetiva para casos de mordeduras de perro. Esto significa:<\/p>\n<ul>\n<li aria-level=\"1\"><b>Los due\u00f1os de perros son responsables:<\/b> Los due\u00f1os son responsables si su perro muerde a alguien, independientemente del historial del animal o del conocimiento que tenga el due\u00f1o de tendencias agresivas.<\/li>\n<li aria-level=\"1\"><b>D\u00f3nde se aplica:<\/b> La ley cubre incidentes en espacios p\u00fablicos y privados legales, incluida la propiedad del due\u00f1o del perro si la v\u00edctima est\u00e1 presente legalmente.<\/li>\n<\/ul>\n<h3>Excepciones a considerar<\/h3>\n<p>Los due\u00f1os de perros pueden intentar limitar o evitar la responsabilidad si:<\/p>\n<ul>\n<li aria-level=\"1\">La v\u00edctima estaba invadiendo la propiedad en el momento del incidente.<\/li>\n<li aria-level=\"1\">El propietario public\u00f3 advertencias visibles de \u00abCuidado con los perros\u00bb en su propiedad (con excepciones para ni\u00f1os menores de seis a\u00f1os).<\/li>\n<li aria-level=\"1\">La v\u00edctima provoc\u00f3 al animal.<\/li>\n<\/ul>\n<p>Contar con un abogado especializado en lesiones personales te permite enfrentar estos argumentos y proteger tu derecho a ser compensado.<\/p>\n<h2>Qu\u00e9 hacer despu\u00e9s de ser atacado por un perro<\/h2>\n<p>Actuar con rapidez despu\u00e9s del incidente puede marcar la diferencia en tu recuperaci\u00f3n y en la s\u00f3lidez de tu caso:<\/p>\n<ol>\n<li aria-level=\"1\"><b>Busque atenci\u00f3n m\u00e9dica inmediata:<\/b> Incluso las picaduras menores pueden causar complicaciones.<\/li>\n<li aria-level=\"1\"><b>Reportar el incidente:<\/b> Comun\u00edquese con el control de animales local o con la polic\u00eda para presentar un informe oficial.<\/li>\n<li aria-level=\"1\"><b>Documente todo:<\/b> Tome fotograf\u00edas de sus lesiones, la ubicaci\u00f3n, el perro y cualquier informaci\u00f3n de identificaci\u00f3n.<\/li>\n<li aria-level=\"1\"><b>Re\u00fana relatos de testigos:<\/b> Recopile informaci\u00f3n de contacto de cualquier persona que haya visto el incidente.<\/li>\n<li aria-level=\"1\"><b>Guardar registros m\u00e9dicos:<\/b> Conservar toda la documentaci\u00f3n relacionada con tratamientos y gastos.<\/li>\n<\/ol>\n<p>Estos pasos ser\u00e1n fundamentales para reclamar una compensaci\u00f3n justa o en el caso de presentar una demanda.<\/p>\n<h2>\u00bfC\u00f3mo te ayudamos en EC Law Counsel?<\/h2>\n<p>Cuando se trata de lesiones importantes por mordeduras de perro, la orientaci\u00f3n legal puede ser la clave para un trato justo en el proceso de reclamaci\u00f3n:<\/p>\n<ul>\n<li aria-level=\"1\"><b>Navegando por reclamaciones de seguros:<\/b> Las compa\u00f1\u00edas de seguros suelen intentar minimizar los pagos. Nuestros abogados conocen sus t\u00e1cticas y luchar\u00e1n por sus mejores intereses.<\/li>\n<li aria-level=\"1\"><b>Gesti\u00f3n de documentaci\u00f3n:<\/b> Nos encargamos de todos los tr\u00e1mites legales, recopilaci\u00f3n de pruebas y comunicaciones con las partes contrarias.<\/li>\n<li aria-level=\"1\"><b>Protegiendo sus derechos:<\/b> Nos aseguramos de que su historia sea escuchada y de que la responsabilidad se establezca adecuadamente.<\/li>\n<li aria-level=\"1\"><b>Negociaci\u00f3n de acuerdos:<\/b> Con una amplia experiencia en la ley de lesiones personales de Florida, negociamos agresivamente para obtener la compensaci\u00f3n que le corresponde.<\/li>\n<\/ul>\n<p><b>\u00bfPor qu\u00e9 elegir a EC Law Counsel?<\/b><\/p>\n<ul>\n<li aria-level=\"1\"><b>D\u00e9cada de experiencia:<\/b> Hemos representado a v\u00edctimas de lesiones personales en toda Florida, adquiriendo experiencia tanto en negociaci\u00f3n como en litigios.<\/li>\n<li aria-level=\"1\"><b>Conocimiento en profundidad:<\/b> Nuestros abogados tienen conocimiento de los estatutos y procedimientos legales sobre mordeduras de perros de Florida.<\/li>\n<li aria-level=\"1\"><b>Defensa compasiva:<\/b> Sabemos que la historia de cada cliente importa y tratamos cada caso como si fuera el nuestro.<\/li>\n<li aria-level=\"1\"><b>Compromiso con la Justicia:<\/b> Nos impulsa el deseo de ayudar a las v\u00edctimas a reconstruir sus vidas despu\u00e9s de eventos traum\u00e1ticos.<\/li>\n<\/ul>\n<p>Hemos ayudado a muchas v\u00edctimas de mordeduras de perro a obtener acuerdos justos para cubrir facturas m\u00e9dicas, salarios perdidos, dolor y sufrimiento y angustia emocional. Su recuperaci\u00f3n es nuestra principal prioridad.<\/p>\n<h2>D\u00e9 el siguiente paso: agenda una consulta gratuita hoy<\/h2>\n<p>Si usted o un ser querido ha sufrido una lesi\u00f3n por mordedura de perro en Florida, no tiene que afrontar las consecuencias solo. EC Law Counsel est\u00e1 aqu\u00ed para brindarle el conocimiento, los recursos y la dedicaci\u00f3n que necesita para buscar justicia. <a href=\"https:\/\/eclawcounsel.com\/es\/contact\/\">Cont\u00e1ctenos<\/a> hoy para una consulta gratuita en nuestras oficinas de Hollywood o Fort Myers, o con\u00e9ctese con nosotros en l\u00ednea. Da el primer paso hoy.<\/p>\n","protected":false},"excerpt":{"rendered":"<p>Abogados para v\u00edctimas de lesiones por mordedura de perro en Florida Una mordida de perro puede cambiar tu vida en segundos. En EC Law Counsel ayudamos a v\u00edctimas de ataques caninos a obtener la compensaci\u00f3n que merecen. Ya sea que hayas sufrido lesiones f\u00edsicas, trauma emocional o ambos, nuestro equipo legal est\u00e1 preparado para acompa\u00f1arte [&hellip;]<\/p>\n","protected":false},"author":2,"featured_media":0,"parent":0,"menu_order":0,"comment_status":"closed","ping_status":"closed","template":"page-templates\/services-template.php","meta":{"_acf_changed":false,"inline_featured_image":false,"footnotes":""},"class_list":["post-1085","page","type-page","status-publish","hentry"],"acf":[],"yoast_head":"<!-- This site is optimized with the Yoast SEO plugin v27.3 - https:\/\/yoast.com\/product\/yoast-seo-wordpress\/ -->\n<title>Mordida de perro en Florida | Abogados expertos en lesiones \u2013 EC Law Counsel<\/title>\n<meta name=\"description\" content=\"\u00bfFuiste mordido por un perro en Florida? Conoce tus derechos y reclama una compensaci\u00f3n justa. EC Law Counsel te ofrece consulta legal gratuita y representaci\u00f3n experta en lesiones personales.\" \/>\n<meta name=\"robots\" content=\"index, follow, max-snippet:-1, max-image-preview:large, max-video-preview:-1\" \/>\n<link rel=\"canonical\" href=\"https:\/\/eclawcounsel.com\/es\/abogados-lesiones-mordida-perro-florida\/\" \/>\n<meta property=\"og:locale\" content=\"es_ES\" \/>\n<meta property=\"og:type\" content=\"article\" \/>\n<meta property=\"og:title\" content=\"Mordida de perro en Florida | Abogados expertos en lesiones \u2013 EC Law Counsel\" \/>\n<meta property=\"og:description\" content=\"\u00bfFuiste mordido por un perro en Florida? Conoce tus derechos y reclama una compensaci\u00f3n justa. EC Law Counsel te ofrece consulta legal gratuita y representaci\u00f3n experta en lesiones personales.\" \/>\n<meta property=\"og:url\" content=\"https:\/\/eclawcounsel.com\/es\/abogados-lesiones-mordida-perro-florida\/\" \/>\n<meta property=\"og:site_name\" content=\"EC Law Counsel\" \/>\n<meta property=\"article:modified_time\" content=\"2025-09-12T16:18:51+00:00\" \/>\n<meta name=\"twitter:card\" content=\"summary_large_image\" \/>\n<meta name=\"twitter:label1\" content=\"Est. reading time\" \/>\n\t<meta name=\"twitter:data1\" content=\"6 minutos\" \/>\n<!-- \/ Yoast SEO plugin. -->","yoast_head_json":{"title":"Mordida de perro en Florida | Abogados expertos en lesiones \u2013 EC Law Counsel","description":"\u00bfFuiste mordido por un perro en Florida? Conoce tus derechos y reclama una compensaci\u00f3n justa. EC Law Counsel te ofrece consulta legal gratuita y representaci\u00f3n experta en lesiones personales.","robots":{"index":"index","follow":"follow","max-snippet":"max-snippet:-1","max-image-preview":"max-image-preview:large","max-video-preview":"max-video-preview:-1"},"canonical":"https:\/\/eclawcounsel.com\/es\/abogados-lesiones-mordida-perro-florida\/","og_locale":"es_ES","og_type":"article","og_title":"Mordida de perro en Florida | Abogados expertos en lesiones \u2013 EC Law Counsel","og_description":"\u00bfFuiste mordido por un perro en Florida? Conoce tus derechos y reclama una compensaci\u00f3n justa. EC Law Counsel te ofrece consulta legal gratuita y representaci\u00f3n experta en lesiones personales.","og_url":"https:\/\/eclawcounsel.com\/es\/abogados-lesiones-mordida-perro-florida\/","og_site_name":"EC Law Counsel","article_modified_time":"2025-09-12T16:18:51+00:00","twitter_card":"summary_large_image","twitter_misc":{"Est. reading time":"6 minutos"},"schema":{"@context":"https:\/\/schema.org","@graph":[{"@type":"WebPage","@id":"https:\/\/eclawcounsel.com\/es\/abogados-lesiones-mordida-perro-florida\/","url":"https:\/\/eclawcounsel.com\/es\/abogados-lesiones-mordida-perro-florida\/","name":"Mordida de perro en Florida | Abogados expertos en lesiones \u2013 EC Law Counsel","isPartOf":{"@id":"https:\/\/eclawcounsel.com\/es\/#website"},"datePublished":"2025-07-14T12:26:15+00:00","dateModified":"2025-09-12T16:18:51+00:00","description":"\u00bfFuiste mordido por un perro en Florida? Conoce tus derechos y reclama una compensaci\u00f3n justa. EC Law Counsel te ofrece consulta legal gratuita y representaci\u00f3n experta en lesiones personales.","breadcrumb":{"@id":"https:\/\/eclawcounsel.com\/es\/abogados-lesiones-mordida-perro-florida\/#breadcrumb"},"inLanguage":"es","potentialAction":[{"@type":"ReadAction","target":["https:\/\/eclawcounsel.com\/es\/abogados-lesiones-mordida-perro-florida\/"]}]},{"@type":"BreadcrumbList","@id":"https:\/\/eclawcounsel.com\/es\/abogados-lesiones-mordida-perro-florida\/#breadcrumb","itemListElement":[{"@type":"ListItem","position":1,"name":"Home","item":"https:\/\/eclawcounsel.com\/es\/"},{"@type":"ListItem","position":2,"name":"Dog Bites"}]},{"@type":"WebSite","@id":"https:\/\/eclawcounsel.com\/es\/#website","url":"https:\/\/eclawcounsel.com\/es\/","name":"EC Law Counsel","description":"","publisher":{"@id":"https:\/\/eclawcounsel.com\/es\/#organization"},"potentialAction":[{"@type":"SearchAction","target":{"@type":"EntryPoint","urlTemplate":"https:\/\/eclawcounsel.com\/es\/?s={search_term_string}"},"query-input":{"@type":"PropertyValueSpecification","valueRequired":true,"valueName":"search_term_string"}}],"inLanguage":"es"},{"@type":"Organization","@id":"https:\/\/eclawcounsel.com\/es\/#organization","name":"EC Law Counsel","url":"https:\/\/eclawcounsel.com\/es\/","logo":{"@type":"ImageObject","inLanguage":"es","@id":"https:\/\/eclawcounsel.com\/es\/#\/schema\/logo\/image\/","url":"https:\/\/eclawcounsel.com\/wp-content\/uploads\/2025\/06\/eclawcounsel-logo.svg","contentUrl":"https:\/\/eclawcounsel.com\/wp-content\/uploads\/2025\/06\/eclawcounsel-logo.svg","width":196,"height":61,"caption":"EC Law Counsel"},"image":{"@id":"https:\/\/eclawcounsel.com\/es\/#\/schema\/logo\/image\/"}}]}},"_links":{"self":[{"href":"https:\/\/eclawcounsel.com\/es\/wp-json\/wp\/v2\/pages\/1085","targetHints":{"allow":["GET"]}}],"collection":[{"href":"https:\/\/eclawcounsel.com\/es\/wp-json\/wp\/v2\/pages"}],"about":[{"href":"https:\/\/eclawcounsel.com\/es\/wp-json\/wp\/v2\/types\/page"}],"author":[{"embeddable":true,"href":"https:\/\/eclawcounsel.com\/es\/wp-json\/wp\/v2\/users\/2"}],"replies":[{"embeddable":true,"href":"https:\/\/eclawcounsel.com\/es\/wp-json\/wp\/v2\/comments?post=1085"}],"version-history":[{"count":0,"href":"https:\/\/eclawcounsel.com\/es\/wp-json\/wp\/v2\/pages\/1085\/revisions"}],"wp:attachment":[{"href":"https:\/\/eclawcounsel.com\/es\/wp-json\/wp\/v2\/media?parent=1085"}],"curies":[{"name":"wp","href":"https:\/\/api.w.org\/{rel}","templated":true}]}}