{"id":1088,"date":"2025-07-14T12:28:21","date_gmt":"2025-07-14T12:28:21","guid":{"rendered":"https:\/\/eclawcounsel.com\/fire-damage-lawyer\/"},"modified":"2025-09-12T16:18:56","modified_gmt":"2025-09-12T16:18:56","slug":"abogado-especialista-en-danos-por-incendio","status":"publish","type":"page","link":"https:\/\/eclawcounsel.com\/es\/abogado-especialista-en-danos-por-incendio\/","title":{"rendered":"Fire Damage Lawyer"},"content":{"rendered":"<p>Un incendio puede causar da\u00f1os estructurales devastadores en su casa, destruir sus posesiones y dejarle con unos gastos de reparaci\u00f3n abrumadores. Aunque una p\u00f3liza de seguro est\u00e1ndar para propietarios de viviendas cubre los incendios accidentales, los propietarios de Florida a menudo necesitan ayuda legal para presentar demandas por da\u00f1os.<\/p>\n<p>Si su casa se incendia, trabajar con un abogado experimentado en da\u00f1os por incendios mejorar\u00e1 dr\u00e1sticamente sus posibilidades de llegar a un acuerdo justo con su compa\u00f1\u00eda de seguros. Llame a La Asesor\u00eda Jur\u00eddica EC al <a href=\"tel:(954) 861-0833\">(954) 861-0833<\/a> para una consulta gratuita con un abogado especialista en de da\u00f1os por incendio que ofrece sus servicios en el sureste y suroeste de Florida.<\/p>\n<h2>\u00bfQu\u00e9 cubre el seguro por da\u00f1os por incendio en Florida?<\/h2>\n<p>Por lo general, el seguro para propietarios de viviendas pagar\u00e1 los da\u00f1os causados por fuego y humo en:<\/p>\n<ul>\n<li style=\"font-weight: 400;\" aria-level=\"1\">Su casa<\/li>\n<li style=\"font-weight: 400;\" aria-level=\"1\">Bienes personales: art\u00edculos como muebles, ropa, aparatos electr\u00f3nicos y utensilios de cocina.<\/li>\n<li style=\"font-weight: 400;\" aria-level=\"1\">Otras estructuras de su propiedad, como ser garajes, cobertizos de almacenamiento y graneros<\/li>\n<\/ul>\n<p>Es importante estudiar su p\u00f3liza en particular para conocer el l\u00edmite m\u00e1ximo de la cobertura y lo que excluye la p\u00f3liza. Por ejemplo, es posible que el seguro para propietarios de viviendas no cubra los incendios forestales. Un abogado experto en da\u00f1os por incendio puede ayudarle a entender si usted tiene una demanda leg\u00edtima.<\/p>\n<h2>Qu\u00e9 hacer tras un incendio<\/h2>\n<p>Hay que informar inmediatamente del incendio a su compa\u00f1\u00eda de seguros. Con la ayuda de un experto, sus da\u00f1os deben ser completamente documentados mediante la toma de im\u00e1genes de v\u00eddeo, fotograf\u00edas y la elaboraci\u00f3n de una estimaci\u00f3n de las lesiones totales. Su compa\u00f1\u00eda de seguros puede pedirle que participe en una declaraci\u00f3n grabada o en un interrogatorio bajo juramento o que les presente una infinidad de documentos, incluida una informaci\u00f3n jurada de la prueba del da\u00f1o. La aseguradora debe acusar recibo de su demanda en un plazo de 14 d\u00edas y resolverla en un plazo de 90 d\u00edas.<\/p>\n<p>Tras un incendio, es fundamental tomar las medidas necesarias para proteger su propiedad de nuevos da\u00f1os. Esto es lo que la compa\u00f1\u00eda de seguros suele denominar mitigar los da\u00f1os. Si paga de su bolsillo alg\u00fan trabajo de un contratista, guarde esas facturas para reclamar el reembolso m\u00e1s adelante. Tenga cuidado con los intentos de reparaci\u00f3n por usted mismo ya que puede empeorar los da\u00f1os e incluso interferir con su demanda.<\/p>\n<h2>\u00bfNecesita un abogado especialista en da\u00f1os por incendio?<\/h2>\n<p>Aunque usted puede presentar una demanda por los da\u00f1os de un incendio, muchas compa\u00f1\u00edas de seguros utilizar\u00e1n t\u00e1cticas poco \u00e9ticas para pagarle lo menos posible. Una aseguradora sin escr\u00fapulos puede intentar subestimar el alcance de los da\u00f1os, alargar el proceso de la demanda para agotarle o incluso acusarle de haber provocado el incendio.<\/p>\n<p>Cuando usted trabaja con Asesor\u00eda Jur\u00eddica EC, sabe que su demanda por da\u00f1os por incendio est\u00e1 en buenas manos. Nuestro equipo de expertos incluye ex peritos de seguros y secretarios de demandas, por lo que sabemos exactamente c\u00f3mo funcionan las compa\u00f1\u00edas de seguros y la forma de enviar su demanda.<\/p>\n<p>Lo que haremos:<\/p>\n<ul>\n<li style=\"font-weight: 400;\" aria-level=\"1\">Examinaremos su cobertura de incendio y le daremos una estimaci\u00f3n de la liquidaci\u00f3n que puede esperar<\/li>\n<li style=\"font-weight: 400;\" aria-level=\"1\">Le ayudaremos a proporcionar una evaluaci\u00f3n independiente y realista de los da\u00f1os materiales por parte de contratistas certificados<\/li>\n<li style=\"font-weight: 400;\" aria-level=\"1\">No ocuparemos del proceso de la demanda y asegurarnos de que cumple con todas sus obligaciones tras el siniestro<\/li>\n<li style=\"font-weight: 400;\" aria-level=\"1\">No ocuparemos de todas las inspecciones y comunicaciones con su compa\u00f1\u00eda de seguros<\/li>\n<li style=\"font-weight: 400;\" aria-level=\"1\">Le proporcionaremos actualizaciones oportunas y frecuentes sobre el estado de su demanda<\/li>\n<li style=\"font-weight: 400;\" aria-level=\"1\">Apelaremos la denegaci\u00f3n de una demanda si su aseguradora se niega a pagar ilegalmente<\/li>\n<li style=\"font-weight: 400;\" aria-level=\"1\">Obtendremos un acuerdo que le indemnice por completo<\/li>\n<\/ul>\n<h2>Asesor\u00eda Jur\u00eddica EC: Tramitaci\u00f3n de demandas por da\u00f1os por incendio en el sureste y suroeste de Florida<\/h2>\n<p>\u00bfSu casa en Florida sufri\u00f3 da\u00f1os por incendio? \u00bfSu compa\u00f1\u00eda de seguros est\u00e1 tratando de negar o minimizar su demanda por da\u00f1os a la propiedad? Nuestro experto equipo legal puede examinar su p\u00f3liza de seguro, negociar con su aseguradora y apelar una demanda denegada. Durante los \u00faltimos 11 a\u00f1os, nuestro bufete de abogados ha ayudado a proteger los derechos de los propietarios cuyas propiedades sufrieron da\u00f1os por incendio en el sureste y suroeste de Florida.<\/p>\n<p>Llame al <a href=\"tel:(954) 861-0833\">(954) 861-0833<\/a> o p\u00f3ngase en contacto con nosotros en l\u00ednea para una consulta gratuita con un abogado local especializado en da\u00f1os por incendio.<\/p>\n","protected":false},"excerpt":{"rendered":"<p>Un incendio puede causar da\u00f1os estructurales devastadores en su casa, destruir sus posesiones y dejarle con unos gastos de reparaci\u00f3n abrumadores. Aunque una p\u00f3liza de seguro est\u00e1ndar para propietarios de viviendas cubre los incendios accidentales, los propietarios de Florida a menudo necesitan ayuda legal para presentar demandas por da\u00f1os. Si su casa se incendia, trabajar [&hellip;]<\/p>\n","protected":false},"author":2,"featured_media":0,"parent":0,"menu_order":0,"comment_status":"closed","ping_status":"closed","template":"page-templates\/services-template.php","meta":{"_acf_changed":false,"inline_featured_image":false,"footnotes":""},"class_list":["post-1088","page","type-page","status-publish","hentry"],"acf":[],"yoast_head":"<!-- This site is optimized with the Yoast SEO plugin v27.3 - https:\/\/yoast.com\/product\/yoast-seo-wordpress\/ -->\n<title>Fire Damage Lawyer - EC Law Counsel<\/title>\n<meta name=\"description\" content=\"Enfrentar da\u00f1os por incendio puede ser abrumador. Nuestros abogados en Florida le guiar\u00e1n para asegurar una indemnizaci\u00f3n adecuada de su compa\u00f1\u00eda de seguros.\" \/>\n<meta name=\"robots\" content=\"index, follow, max-snippet:-1, max-image-preview:large, max-video-preview:-1\" \/>\n<link rel=\"canonical\" href=\"https:\/\/eclawcounsel.com\/es\/abogado-especialista-en-danos-por-incendio\/\" \/>\n<meta property=\"og:locale\" content=\"es_ES\" \/>\n<meta property=\"og:type\" content=\"article\" \/>\n<meta property=\"og:title\" content=\"Fire Damage Lawyer - EC Law Counsel\" \/>\n<meta property=\"og:description\" content=\"Enfrentar da\u00f1os por incendio puede ser abrumador. Nuestros abogados en Florida le guiar\u00e1n para asegurar una indemnizaci\u00f3n adecuada de su compa\u00f1\u00eda de seguros.\" \/>\n<meta property=\"og:url\" content=\"https:\/\/eclawcounsel.com\/es\/abogado-especialista-en-danos-por-incendio\/\" \/>\n<meta property=\"og:site_name\" content=\"EC Law Counsel\" \/>\n<meta property=\"article:modified_time\" content=\"2025-09-12T16:18:56+00:00\" \/>\n<meta name=\"twitter:card\" content=\"summary_large_image\" \/>\n<meta name=\"twitter:label1\" content=\"Est. reading time\" \/>\n\t<meta name=\"twitter:data1\" content=\"4 minutos\" \/>\n<!-- \/ Yoast SEO plugin. -->","yoast_head_json":{"title":"Fire Damage Lawyer - EC Law Counsel","description":"Enfrentar da\u00f1os por incendio puede ser abrumador. Nuestros abogados en Florida le guiar\u00e1n para asegurar una indemnizaci\u00f3n adecuada de su compa\u00f1\u00eda de seguros.","robots":{"index":"index","follow":"follow","max-snippet":"max-snippet:-1","max-image-preview":"max-image-preview:large","max-video-preview":"max-video-preview:-1"},"canonical":"https:\/\/eclawcounsel.com\/es\/abogado-especialista-en-danos-por-incendio\/","og_locale":"es_ES","og_type":"article","og_title":"Fire Damage Lawyer - EC Law Counsel","og_description":"Enfrentar da\u00f1os por incendio puede ser abrumador. Nuestros abogados en Florida le guiar\u00e1n para asegurar una indemnizaci\u00f3n adecuada de su compa\u00f1\u00eda de seguros.","og_url":"https:\/\/eclawcounsel.com\/es\/abogado-especialista-en-danos-por-incendio\/","og_site_name":"EC Law Counsel","article_modified_time":"2025-09-12T16:18:56+00:00","twitter_card":"summary_large_image","twitter_misc":{"Est. reading time":"4 minutos"},"schema":{"@context":"https:\/\/schema.org","@graph":[{"@type":"WebPage","@id":"https:\/\/eclawcounsel.com\/es\/abogado-especialista-en-danos-por-incendio\/","url":"https:\/\/eclawcounsel.com\/es\/abogado-especialista-en-danos-por-incendio\/","name":"Fire Damage Lawyer - EC Law Counsel","isPartOf":{"@id":"https:\/\/eclawcounsel.com\/es\/#website"},"datePublished":"2025-07-14T12:28:21+00:00","dateModified":"2025-09-12T16:18:56+00:00","description":"Enfrentar da\u00f1os por incendio puede ser abrumador. Nuestros abogados en Florida le guiar\u00e1n para asegurar una indemnizaci\u00f3n adecuada de su compa\u00f1\u00eda de seguros.","breadcrumb":{"@id":"https:\/\/eclawcounsel.com\/es\/abogado-especialista-en-danos-por-incendio\/#breadcrumb"},"inLanguage":"es","potentialAction":[{"@type":"ReadAction","target":["https:\/\/eclawcounsel.com\/es\/abogado-especialista-en-danos-por-incendio\/"]}]},{"@type":"BreadcrumbList","@id":"https:\/\/eclawcounsel.com\/es\/abogado-especialista-en-danos-por-incendio\/#breadcrumb","itemListElement":[{"@type":"ListItem","position":1,"name":"Home","item":"https:\/\/eclawcounsel.com\/es\/"},{"@type":"ListItem","position":2,"name":"Fire Damage Lawyer"}]},{"@type":"WebSite","@id":"https:\/\/eclawcounsel.com\/es\/#website","url":"https:\/\/eclawcounsel.com\/es\/","name":"EC Law Counsel","description":"","publisher":{"@id":"https:\/\/eclawcounsel.com\/es\/#organization"},"potentialAction":[{"@type":"SearchAction","target":{"@type":"EntryPoint","urlTemplate":"https:\/\/eclawcounsel.com\/es\/?s={search_term_string}"},"query-input":{"@type":"PropertyValueSpecification","valueRequired":true,"valueName":"search_term_string"}}],"inLanguage":"es"},{"@type":"Organization","@id":"https:\/\/eclawcounsel.com\/es\/#organization","name":"EC Law Counsel","url":"https:\/\/eclawcounsel.com\/es\/","logo":{"@type":"ImageObject","inLanguage":"es","@id":"https:\/\/eclawcounsel.com\/es\/#\/schema\/logo\/image\/","url":"https:\/\/eclawcounsel.com\/wp-content\/uploads\/2025\/06\/eclawcounsel-logo.svg","contentUrl":"https:\/\/eclawcounsel.com\/wp-content\/uploads\/2025\/06\/eclawcounsel-logo.svg","width":196,"height":61,"caption":"EC Law Counsel"},"image":{"@id":"https:\/\/eclawcounsel.com\/es\/#\/schema\/logo\/image\/"}}]}},"_links":{"self":[{"href":"https:\/\/eclawcounsel.com\/es\/wp-json\/wp\/v2\/pages\/1088","targetHints":{"allow":["GET"]}}],"collection":[{"href":"https:\/\/eclawcounsel.com\/es\/wp-json\/wp\/v2\/pages"}],"about":[{"href":"https:\/\/eclawcounsel.com\/es\/wp-json\/wp\/v2\/types\/page"}],"author":[{"embeddable":true,"href":"https:\/\/eclawcounsel.com\/es\/wp-json\/wp\/v2\/users\/2"}],"replies":[{"embeddable":true,"href":"https:\/\/eclawcounsel.com\/es\/wp-json\/wp\/v2\/comments?post=1088"}],"version-history":[{"count":0,"href":"https:\/\/eclawcounsel.com\/es\/wp-json\/wp\/v2\/pages\/1088\/revisions"}],"wp:attachment":[{"href":"https:\/\/eclawcounsel.com\/es\/wp-json\/wp\/v2\/media?parent=1088"}],"curies":[{"name":"wp","href":"https:\/\/api.w.org\/{rel}","templated":true}]}}