{"id":1090,"date":"2025-06-30T07:17:57","date_gmt":"2025-06-30T07:17:57","guid":{"rendered":"https:\/\/eclawcounsel.com\/flood-damage-lawyer\/"},"modified":"2025-09-12T16:19:01","modified_gmt":"2025-09-12T16:19:01","slug":"abogado-experto-en-danos-por-inundaciones","status":"publish","type":"page","link":"https:\/\/eclawcounsel.com\/es\/abogado-experto-en-danos-por-inundaciones\/","title":{"rendered":"Flood Damage Lawyer"},"content":{"rendered":"<p>Las abundantes lluvias, las tormentas tropicales y el terreno llano a veces hacen que el estado del sol parezca m\u00e1s un estado de inundaci\u00f3n. Cientos de miles de floridanos viven en \u00e1reas propensas a inundaciones, muchos sin la cobertura de un seguro adecuado.<\/p>\n<p>Como abogados especialistas en demandas por inundaciones, nos especializamos en el manejo de asuntos legales relacionados con demandas contra seguros por inundaciones. Esto implica ayudar a los asegurados a presentar una demanda ante su compa\u00f1\u00eda de seguros, negociar un acuerdo en nombre del asegurado, o representar al asegurado en una demanda si la compa\u00f1\u00eda de seguros niega el reclamo u ofrece una compensaci\u00f3n inadecuada. Tambi\u00e9n asesoraremos a los asegurados sobre sus derechos y opciones en virtud de sus p\u00f3lizas de seguro contra inundaciones y les ayudaremos a comprender el proceso de las demandas.<\/p>\n<p>Sin embargo, incluso si tiene una p\u00f3liza de seguro contra inundaciones, es posible que tenga problemas cuando presente una demanda por da\u00f1os. Llame a la Asesor\u00eda Jur\u00eddica de EC al <a href=\"tel:(954) 861-0833\">(954) 861-0833<\/a> para una consulta gratuita con un abogado especialista en da\u00f1os por inundaciones que preste servicios en el sureste y suroeste de Florida.<\/p>\n<h2>\u00bfQui\u00e9n cubre los costos de los da\u00f1os por inundaciones en Florida?<\/h2>\n<p>Este es un hecho que todo due\u00f1o de una propiedad en Florida deber\u00eda saber: ni el seguro est\u00e1ndar para due\u00f1os de casa ni el seguro contra huracanes brindan cobertura contra da\u00f1os por inundaci\u00f3n. Para obtener cobertura contra inundaciones, los propietarios deben comprar una p\u00f3liza contra inundaciones.<\/p>\n<p>Adem\u00e1s, ni siquiera las p\u00f3lizas contra inundaciones cubren todos los da\u00f1os. Una p\u00f3liza de seguro contra inundaciones t\u00edpica cubrir\u00e1 hasta $250,000 por da\u00f1os estructurales y hasta $100,000 por da\u00f1os a los bienes personales. La cobertura de la p\u00f3liza suele excluir:<\/p>\n<ul>\n<li>Bienes almacenada en s\u00f3tanos<\/li>\n<li>Piscinas<\/li>\n<li>Estructuras de paisaje como terrazas y patios.<\/li>\n<li>Autom\u00f3viles y barcos<\/li>\n<li>Metales preciosos, monedas y certificados de acciones<\/li>\n<li>Renta que pagan los propietarios mientras sus propiedades est\u00e1n en reparaci\u00f3n<\/li>\n<\/ul>\n<h2>C\u00f3mo presentar una demanda por da\u00f1os tras una cat\u00e1strofe natural<\/h2>\n<p>Si una inundaci\u00f3n llega a su casa, ll\u00e1menos cuando se ponga a salvo para que podamos notificar el suceso a su compa\u00f1\u00eda de seguros. El plazo de que dispone una compa\u00f1\u00eda de seguros para resolver una demanda por inundaci\u00f3n puede variar en funci\u00f3n de las circunstancias espec\u00edficas de la demanda y de las condiciones de la p\u00f3liza de seguros. Por lo general, las compa\u00f1\u00edas de seguros est\u00e1n obligadas a actuar de buena fe y a tramitar las demandas con prontitud y equidad. Sin embargo, el proceso de indemnizaci\u00f3n puede ser complejo y puede llevar alg\u00fan tiempo completar una investigaci\u00f3n exhaustiva y determinar los da\u00f1os y el importe de liquidaci\u00f3n adecuado.<\/p>\n<p>Por lo general, tras recibir su notificaci\u00f3n, la aseguradora suele disponer de:<\/p>\n<ul>\n<li>14 d\u00edas para acusar recibo de su demanda<\/li>\n<li>30 d\u00edas para aprobar o denegar su demanda<\/li>\n<li>90 d\u00edas para resolver su demanda<\/li>\n<\/ul>\n<h2>\u00bfPor qu\u00e9 elegir la Asesor\u00eda Jur\u00eddica EC para su abogado experto en da\u00f1os por inundaciones?<\/h2>\n<p>Los propietarios de viviendas que adquieran una p\u00f3liza de seguro contra inundaciones pueden suponer que su aseguradora se har\u00e1 cargo y ofrecer\u00e1 un acuerdo razonable despu\u00e9s de que su propiedad haya sufrido da\u00f1os por una inundaci\u00f3n. Por desgracia, muchas compa\u00f1\u00edas de seguros act\u00faan de mala fe.. Si su aseguradora niega, minimiza o retrasa su demanda ilegalmente, necesita un abogado con experiencia en demandas por da\u00f1os causados por inundaciones.<\/p>\n<p>Los propietarios de viviendas en el sureste y suroeste de Florida eligen la Asesor\u00eda Jur\u00eddica EC por su:<\/p>\n<ul>\n<li>Experiencia. Durante m\u00e1s de una d\u00e9cada, nuestro bufete de abogados ha ayudado a los propietarios de viviendas a obtener ofertas de liquidaci\u00f3n justas con el m\u00ednimo tiempo y molestias.<\/li>\n<li>Pr\u00e1ctica en el sector. Nuestro equipo legal incluye ex secretarios de demandas y peritos de seguros de seguros p\u00fablicos e independientes. Sabemos c\u00f3mo funcionan las demandas por da\u00f1os por inundaciones y c\u00f3mo proteger sus derechos durante todo el proceso de la demanda.<\/li>\n<li>Servicio especializado. Haremos todo lo posible para hacer avanzar su demanda y ayudarle a recibir el pago r\u00e1pidamente.<\/li>\n<li>Enfoque personal. Como bufete de abogados exclusivo, manejamos un n\u00famero limitado de demandas para poder brindarle a cada cliente toda nuestra atenci\u00f3n.<\/li>\n<\/ul>\n<h2>Abogado de EC: Apoyo Legal Confiable para su Demanda por Da\u00f1os por Inundaci\u00f3n en el Sudeste y Suroeste de Florida<\/h2>\n<p>\u00bfSu casa en Florida sufri\u00f3 da\u00f1os en una inundaci\u00f3n? \u00bfSu compa\u00f1\u00eda de seguros le ha negado su demanda o le ha hecho una oferta de liquidaci\u00f3n que s\u00f3lo cubre una peque\u00f1a parte de los da\u00f1os causados por la inundaci\u00f3n? Llame a la Asesor\u00eda Jur\u00eddica de CE. En los \u00faltimos 11 a\u00f1os, nuestro equipo legal experimentado y especializado ha resuelto con \u00e9xito muchas demandas por da\u00f1os por inundaciones, incluidas demandas antiguas y denegadas.<\/p>\n<p>Imag\u00ednese que usted tiene una p\u00f3liza de seguro contra inundaciones y est\u00e1 considerando contratar a un abogado especializado en demandas por inundaciones para hablar sobre su experiencia en el manejo de demandas de seguros contra inundaciones en su \u00e1rea. Llame al <a href=\"tel:(954) 861-0833\">(954) 861-0833<\/a> o p\u00f3ngase en contacto con nosotros en l\u00ednea para consultar a un abogado especializado en da\u00f1os por inundaciones en el sureste y suroeste de Florida. Tambi\u00e9n puede llamar a ese mismo n\u00famero en casos de emergencia por inundaciones.<\/p>\n","protected":false},"excerpt":{"rendered":"<p>Las abundantes lluvias, las tormentas tropicales y el terreno llano a veces hacen que el estado del sol parezca m\u00e1s un estado de inundaci\u00f3n. Cientos de miles de floridanos viven en \u00e1reas propensas a inundaciones, muchos sin la cobertura de un seguro adecuado. Como abogados especialistas en demandas por inundaciones, nos especializamos en el manejo [&hellip;]<\/p>\n","protected":false},"author":2,"featured_media":1092,"parent":0,"menu_order":0,"comment_status":"closed","ping_status":"closed","template":"page-templates\/services-template.php","meta":{"_acf_changed":false,"inline_featured_image":false,"footnotes":""},"class_list":["post-1090","page","type-page","status-publish","has-post-thumbnail","hentry"],"acf":[],"yoast_head":"<!-- This site is optimized with the Yoast SEO plugin v27.6 - https:\/\/yoast.com\/product\/yoast-seo-wordpress\/ -->\n<title>Flood Damage Lawyer - EC Law Counsel<\/title>\n<meta name=\"description\" content=\"Enfrente los desaf\u00edos de da\u00f1os por inundaciones con EC Law Counsel. Nuestros abogados en Florida le asisten en cada paso de su reclamaci\u00f3n de seguro.\" \/>\n<meta name=\"robots\" content=\"index, follow, max-snippet:-1, max-image-preview:large, max-video-preview:-1\" \/>\n<link rel=\"canonical\" href=\"https:\/\/eclawcounsel.com\/es\/abogado-experto-en-danos-por-inundaciones\/\" \/>\n<meta property=\"og:locale\" content=\"es_ES\" \/>\n<meta property=\"og:type\" content=\"article\" \/>\n<meta property=\"og:title\" content=\"Flood Damage Lawyer - EC Law Counsel\" \/>\n<meta property=\"og:description\" content=\"Enfrente los desaf\u00edos de da\u00f1os por inundaciones con EC Law Counsel. Nuestros abogados en Florida le asisten en cada paso de su reclamaci\u00f3n de seguro.\" \/>\n<meta property=\"og:url\" content=\"https:\/\/eclawcounsel.com\/es\/abogado-experto-en-danos-por-inundaciones\/\" \/>\n<meta property=\"og:site_name\" content=\"EC Law Counsel\" \/>\n<meta property=\"article:modified_time\" content=\"2025-09-12T16:19:01+00:00\" \/>\n<meta property=\"og:image\" content=\"https:\/\/eclawcounsel.com\/wp-content\/uploads\/2025\/07\/flooded-houses-hurricane-rainfall-water-florida-ec-law-counsel.jpg\" \/>\n\t<meta property=\"og:image:width\" content=\"1200\" \/>\n\t<meta property=\"og:image:height\" content=\"800\" \/>\n\t<meta property=\"og:image:type\" content=\"image\/jpeg\" \/>\n<meta name=\"twitter:card\" content=\"summary_large_image\" \/>\n<meta name=\"twitter:label1\" content=\"Est. reading time\" \/>\n\t<meta name=\"twitter:data1\" content=\"4 minutos\" \/>\n<!-- \/ Yoast SEO plugin. -->","yoast_head_json":{"title":"Flood Damage Lawyer - EC Law Counsel","description":"Enfrente los desaf\u00edos de da\u00f1os por inundaciones con EC Law Counsel. Nuestros abogados en Florida le asisten en cada paso de su reclamaci\u00f3n de seguro.","robots":{"index":"index","follow":"follow","max-snippet":"max-snippet:-1","max-image-preview":"max-image-preview:large","max-video-preview":"max-video-preview:-1"},"canonical":"https:\/\/eclawcounsel.com\/es\/abogado-experto-en-danos-por-inundaciones\/","og_locale":"es_ES","og_type":"article","og_title":"Flood Damage Lawyer - EC Law Counsel","og_description":"Enfrente los desaf\u00edos de da\u00f1os por inundaciones con EC Law Counsel. Nuestros abogados en Florida le asisten en cada paso de su reclamaci\u00f3n de seguro.","og_url":"https:\/\/eclawcounsel.com\/es\/abogado-experto-en-danos-por-inundaciones\/","og_site_name":"EC Law Counsel","article_modified_time":"2025-09-12T16:19:01+00:00","og_image":[{"width":1200,"height":800,"url":"https:\/\/eclawcounsel.com\/wp-content\/uploads\/2025\/07\/flooded-houses-hurricane-rainfall-water-florida-ec-law-counsel.jpg","type":"image\/jpeg"}],"twitter_card":"summary_large_image","twitter_misc":{"Est. reading time":"4 minutos"},"schema":{"@context":"https:\/\/schema.org","@graph":[{"@type":"WebPage","@id":"https:\/\/eclawcounsel.com\/es\/abogado-experto-en-danos-por-inundaciones\/","url":"https:\/\/eclawcounsel.com\/es\/abogado-experto-en-danos-por-inundaciones\/","name":"Flood Damage Lawyer - EC Law Counsel","isPartOf":{"@id":"https:\/\/eclawcounsel.com\/es\/#website"},"primaryImageOfPage":{"@id":"https:\/\/eclawcounsel.com\/es\/abogado-experto-en-danos-por-inundaciones\/#primaryimage"},"image":{"@id":"https:\/\/eclawcounsel.com\/es\/abogado-experto-en-danos-por-inundaciones\/#primaryimage"},"thumbnailUrl":"https:\/\/eclawcounsel.com\/wp-content\/uploads\/2025\/07\/flooded-houses-hurricane-rainfall-water-florida-ec-law-counsel.jpg","datePublished":"2025-06-30T07:17:57+00:00","dateModified":"2025-09-12T16:19:01+00:00","description":"Enfrente los desaf\u00edos de da\u00f1os por inundaciones con EC Law Counsel. Nuestros abogados en Florida le asisten en cada paso de su reclamaci\u00f3n de seguro.","breadcrumb":{"@id":"https:\/\/eclawcounsel.com\/es\/abogado-experto-en-danos-por-inundaciones\/#breadcrumb"},"inLanguage":"es","potentialAction":[{"@type":"ReadAction","target":["https:\/\/eclawcounsel.com\/es\/abogado-experto-en-danos-por-inundaciones\/"]}]},{"@type":"ImageObject","inLanguage":"es","@id":"https:\/\/eclawcounsel.com\/es\/abogado-experto-en-danos-por-inundaciones\/#primaryimage","url":"https:\/\/eclawcounsel.com\/wp-content\/uploads\/2025\/07\/flooded-houses-hurricane-rainfall-water-florida-ec-law-counsel.jpg","contentUrl":"https:\/\/eclawcounsel.com\/wp-content\/uploads\/2025\/07\/flooded-houses-hurricane-rainfall-water-florida-ec-law-counsel.jpg","width":1200,"height":800},{"@type":"BreadcrumbList","@id":"https:\/\/eclawcounsel.com\/es\/abogado-experto-en-danos-por-inundaciones\/#breadcrumb","itemListElement":[{"@type":"ListItem","position":1,"name":"Home","item":"https:\/\/eclawcounsel.com\/es\/"},{"@type":"ListItem","position":2,"name":"Flood Damage Lawyer"}]},{"@type":"WebSite","@id":"https:\/\/eclawcounsel.com\/es\/#website","url":"https:\/\/eclawcounsel.com\/es\/","name":"EC Law Counsel","description":"","publisher":{"@id":"https:\/\/eclawcounsel.com\/es\/#organization"},"potentialAction":[{"@type":"SearchAction","target":{"@type":"EntryPoint","urlTemplate":"https:\/\/eclawcounsel.com\/es\/?s={search_term_string}"},"query-input":{"@type":"PropertyValueSpecification","valueRequired":true,"valueName":"search_term_string"}}],"inLanguage":"es"},{"@type":"Organization","@id":"https:\/\/eclawcounsel.com\/es\/#organization","name":"EC Law Counsel","url":"https:\/\/eclawcounsel.com\/es\/","logo":{"@type":"ImageObject","inLanguage":"es","@id":"https:\/\/eclawcounsel.com\/es\/#\/schema\/logo\/image\/","url":"https:\/\/eclawcounsel.com\/wp-content\/uploads\/2025\/06\/eclawcounsel-logo.svg","contentUrl":"https:\/\/eclawcounsel.com\/wp-content\/uploads\/2025\/06\/eclawcounsel-logo.svg","width":196,"height":61,"caption":"EC Law Counsel"},"image":{"@id":"https:\/\/eclawcounsel.com\/es\/#\/schema\/logo\/image\/"}}]}},"_links":{"self":[{"href":"https:\/\/eclawcounsel.com\/es\/wp-json\/wp\/v2\/pages\/1090","targetHints":{"allow":["GET"]}}],"collection":[{"href":"https:\/\/eclawcounsel.com\/es\/wp-json\/wp\/v2\/pages"}],"about":[{"href":"https:\/\/eclawcounsel.com\/es\/wp-json\/wp\/v2\/types\/page"}],"author":[{"embeddable":true,"href":"https:\/\/eclawcounsel.com\/es\/wp-json\/wp\/v2\/users\/2"}],"replies":[{"embeddable":true,"href":"https:\/\/eclawcounsel.com\/es\/wp-json\/wp\/v2\/comments?post=1090"}],"version-history":[{"count":0,"href":"https:\/\/eclawcounsel.com\/es\/wp-json\/wp\/v2\/pages\/1090\/revisions"}],"wp:featuredmedia":[{"embeddable":true,"href":"https:\/\/eclawcounsel.com\/es\/wp-json\/wp\/v2\/media\/1092"}],"wp:attachment":[{"href":"https:\/\/eclawcounsel.com\/es\/wp-json\/wp\/v2\/media?parent=1090"}],"curies":[{"name":"wp","href":"https:\/\/api.w.org\/{rel}","templated":true}]}}