{"id":1095,"date":"2025-07-14T12:32:46","date_gmt":"2025-07-14T12:32:46","guid":{"rendered":"https:\/\/eclawcounsel.com\/homeowners-association-property-damage-lawyer\/"},"modified":"2025-09-12T16:19:14","modified_gmt":"2025-09-12T16:19:14","slug":"danos-a-la-propiedad-de-la-asociacion-de-propietarios","status":"publish","type":"page","link":"https:\/\/eclawcounsel.com\/es\/danos-a-la-propiedad-de-la-asociacion-de-propietarios\/","title":{"rendered":"Homeowners Association Property Damage Lawyer Serving Southeast and Southwest Florida"},"content":{"rendered":"<p>Como miembro de la junta de HOA o administrador de la propiedad, debe cumplir con muchas regulaciones complejas en su reclamo por da\u00f1os a la propiedad. Debe navegar por el seguro comercial HOA, que a menudo es m\u00e1s complicado que el seguro de propietario de vivienda regular, y posiblemente proporcionar informaci\u00f3n relacionada con el seguro de los propietarios de unidades. Perm\u00edtanos ayudarle la navegar el proceso de reclamos y abogar en su nombre para garantizar que reciba la cobertura y el acuerdo al que la asociaci\u00f3n tiene derecho seg\u00fan su p\u00f3liza.<\/p>\n<p>La Asesor\u00eda Jur\u00eddica EC est\u00e1 aqu\u00ed para proporcionarle el apoyo legal eficiente y profesional que usted necesita a lo largo del proceso de la demanda contra su seguro. Llame al <a href=\"tel:(954) 861-0833\">(954) 861-0833<\/a> para una consulta gratuita con un abogado especializado en da\u00f1os a la propiedad de las asociaciones de propietarios en el sureste y suroeste de Florida.<\/p>\n<h2>Requisitos del seguro para la HOA y condominios<\/h2>\n<p>En Florida, la propiedad en condominio debe someterse a una evaluaci\u00f3n una vez cada tres a\u00f1os para los prop\u00f3sitos del seguro. Los requisitos del seguro en particular, que suelen ser los siguiente:<\/p>\n<ul>\n<li style=\"font-weight: 400;\" aria-level=\"1\">Estipular un requisito m\u00ednimo para el seguro<\/li>\n<li style=\"font-weight: 400;\" aria-level=\"1\">Cubrir determinadas actualizaciones y costes de renovaci\u00f3n<\/li>\n<li style=\"font-weight: 400;\" aria-level=\"1\">Incluir un seguro de responsabilidad civil por lesiones que ocurran en las instalaciones de HOA<\/li>\n<\/ul>\n<p>La junta de su HOA debe evaluar peri\u00f3dicamente su seguro para asegurarse de que responda a las necesidades y requisitos de la asociaci\u00f3n.<\/p>\n<h2>\u00bfQu\u00e9 tipos de p\u00e9rdidas cubre el seguro de la HOA en Florida?<\/h2>\n<p>Una p\u00f3liza de seguro t\u00edpica de HOA en Florida cubre:<\/p>\n<ul>\n<li style=\"font-weight: 400;\" aria-level=\"1\">Da\u00f1os estructurales por huracanes, tormentas e incendios<\/li>\n<li style=\"font-weight: 400;\" aria-level=\"1\">Da\u00f1os a las \u00e1reas comunes de la comunidad, incluidos los edificios exteriores, los clubes sociales el estacionamiento del edificio, la piscina y el jard\u00edn<\/li>\n<li style=\"font-weight: 400;\" aria-level=\"1\">Los bienes del edificio, como puertas rotas, tuber\u00edas de agua, calentadores y sistemas de rociadores.<\/li>\n<li style=\"font-weight: 400;\" aria-level=\"1\">Ciertos art\u00edculos de propiedad personal que pertenecen a la asociaci\u00f3n, como el patio de recreo o el equipo de gimnasia.<\/li>\n<li style=\"font-weight: 400;\" aria-level=\"1\">Da\u00f1os por delitos como vandalismo y robo<\/li>\n<li style=\"font-weight: 400;\" aria-level=\"1\">En algunos casos, los costos por da\u00f1os que ocurrieron en las instalaciones<\/li>\n<\/ul>\n<p>Tenga en cuenta que los t\u00e9rminos exactos de su cobertura dependen de su p\u00f3liza de seguro HOA espec\u00edfica. Muchas demandas de seguros de asociaciones de propietarios se encuentran con una denegaci\u00f3n debido a una comprensi\u00f3n imperfecta de los t\u00e9rminos de la p\u00f3liza. Nuestro bufete de abogados puede examinar la p\u00f3liza de seguro del seguro de su edificio e informarle los costes que puede esperar recuperar.<\/p>\n<h2>En qu\u00e9 forma los abogados de la Asesor\u00eda Legal EC pueden ayudarle en su caso<\/h2>\n<p>Incluso si su asociaci\u00f3n de propietarios cumple con todos los requisitos del seguro de la HOA en Florida y paga fielmente sus primas, la junta de su HOA a\u00fan puede encontrarse con una denegaci\u00f3n de la demanda o una oferta de liquidaci\u00f3n injustificadamente baja. Desafortunadamente, algunas compa\u00f1\u00edas de seguros tratan de ahorrar dinero intentando negar, minimizar o prolongar las demandas leg\u00edtimas.<\/p>\n<p>En la Asesor\u00eda Legal EC tenemos m\u00e1s de una d\u00e9cada de experiencia ayudando a las HOA y asociaciones de condominios a recuperar demandas por da\u00f1os a la propiedad. Nuestro personal, que incluye ex peritos de seguros y secretarios de demanda, ofrece el conocimiento de la industria y las habilidades que necesita para avanzar en su demanda.<\/p>\n<p>Nuestro abogado especializado en da\u00f1os a la propiedad de la asociaci\u00f3n de propietarios puede:<\/p>\n<ul>\n<li style=\"font-weight: 400;\" aria-level=\"1\">Asegurarse que su demanda siga todos los procedimientos e incluya la documentaci\u00f3n de respaldo relevante<\/li>\n<li style=\"font-weight: 400;\" aria-level=\"1\">Comunicarse con sus peritos de seguros y negociar con su compa\u00f1\u00eda de seguros<\/li>\n<li style=\"font-weight: 400;\" aria-level=\"1\">Si es necesario, apelar una demanda denegada o una oferta de liquidaci\u00f3n baja<\/li>\n<\/ul>\n<h2>Abogado de EC: Gesti\u00f3n de las demandas de seguros por da\u00f1os a la propiedad para asociaciones de propietarios (HOA) en el sureste y suroeste de Florida<\/h2>\n<p>\u00bfSu edificio sufri\u00f3 da\u00f1os por incendio, vandalismo o uno de los acontecimientos clim\u00e1ticos extremos que a menudo ocurren en Florida? Llame a la Asesor\u00eda Legal EC para una evaluaci\u00f3n confiable de su demanda al seguro de la HOA. Nuestro bufete de abogados ha ayudado a muchos miembros de la junta de HOA en y alrededor del sureste y suroeste de Florida a recuperarlas liquidaciones en nombre de sus asociaciones de propietarios.<\/p>\n<p>Para una evaluaci\u00f3n gratuita de su caso por un un abogado con experiencia en da\u00f1os a la propiedad de la asociaci\u00f3n local de propietarios, llame al <a href=\"tel:(954) 861-0833\">(954) 861-0833<\/a> o o p\u00f3ngase en contacto con nosotros en l\u00ednea.<\/p>\n","protected":false},"excerpt":{"rendered":"<p>Como miembro de la junta de HOA o administrador de la propiedad, debe cumplir con muchas regulaciones complejas en su reclamo por da\u00f1os a la propiedad. Debe navegar por el seguro comercial HOA, que a menudo es m\u00e1s complicado que el seguro de propietario de vivienda regular, y posiblemente proporcionar informaci\u00f3n relacionada con el seguro [&hellip;]<\/p>\n","protected":false},"author":2,"featured_media":0,"parent":0,"menu_order":0,"comment_status":"closed","ping_status":"closed","template":"page-templates\/services-template.php","meta":{"_acf_changed":false,"inline_featured_image":false,"footnotes":""},"class_list":["post-1095","page","type-page","status-publish","hentry"],"acf":[],"yoast_head":"<!-- This site is optimized with the Yoast SEO plugin v27.5 - https:\/\/yoast.com\/product\/yoast-seo-wordpress\/ -->\n<title>Abogado en da\u00f1os a propiedad de asociaciones en Florida - EC Law<\/title>\n<meta name=\"description\" content=\"Asesor\u00eda Legal EC: expertos en reclamaciones por da\u00f1os a propiedades de asociaciones de propietarios en Florida. Obtenga la compensaci\u00f3n que su comunidad merece.\" \/>\n<meta name=\"robots\" content=\"index, follow, max-snippet:-1, max-image-preview:large, max-video-preview:-1\" \/>\n<link rel=\"canonical\" href=\"https:\/\/eclawcounsel.com\/es\/danos-a-la-propiedad-de-la-asociacion-de-propietarios\/\" \/>\n<meta property=\"og:locale\" content=\"es_ES\" \/>\n<meta property=\"og:type\" content=\"article\" \/>\n<meta property=\"og:title\" content=\"Abogado en da\u00f1os a propiedad de asociaciones en Florida - EC Law\" \/>\n<meta property=\"og:description\" content=\"Asesor\u00eda Legal EC: expertos en reclamaciones por da\u00f1os a propiedades de asociaciones de propietarios en Florida. Obtenga la compensaci\u00f3n que su comunidad merece.\" \/>\n<meta property=\"og:url\" content=\"https:\/\/eclawcounsel.com\/es\/danos-a-la-propiedad-de-la-asociacion-de-propietarios\/\" \/>\n<meta property=\"og:site_name\" content=\"EC Law Counsel\" \/>\n<meta property=\"article:modified_time\" content=\"2025-09-12T16:19:14+00:00\" \/>\n<meta name=\"twitter:card\" content=\"summary_large_image\" \/>\n<meta name=\"twitter:label1\" content=\"Est. reading time\" \/>\n\t<meta name=\"twitter:data1\" content=\"4 minutos\" \/>\n<!-- \/ Yoast SEO plugin. -->","yoast_head_json":{"title":"Abogado en da\u00f1os a propiedad de asociaciones en Florida - EC Law","description":"Asesor\u00eda Legal EC: expertos en reclamaciones por da\u00f1os a propiedades de asociaciones de propietarios en Florida. Obtenga la compensaci\u00f3n que su comunidad merece.","robots":{"index":"index","follow":"follow","max-snippet":"max-snippet:-1","max-image-preview":"max-image-preview:large","max-video-preview":"max-video-preview:-1"},"canonical":"https:\/\/eclawcounsel.com\/es\/danos-a-la-propiedad-de-la-asociacion-de-propietarios\/","og_locale":"es_ES","og_type":"article","og_title":"Abogado en da\u00f1os a propiedad de asociaciones en Florida - EC Law","og_description":"Asesor\u00eda Legal EC: expertos en reclamaciones por da\u00f1os a propiedades de asociaciones de propietarios en Florida. Obtenga la compensaci\u00f3n que su comunidad merece.","og_url":"https:\/\/eclawcounsel.com\/es\/danos-a-la-propiedad-de-la-asociacion-de-propietarios\/","og_site_name":"EC Law Counsel","article_modified_time":"2025-09-12T16:19:14+00:00","twitter_card":"summary_large_image","twitter_misc":{"Est. reading time":"4 minutos"},"schema":{"@context":"https:\/\/schema.org","@graph":[{"@type":"WebPage","@id":"https:\/\/eclawcounsel.com\/es\/danos-a-la-propiedad-de-la-asociacion-de-propietarios\/","url":"https:\/\/eclawcounsel.com\/es\/danos-a-la-propiedad-de-la-asociacion-de-propietarios\/","name":"Abogado en da\u00f1os a propiedad de asociaciones en Florida - EC Law","isPartOf":{"@id":"https:\/\/eclawcounsel.com\/es\/#website"},"datePublished":"2025-07-14T12:32:46+00:00","dateModified":"2025-09-12T16:19:14+00:00","description":"Asesor\u00eda Legal EC: expertos en reclamaciones por da\u00f1os a propiedades de asociaciones de propietarios en Florida. Obtenga la compensaci\u00f3n que su comunidad merece.","breadcrumb":{"@id":"https:\/\/eclawcounsel.com\/es\/danos-a-la-propiedad-de-la-asociacion-de-propietarios\/#breadcrumb"},"inLanguage":"es","potentialAction":[{"@type":"ReadAction","target":["https:\/\/eclawcounsel.com\/es\/danos-a-la-propiedad-de-la-asociacion-de-propietarios\/"]}]},{"@type":"BreadcrumbList","@id":"https:\/\/eclawcounsel.com\/es\/danos-a-la-propiedad-de-la-asociacion-de-propietarios\/#breadcrumb","itemListElement":[{"@type":"ListItem","position":1,"name":"Home","item":"https:\/\/eclawcounsel.com\/es\/"},{"@type":"ListItem","position":2,"name":"Homeowners Association Property Damage Lawyer Serving Southeast and Southwest Florida"}]},{"@type":"WebSite","@id":"https:\/\/eclawcounsel.com\/es\/#website","url":"https:\/\/eclawcounsel.com\/es\/","name":"EC Law Counsel","description":"","publisher":{"@id":"https:\/\/eclawcounsel.com\/es\/#organization"},"potentialAction":[{"@type":"SearchAction","target":{"@type":"EntryPoint","urlTemplate":"https:\/\/eclawcounsel.com\/es\/?s={search_term_string}"},"query-input":{"@type":"PropertyValueSpecification","valueRequired":true,"valueName":"search_term_string"}}],"inLanguage":"es"},{"@type":"Organization","@id":"https:\/\/eclawcounsel.com\/es\/#organization","name":"EC Law Counsel","url":"https:\/\/eclawcounsel.com\/es\/","logo":{"@type":"ImageObject","inLanguage":"es","@id":"https:\/\/eclawcounsel.com\/es\/#\/schema\/logo\/image\/","url":"https:\/\/eclawcounsel.com\/wp-content\/uploads\/2025\/06\/eclawcounsel-logo.svg","contentUrl":"https:\/\/eclawcounsel.com\/wp-content\/uploads\/2025\/06\/eclawcounsel-logo.svg","width":196,"height":61,"caption":"EC Law Counsel"},"image":{"@id":"https:\/\/eclawcounsel.com\/es\/#\/schema\/logo\/image\/"}}]}},"_links":{"self":[{"href":"https:\/\/eclawcounsel.com\/es\/wp-json\/wp\/v2\/pages\/1095","targetHints":{"allow":["GET"]}}],"collection":[{"href":"https:\/\/eclawcounsel.com\/es\/wp-json\/wp\/v2\/pages"}],"about":[{"href":"https:\/\/eclawcounsel.com\/es\/wp-json\/wp\/v2\/types\/page"}],"author":[{"embeddable":true,"href":"https:\/\/eclawcounsel.com\/es\/wp-json\/wp\/v2\/users\/2"}],"replies":[{"embeddable":true,"href":"https:\/\/eclawcounsel.com\/es\/wp-json\/wp\/v2\/comments?post=1095"}],"version-history":[{"count":0,"href":"https:\/\/eclawcounsel.com\/es\/wp-json\/wp\/v2\/pages\/1095\/revisions"}],"wp:attachment":[{"href":"https:\/\/eclawcounsel.com\/es\/wp-json\/wp\/v2\/media?parent=1095"}],"curies":[{"name":"wp","href":"https:\/\/api.w.org\/{rel}","templated":true}]}}