{"id":1099,"date":"2025-07-14T12:53:48","date_gmt":"2025-07-14T12:53:48","guid":{"rendered":"https:\/\/eclawcounsel.com\/hurricane-ian-relief\/"},"modified":"2025-09-12T16:25:47","modified_gmt":"2025-09-12T16:25:47","slug":"abogado-de-florida-especialista-en-reparaciones-por-danos-del-huracan-ian","status":"publish","type":"page","link":"https:\/\/eclawcounsel.com\/es\/abogado-de-florida-especialista-en-reparaciones-por-danos-del-huracan-ian\/","title":{"rendered":"Florida Hurricane Ian Relief Lawyer"},"content":{"rendered":"<p>Un hurac\u00e1n de categor\u00eda 4 que azot\u00f3 Florida el 28 de septiembre de 2022, el hurac\u00e1n Ian fue la tormenta de Florida m\u00e1s destructiva en casi un siglo.<\/p>\n<p>Si sufri\u00f3 da\u00f1os a la propiedad, podr\u00eda ser elegible para una indemnizaci\u00f3n del seguro, pero debe actuar ahora y comunicarse con un abogado especialista en indemnizaciones por da\u00f1os del hurac\u00e1n Ian lo antes posible.<\/p>\n<p>En la Asesor\u00eda legal EC, hemos estado ayudando a propietarios en demandas por da\u00f1os y disputas de seguros durante m\u00e1s de una d\u00e9cada. Prestamos nuestros servicios a clientes en el sureste y suroeste de Florida. Ll\u00e1menos al <a href=\"tel:954-861-0833\">954-861-0833<\/a> para una consulta gratuita.<\/p>\n<h2>\u00bfEs Usted Elegible para una Indemnizaci\u00f3n?<\/h2>\n<p>Si tiene un seguro para la propiedad o la vivienda, es posible que pueda presentar una demanda por da\u00f1os como:<\/p>\n<ul>\n<li>Inundaci\u00f3n<\/li>\n<li>da\u00f1os en el techo<\/li>\n<li>limpieza de escombros<\/li>\n<li>Ventanas rotas<\/li>\n<li>Da\u00f1os estructurales<\/li>\n<li>Goteras en el techo<\/li>\n<li>P\u00e9rdida del uso o gastos de manutenci\u00f3n adicionales<\/li>\n<\/ul>\n<p>La cobertura exacta y el monto de la indemnizaci\u00f3n depender\u00e1n de los t\u00e9rminos de su p\u00f3liza.<\/p>\n<h2>C\u00f3mo presentar una demanda por da\u00f1os a la propiedad despu\u00e9s del hurac\u00e1n Ian<\/h2>\n<ul>\n<li><b>Documente sus p\u00e9rdidas: <\/b>Tome fotos o videos de todos los da\u00f1os una vez que los trabajos de rescate hayan terminado y antes de empezar a limpiar. Escriba una lista de todas las pertenencias da\u00f1adas. Siempre que sea posible, incluya la marca, el modelo y el n\u00famero de serie y adjunte los recibos.<\/li>\n<li><b>Tome fotos de los da\u00f1os <\/b>antes de comenzar a hacer reparaciones provisionales o limpiar.<\/li>\n<\/ul>\n<p>Tratar con su compa\u00f1\u00eda de seguros puede ser dif\u00edcil y abrumador<\/p>\n<p>Desafortunadamente, las aseguradoras har\u00e1n todo lo posible para evitar el pago, incluso despu\u00e9s de una tormenta tropical tan grave como el hurac\u00e1n Ian. Es posible que retrasen el proceso, ofrezcan una indemnizaci\u00f3n baja o rechacen de plano su demanda, generalmente porque los da\u00f1os o sus causas est\u00e1n fuera del alcance de la p\u00f3liza.<\/p>\n<h2>Explore las opciones de recuperaci\u00f3n alternativas<\/h2>\n<p>El gobierno federal emiti\u00f3 una Declaraci\u00f3n de recuperaci\u00f3n alternativa para un desastre mayor para Florida para complementar los programas de recuperaci\u00f3n estatales y locales. La recuperaci\u00f3n disponible incluye fondos de Asistencia Individual de la de la Agencia Federal para el Manejo de Emergencias, (FEMA, por sus siglas n ingl\u00e9s) para:<\/p>\n<ul>\n<li>Alojamiento temporario<\/li>\n<li>Reparaci\u00f3n o reemplazo de viviendas ocupadas por sus propietarios<\/li>\n<li>Reparaci\u00f3n o reemplazo de veh\u00edculos y bienes muebles<\/li>\n<li>Mudanza y almacenamiento<\/li>\n<li>Asistencia para la atenuaci\u00f3n de riesgos<\/li>\n<\/ul>\n<p>Para obtener m\u00e1s informaci\u00f3n, visite el sitio web oficial de la FEMA o su Centro de Recuperaci\u00f3n por Desastres m\u00e1s cercano.<\/p>\n<h2>Llame a un abogado especializado en la recuperaci\u00f3n tras el hurac\u00e1n Ian<\/h2>\n<p>Tratar con las aseguradoras por su cuenta puede ser complicado y abrumador. Pero la peor parte es que sin representaci\u00f3n, corre el riesgo de terminar con una indemnizaci\u00f3n inferior a la \u00f3ptima, o ninguna en absoluto.<\/p>\n<p>En la Asesor\u00eda Jur\u00eddica EC, conocemos el sector de los seguros por dentro y por fuera. Nuestros abogados han trabajado como peritos, aseguradores y secretarios de demandas. Sabemos los trucos que utilizan para evitar los pagos despu\u00e9s de situaciones de desastre.<\/p>\n<p>P\u00f3ngase en contacto con nosotros hoy, y vamos a:<\/p>\n<ul>\n<li>Revisar su p\u00f3liza<\/li>\n<li>Determinar su cobertura<\/li>\n<li>Evaluar sus p\u00e9rdidas<\/li>\n<li>Revisar cualquier auditor\u00eda e inspecci\u00f3n anterior<\/li>\n<li>Evaluar cualquier oferta de liquidaci\u00f3n de su aseguradora<\/li>\n<li>Explicar el proceso de demanda y sus opciones legales<\/li>\n<li>Buscar la indemnizaci\u00f3n m\u00e1xima disponible para usted<\/li>\n<\/ul>\n<h2>Hable Hoy con un Abogado de Florida para la reparaci\u00f3n por el hurac\u00e1n Ian<\/h2>\n<p>Ll\u00e1menos a la Asesor\u00eda Jur\u00eddica al <a href=\"tel:954-861-0833\">954-861-0833<\/a> para hablar con un abogado con experiencia en reparaciones por desastres en el sureste y suroeste de Florida. Su primera consulta es gratuita.<\/p>\n","protected":false},"excerpt":{"rendered":"<p>Un hurac\u00e1n de categor\u00eda 4 que azot\u00f3 Florida el 28 de septiembre de 2022, el hurac\u00e1n Ian fue la tormenta de Florida m\u00e1s destructiva en casi un siglo. Si sufri\u00f3 da\u00f1os a la propiedad, podr\u00eda ser elegible para una indemnizaci\u00f3n del seguro, pero debe actuar ahora y comunicarse con un abogado especialista en indemnizaciones por [&hellip;]<\/p>\n","protected":false},"author":2,"featured_media":0,"parent":0,"menu_order":0,"comment_status":"closed","ping_status":"closed","template":"page-templates\/services-template.php","meta":{"_acf_changed":false,"inline_featured_image":false,"footnotes":""},"class_list":["post-1099","page","type-page","status-publish","hentry"],"acf":[],"yoast_head":"<!-- This site is optimized with the Yoast SEO plugin v27.3 - https:\/\/yoast.com\/product\/yoast-seo-wordpress\/ -->\n<title>Abogado en Florida para da\u00f1os del hurac\u00e1n Ian - EC Law<\/title>\n<meta name=\"description\" content=\"\u00bfSu propiedad en Florida sufri\u00f3 da\u00f1os por el hurac\u00e1n Ian? Nuestros abogados expertos le ayudan a obtener la compensaci\u00f3n del seguro que merece. Llame al 954-861-0833.\" \/>\n<meta name=\"robots\" content=\"index, follow, max-snippet:-1, max-image-preview:large, max-video-preview:-1\" \/>\n<link rel=\"canonical\" href=\"https:\/\/eclawcounsel.com\/es\/abogado-de-florida-especialista-en-reparaciones-por-danos-del-huracan-ian\/\" \/>\n<meta property=\"og:locale\" content=\"es_ES\" \/>\n<meta property=\"og:type\" content=\"article\" \/>\n<meta property=\"og:title\" content=\"Abogado en Florida para da\u00f1os del hurac\u00e1n Ian - EC Law\" \/>\n<meta property=\"og:description\" content=\"\u00bfSu propiedad en Florida sufri\u00f3 da\u00f1os por el hurac\u00e1n Ian? Nuestros abogados expertos le ayudan a obtener la compensaci\u00f3n del seguro que merece. Llame al 954-861-0833.\" \/>\n<meta property=\"og:url\" content=\"https:\/\/eclawcounsel.com\/es\/abogado-de-florida-especialista-en-reparaciones-por-danos-del-huracan-ian\/\" \/>\n<meta property=\"og:site_name\" content=\"EC Law Counsel\" \/>\n<meta property=\"article:modified_time\" content=\"2025-09-12T16:25:47+00:00\" \/>\n<meta name=\"twitter:card\" content=\"summary_large_image\" \/>\n<meta name=\"twitter:label1\" content=\"Est. reading time\" \/>\n\t<meta name=\"twitter:data1\" content=\"3 minutos\" \/>\n<!-- \/ Yoast SEO plugin. -->","yoast_head_json":{"title":"Abogado en Florida para da\u00f1os del hurac\u00e1n Ian - EC Law","description":"\u00bfSu propiedad en Florida sufri\u00f3 da\u00f1os por el hurac\u00e1n Ian? Nuestros abogados expertos le ayudan a obtener la compensaci\u00f3n del seguro que merece. Llame al 954-861-0833.","robots":{"index":"index","follow":"follow","max-snippet":"max-snippet:-1","max-image-preview":"max-image-preview:large","max-video-preview":"max-video-preview:-1"},"canonical":"https:\/\/eclawcounsel.com\/es\/abogado-de-florida-especialista-en-reparaciones-por-danos-del-huracan-ian\/","og_locale":"es_ES","og_type":"article","og_title":"Abogado en Florida para da\u00f1os del hurac\u00e1n Ian - EC Law","og_description":"\u00bfSu propiedad en Florida sufri\u00f3 da\u00f1os por el hurac\u00e1n Ian? Nuestros abogados expertos le ayudan a obtener la compensaci\u00f3n del seguro que merece. Llame al 954-861-0833.","og_url":"https:\/\/eclawcounsel.com\/es\/abogado-de-florida-especialista-en-reparaciones-por-danos-del-huracan-ian\/","og_site_name":"EC Law Counsel","article_modified_time":"2025-09-12T16:25:47+00:00","twitter_card":"summary_large_image","twitter_misc":{"Est. reading time":"3 minutos"},"schema":{"@context":"https:\/\/schema.org","@graph":[{"@type":"WebPage","@id":"https:\/\/eclawcounsel.com\/es\/abogado-de-florida-especialista-en-reparaciones-por-danos-del-huracan-ian\/","url":"https:\/\/eclawcounsel.com\/es\/abogado-de-florida-especialista-en-reparaciones-por-danos-del-huracan-ian\/","name":"Abogado en Florida para da\u00f1os del hurac\u00e1n Ian - EC Law","isPartOf":{"@id":"https:\/\/eclawcounsel.com\/es\/#website"},"datePublished":"2025-07-14T12:53:48+00:00","dateModified":"2025-09-12T16:25:47+00:00","description":"\u00bfSu propiedad en Florida sufri\u00f3 da\u00f1os por el hurac\u00e1n Ian? Nuestros abogados expertos le ayudan a obtener la compensaci\u00f3n del seguro que merece. Llame al 954-861-0833.","breadcrumb":{"@id":"https:\/\/eclawcounsel.com\/es\/abogado-de-florida-especialista-en-reparaciones-por-danos-del-huracan-ian\/#breadcrumb"},"inLanguage":"es","potentialAction":[{"@type":"ReadAction","target":["https:\/\/eclawcounsel.com\/es\/abogado-de-florida-especialista-en-reparaciones-por-danos-del-huracan-ian\/"]}]},{"@type":"BreadcrumbList","@id":"https:\/\/eclawcounsel.com\/es\/abogado-de-florida-especialista-en-reparaciones-por-danos-del-huracan-ian\/#breadcrumb","itemListElement":[{"@type":"ListItem","position":1,"name":"Home","item":"https:\/\/eclawcounsel.com\/es\/"},{"@type":"ListItem","position":2,"name":"Florida Hurricane Ian Relief Lawyer"}]},{"@type":"WebSite","@id":"https:\/\/eclawcounsel.com\/es\/#website","url":"https:\/\/eclawcounsel.com\/es\/","name":"EC Law Counsel","description":"","publisher":{"@id":"https:\/\/eclawcounsel.com\/es\/#organization"},"potentialAction":[{"@type":"SearchAction","target":{"@type":"EntryPoint","urlTemplate":"https:\/\/eclawcounsel.com\/es\/?s={search_term_string}"},"query-input":{"@type":"PropertyValueSpecification","valueRequired":true,"valueName":"search_term_string"}}],"inLanguage":"es"},{"@type":"Organization","@id":"https:\/\/eclawcounsel.com\/es\/#organization","name":"EC Law Counsel","url":"https:\/\/eclawcounsel.com\/es\/","logo":{"@type":"ImageObject","inLanguage":"es","@id":"https:\/\/eclawcounsel.com\/es\/#\/schema\/logo\/image\/","url":"https:\/\/eclawcounsel.com\/wp-content\/uploads\/2025\/06\/eclawcounsel-logo.svg","contentUrl":"https:\/\/eclawcounsel.com\/wp-content\/uploads\/2025\/06\/eclawcounsel-logo.svg","width":196,"height":61,"caption":"EC Law Counsel"},"image":{"@id":"https:\/\/eclawcounsel.com\/es\/#\/schema\/logo\/image\/"}}]}},"_links":{"self":[{"href":"https:\/\/eclawcounsel.com\/es\/wp-json\/wp\/v2\/pages\/1099","targetHints":{"allow":["GET"]}}],"collection":[{"href":"https:\/\/eclawcounsel.com\/es\/wp-json\/wp\/v2\/pages"}],"about":[{"href":"https:\/\/eclawcounsel.com\/es\/wp-json\/wp\/v2\/types\/page"}],"author":[{"embeddable":true,"href":"https:\/\/eclawcounsel.com\/es\/wp-json\/wp\/v2\/users\/2"}],"replies":[{"embeddable":true,"href":"https:\/\/eclawcounsel.com\/es\/wp-json\/wp\/v2\/comments?post=1099"}],"version-history":[{"count":0,"href":"https:\/\/eclawcounsel.com\/es\/wp-json\/wp\/v2\/pages\/1099\/revisions"}],"wp:attachment":[{"href":"https:\/\/eclawcounsel.com\/es\/wp-json\/wp\/v2\/media?parent=1099"}],"curies":[{"name":"wp","href":"https:\/\/api.w.org\/{rel}","templated":true}]}}