{"id":1102,"date":"2025-07-14T13:03:10","date_gmt":"2025-07-14T13:03:10","guid":{"rendered":"https:\/\/eclawcounsel.com\/negligent-security-attorney-in-florida\/"},"modified":"2025-09-17T06:58:36","modified_gmt":"2025-09-17T06:58:36","slug":"negligencia-de-la-seguridad","status":"publish","type":"page","link":"https:\/\/eclawcounsel.com\/es\/negligencia-de-la-seguridad\/","title":{"rendered":"Negligent Security Attorney in Florida"},"content":{"rendered":"<p>Los establecimientos p\u00fablicos y comerciales deben proporcionar seguridad adecuada a los visitantes legales. Si usted o un ser querido ha sufrido lesiones o la muerte debido a la seguridad inadecuada o negligente o ha sido v\u00edctima de un delito en la propiedad de otra persona, y que el due\u00f1o de la propiedad no proporcion\u00f3 las medidas de seguridad adecuadas para prevenir el delito, podemos ayudarle a obtener una indemnizaci\u00f3n.<\/p>\n<p>En la Asesor\u00eda Jur\u00eddica EC, hemos manejado demandas por negligencia en la seguridad durante m\u00e1s de una d\u00e9cada. Estamos ubicados en Hollywood, Florida, y servimos a clientes en todo el sureste y suroeste de Florida. Llame al (954) 861-0833 o p\u00f3ngase en contacto con nosotros en l\u00ednea para una consulta gratuita con un abogado de nuestro equipo especialista en seguridad inadecuada.<\/p>\n<h2>\u00bfQu\u00e9 es la seguridad inadecuada?<\/h2>\n<p>Las lesiones resultantes de la seguridad inadecuada o negligente en la propiedad comercial o p\u00fablica caen bajo la responsabilidad de los locales. Los establecimientos deben tener un cuidado razonable para proteger la salud y la seguridad de los visitantes legales, tales como clientes, empleados y miembros del p\u00fablico. Este deber se extiende a la aplicaci\u00f3n de medidas de seguridad adecuadas, tales como:<\/p>\n<ul>\n<li>Contrataci\u00f3n de personal de seguridad.<\/li>\n<li>Capacitaci\u00f3n de sus empleados y personal de seguridad<\/li>\n<li>Mantenimiento de la propiedad<\/li>\n<li>Verificaci\u00f3n de antecedentes<\/li>\n<li>Vallado<\/li>\n<li>Cerraduras para puertas<\/li>\n<li>Iluminaci\u00f3n adecuada<\/li>\n<li>Vigilancia<\/li>\n<li>Control del acceso<\/li>\n<li>C\u00e1maras de seguridad<\/li>\n<li>Guardias de seguridad<\/li>\n<\/ul>\n<p>El tipo y el alcance de la seguridad adecuada a las circunstancias depender\u00e1 del tama\u00f1o, la ubicaci\u00f3n y el uso de la propiedad.<\/p>\n<h2>\u00bfD\u00f3nde tienen lugar los incidentes por seguridad negligente en Florida?<\/h2>\n<p>Los incidentes por seguridad inadecuada pueden ocurrir en varios lugares donde hay personas presentes. Los lugares m\u00e1s comunes de incidentes por seguridad inadecuada incluyen:<\/p>\n<ul>\n<li>Barras<\/li>\n<li>Discotecas<\/li>\n<li>Restaurantes<\/li>\n<li>Centros comerciales<\/li>\n<li>Hoteles y moteles<\/li>\n<li>Complejos de apartamentos<\/li>\n<li>Lugares para estacionamientos<\/li>\n<li>Garajes de estacionamiento<\/li>\n<li>Huecos de escalera<\/li>\n<li>Cajeros autom\u00e1ticos<\/li>\n<li>Bancos<\/li>\n<li>Gasolineras<\/li>\n<li>Piscinas comunitarias<\/li>\n<li>Cruceros<\/li>\n<li>Escuelas y universidades<\/li>\n<li>Hospitales<\/li>\n<li>Centros de salud<\/li>\n<\/ul>\n<h2>\u00bfC\u00f3mo se si tengo una demanda por negligencia en la seguridad?<\/h2>\n<p>Usted podr\u00eda tener un caso si usted o un ser querido sufrieron lesiones por actividad criminal en un lugar p\u00fablico o comercial. Las demandas por seguridad inadecuada a menudo involucran delitos violentos, como:<\/p>\n<ul>\n<li>Robo<\/li>\n<li>Asalto<\/li>\n<li>Tiroteo<\/li>\n<li>Apu\u00f1alamiento<\/li>\n<li>Agresi\u00f3n<\/li>\n<li>Violaci\u00f3n<\/li>\n<li>Asesinato<\/li>\n<\/ul>\n<p>Estos son delitos graves. Si el propietario o administrador de una propiedad no ha implementado la seguridad adecuada, debe rendir cuentas. Un abogado especialista en seguridad inadecuada de nuestro equipo de la Asesor\u00eda Jur\u00eddica EC puede revisar su caso, asesorarle para saber si tiene una demanda e identificar a las partes responsables.<\/p>\n<h2>\u00bfQu\u00e9 indemnizaci\u00f3n puede obtenerse por negligencia en materia de seguridad?<\/h2>\n<p>Las indemnizaciones disponibles para demandas por seguridad inadecuada incluyen:<\/p>\n<ul>\n<li>Gastos m\u00e9dicos<\/li>\n<li>P\u00e9rdida de ingresos<\/li>\n<li>Dolor y sufrimiento f\u00edsico<\/li>\n<li>Angustia mental<\/li>\n<li>Da\u00f1os materiales<\/li>\n<\/ul>\n<p>Las indemnizaciones espec\u00edficas para las que puede ser elegible depender\u00e1n del tipo y la gravedad de sus p\u00e9rdidas y las circunstancias del incidente.<\/p>\n<h2>\u00bfNecesita contratar a un abogado especializado en negligencia de la seguridad?<\/h2>\n<p>Si bien la contrataci\u00f3n de un abogado no es t\u00e9cnicamente necesaria, tener una representaci\u00f3n legal puede aumentar sus posibilidades de recuperar la indemnizaci\u00f3n. En la Asesor\u00eda Jur\u00eddica EC, apoyar su demanda de la siguiente manera:<\/p>\n<ul>\n<li>Proporcion\u00e1ndole asesoramiento legal<\/li>\n<li>Investigando el incidente<\/li>\n<li>Haciendo investigaciones jur\u00eddicas.<\/li>\n<li>Recolectando pruebas para construir su caso<\/li>\n<li>Comunic\u00e1ndonos con la parte responsable y su compa\u00f1\u00eda de seguros o asesor legal en su nombre<\/li>\n<li>Represent\u00e1ndole en la corte<\/li>\n<\/ul>\n<h2>Hable con un abogado especializado en negligencia de la seguridad de Florida<\/h2>\n<p>En la Asesor\u00eda Jur\u00eddica EC, creemos que las empresas y los propietarios que no proporcionan la seguridad adecuada deben enfrentar las consecuencias legales.<\/p>\n<p>Si usted o un ser querido han sufrido lesiones debido a una seguridad inadecuada o negligente, llame al (954) 861-0833 o p\u00f3ngase en contacto con nosotros en l\u00ednea hoy para una consulta gratuita. Atendemos a clientes en Hollywood, Florida, y en todo el sureste y suroeste de Florida.<\/p>\n","protected":false},"excerpt":{"rendered":"<p>Los establecimientos p\u00fablicos y comerciales deben proporcionar seguridad adecuada a los visitantes legales. Si usted o un ser querido ha sufrido lesiones o la muerte debido a la seguridad inadecuada o negligente o ha sido v\u00edctima de un delito en la propiedad de otra persona, y que el due\u00f1o de la propiedad no proporcion\u00f3 las [&hellip;]<\/p>\n","protected":false},"author":2,"featured_media":0,"parent":0,"menu_order":0,"comment_status":"closed","ping_status":"closed","template":"page-templates\/services-template.php","meta":{"_acf_changed":false,"inline_featured_image":false,"footnotes":""},"class_list":["post-1102","page","type-page","status-publish","hentry"],"acf":[],"yoast_head":"<!-- This site is optimized with the Yoast SEO plugin v27.3 - https:\/\/yoast.com\/product\/yoast-seo-wordpress\/ -->\n<title>Abogado en negligencia de seguridad en Florida - EC Law<\/title>\n<meta name=\"description\" content=\"\u00bfSufri\u00f3 lesiones por seguridad negligente en Florida? Nuestros abogados especializados lo ayudan a obtener la compensaci\u00f3n que merece por da\u00f1os en propiedades comerciales.\" \/>\n<meta name=\"robots\" content=\"index, follow, max-snippet:-1, max-image-preview:large, max-video-preview:-1\" \/>\n<link rel=\"canonical\" href=\"https:\/\/eclawcounsel.com\/es\/negligencia-de-la-seguridad\/\" \/>\n<meta property=\"og:locale\" content=\"es_ES\" \/>\n<meta property=\"og:type\" content=\"article\" \/>\n<meta property=\"og:title\" content=\"Abogado en negligencia de seguridad en Florida - EC Law\" \/>\n<meta property=\"og:description\" content=\"\u00bfSufri\u00f3 lesiones por seguridad negligente en Florida? Nuestros abogados especializados lo ayudan a obtener la compensaci\u00f3n que merece por da\u00f1os en propiedades comerciales.\" \/>\n<meta property=\"og:url\" content=\"https:\/\/eclawcounsel.com\/es\/negligencia-de-la-seguridad\/\" \/>\n<meta property=\"og:site_name\" content=\"EC Law Counsel\" \/>\n<meta property=\"article:modified_time\" content=\"2025-09-17T06:58:36+00:00\" \/>\n<meta name=\"twitter:card\" content=\"summary_large_image\" \/>\n<meta name=\"twitter:label1\" content=\"Est. reading time\" \/>\n\t<meta name=\"twitter:data1\" content=\"3 minutos\" \/>\n<!-- \/ Yoast SEO plugin. -->","yoast_head_json":{"title":"Abogado en negligencia de seguridad en Florida - EC Law","description":"\u00bfSufri\u00f3 lesiones por seguridad negligente en Florida? Nuestros abogados especializados lo ayudan a obtener la compensaci\u00f3n que merece por da\u00f1os en propiedades comerciales.","robots":{"index":"index","follow":"follow","max-snippet":"max-snippet:-1","max-image-preview":"max-image-preview:large","max-video-preview":"max-video-preview:-1"},"canonical":"https:\/\/eclawcounsel.com\/es\/negligencia-de-la-seguridad\/","og_locale":"es_ES","og_type":"article","og_title":"Abogado en negligencia de seguridad en Florida - EC Law","og_description":"\u00bfSufri\u00f3 lesiones por seguridad negligente en Florida? Nuestros abogados especializados lo ayudan a obtener la compensaci\u00f3n que merece por da\u00f1os en propiedades comerciales.","og_url":"https:\/\/eclawcounsel.com\/es\/negligencia-de-la-seguridad\/","og_site_name":"EC Law Counsel","article_modified_time":"2025-09-17T06:58:36+00:00","twitter_card":"summary_large_image","twitter_misc":{"Est. reading time":"3 minutos"},"schema":{"@context":"https:\/\/schema.org","@graph":[{"@type":"WebPage","@id":"https:\/\/eclawcounsel.com\/es\/negligencia-de-la-seguridad\/","url":"https:\/\/eclawcounsel.com\/es\/negligencia-de-la-seguridad\/","name":"Abogado en negligencia de seguridad en Florida - EC Law","isPartOf":{"@id":"https:\/\/eclawcounsel.com\/es\/#website"},"datePublished":"2025-07-14T13:03:10+00:00","dateModified":"2025-09-17T06:58:36+00:00","description":"\u00bfSufri\u00f3 lesiones por seguridad negligente en Florida? Nuestros abogados especializados lo ayudan a obtener la compensaci\u00f3n que merece por da\u00f1os en propiedades comerciales.","breadcrumb":{"@id":"https:\/\/eclawcounsel.com\/es\/negligencia-de-la-seguridad\/#breadcrumb"},"inLanguage":"es","potentialAction":[{"@type":"ReadAction","target":["https:\/\/eclawcounsel.com\/es\/negligencia-de-la-seguridad\/"]}]},{"@type":"BreadcrumbList","@id":"https:\/\/eclawcounsel.com\/es\/negligencia-de-la-seguridad\/#breadcrumb","itemListElement":[{"@type":"ListItem","position":1,"name":"Home","item":"https:\/\/eclawcounsel.com\/es\/"},{"@type":"ListItem","position":2,"name":"Negligent Security Attorney in Florida"}]},{"@type":"WebSite","@id":"https:\/\/eclawcounsel.com\/es\/#website","url":"https:\/\/eclawcounsel.com\/es\/","name":"EC Law Counsel","description":"","publisher":{"@id":"https:\/\/eclawcounsel.com\/es\/#organization"},"potentialAction":[{"@type":"SearchAction","target":{"@type":"EntryPoint","urlTemplate":"https:\/\/eclawcounsel.com\/es\/?s={search_term_string}"},"query-input":{"@type":"PropertyValueSpecification","valueRequired":true,"valueName":"search_term_string"}}],"inLanguage":"es"},{"@type":"Organization","@id":"https:\/\/eclawcounsel.com\/es\/#organization","name":"EC Law Counsel","url":"https:\/\/eclawcounsel.com\/es\/","logo":{"@type":"ImageObject","inLanguage":"es","@id":"https:\/\/eclawcounsel.com\/es\/#\/schema\/logo\/image\/","url":"https:\/\/eclawcounsel.com\/wp-content\/uploads\/2025\/06\/eclawcounsel-logo.svg","contentUrl":"https:\/\/eclawcounsel.com\/wp-content\/uploads\/2025\/06\/eclawcounsel-logo.svg","width":196,"height":61,"caption":"EC Law Counsel"},"image":{"@id":"https:\/\/eclawcounsel.com\/es\/#\/schema\/logo\/image\/"}}]}},"_links":{"self":[{"href":"https:\/\/eclawcounsel.com\/es\/wp-json\/wp\/v2\/pages\/1102","targetHints":{"allow":["GET"]}}],"collection":[{"href":"https:\/\/eclawcounsel.com\/es\/wp-json\/wp\/v2\/pages"}],"about":[{"href":"https:\/\/eclawcounsel.com\/es\/wp-json\/wp\/v2\/types\/page"}],"author":[{"embeddable":true,"href":"https:\/\/eclawcounsel.com\/es\/wp-json\/wp\/v2\/users\/2"}],"replies":[{"embeddable":true,"href":"https:\/\/eclawcounsel.com\/es\/wp-json\/wp\/v2\/comments?post=1102"}],"version-history":[{"count":0,"href":"https:\/\/eclawcounsel.com\/es\/wp-json\/wp\/v2\/pages\/1102\/revisions"}],"wp:attachment":[{"href":"https:\/\/eclawcounsel.com\/es\/wp-json\/wp\/v2\/media?parent=1102"}],"curies":[{"name":"wp","href":"https:\/\/api.w.org\/{rel}","templated":true}]}}