{"id":1104,"date":"2025-07-14T13:05:19","date_gmt":"2025-07-14T13:05:19","guid":{"rendered":"https:\/\/eclawcounsel.com\/insurance-coverage-dispute-lawyer\/"},"modified":"2025-09-17T06:56:15","modified_gmt":"2025-09-17T06:56:15","slug":"disputas-por-cobertura-de-seguros","status":"publish","type":"page","link":"https:\/\/eclawcounsel.com\/es\/disputas-por-cobertura-de-seguros\/","title":{"rendered":"Dedicated Insurance Coverage Dispute Lawyer Serving Florida"},"content":{"rendered":"<p>Como due\u00f1o de una vivienda que invirti\u00f3 en una cobertura de seguro, usted espera que su aseguradora d\u00e9 un paso adelante y cubra los da\u00f1os que incluye su p\u00f3liza. Por desgracia muchos residentes del sureste y suroeste de la Florida se encuentran con denegaciones injustas de demandas de seguros, retrasos u ofertas de liquidaci\u00f3n bajas contra las que usted no tiene el tiempo o los recursos para luchar.<\/p>\n<p>Si usted cree que su compa\u00f1\u00eda de seguros ha violado sus obligaciones, llame a la Asesor\u00eda Jur\u00eddica EC al <a href=\"tel:(954) 861-0833\">(954) 861-0833<\/a> para una consulta gratuita con un abogado especializado en disputas de cobertura de seguros que atiende al sureste y suroeste de Florida. Podemos evaluar su caso, proteger sus derechos y brindar estrategias legales confiables para resolver su disputa del seguro.<\/p>\n<h2>Por qu\u00e9 ocurren las disputas de seguros<\/h2>\n<p>Algunas denegaciones de demandas ocurren simplemente porque el due\u00f1o de la propiedad no comprende completamente los t\u00e9rminos de su p\u00f3liza. Sin embargo, muchas compa\u00f1\u00edas de seguros tratan de eludir las demandas leg\u00edtimas utilizando varias t\u00e1cticas de mala fe, que incluyen:<\/p>\n<ul>\n<li>Impugnar las causas de los da\u00f1os materiales (por ejemplo, alegando que no hay pruebas de que los da\u00f1os se produjeran a causa de un hurac\u00e1n reciente).<\/li>\n<li>Tergiversar los t\u00e9rminos de la p\u00f3liza de un cliente. El titular de la p\u00f3liza y la compa\u00f1\u00eda de seguros pueden tener diferentes interpretaciones de lo que cubre la p\u00f3liza. Por ejemplo, el titular de la p\u00f3liza puede creer que ciertos da\u00f1os est\u00e1n cubiertos, mientras que la compa\u00f1\u00eda de seguros puede adoptar una postura diferente.<\/li>\n<li>Subvaluar los costes de reparaci\u00f3n y otros gastos relacionados con los da\u00f1os. Los asegurados y las compa\u00f1\u00edas de seguros pueden discrepar sobre el alcance de los da\u00f1os causados por el siniestro o el valor de los bienes perdidos. Esto puede dar lugar a disputas sobre el importe del pago del seguro.<\/li>\n<li>Acusar al propietario de la vivienda de fraude o mantenimiento inadecuado. Las compa\u00f1\u00edas de seguros pueden sospechar que los asegurados cometen fraude, por ejemplo, exagerar el valor de sus p\u00e9rdidas o hacer declaraciones falsas en su demanda al seguro.<\/li>\n<li>Retrasos en el proceso de tramitaci\u00f3n de las demandas: las compa\u00f1\u00edas de seguros pueden tardar demasiado tiempo en tramitar o pagar una demanda, agotar a los asegurados y hacerles m\u00e1s propensos a aceptar un acuerdo inferior. Esto puede ser frustrante para los asegurados y dar lugar a disputas.<\/li>\n<li>Tratar de presionar al due\u00f1o de la casa o del negocio para que firme una oferta irrazonablemente baja<\/li>\n<li>Rechazar demandas v\u00e1lidas sin una investigaci\u00f3n adecuada: las compa\u00f1\u00edas de seguros pueden negar demandas v\u00e1lidas sin investigarlas adecuadamente o proporcionar una explicaci\u00f3n razonable.<\/li>\n<li>Reservarse el derecho de auditor\u00eda: Algunas compa\u00f1\u00edas se reservan el derecho de auditar los registros y solicitudes de un asegurado despu\u00e9s de que se haya presentado una demanda para encontrar cualquier error u omisi\u00f3n que puedan utilizar para denegar la demanda<\/li>\n<\/ul>\n<p>Muchas de estas estrategias poco \u00e9ticas se aprovechan de la situaci\u00f3n de estr\u00e9s del cliente. Tras un hurac\u00e1n u otra cat\u00e1strofe natural, los propietarios est\u00e1n ansiosos por reconstruir su propiedad y pueden estar demasiado cansados para luchar contra sus aseguradoras. Los propietarios necesitan un abogado con experiencia en disputas de cobertura de seguros para manejar sus demandas.<\/p>\n<h2>Resoluci\u00f3n de disputas por la cobertura de seguros en Florida<\/h2>\n<p>Las compa\u00f1\u00edas de seguros tienen recursos que no est\u00e1n disponibles para el propietario promedio, incluidos los equipos legales que representan a las aseguradoras y sugieren formas de evitar la responsabilidad. Por lo tanto, las demandas de seguros en disputa requieren una representaci\u00f3n asertiva por parte de un abogado competente.<\/p>\n<p>La mayor\u00eda de las disputas de seguros no implican litigios. A menudo, su aseguradora se volver\u00e1 m\u00e1s cooperativa y ofrecer\u00e1 una mejor oferta de liquidaci\u00f3n cuando se d\u00e9 cuenta de que est\u00e1 trabajando con un abogado experto en disputas de seguros.<\/p>\n<h2>En que forma la asesor\u00eda jur\u00eddica EC puede ayudarle en su disputa de seguros<\/h2>\n<p>El variado equipo de la asesor\u00eda jur\u00eddica EC incluye ex peritos de seguros, empleados de demandas y otros profesionales de seguros. Nuestro amplio conocimiento del sector, 11 a\u00f1os de experiencia y un enfoque especializado y personalizado nos dan una ventaja en el manejo de disputas por seguros.<\/p>\n<p>Nuestro bufete de abogados puede:<\/p>\n<ul>\n<li>Examinar su p\u00f3liza de seguro y evaluar su demanda<\/li>\n<li>Asegurarse que la documentaci\u00f3n de su demanda no contenga errores ni omisiones<\/li>\n<li>Defender sus derechos mientras negociamos con su aseguradora.<\/li>\n<li>Apelar una demanda injustamente denegada y, si es necesario, llevar su caso ante el tribunal correspondiente.<\/li>\n<\/ul>\n<h2>Asesor\u00eda Jur\u00eddica EC: Lucha por sus derechos en demandas por da\u00f1os a la propiedad en disputa en el sureste y suroeste de Florida<\/h2>\n<p>\u00bfSu compa\u00f1\u00eda de seguros le ha denegado, infravalorado o dilatado la resoluci\u00f3n de su demanda?<\/p>\n<p>La Asesor\u00eda Jur\u00eddica EC est\u00e1 aqu\u00ed para proteger sus derechos. Con m\u00e1s de una d\u00e9cada de representar a clientes que encontraron denegaciones de demandas u ofertas de liquidaci\u00f3n bajas, hemos resuelto con \u00e9xito muchas disputas de seguros en el sureste y suroeste de Florida.<\/p>\n<p>Llame al <a href=\"tel:(954) 861-0833\">(954) 861-0833<\/a> o p\u00f3ngase en contacto con nosotros en l\u00ednea para una evaluaci\u00f3n gratuita de su caso por parte de un abogado local con experiencia en disputas de cobertura de seguros.<\/p>\n","protected":false},"excerpt":{"rendered":"<p>Como due\u00f1o de una vivienda que invirti\u00f3 en una cobertura de seguro, usted espera que su aseguradora d\u00e9 un paso adelante y cubra los da\u00f1os que incluye su p\u00f3liza. Por desgracia muchos residentes del sureste y suroeste de la Florida se encuentran con denegaciones injustas de demandas de seguros, retrasos u ofertas de liquidaci\u00f3n bajas [&hellip;]<\/p>\n","protected":false},"author":2,"featured_media":0,"parent":0,"menu_order":0,"comment_status":"closed","ping_status":"closed","template":"page-templates\/services-template.php","meta":{"_acf_changed":false,"inline_featured_image":false,"footnotes":""},"class_list":["post-1104","page","type-page","status-publish","hentry"],"acf":[],"yoast_head":"<!-- This site is optimized with the Yoast SEO plugin v27.4 - https:\/\/yoast.com\/product\/yoast-seo-wordpress\/ -->\n<title>Abogado en disputas de cobertura de seguros en Florida - EC Law<\/title>\n<meta name=\"description\" content=\"\u00bfProblemas con su aseguradora en Florida? Nuestros abogados expertos resuelven disputas de cobertura de seguros a su favor. \u00a1Cont\u00e1ctenos hoy!\" \/>\n<meta name=\"robots\" content=\"index, follow, max-snippet:-1, max-image-preview:large, max-video-preview:-1\" \/>\n<link rel=\"canonical\" href=\"https:\/\/eclawcounsel.com\/es\/disputas-por-cobertura-de-seguros\/\" \/>\n<meta property=\"og:locale\" content=\"es_ES\" \/>\n<meta property=\"og:type\" content=\"article\" \/>\n<meta property=\"og:title\" content=\"Abogado en disputas de cobertura de seguros en Florida - EC Law\" \/>\n<meta property=\"og:description\" content=\"\u00bfProblemas con su aseguradora en Florida? Nuestros abogados expertos resuelven disputas de cobertura de seguros a su favor. \u00a1Cont\u00e1ctenos hoy!\" \/>\n<meta property=\"og:url\" content=\"https:\/\/eclawcounsel.com\/es\/disputas-por-cobertura-de-seguros\/\" \/>\n<meta property=\"og:site_name\" content=\"EC Law Counsel\" \/>\n<meta property=\"article:modified_time\" content=\"2025-09-17T06:56:15+00:00\" \/>\n<meta name=\"twitter:card\" content=\"summary_large_image\" \/>\n<meta name=\"twitter:label1\" content=\"Est. reading time\" \/>\n\t<meta name=\"twitter:data1\" content=\"4 minutos\" \/>\n<!-- \/ Yoast SEO plugin. -->","yoast_head_json":{"title":"Abogado en disputas de cobertura de seguros en Florida - EC Law","description":"\u00bfProblemas con su aseguradora en Florida? Nuestros abogados expertos resuelven disputas de cobertura de seguros a su favor. \u00a1Cont\u00e1ctenos hoy!","robots":{"index":"index","follow":"follow","max-snippet":"max-snippet:-1","max-image-preview":"max-image-preview:large","max-video-preview":"max-video-preview:-1"},"canonical":"https:\/\/eclawcounsel.com\/es\/disputas-por-cobertura-de-seguros\/","og_locale":"es_ES","og_type":"article","og_title":"Abogado en disputas de cobertura de seguros en Florida - EC Law","og_description":"\u00bfProblemas con su aseguradora en Florida? Nuestros abogados expertos resuelven disputas de cobertura de seguros a su favor. \u00a1Cont\u00e1ctenos hoy!","og_url":"https:\/\/eclawcounsel.com\/es\/disputas-por-cobertura-de-seguros\/","og_site_name":"EC Law Counsel","article_modified_time":"2025-09-17T06:56:15+00:00","twitter_card":"summary_large_image","twitter_misc":{"Est. reading time":"4 minutos"},"schema":{"@context":"https:\/\/schema.org","@graph":[{"@type":"WebPage","@id":"https:\/\/eclawcounsel.com\/es\/disputas-por-cobertura-de-seguros\/","url":"https:\/\/eclawcounsel.com\/es\/disputas-por-cobertura-de-seguros\/","name":"Abogado en disputas de cobertura de seguros en Florida - EC Law","isPartOf":{"@id":"https:\/\/eclawcounsel.com\/es\/#website"},"datePublished":"2025-07-14T13:05:19+00:00","dateModified":"2025-09-17T06:56:15+00:00","description":"\u00bfProblemas con su aseguradora en Florida? Nuestros abogados expertos resuelven disputas de cobertura de seguros a su favor. \u00a1Cont\u00e1ctenos hoy!","breadcrumb":{"@id":"https:\/\/eclawcounsel.com\/es\/disputas-por-cobertura-de-seguros\/#breadcrumb"},"inLanguage":"es","potentialAction":[{"@type":"ReadAction","target":["https:\/\/eclawcounsel.com\/es\/disputas-por-cobertura-de-seguros\/"]}]},{"@type":"BreadcrumbList","@id":"https:\/\/eclawcounsel.com\/es\/disputas-por-cobertura-de-seguros\/#breadcrumb","itemListElement":[{"@type":"ListItem","position":1,"name":"Home","item":"https:\/\/eclawcounsel.com\/es\/"},{"@type":"ListItem","position":2,"name":"Dedicated Insurance Coverage Dispute Lawyer Serving Florida"}]},{"@type":"WebSite","@id":"https:\/\/eclawcounsel.com\/es\/#website","url":"https:\/\/eclawcounsel.com\/es\/","name":"EC Law Counsel","description":"","publisher":{"@id":"https:\/\/eclawcounsel.com\/es\/#organization"},"potentialAction":[{"@type":"SearchAction","target":{"@type":"EntryPoint","urlTemplate":"https:\/\/eclawcounsel.com\/es\/?s={search_term_string}"},"query-input":{"@type":"PropertyValueSpecification","valueRequired":true,"valueName":"search_term_string"}}],"inLanguage":"es"},{"@type":"Organization","@id":"https:\/\/eclawcounsel.com\/es\/#organization","name":"EC Law Counsel","url":"https:\/\/eclawcounsel.com\/es\/","logo":{"@type":"ImageObject","inLanguage":"es","@id":"https:\/\/eclawcounsel.com\/es\/#\/schema\/logo\/image\/","url":"https:\/\/eclawcounsel.com\/wp-content\/uploads\/2025\/06\/eclawcounsel-logo.svg","contentUrl":"https:\/\/eclawcounsel.com\/wp-content\/uploads\/2025\/06\/eclawcounsel-logo.svg","width":196,"height":61,"caption":"EC Law Counsel"},"image":{"@id":"https:\/\/eclawcounsel.com\/es\/#\/schema\/logo\/image\/"}}]}},"_links":{"self":[{"href":"https:\/\/eclawcounsel.com\/es\/wp-json\/wp\/v2\/pages\/1104","targetHints":{"allow":["GET"]}}],"collection":[{"href":"https:\/\/eclawcounsel.com\/es\/wp-json\/wp\/v2\/pages"}],"about":[{"href":"https:\/\/eclawcounsel.com\/es\/wp-json\/wp\/v2\/types\/page"}],"author":[{"embeddable":true,"href":"https:\/\/eclawcounsel.com\/es\/wp-json\/wp\/v2\/users\/2"}],"replies":[{"embeddable":true,"href":"https:\/\/eclawcounsel.com\/es\/wp-json\/wp\/v2\/comments?post=1104"}],"version-history":[{"count":0,"href":"https:\/\/eclawcounsel.com\/es\/wp-json\/wp\/v2\/pages\/1104\/revisions"}],"wp:attachment":[{"href":"https:\/\/eclawcounsel.com\/es\/wp-json\/wp\/v2\/media?parent=1104"}],"curies":[{"name":"wp","href":"https:\/\/api.w.org\/{rel}","templated":true}]}}