{"id":1106,"date":"2025-07-14T13:11:35","date_gmt":"2025-07-14T13:11:35","guid":{"rendered":"https:\/\/eclawcounsel.com\/insurance-claim-lawyer\/"},"modified":"2025-09-17T06:38:27","modified_gmt":"2025-09-17T06:38:27","slug":"demandas-a-companias-de-seguros","status":"publish","type":"page","link":"https:\/\/eclawcounsel.com\/es\/demandas-a-companias-de-seguros\/","title":{"rendered":"Southeast and Southwest Florida Insurance Claim Lawyer"},"content":{"rendered":"<p>\u00bfSu compa\u00f1\u00eda de seguros le ha negado una demanda por da\u00f1os a la propiedad de su hogar o negocio? \u00bfLe han dicho que el da\u00f1o no est\u00e1 incluido en la cobertura de su seguro? Los abogados especializados en demandas a compa\u00f1\u00edas de seguros en el sureste y suroeste de Florida han escuchado todas las excusas que una compa\u00f1\u00eda de seguros puede dar<\/p>\n<p>En la Asesor\u00eda Jur\u00eddica EC, PLLC., tenemos m\u00e1s de una d\u00e9cada de experiencia ayudando a los clientes a comprender sus p\u00f3lizas de seguro y luchar por los pagos de la indemnizaci\u00f3n adecuada. Cont\u00e1ctenos al <a href=\"tel:954-861-0833\">954-861-0833<\/a> para programar una consulta gratuita con un abogado especializado en demandas a compa\u00f1\u00edas de seguros en el sureste y suroeste de la Florida.<\/p>\n<h2>Demandas comunes por da\u00f1os a la propiedad en el sureste y suroeste de Florida<\/h2>\n<p>Se supone que su compa\u00f1\u00eda de seguros ofrece coberturas de seguro para hacer frente a varios tipos de da\u00f1os a la propiedad en los que puede incurrir su hogar o negocio, que incluyen:<\/p>\n<ul>\n<li>Da\u00f1os por incendios<\/li>\n<li>Da\u00f1os por vientos<\/li>\n<li>Da\u00f1os por agua<\/li>\n<li>Da\u00f1os por huracanes<\/li>\n<li>Da\u00f1os por inundaciones<\/li>\n<\/ul>\n<p>Algunas coberturas s\u00f3lo se incluyen en p\u00f3lizas de seguro independientes, como el seguro contra inundaciones. Su p\u00f3liza de seguro de propietario est\u00e1ndar no cubrir\u00e1 los da\u00f1os causados por el agua de una marejada cicl\u00f3nica durante un hurac\u00e1n o las inundaciones causadas por fuertes lluvias. Lo mejor ser\u00eda que en Florida tuviera un seguro contra inundaciones por separado.<\/p>\n<h2>Denegaciones de mala fe y pagos insuficientes<\/h2>\n<p>Se supone que las compa\u00f1\u00edas de seguros deben actuar de buena fe ante las demandas leg\u00edtimas de los propietarios despu\u00e9s de que algo cause da\u00f1os materiales en su casa, negocio u otra propiedad. La ley les exige que investiguen y eval\u00faen cada demanda de forma exhaustiva, justa y r\u00e1pida.<\/p>\n<p><b>Una compa\u00f1\u00eda de seguros act\u00faa de mala fe cuando:<\/b><\/p>\n<ul>\n<li>Niega una demanda por da\u00f1os materiales leg\u00edtimos<\/li>\n<li>Paga de menos una demanda restando importancia a los da\u00f1os<\/li>\n<li>Retrasa las inspecciones, la presentaci\u00f3n de informes a peritos de m\u00e1s nivel o el pago de las demandas.<\/li>\n<\/ul>\n<p>Las compa\u00f1\u00edas de seguros a menudo niegan demandas leg\u00edtimas con la esperanza de que sus asegurados renuncien a hacer valer su demanda. Si su compa\u00f1\u00eda de seguros se est\u00e1 tomando demasiado tiempo para revisar y adjudicar su indemnizaci\u00f3n o ya se la ha negado, llame a un abogado con experiencia en demandas a la aseguradora con nuestra firma en la Asesor\u00eda Jur\u00eddica EC, PLLC.<\/p>\n<h2>Encuentre un abogado buena reputaci\u00f3n en demandas a compa\u00f1\u00edas de seguros de cerca suyo<\/h2>\n<p>Los abogados especializados en demandas a compa\u00f1\u00edas de seguros saben que luchar contra una compa\u00f1\u00eda de seguros para obtener la cantidad adecuada por una demanda por da\u00f1os a la propiedad puede ser un proceso largo, arduo y complejo. Su abogado especializado en demandas a compa\u00f1\u00edas de seguros puede revisar las coberturas de las p\u00f3lizas de su vivienda, negocio, veh\u00edculos y otros bienes para determinar si la compa\u00f1\u00eda de seguros est\u00e1 actuando de mala fe y obtener la m\u00e1xima indemnizaci\u00f3n por su p\u00e9rdida.<\/p>\n<p>Los peritos en demandas de seguros representan a la compa\u00f1\u00eda de seguros y, a menudo, subestiman los da\u00f1os a una casa o negocio, devaluando la demanda. Tratar con ellos agrega estr\u00e9s sin la representaci\u00f3n legal adecuada a su lado. Si necesita ayuda con una demanda nueva, denegada o reabierta en el sureste y suroeste de Florida, p\u00f3ngase en contacto con nosotros en la Asesor\u00eda Jur\u00eddica EC, PLLC.<\/p>\n<h2>P\u00f3ngase en contacto con la Asesor\u00eda Jur\u00eddica EC, PLLC., para obtener ayuda con su compa\u00f1\u00eda de seguros en el sureste y suroeste de Florida<\/h2>\n<p>La Asesor\u00eda Jur\u00eddica EC, PLLC ofrece a los nuevos clientes una consulta gratuita y un anticipo en base a honorarios de contingencia. Lo significa que nuestra reuni\u00f3n inicial no le cuesta nada, y usted no paga a menos que ganemos su caso. Ll\u00e1menos al <a href=\"tel:954-861-0833\">954-861-0833<\/a> para programar su consulta gratuita con un abogado con experiencia en demandas a compa\u00f1\u00edas de seguros en el sureste y suroeste de Florida.<\/p>\n","protected":false},"excerpt":{"rendered":"<p>\u00bfSu compa\u00f1\u00eda de seguros le ha negado una demanda por da\u00f1os a la propiedad de su hogar o negocio? \u00bfLe han dicho que el da\u00f1o no est\u00e1 incluido en la cobertura de su seguro? Los abogados especializados en demandas a compa\u00f1\u00edas de seguros en el sureste y suroeste de Florida han escuchado todas las excusas [&hellip;]<\/p>\n","protected":false},"author":2,"featured_media":0,"parent":0,"menu_order":0,"comment_status":"closed","ping_status":"closed","template":"page-templates\/services-template.php","meta":{"_acf_changed":false,"inline_featured_image":false,"footnotes":""},"class_list":["post-1106","page","type-page","status-publish","hentry"],"acf":[],"yoast_head":"<!-- This site is optimized with the Yoast SEO plugin v27.3 - https:\/\/yoast.com\/product\/yoast-seo-wordpress\/ -->\n<title>Abogado en Florida especializado en demandas a seguros - EC Law<\/title>\n<meta name=\"description\" content=\"Enfrentando denegaciones injustas de su compa\u00f1\u00eda de seguros en Florida? Nuestro equipo legal especializado lo asiste para obtener una compensaci\u00f3n justa por da\u00f1os.\" \/>\n<meta name=\"robots\" content=\"index, follow, max-snippet:-1, max-image-preview:large, max-video-preview:-1\" \/>\n<link rel=\"canonical\" href=\"https:\/\/eclawcounsel.com\/es\/demandas-a-companias-de-seguros\/\" \/>\n<meta property=\"og:locale\" content=\"es_ES\" \/>\n<meta property=\"og:type\" content=\"article\" \/>\n<meta property=\"og:title\" content=\"Abogado en Florida especializado en demandas a seguros - EC Law\" \/>\n<meta property=\"og:description\" content=\"Enfrentando denegaciones injustas de su compa\u00f1\u00eda de seguros en Florida? Nuestro equipo legal especializado lo asiste para obtener una compensaci\u00f3n justa por da\u00f1os.\" \/>\n<meta property=\"og:url\" content=\"https:\/\/eclawcounsel.com\/es\/demandas-a-companias-de-seguros\/\" \/>\n<meta property=\"og:site_name\" content=\"EC Law Counsel\" \/>\n<meta property=\"article:modified_time\" content=\"2025-09-17T06:38:27+00:00\" \/>\n<meta name=\"twitter:card\" content=\"summary_large_image\" \/>\n<meta name=\"twitter:label1\" content=\"Est. reading time\" \/>\n\t<meta name=\"twitter:data1\" content=\"3 minutos\" \/>\n<!-- \/ Yoast SEO plugin. -->","yoast_head_json":{"title":"Abogado en Florida especializado en demandas a seguros - EC Law","description":"Enfrentando denegaciones injustas de su compa\u00f1\u00eda de seguros en Florida? Nuestro equipo legal especializado lo asiste para obtener una compensaci\u00f3n justa por da\u00f1os.","robots":{"index":"index","follow":"follow","max-snippet":"max-snippet:-1","max-image-preview":"max-image-preview:large","max-video-preview":"max-video-preview:-1"},"canonical":"https:\/\/eclawcounsel.com\/es\/demandas-a-companias-de-seguros\/","og_locale":"es_ES","og_type":"article","og_title":"Abogado en Florida especializado en demandas a seguros - EC Law","og_description":"Enfrentando denegaciones injustas de su compa\u00f1\u00eda de seguros en Florida? Nuestro equipo legal especializado lo asiste para obtener una compensaci\u00f3n justa por da\u00f1os.","og_url":"https:\/\/eclawcounsel.com\/es\/demandas-a-companias-de-seguros\/","og_site_name":"EC Law Counsel","article_modified_time":"2025-09-17T06:38:27+00:00","twitter_card":"summary_large_image","twitter_misc":{"Est. reading time":"3 minutos"},"schema":{"@context":"https:\/\/schema.org","@graph":[{"@type":"WebPage","@id":"https:\/\/eclawcounsel.com\/es\/demandas-a-companias-de-seguros\/","url":"https:\/\/eclawcounsel.com\/es\/demandas-a-companias-de-seguros\/","name":"Abogado en Florida especializado en demandas a seguros - EC Law","isPartOf":{"@id":"https:\/\/eclawcounsel.com\/es\/#website"},"datePublished":"2025-07-14T13:11:35+00:00","dateModified":"2025-09-17T06:38:27+00:00","description":"Enfrentando denegaciones injustas de su compa\u00f1\u00eda de seguros en Florida? Nuestro equipo legal especializado lo asiste para obtener una compensaci\u00f3n justa por da\u00f1os.","breadcrumb":{"@id":"https:\/\/eclawcounsel.com\/es\/demandas-a-companias-de-seguros\/#breadcrumb"},"inLanguage":"es","potentialAction":[{"@type":"ReadAction","target":["https:\/\/eclawcounsel.com\/es\/demandas-a-companias-de-seguros\/"]}]},{"@type":"BreadcrumbList","@id":"https:\/\/eclawcounsel.com\/es\/demandas-a-companias-de-seguros\/#breadcrumb","itemListElement":[{"@type":"ListItem","position":1,"name":"Home","item":"https:\/\/eclawcounsel.com\/es\/"},{"@type":"ListItem","position":2,"name":"Southeast and Southwest Florida Insurance Claim Lawyer"}]},{"@type":"WebSite","@id":"https:\/\/eclawcounsel.com\/es\/#website","url":"https:\/\/eclawcounsel.com\/es\/","name":"EC Law Counsel","description":"","publisher":{"@id":"https:\/\/eclawcounsel.com\/es\/#organization"},"potentialAction":[{"@type":"SearchAction","target":{"@type":"EntryPoint","urlTemplate":"https:\/\/eclawcounsel.com\/es\/?s={search_term_string}"},"query-input":{"@type":"PropertyValueSpecification","valueRequired":true,"valueName":"search_term_string"}}],"inLanguage":"es"},{"@type":"Organization","@id":"https:\/\/eclawcounsel.com\/es\/#organization","name":"EC Law Counsel","url":"https:\/\/eclawcounsel.com\/es\/","logo":{"@type":"ImageObject","inLanguage":"es","@id":"https:\/\/eclawcounsel.com\/es\/#\/schema\/logo\/image\/","url":"https:\/\/eclawcounsel.com\/wp-content\/uploads\/2025\/06\/eclawcounsel-logo.svg","contentUrl":"https:\/\/eclawcounsel.com\/wp-content\/uploads\/2025\/06\/eclawcounsel-logo.svg","width":196,"height":61,"caption":"EC Law Counsel"},"image":{"@id":"https:\/\/eclawcounsel.com\/es\/#\/schema\/logo\/image\/"}}]}},"_links":{"self":[{"href":"https:\/\/eclawcounsel.com\/es\/wp-json\/wp\/v2\/pages\/1106","targetHints":{"allow":["GET"]}}],"collection":[{"href":"https:\/\/eclawcounsel.com\/es\/wp-json\/wp\/v2\/pages"}],"about":[{"href":"https:\/\/eclawcounsel.com\/es\/wp-json\/wp\/v2\/types\/page"}],"author":[{"embeddable":true,"href":"https:\/\/eclawcounsel.com\/es\/wp-json\/wp\/v2\/users\/2"}],"replies":[{"embeddable":true,"href":"https:\/\/eclawcounsel.com\/es\/wp-json\/wp\/v2\/comments?post=1106"}],"version-history":[{"count":0,"href":"https:\/\/eclawcounsel.com\/es\/wp-json\/wp\/v2\/pages\/1106\/revisions"}],"wp:attachment":[{"href":"https:\/\/eclawcounsel.com\/es\/wp-json\/wp\/v2\/media?parent=1106"}],"curies":[{"name":"wp","href":"https:\/\/api.w.org\/{rel}","templated":true}]}}