{"id":1108,"date":"2025-07-14T13:13:43","date_gmt":"2025-07-14T13:13:43","guid":{"rendered":"https:\/\/eclawcounsel.com\/experienced-loss-of-use-claim-lawyer-in-hollywood-florida\/"},"modified":"2025-09-17T06:39:38","modified_gmt":"2025-09-17T06:39:38","slug":"demandas-por-perdida-de-uso","status":"publish","type":"page","link":"https:\/\/eclawcounsel.com\/es\/demandas-por-perdida-de-uso\/","title":{"rendered":"Experienced Loss of Use Claim Lawyer in Hollywood, Florida"},"content":{"rendered":"<p>Cuando ya no puede usar su residencia debido a da\u00f1os catastr\u00f3ficos, lo \u00faltimo que necesita es pelear con su compa\u00f1\u00eda de seguros mientras decide d\u00f3nde vivir. Si su compa\u00f1\u00eda de seguros neg\u00f3 su demanda por p\u00e9rdida de uso, la Asesor\u00eda Jur\u00eddica EC podr\u00eda ayudarle.<\/p>\n<p>Con 11 a\u00f1os de experiencia en la ley de seguros de la Florida, nuestro personal especializado de la Asesor\u00eda Jur\u00eddica EC est\u00e1 a su servicio. No luche esta batalla solo. Por favor hable con un especialista en demandas de nuestro bufete de abogados hoy al <a href=\"tel:954-861-0833\">954-861-0833<\/a>.<\/p>\n<h2>\u00bfQu\u00e9 es el seguro por p\u00e9rdida de uso?<\/h2>\n<p>El seguro por p\u00e9rdida de uso es parte de su p\u00f3liza de seguro de hogar, tambi\u00e9n conocido como gastos de subsistencia adicionales (ALE, por sus siglas en ingl\u00e9s). Se entabla una demanda al seguro por p\u00e9rdida de uso cuando necesita mudarse temporariamente e incurrir en gastos tales como gastos de hotel o alquiler, costos de almacenamiento de pertenencias personales y gastos adicionales para comidas y transporte mientras se repara o reconstruye su hogar. Tambi\u00e9n cubre los gastos cuando debe mudarse porque su hogar es inhabitable debido a los da\u00f1os. Esta cobertura solo est\u00e1 disponible durante el per\u00edodo en que su residencia permanece inhabitable y debe presentar una demanda ante su compa\u00f1\u00eda de seguros para activar el alcance.<\/p>\n<p>Es importante tener en cuenta que la cobertura del seguro por p\u00e9rdida de uso y la cobertura m\u00e1xima var\u00edan de una p\u00f3liza a otra, por lo que es esencial revisar su p\u00f3liza detenidamente y conocer los l\u00edmites de su cobertura. Conserve los recibos y la documentaci\u00f3n de todos los gastos de manutenci\u00f3n extra en los que haya incurrido, ya que ser\u00e1n necesarios para fundamentar su demanda<\/p>\n<p>Estas p\u00f3lizas suelen cubrir estos tipos de gastos:<\/p>\n<ul>\n<li style=\"font-weight: 400;\" aria-level=\"1\">Gastos de vida alternativos<\/li>\n<li style=\"font-weight: 400;\" aria-level=\"1\">Gastos de vida adicionales (ALE)<\/li>\n<li style=\"font-weight: 400;\" aria-level=\"1\">Valor equitativo de alquiler<\/li>\n<li style=\"font-weight: 400;\" aria-level=\"1\">Comidas<\/li>\n<li style=\"font-weight: 400;\" aria-level=\"1\">Transporte<\/li>\n<\/ul>\n<p>Las compa\u00f1\u00edas de seguros limitan las demandas a los seguros por p\u00e9rdida de uso. Un abogado especialista en demandas por p\u00e9rdida de uso de la Asesor\u00eda Jur\u00eddica\u00a0 EC puede ayudarle con su demanda.<\/p>\n<h2>\u00bfQu\u00e9 son los gastos de subsistencia adicionales?<\/h2>\n<p>Los gastos de vida alternativos o adicionales cubren los gastos en los que incurre debido a que su hogar es inhabitable. En la pr\u00e1ctica, esto se aplica a cualquier nuevo gasto razonable o de otro tipo, incluyendo:<\/p>\n<ul>\n<li style=\"font-weight: 400;\" aria-level=\"1\">Gastos de mudanza<\/li>\n<li style=\"font-weight: 400;\" aria-level=\"1\">Costo de hoteles o alquiler<\/li>\n<li style=\"font-weight: 400;\" aria-level=\"1\">Comidas<\/li>\n<li style=\"font-weight: 400;\" aria-level=\"1\">Lavander\u00eda<\/li>\n<\/ul>\n<p>Los gastos de vida alternativos le reembolsar\u00e1n el monto total de cualquier costo nuevo, como el alquiler o los gastos de hotel. Sin embargo, solo cubre la diferencia en los costos recurrentes. Por ejemplo, si normalmente gasta $250 a la semana en comidas pero ahora, debido a que no est\u00e1 en casa, gasta $350 a la semana en comidas, su reembolso es de $100, no de $350.<\/p>\n<p>Los gastos de vida alternativos se limitan a gastos razonables para mantener un nivel de vida constante.<\/p>\n<p>Valor justo de alquiler: si alquila parte de su casa y una p\u00e9rdida cubierta hace que la unidad de alquiler quede inhabitable, la cobertura del valor justo de alquiler puede proporcionar una indemnizaci\u00f3n por la p\u00e9rdida de ingresos por alquiler.<\/p>\n<h2>P\u00f3ngase en contacto con un abogado experimentado en demandas por p\u00e9rdida de uso en Florida<\/h2>\n<p>Si su compa\u00f1\u00eda de seguros rechaz\u00f3 su demanda por p\u00e9rdida de uso, debe contratar a un abogado con experiencia en demandas por p\u00e9rdida de uso. Nuestro equipo en la Asesor\u00eda Jur\u00eddica EC tiene m\u00e1s de una d\u00e9cada de experiencia en casos de leyes de seguros de Florida. Comun\u00edquese con nosotros hoy al <a href=\"tel:954-861-0833\">954-861-0833<\/a> para analizar su situaci\u00f3n.<\/p>\n","protected":false},"excerpt":{"rendered":"<p>Cuando ya no puede usar su residencia debido a da\u00f1os catastr\u00f3ficos, lo \u00faltimo que necesita es pelear con su compa\u00f1\u00eda de seguros mientras decide d\u00f3nde vivir. Si su compa\u00f1\u00eda de seguros neg\u00f3 su demanda por p\u00e9rdida de uso, la Asesor\u00eda Jur\u00eddica EC podr\u00eda ayudarle. Con 11 a\u00f1os de experiencia en la ley de seguros de [&hellip;]<\/p>\n","protected":false},"author":2,"featured_media":0,"parent":0,"menu_order":0,"comment_status":"closed","ping_status":"closed","template":"page-templates\/services-template.php","meta":{"_acf_changed":false,"inline_featured_image":false,"footnotes":""},"class_list":["post-1108","page","type-page","status-publish","hentry"],"acf":[],"yoast_head":"<!-- This site is optimized with the Yoast SEO plugin v27.3 - https:\/\/yoast.com\/product\/yoast-seo-wordpress\/ -->\n<title>Abogado experto en demandas por p\u00e9rdida de uso en Hollywood, FL<\/title>\n<meta name=\"description\" content=\"\u00bfImposibilitado de usar su propiedad en Florida? Nuestros abogados lo ayudan a obtener compensaci\u00f3n por p\u00e9rdida de uso. \u00a1Cont\u00e1ctenos hoy!\" \/>\n<meta name=\"robots\" content=\"index, follow, max-snippet:-1, max-image-preview:large, max-video-preview:-1\" \/>\n<link rel=\"canonical\" href=\"https:\/\/eclawcounsel.com\/es\/demandas-por-perdida-de-uso\/\" \/>\n<meta property=\"og:locale\" content=\"es_ES\" \/>\n<meta property=\"og:type\" content=\"article\" \/>\n<meta property=\"og:title\" content=\"Abogado experto en demandas por p\u00e9rdida de uso en Hollywood, FL\" \/>\n<meta property=\"og:description\" content=\"\u00bfImposibilitado de usar su propiedad en Florida? Nuestros abogados lo ayudan a obtener compensaci\u00f3n por p\u00e9rdida de uso. \u00a1Cont\u00e1ctenos hoy!\" \/>\n<meta property=\"og:url\" content=\"https:\/\/eclawcounsel.com\/es\/demandas-por-perdida-de-uso\/\" \/>\n<meta property=\"og:site_name\" content=\"EC Law Counsel\" \/>\n<meta property=\"article:modified_time\" content=\"2025-09-17T06:39:38+00:00\" \/>\n<meta name=\"twitter:card\" content=\"summary_large_image\" \/>\n<meta name=\"twitter:label1\" content=\"Est. reading time\" \/>\n\t<meta name=\"twitter:data1\" content=\"3 minutos\" \/>\n<!-- \/ Yoast SEO plugin. -->","yoast_head_json":{"title":"Abogado experto en demandas por p\u00e9rdida de uso en Hollywood, FL","description":"\u00bfImposibilitado de usar su propiedad en Florida? Nuestros abogados lo ayudan a obtener compensaci\u00f3n por p\u00e9rdida de uso. \u00a1Cont\u00e1ctenos hoy!","robots":{"index":"index","follow":"follow","max-snippet":"max-snippet:-1","max-image-preview":"max-image-preview:large","max-video-preview":"max-video-preview:-1"},"canonical":"https:\/\/eclawcounsel.com\/es\/demandas-por-perdida-de-uso\/","og_locale":"es_ES","og_type":"article","og_title":"Abogado experto en demandas por p\u00e9rdida de uso en Hollywood, FL","og_description":"\u00bfImposibilitado de usar su propiedad en Florida? Nuestros abogados lo ayudan a obtener compensaci\u00f3n por p\u00e9rdida de uso. \u00a1Cont\u00e1ctenos hoy!","og_url":"https:\/\/eclawcounsel.com\/es\/demandas-por-perdida-de-uso\/","og_site_name":"EC Law Counsel","article_modified_time":"2025-09-17T06:39:38+00:00","twitter_card":"summary_large_image","twitter_misc":{"Est. reading time":"3 minutos"},"schema":{"@context":"https:\/\/schema.org","@graph":[{"@type":"WebPage","@id":"https:\/\/eclawcounsel.com\/es\/demandas-por-perdida-de-uso\/","url":"https:\/\/eclawcounsel.com\/es\/demandas-por-perdida-de-uso\/","name":"Abogado experto en demandas por p\u00e9rdida de uso en Hollywood, FL","isPartOf":{"@id":"https:\/\/eclawcounsel.com\/es\/#website"},"datePublished":"2025-07-14T13:13:43+00:00","dateModified":"2025-09-17T06:39:38+00:00","description":"\u00bfImposibilitado de usar su propiedad en Florida? Nuestros abogados lo ayudan a obtener compensaci\u00f3n por p\u00e9rdida de uso. \u00a1Cont\u00e1ctenos hoy!","breadcrumb":{"@id":"https:\/\/eclawcounsel.com\/es\/demandas-por-perdida-de-uso\/#breadcrumb"},"inLanguage":"es","potentialAction":[{"@type":"ReadAction","target":["https:\/\/eclawcounsel.com\/es\/demandas-por-perdida-de-uso\/"]}]},{"@type":"BreadcrumbList","@id":"https:\/\/eclawcounsel.com\/es\/demandas-por-perdida-de-uso\/#breadcrumb","itemListElement":[{"@type":"ListItem","position":1,"name":"Home","item":"https:\/\/eclawcounsel.com\/es\/"},{"@type":"ListItem","position":2,"name":"Experienced Loss of Use Claim Lawyer in Hollywood, Florida"}]},{"@type":"WebSite","@id":"https:\/\/eclawcounsel.com\/es\/#website","url":"https:\/\/eclawcounsel.com\/es\/","name":"EC Law Counsel","description":"","publisher":{"@id":"https:\/\/eclawcounsel.com\/es\/#organization"},"potentialAction":[{"@type":"SearchAction","target":{"@type":"EntryPoint","urlTemplate":"https:\/\/eclawcounsel.com\/es\/?s={search_term_string}"},"query-input":{"@type":"PropertyValueSpecification","valueRequired":true,"valueName":"search_term_string"}}],"inLanguage":"es"},{"@type":"Organization","@id":"https:\/\/eclawcounsel.com\/es\/#organization","name":"EC Law Counsel","url":"https:\/\/eclawcounsel.com\/es\/","logo":{"@type":"ImageObject","inLanguage":"es","@id":"https:\/\/eclawcounsel.com\/es\/#\/schema\/logo\/image\/","url":"https:\/\/eclawcounsel.com\/wp-content\/uploads\/2025\/06\/eclawcounsel-logo.svg","contentUrl":"https:\/\/eclawcounsel.com\/wp-content\/uploads\/2025\/06\/eclawcounsel-logo.svg","width":196,"height":61,"caption":"EC Law Counsel"},"image":{"@id":"https:\/\/eclawcounsel.com\/es\/#\/schema\/logo\/image\/"}}]}},"_links":{"self":[{"href":"https:\/\/eclawcounsel.com\/es\/wp-json\/wp\/v2\/pages\/1108","targetHints":{"allow":["GET"]}}],"collection":[{"href":"https:\/\/eclawcounsel.com\/es\/wp-json\/wp\/v2\/pages"}],"about":[{"href":"https:\/\/eclawcounsel.com\/es\/wp-json\/wp\/v2\/types\/page"}],"author":[{"embeddable":true,"href":"https:\/\/eclawcounsel.com\/es\/wp-json\/wp\/v2\/users\/2"}],"replies":[{"embeddable":true,"href":"https:\/\/eclawcounsel.com\/es\/wp-json\/wp\/v2\/comments?post=1108"}],"version-history":[{"count":0,"href":"https:\/\/eclawcounsel.com\/es\/wp-json\/wp\/v2\/pages\/1108\/revisions"}],"wp:attachment":[{"href":"https:\/\/eclawcounsel.com\/es\/wp-json\/wp\/v2\/media?parent=1108"}],"curies":[{"name":"wp","href":"https:\/\/api.w.org\/{rel}","templated":true}]}}