{"id":1110,"date":"2025-07-14T13:15:30","date_gmt":"2025-07-14T13:15:30","guid":{"rendered":"https:\/\/eclawcounsel.com\/mold-damage-lawyer\/"},"modified":"2025-09-17T06:37:37","modified_gmt":"2025-09-17T06:37:37","slug":"danos-por-moho-que-presta-servicios","status":"publish","type":"page","link":"https:\/\/eclawcounsel.com\/es\/danos-por-moho-que-presta-servicios\/","title":{"rendered":"Experienced Mold Damage Lawyer Serving Florida"},"content":{"rendered":"<p>La abundante lluvia y la humedad de Florida provocan el crecimiento de moho en muchas casas, especialmente con problemas de aislamiento o ventilaci\u00f3n. El moho tambi\u00e9n puede propagarse debido a una tuber\u00eda oculta que gotea, una fuga en el techo o una causa natural como huracanes o inundaciones.<\/p>\n<p>Si usted ha sufrido los efectos de la exposici\u00f3n al moho t\u00f3xico, llame a la Asesor\u00eda Jur\u00eddica EC al (954) 861-0833. Nuestro abogado especializado en da\u00f1os por moho en el sureste y suroeste de Florida evaluar\u00e1 sus opciones y lo ayudar\u00e1 a recuperar los fondos para pagar la reparaci\u00f3n del moho.<\/p>\n<h2>C\u00f3mo detectar un problema de moho t\u00f3xico<\/h2>\n<p>El moho negro t\u00f3xico (Stachybotrys chartarum) se desarrolla en condiciones de alta humedad. Suele crecer en materiales de construcci\u00f3n ricos en celulosa, como los paneles de yeso. Algunas cepas de moho negro producen micotoxinas nocivas que pueden causar graves problemas de salud, como alergias, problemas respiratorios e incluso infecciones por moho. Algunas cepas del moho negro producen micotoxinas da\u00f1inas que pueden causar una variedad de problemas de salud graves, como alergias, problemas respiratorios e incluso infecciones por moho. El moho puede comenzar a crecer dentro de las 24 a 48 horas de una fuga de agua y puede causar serios problemas de salud si no se trata de inmediato. Si sospecha que puede haber moho en su vivienda, es esencial que tome medidas para resolver el problema lo antes posible. Para ello, puede eliminar el agua estancada, secar los materiales h\u00famedos y limpiar y desinfectar las zonas afectadas. Si el moho est\u00e1 muy extendido o la zona afectada es grande, puede que sea necesario contratar a una empresa profesional para solucionar el problema.<\/p>\n<p>El moho negro puede ser dif\u00edcil de detectar a menos que haya un crecimiento visible. Su casa puede albergar colonias de moho si observa si nota:<\/p>\n<ul>\n<li style=\"font-weight: 400;\" aria-level=\"1\">Signos de humedad, como pintura aglobada o tablas de madera podridas<\/li>\n<li style=\"font-weight: 400;\" aria-level=\"1\">Decoloraci\u00f3n o manchas negras en paredes, techos o pisos<\/li>\n<li style=\"font-weight: 400;\" aria-level=\"1\">Mala circulaci\u00f3n de aire en el desv\u00e1n.<\/li>\n<li style=\"font-weight: 400;\" aria-level=\"1\">Olor a humedad en lugares h\u00famedos como el gabinete debajo del fregadero de la cocina. Un olor fuerte y rancio puede indicar la presencia de moho<\/li>\n<li style=\"font-weight: 400;\" aria-level=\"1\">Alergias y asma inexplicables que pueden mejorar tras pasar unos d\u00edas fuera de casa.<\/li>\n<\/ul>\n<p>Es importante tener en cuenta que, aunque no vea ni huela a moho, es posible que haya moho creciendo en su casa, sobre todo en zonas que no son f\u00e1cilmente visibles, como las paredes interiores o el desv\u00e1n. Un profesional tambi\u00e9n puede revisar esas zonas y proporcionarle un informe completo.<\/p>\n<h2>\u00bfSu p\u00f3liza de seguro cubre los da\u00f1os causados por el moho?<\/h2>\n<p>La cobertura de da\u00f1os por moho depende de los t\u00e9rminos espec\u00edficos de su p\u00f3liza de seguro. Por ejemplo, el seguro est\u00e1ndar para propietarios de viviendas no cubre los da\u00f1os causados por el moho debido a inundaciones, un problema com\u00fan para muchos floridanos.<\/p>\n<p>Por lo general, el seguro del hogar deber\u00eda cubrir los da\u00f1os causados por el moho si el crecimiento de moho se produjo debido a un da\u00f1o accidental por agua, como la rotura de una tuber\u00eda. Una aseguradora puede negarse a cubrir los da\u00f1os que se produjeron debido a la falta de mantenimiento, como un grifo que gotea que el due\u00f1o de casa razonablemente deber\u00eda haber estado al tanto, pero no lo arregl\u00f3.<\/p>\n<p>La asesor\u00eda jur\u00eddica EC puede ayudarle a entender los t\u00e9rminos de su seguro y averiguar qu\u00e9 tipo de indemnizaci\u00f3n puede esperar.<\/p>\n<h2>Por qu\u00e9 necesita un abogado experto en da\u00f1os por moho<\/h2>\n<p>Las demandas por da\u00f1os causados por el moho son notablemente complicadas cuando los da\u00f1os a la propiedad se superponen con lesiones personales. Las compa\u00f1\u00edas de seguros a menudo intentan alegar que el problema del moho es el resultado de circunstancias que la p\u00f3liza del propietario no cubre. Su aseguradora puede incluso acusarle de haber causado usted mismo el problema del moho debido a la falta de mantenimiento peri\u00f3dico.<\/p>\n<p>Los abogados especialistas en da\u00f1os a la propiedad y lesiones personales saben c\u00f3mo funcionan las compa\u00f1\u00edas de seguros y c\u00f3mo tramitar su demanda. Los propietarios de viviendas en el sureste y suroeste de Florida eligen la asesor\u00eda jur\u00eddica EC por:<\/p>\n<ul>\n<li style=\"font-weight: 400;\" aria-level=\"1\">11 a\u00f1os de experiencia en demandas por da\u00f1os causados por moho y agua<\/li>\n<li style=\"font-weight: 400;\" aria-level=\"1\">Amplio conocimiento del sector de seguros.<\/li>\n<li style=\"font-weight: 400;\" aria-level=\"1\">Un trato personal y atenci\u00f3n completa a cada caso<\/li>\n<li style=\"font-weight: 400;\" aria-level=\"1\">Un apoyo legal r\u00e1pido y confiable tanto para las demandas nuevas como para las denegadas<\/li>\n<\/ul>\n<h2>La Asesor\u00eda Jur\u00eddica EC: Le\u00a0 ayuda a presentar su demanda por da\u00f1os causados por moho en el sureste y suroeste de Florida<\/h2>\n<p>\u00bfEst\u00e1 luchando con una complicada demanda al seguro por da\u00f1os causados por moho? \u00bfSu aseguradora se niega a proporcionarle los fondos adecuados para reparar los da\u00f1os causados por el moho? P\u00f3ngase en contacto hoy mismo con la asesor\u00eda jur\u00eddica EC- Examinaremos la cobertura de su p\u00f3liza, negociaremos con su aseguradora y utilizaremos todas las herramientas legales disponibles para ayudarle a alcanzar un acuerdo justo.<\/p>\n<p>Para una consulta gratuita con un abogado especialista en da\u00f1os por moho en el sureste y suroeste de Florida, llame al (954) 861-0833 o complete nuestro formulario en l\u00ednea.<\/p>\n","protected":false},"excerpt":{"rendered":"<p>La abundante lluvia y la humedad de Florida provocan el crecimiento de moho en muchas casas, especialmente con problemas de aislamiento o ventilaci\u00f3n. El moho tambi\u00e9n puede propagarse debido a una tuber\u00eda oculta que gotea, una fuga en el techo o una causa natural como huracanes o inundaciones. Si usted ha sufrido los efectos de [&hellip;]<\/p>\n","protected":false},"author":2,"featured_media":0,"parent":0,"menu_order":0,"comment_status":"closed","ping_status":"closed","template":"page-templates\/services-template.php","meta":{"_acf_changed":false,"inline_featured_image":false,"footnotes":""},"class_list":["post-1110","page","type-page","status-publish","hentry"],"acf":[],"yoast_head":"<!-- This site is optimized with the Yoast SEO plugin v27.3 - https:\/\/yoast.com\/product\/yoast-seo-wordpress\/ -->\n<title>Abogado en da\u00f1os por moho en el sureste de Florida - EC Law<\/title>\n<meta name=\"description\" content=\"Enfrentando da\u00f1os por moho en Florida? Nuestro equipo legal experto lo asiste en presentar reclamaciones de seguros para una recuperaci\u00f3n justa y eficiente.\" \/>\n<meta name=\"robots\" content=\"index, follow, max-snippet:-1, max-image-preview:large, max-video-preview:-1\" \/>\n<link rel=\"canonical\" href=\"https:\/\/eclawcounsel.com\/es\/danos-por-moho-que-presta-servicios\/\" \/>\n<meta property=\"og:locale\" content=\"es_ES\" \/>\n<meta property=\"og:type\" content=\"article\" \/>\n<meta property=\"og:title\" content=\"Abogado en da\u00f1os por moho en el sureste de Florida - EC Law\" \/>\n<meta property=\"og:description\" content=\"Enfrentando da\u00f1os por moho en Florida? Nuestro equipo legal experto lo asiste en presentar reclamaciones de seguros para una recuperaci\u00f3n justa y eficiente.\" \/>\n<meta property=\"og:url\" content=\"https:\/\/eclawcounsel.com\/es\/danos-por-moho-que-presta-servicios\/\" \/>\n<meta property=\"og:site_name\" content=\"EC Law Counsel\" \/>\n<meta property=\"article:modified_time\" content=\"2025-09-17T06:37:37+00:00\" \/>\n<meta name=\"twitter:card\" content=\"summary_large_image\" \/>\n<meta name=\"twitter:label1\" content=\"Est. reading time\" \/>\n\t<meta name=\"twitter:data1\" content=\"4 minutos\" \/>\n<!-- \/ Yoast SEO plugin. -->","yoast_head_json":{"title":"Abogado en da\u00f1os por moho en el sureste de Florida - EC Law","description":"Enfrentando da\u00f1os por moho en Florida? Nuestro equipo legal experto lo asiste en presentar reclamaciones de seguros para una recuperaci\u00f3n justa y eficiente.","robots":{"index":"index","follow":"follow","max-snippet":"max-snippet:-1","max-image-preview":"max-image-preview:large","max-video-preview":"max-video-preview:-1"},"canonical":"https:\/\/eclawcounsel.com\/es\/danos-por-moho-que-presta-servicios\/","og_locale":"es_ES","og_type":"article","og_title":"Abogado en da\u00f1os por moho en el sureste de Florida - EC Law","og_description":"Enfrentando da\u00f1os por moho en Florida? Nuestro equipo legal experto lo asiste en presentar reclamaciones de seguros para una recuperaci\u00f3n justa y eficiente.","og_url":"https:\/\/eclawcounsel.com\/es\/danos-por-moho-que-presta-servicios\/","og_site_name":"EC Law Counsel","article_modified_time":"2025-09-17T06:37:37+00:00","twitter_card":"summary_large_image","twitter_misc":{"Est. reading time":"4 minutos"},"schema":{"@context":"https:\/\/schema.org","@graph":[{"@type":"WebPage","@id":"https:\/\/eclawcounsel.com\/es\/danos-por-moho-que-presta-servicios\/","url":"https:\/\/eclawcounsel.com\/es\/danos-por-moho-que-presta-servicios\/","name":"Abogado en da\u00f1os por moho en el sureste de Florida - EC Law","isPartOf":{"@id":"https:\/\/eclawcounsel.com\/es\/#website"},"datePublished":"2025-07-14T13:15:30+00:00","dateModified":"2025-09-17T06:37:37+00:00","description":"Enfrentando da\u00f1os por moho en Florida? Nuestro equipo legal experto lo asiste en presentar reclamaciones de seguros para una recuperaci\u00f3n justa y eficiente.","breadcrumb":{"@id":"https:\/\/eclawcounsel.com\/es\/danos-por-moho-que-presta-servicios\/#breadcrumb"},"inLanguage":"es","potentialAction":[{"@type":"ReadAction","target":["https:\/\/eclawcounsel.com\/es\/danos-por-moho-que-presta-servicios\/"]}]},{"@type":"BreadcrumbList","@id":"https:\/\/eclawcounsel.com\/es\/danos-por-moho-que-presta-servicios\/#breadcrumb","itemListElement":[{"@type":"ListItem","position":1,"name":"Home","item":"https:\/\/eclawcounsel.com\/es\/"},{"@type":"ListItem","position":2,"name":"Experienced Mold Damage Lawyer Serving Florida"}]},{"@type":"WebSite","@id":"https:\/\/eclawcounsel.com\/es\/#website","url":"https:\/\/eclawcounsel.com\/es\/","name":"EC Law Counsel","description":"","publisher":{"@id":"https:\/\/eclawcounsel.com\/es\/#organization"},"potentialAction":[{"@type":"SearchAction","target":{"@type":"EntryPoint","urlTemplate":"https:\/\/eclawcounsel.com\/es\/?s={search_term_string}"},"query-input":{"@type":"PropertyValueSpecification","valueRequired":true,"valueName":"search_term_string"}}],"inLanguage":"es"},{"@type":"Organization","@id":"https:\/\/eclawcounsel.com\/es\/#organization","name":"EC Law Counsel","url":"https:\/\/eclawcounsel.com\/es\/","logo":{"@type":"ImageObject","inLanguage":"es","@id":"https:\/\/eclawcounsel.com\/es\/#\/schema\/logo\/image\/","url":"https:\/\/eclawcounsel.com\/wp-content\/uploads\/2025\/06\/eclawcounsel-logo.svg","contentUrl":"https:\/\/eclawcounsel.com\/wp-content\/uploads\/2025\/06\/eclawcounsel-logo.svg","width":196,"height":61,"caption":"EC Law Counsel"},"image":{"@id":"https:\/\/eclawcounsel.com\/es\/#\/schema\/logo\/image\/"}}]}},"_links":{"self":[{"href":"https:\/\/eclawcounsel.com\/es\/wp-json\/wp\/v2\/pages\/1110","targetHints":{"allow":["GET"]}}],"collection":[{"href":"https:\/\/eclawcounsel.com\/es\/wp-json\/wp\/v2\/pages"}],"about":[{"href":"https:\/\/eclawcounsel.com\/es\/wp-json\/wp\/v2\/types\/page"}],"author":[{"embeddable":true,"href":"https:\/\/eclawcounsel.com\/es\/wp-json\/wp\/v2\/users\/2"}],"replies":[{"embeddable":true,"href":"https:\/\/eclawcounsel.com\/es\/wp-json\/wp\/v2\/comments?post=1110"}],"version-history":[{"count":0,"href":"https:\/\/eclawcounsel.com\/es\/wp-json\/wp\/v2\/pages\/1110\/revisions"}],"wp:attachment":[{"href":"https:\/\/eclawcounsel.com\/es\/wp-json\/wp\/v2\/media?parent=1110"}],"curies":[{"name":"wp","href":"https:\/\/api.w.org\/{rel}","templated":true}]}}