{"id":1112,"date":"2025-07-14T13:24:44","date_gmt":"2025-07-14T13:24:44","guid":{"rendered":"https:\/\/eclawcounsel.com\/personal-property-damage-lawyer\/"},"modified":"2025-09-17T06:35:25","modified_gmt":"2025-09-17T06:35:25","slug":"danos-a-la-propiedad-personal","status":"publish","type":"page","link":"https:\/\/eclawcounsel.com\/es\/danos-a-la-propiedad-personal\/","title":{"rendered":"Personal Property Damage Lawyer"},"content":{"rendered":"<p>Los da\u00f1os por agua son t\u00edpicos del clima h\u00famedo y propenso a huracanes de Florida. Si su casa sufre da\u00f1os a la propiedad debido a una tormenta, inundaci\u00f3n, o incluso un robo, puede presentar una demanda por da\u00f1os a la propiedad personal a su compa\u00f1\u00eda de seguros para cubrir los da\u00f1os.<\/p>\n<p>Estas demandas pueden ser complejas, as\u00ed que p\u00f3ngase en contacto con un abogado especializado en da\u00f1os a la propiedad de la Asesor\u00eda Jur\u00eddica EC. Con m\u00e1s de una d\u00e9cada de experiencia en demandas de seguros de propiedad personal, le apoyaremos y lucharemos por usted durante todo el proceso.<\/p>\n<p>Ll\u00e1menos hoy al <a href=\"tel:954-861-0833\">954-861-0833<\/a> para hablar con un abogado con experiencia en da\u00f1os a la propiedad personal de Florida en la Asesor\u00eda Jur\u00eddica EC.<\/p>\n<h2>Tipos comunes de da\u00f1os a la propiedad en el sureste y suroeste de Florida<\/h2>\n<p>Los tipos m\u00e1s comunes de da\u00f1os a la propiedad personal en el sureste y suroeste de Florida incluyen los siguientes:<\/p>\n<ul>\n<li>Da\u00f1os por agua: Los da\u00f1os por agua son una causa com\u00fan de demandas por da\u00f1os a la propiedad personal, a menudo como resultado de tuber\u00edas rotas, electrodom\u00e9sticos con fugas o desastres naturales como inundaciones o tormentas.<\/li>\n<li>Da\u00f1os por incendios: los da\u00f1os por incendios pueden ser devastadores y, a menudo, resultan en demandas por el reemplazo o reparaci\u00f3n de los bienes personales que fue destruidos o da\u00f1ados en un incendio.<\/li>\n<li>Robo: El robo es otra causa com\u00fan de demandas por da\u00f1os a la propiedad personal y puede ocurrir por robo o hurto. Dependiendo de la p\u00f3liza, las demandas por robo pueden cubrir los objetos robados y cualquier da\u00f1o causado por los ladrones.<\/li>\n<li>Vandalismo: El vandalismo, como pintadas o ventanas rotas, puede causar da\u00f1os a la propiedad personal y puede estar cubierto por p\u00f3lizas de seguro del hogar espec\u00edficas.<\/li>\n<li>Da\u00f1os por viento y granizo: los da\u00f1os causados por viento y granizo, como ventanas rotas o da\u00f1os en el techo, tambi\u00e9n pueden dar lugar a demandas por da\u00f1os a la propiedad personal.<\/li>\n<\/ul>\n<p>Si usted est\u00e1 encontrando resistencia por parte de su compa\u00f1\u00eda de seguros, un abogado con experiencia en da\u00f1os a la propiedad personal de la Asesor\u00eda Jur\u00eddica EC puede ayudarle.<\/p>\n<h2>Pasos por seguir tras sufrir da\u00f1os a la propiedad personal en el sureste y suroeste de Florida<\/h2>\n<p>Las p\u00f3lizas de seguro difieren, pero algunos de los pasos m\u00e1s comunes a seguir tras sufrir da\u00f1os a la propiedad son los siguientes:<\/p>\n<ul>\n<li>Informes: Todas las p\u00f3lizas requieren que los asegurados informen de los da\u00f1os a su aseguradora dentro de un plazo espec\u00edfico. Si no cumple el plazo, su aseguradora denegar\u00e1 su demanda.<\/li>\n<li>Mitigaci\u00f3n: Los asegurados deben tomar medidas razonables para limitar los da\u00f1os. Lo que constituye razonable var\u00eda seg\u00fan el siniestro, pero el prop\u00f3sito de este requisito es evitar da\u00f1os m\u00e1s graves.<\/li>\n<li>Prueba de las p\u00e9rdidas: Su demanda a la compa\u00f1\u00eda de seguros debe incluir una lista detallada de los da\u00f1os, firmada bajo pena de perjurio.<\/li>\n<\/ul>\n<p>En la Asesor\u00eda Jur\u00eddica EC, podemos ayudarle con estos pasos. Hemos atendido durante m\u00e1s de una d\u00e9cada a los residentes del sureste y suroeste de Florida con demandas por da\u00f1os a la propiedad.<\/p>\n<h2>Pasos a seguir si su aseguradora niega sus demandas a la compa\u00f1\u00eda de seguros por da\u00f1os personales<\/h2>\n<p>Si recibe una denegaci\u00f3n de la cobertura por da\u00f1os a la propiedad personal, un abogado con experiencia en demandas por da\u00f1os a la propiedad personal de la Asesor\u00eda Jur\u00eddica EC puede apelar o volver a presentar la demanda.<\/p>\n<p>Las razones m\u00e1s comunes para la denegaci\u00f3n de demandas por da\u00f1os a la propiedad personal incluyen las siguientes:<\/p>\n<ul>\n<li>Plazo incumplido: Usted debe presentar una demanda por da\u00f1os a la propiedad dentro de un plazo espec\u00edfico.<\/li>\n<li>Falta de cobertura: Es posible que su p\u00f3liza no cubra los da\u00f1os materiales personales sufridos.<\/li>\n<li>Pagos atrasados: una aseguradora negar\u00e1 la cobertura si no paga sus primas.<\/li>\n<li>Falta de pruebas: Su aseguradora puede negar su demanda porque usted proporcion\u00f3 pruebas insuficientes para apoyarla.<\/li>\n<\/ul>\n<p>La Asesor\u00eda Jur\u00eddica EC tiene m\u00e1s de una d\u00e9cada de experiencia en el manejo de demandas por da\u00f1os a la propiedad personal en el sureste y suroeste de Florida. Si su aseguradora rechaz\u00f3 su demanda, p\u00f3ngase en contacto con nosotros hoy para una evaluaci\u00f3n de su caso.<\/p>\n<p>P\u00f3ngase en contacto con un abogado con experiencia en da\u00f1os a la propiedad personal de Florida en la Asesor\u00eda Jur\u00eddica EC.<\/p>\n<p>Presentar una demanda por da\u00f1os a la propiedad personal a su compa\u00f1\u00eda de seguros puede ser un proceso confuso. Ponga nuestra experiencia a trabajar para usted. La Asesor\u00eda Jur\u00eddica EC atiende en todo el sur de la Florida en demandas por da\u00f1os a la propiedad privada.<\/p>\n<p>Llame hoy para hablar con un abogado con experiencia en da\u00f1os a la propiedad personal al <a href=\"tel:954-861-0833\">954-861-0833<\/a>.<\/p>\n","protected":false},"excerpt":{"rendered":"<p>Los da\u00f1os por agua son t\u00edpicos del clima h\u00famedo y propenso a huracanes de Florida. Si su casa sufre da\u00f1os a la propiedad debido a una tormenta, inundaci\u00f3n, o incluso un robo, puede presentar una demanda por da\u00f1os a la propiedad personal a su compa\u00f1\u00eda de seguros para cubrir los da\u00f1os. Estas demandas pueden ser [&hellip;]<\/p>\n","protected":false},"author":2,"featured_media":1114,"parent":0,"menu_order":0,"comment_status":"closed","ping_status":"closed","template":"page-templates\/services-template.php","meta":{"_acf_changed":false,"inline_featured_image":false,"footnotes":""},"class_list":["post-1112","page","type-page","status-publish","has-post-thumbnail","hentry"],"acf":[],"yoast_head":"<!-- This site is optimized with the Yoast SEO plugin v27.3 - https:\/\/yoast.com\/product\/yoast-seo-wordpress\/ -->\n<title>Personal Property Damage Lawyer - EC Law Counsel<\/title>\n<meta name=\"description\" content=\"\u00bfDa\u00f1os a su propiedad personal en Florida? Nuestros abogados expertos lo asisten en reclamaciones de seguros para obtener la compensaci\u00f3n que merece.\" \/>\n<meta name=\"robots\" content=\"index, follow, max-snippet:-1, max-image-preview:large, max-video-preview:-1\" \/>\n<link rel=\"canonical\" href=\"https:\/\/eclawcounsel.com\/es\/danos-a-la-propiedad-personal\/\" \/>\n<meta property=\"og:locale\" content=\"es_ES\" \/>\n<meta property=\"og:type\" content=\"article\" \/>\n<meta property=\"og:title\" content=\"Personal Property Damage Lawyer - EC Law Counsel\" \/>\n<meta property=\"og:description\" content=\"\u00bfDa\u00f1os a su propiedad personal en Florida? Nuestros abogados expertos lo asisten en reclamaciones de seguros para obtener la compensaci\u00f3n que merece.\" \/>\n<meta property=\"og:url\" content=\"https:\/\/eclawcounsel.com\/es\/danos-a-la-propiedad-personal\/\" \/>\n<meta property=\"og:site_name\" content=\"EC Law Counsel\" \/>\n<meta property=\"article:modified_time\" content=\"2025-09-17T06:35:25+00:00\" \/>\n<meta property=\"og:image\" content=\"https:\/\/eclawcounsel.com\/wp-content\/uploads\/2025\/07\/falling-tree-after-hard-storm-on-damage-house-personal-property-damange-ec-law-counsel.jpg\" \/>\n\t<meta property=\"og:image:width\" content=\"1200\" \/>\n\t<meta property=\"og:image:height\" content=\"800\" \/>\n\t<meta property=\"og:image:type\" content=\"image\/jpeg\" \/>\n<meta name=\"twitter:card\" content=\"summary_large_image\" \/>\n<meta name=\"twitter:label1\" content=\"Est. reading time\" \/>\n\t<meta name=\"twitter:data1\" content=\"4 minutos\" \/>\n<!-- \/ Yoast SEO plugin. -->","yoast_head_json":{"title":"Personal Property Damage Lawyer - EC Law Counsel","description":"\u00bfDa\u00f1os a su propiedad personal en Florida? Nuestros abogados expertos lo asisten en reclamaciones de seguros para obtener la compensaci\u00f3n que merece.","robots":{"index":"index","follow":"follow","max-snippet":"max-snippet:-1","max-image-preview":"max-image-preview:large","max-video-preview":"max-video-preview:-1"},"canonical":"https:\/\/eclawcounsel.com\/es\/danos-a-la-propiedad-personal\/","og_locale":"es_ES","og_type":"article","og_title":"Personal Property Damage Lawyer - EC Law Counsel","og_description":"\u00bfDa\u00f1os a su propiedad personal en Florida? Nuestros abogados expertos lo asisten en reclamaciones de seguros para obtener la compensaci\u00f3n que merece.","og_url":"https:\/\/eclawcounsel.com\/es\/danos-a-la-propiedad-personal\/","og_site_name":"EC Law Counsel","article_modified_time":"2025-09-17T06:35:25+00:00","og_image":[{"width":1200,"height":800,"url":"https:\/\/eclawcounsel.com\/wp-content\/uploads\/2025\/07\/falling-tree-after-hard-storm-on-damage-house-personal-property-damange-ec-law-counsel.jpg","type":"image\/jpeg"}],"twitter_card":"summary_large_image","twitter_misc":{"Est. reading time":"4 minutos"},"schema":{"@context":"https:\/\/schema.org","@graph":[{"@type":"WebPage","@id":"https:\/\/eclawcounsel.com\/es\/danos-a-la-propiedad-personal\/","url":"https:\/\/eclawcounsel.com\/es\/danos-a-la-propiedad-personal\/","name":"Personal Property Damage Lawyer - EC Law Counsel","isPartOf":{"@id":"https:\/\/eclawcounsel.com\/es\/#website"},"primaryImageOfPage":{"@id":"https:\/\/eclawcounsel.com\/es\/danos-a-la-propiedad-personal\/#primaryimage"},"image":{"@id":"https:\/\/eclawcounsel.com\/es\/danos-a-la-propiedad-personal\/#primaryimage"},"thumbnailUrl":"https:\/\/eclawcounsel.com\/wp-content\/uploads\/2025\/07\/falling-tree-after-hard-storm-on-damage-house-personal-property-damange-ec-law-counsel.jpg","datePublished":"2025-07-14T13:24:44+00:00","dateModified":"2025-09-17T06:35:25+00:00","description":"\u00bfDa\u00f1os a su propiedad personal en Florida? Nuestros abogados expertos lo asisten en reclamaciones de seguros para obtener la compensaci\u00f3n que merece.","breadcrumb":{"@id":"https:\/\/eclawcounsel.com\/es\/danos-a-la-propiedad-personal\/#breadcrumb"},"inLanguage":"es","potentialAction":[{"@type":"ReadAction","target":["https:\/\/eclawcounsel.com\/es\/danos-a-la-propiedad-personal\/"]}]},{"@type":"ImageObject","inLanguage":"es","@id":"https:\/\/eclawcounsel.com\/es\/danos-a-la-propiedad-personal\/#primaryimage","url":"https:\/\/eclawcounsel.com\/wp-content\/uploads\/2025\/07\/falling-tree-after-hard-storm-on-damage-house-personal-property-damange-ec-law-counsel.jpg","contentUrl":"https:\/\/eclawcounsel.com\/wp-content\/uploads\/2025\/07\/falling-tree-after-hard-storm-on-damage-house-personal-property-damange-ec-law-counsel.jpg","width":1200,"height":800,"caption":"personal property damange falling tree after hard storm on damage house ec law counsel"},{"@type":"BreadcrumbList","@id":"https:\/\/eclawcounsel.com\/es\/danos-a-la-propiedad-personal\/#breadcrumb","itemListElement":[{"@type":"ListItem","position":1,"name":"Home","item":"https:\/\/eclawcounsel.com\/es\/"},{"@type":"ListItem","position":2,"name":"Personal Property Damage Lawyer"}]},{"@type":"WebSite","@id":"https:\/\/eclawcounsel.com\/es\/#website","url":"https:\/\/eclawcounsel.com\/es\/","name":"EC Law Counsel","description":"","publisher":{"@id":"https:\/\/eclawcounsel.com\/es\/#organization"},"potentialAction":[{"@type":"SearchAction","target":{"@type":"EntryPoint","urlTemplate":"https:\/\/eclawcounsel.com\/es\/?s={search_term_string}"},"query-input":{"@type":"PropertyValueSpecification","valueRequired":true,"valueName":"search_term_string"}}],"inLanguage":"es"},{"@type":"Organization","@id":"https:\/\/eclawcounsel.com\/es\/#organization","name":"EC Law Counsel","url":"https:\/\/eclawcounsel.com\/es\/","logo":{"@type":"ImageObject","inLanguage":"es","@id":"https:\/\/eclawcounsel.com\/es\/#\/schema\/logo\/image\/","url":"https:\/\/eclawcounsel.com\/wp-content\/uploads\/2025\/06\/eclawcounsel-logo.svg","contentUrl":"https:\/\/eclawcounsel.com\/wp-content\/uploads\/2025\/06\/eclawcounsel-logo.svg","width":196,"height":61,"caption":"EC Law Counsel"},"image":{"@id":"https:\/\/eclawcounsel.com\/es\/#\/schema\/logo\/image\/"}}]}},"_links":{"self":[{"href":"https:\/\/eclawcounsel.com\/es\/wp-json\/wp\/v2\/pages\/1112","targetHints":{"allow":["GET"]}}],"collection":[{"href":"https:\/\/eclawcounsel.com\/es\/wp-json\/wp\/v2\/pages"}],"about":[{"href":"https:\/\/eclawcounsel.com\/es\/wp-json\/wp\/v2\/types\/page"}],"author":[{"embeddable":true,"href":"https:\/\/eclawcounsel.com\/es\/wp-json\/wp\/v2\/users\/2"}],"replies":[{"embeddable":true,"href":"https:\/\/eclawcounsel.com\/es\/wp-json\/wp\/v2\/comments?post=1112"}],"version-history":[{"count":0,"href":"https:\/\/eclawcounsel.com\/es\/wp-json\/wp\/v2\/pages\/1112\/revisions"}],"wp:featuredmedia":[{"embeddable":true,"href":"https:\/\/eclawcounsel.com\/es\/wp-json\/wp\/v2\/media\/1114"}],"wp:attachment":[{"href":"https:\/\/eclawcounsel.com\/es\/wp-json\/wp\/v2\/media?parent=1112"}],"curies":[{"name":"wp","href":"https:\/\/api.w.org\/{rel}","templated":true}]}}