{"id":1118,"date":"2025-07-14T13:33:42","date_gmt":"2025-07-14T13:33:42","guid":{"rendered":"https:\/\/eclawcounsel.com\/plumbing-leaks-lawyer\/"},"modified":"2025-09-12T16:28:26","modified_gmt":"2025-09-12T16:28:26","slug":"abogado-especialista-en-filtraciones-en-la-fontaneria","status":"publish","type":"page","link":"https:\/\/eclawcounsel.com\/es\/abogado-especialista-en-filtraciones-en-la-fontaneria\/","title":{"rendered":"Plumbing Leaks Lawyer"},"content":{"rendered":"<p>Una ca\u00f1er\u00eda con filtraciones no es s\u00f3lo la molestia del goteo continuo, sino que puede causar da\u00f1os importantes a la propiedad cuya reparaci\u00f3n cuesta miles de d\u00f3lares. Si las filtraciones de la fontaner\u00eda da\u00f1an su casa en el sur de la Florida, usted necesita un abogado con experiencia en filtraciones de fontaner\u00eda de su lado. La Asesor\u00eda Jur\u00eddica tiene m\u00e1s de una d\u00e9cada de experiencia en el manejo de demandas a las compa\u00f1\u00edas de seguros, incluidas las demandas por da\u00f1os causados por el agua. Si su aseguradora subvalor\u00f3 o deneg\u00f3 sus demandas a la propiedad, la Asesor\u00eda Jur\u00eddica EC luchar\u00e1 por usted.<\/p>\n<p>Ll\u00e1menos al <a href=\"tel:954-861-0833\">954-861-0833<\/a> para hablar con un abogado con experiencia en filtraciones de fontaner\u00eda de la Asesor\u00eda Jur\u00eddica EC.<\/p>\n<h2>Filtraciones de la fontaner\u00eda que puede cubrir su p\u00f3liza del seguro<\/h2>\n<p>Las p\u00f3lizas de seguros var\u00edan, por lo que el primer paso es determinar si su p\u00f3liza cubre las filtraciones de fontaner\u00eda y los da\u00f1os. En general, sus p\u00f3lizas cubrir\u00e1n lo siguiente:<\/p>\n<ul>\n<li>Filtraciones de fontaner\u00eda<\/li>\n<li>Filtraciones de tuber\u00edas<\/li>\n<li>Rotura de tuber\u00edas<\/li>\n<li>Sistemas de fontaner\u00eda defectuosos<\/li>\n<li>P\u00e9rdidas en el calentador de agua<\/li>\n<li>Atascos en las alcantarillas<\/li>\n<li>Moho<\/li>\n<\/ul>\n<p>Nuestros experimentados abogados en filtraciones de la fontaner\u00eda en la Asesor\u00eda Jur\u00eddica EC pueden revisar su p\u00f3liza para determinar si su da\u00f1o est\u00e1 cubierto. Tenemos una d\u00e9cada de experiencia en el manejo de demandas por da\u00f1os a la propiedad personal en el sureste y suroeste de Florida, incluyendo demandas por da\u00f1os causados por el agua.<\/p>\n<h2>Pasos a seguir despu\u00e9s de da\u00f1os filtraciones en la fontaner\u00eda en el sureste y suroeste de Florida<\/h2>\n<p>Es probable que su p\u00f3liza de seguro le imponga requisitos espec\u00edficos despu\u00e9s de sufrir da\u00f1os en su casa debido filtraciones de la fontaner\u00eda. Estos requisitos suelen incluir lo siguiente:<\/p>\n<ul>\n<li><b>Debe tomar medidas para evitar da\u00f1os mayores. <\/b>Estos pasos incluyen cerrar el agua hasta que los profesionales completen las reparaciones necesarias. Los \u00abpasos necesarios\u00bb para evitar m\u00e1s da\u00f1os var\u00edan, as\u00ed que deje que nuestros abogados especialistas en filtraciones en la fontaner\u00eda le gu\u00eden para minimizar los da\u00f1os y aumentar las posibilidades de \u00e9xito de su demanda a la compa\u00f1\u00eda de seguros<\/li>\n<li><b>Tiene que informar de inmediato el da\u00f1o a su aseguradora <\/b>mediante la presentaci\u00f3n de una demanda a la compa\u00f1\u00eda de seguros. Vuelva a verificar los t\u00e9rminos de su p\u00f3liza, ya que incluir\u00e1 una fecha l\u00edmite antes de la cual debe notificar a su aseguradora.<\/li>\n<li><b>Debe detallar sus da\u00f1os para la compa\u00f1\u00eda de seguros.<\/b><\/li>\n<\/ul>\n<p>Con m\u00e1s de una d\u00e9cada de experiencia en el manejo de demandas a las compa\u00f1\u00edas de seguros en el sur de la Florida, un abogado con experiencia en filtraciones de la fontaner\u00eda de la Asesor\u00eda Jur\u00eddica EC puede guiarle a trav\u00e9s de este proceso.<br \/>\n<b><\/b><\/p>\n<h2>Qu\u00e9 hacer si su aseguradora le niega la demanda<\/h2>\n<p>Si su compa\u00f1\u00eda de seguros le niega su demanda por da\u00f1os a la propiedad o le ofrece una oferta de acuerdo insatisfactoria, hable con un abogado con experiencia en demandas por filtraciones de fontaner\u00eda en la Asesor\u00eda Jur\u00eddica EC. Hemos pasado m\u00e1s de una d\u00e9cada ayudando a los residentes de Florida con demandas a compa\u00f1\u00edas de seguros.<\/p>\n<p>Nuestro equipo especializado y experimentado se mover\u00e1 r\u00e1pidamente para construir su caso:<\/p>\n<ul>\n<li>Documentando los da\u00f1os<\/li>\n<li>Recopilando las pruebas para apoyar su demanda<\/li>\n<li>Ayudando con la presentaci\u00f3n de su demanda para garantizar el cumplimiento<\/li>\n<li>Negociando un acuerdo con su aseguradora<\/li>\n<li>Llevando a su aseguradora a los tribunales si es necesario<\/li>\n<li>Protegiendo sus derechos<\/li>\n<\/ul>\n<p>Usted no tiene que luchar solo contra la compa\u00f1\u00eda de seguros. La Asesor\u00eda Jur\u00eddica EC est\u00e1 de su lado.<\/p>\n<h2>P\u00f3ngase en contacto con un abogado con experiencia en da\u00f1os a la propiedad personal en Florida en la Asesor\u00eda Jur\u00eddica EC<\/h2>\n<p>Negociar con su compa\u00f1\u00eda de seguros sobre demandas por da\u00f1os a la propiedad puede ser frustrante y confuso. Nuestra experiencia atendiendo a los residentes del sureste y suroeste de Florida con sus demandas a las compa\u00f1\u00edas de seguros significa que estamos disponibles para responder todas sus preguntas, brindarle apoyo y asegurarnos de que reciba la m\u00e1xima indemnizaci\u00f3n.<\/p>\n<p>Ll\u00e1menos hoy para hablar con un abogado con experiencia en filtraciones de la fontaner\u00eda de la asesor\u00eda Jur\u00eddica EC al <a href=\"tel:954-861-0833\">954-861-0833<\/a>.<\/p>\n","protected":false},"excerpt":{"rendered":"<p>Una ca\u00f1er\u00eda con filtraciones no es s\u00f3lo la molestia del goteo continuo, sino que puede causar da\u00f1os importantes a la propiedad cuya reparaci\u00f3n cuesta miles de d\u00f3lares. Si las filtraciones de la fontaner\u00eda da\u00f1an su casa en el sur de la Florida, usted necesita un abogado con experiencia en filtraciones de fontaner\u00eda de su lado. [&hellip;]<\/p>\n","protected":false},"author":2,"featured_media":0,"parent":0,"menu_order":0,"comment_status":"closed","ping_status":"closed","template":"page-templates\/services-template.php","meta":{"_acf_changed":false,"inline_featured_image":false,"footnotes":""},"class_list":["post-1118","page","type-page","status-publish","hentry"],"acf":[],"yoast_head":"<!-- This site is optimized with the Yoast SEO plugin v27.3 - https:\/\/yoast.com\/product\/yoast-seo-wordpress\/ -->\n<title>Plumbing Leaks Lawyer - EC Law Counsel<\/title>\n<meta name=\"description\" content=\"Proteja su hogar de los da\u00f1os por filtraciones de fontaner\u00eda. EC Law Counsel ofrece asesor\u00eda legal experta en el sur de Florida para maximizar su reclamo de seguro.\" \/>\n<meta name=\"robots\" content=\"index, follow, max-snippet:-1, max-image-preview:large, max-video-preview:-1\" \/>\n<link rel=\"canonical\" href=\"https:\/\/eclawcounsel.com\/es\/abogado-especialista-en-filtraciones-en-la-fontaneria\/\" \/>\n<meta property=\"og:locale\" content=\"es_ES\" \/>\n<meta property=\"og:type\" content=\"article\" \/>\n<meta property=\"og:title\" content=\"Plumbing Leaks Lawyer - EC Law Counsel\" \/>\n<meta property=\"og:description\" content=\"Proteja su hogar de los da\u00f1os por filtraciones de fontaner\u00eda. EC Law Counsel ofrece asesor\u00eda legal experta en el sur de Florida para maximizar su reclamo de seguro.\" \/>\n<meta property=\"og:url\" content=\"https:\/\/eclawcounsel.com\/es\/abogado-especialista-en-filtraciones-en-la-fontaneria\/\" \/>\n<meta property=\"og:site_name\" content=\"EC Law Counsel\" \/>\n<meta property=\"article:modified_time\" content=\"2025-09-12T16:28:26+00:00\" \/>\n<meta name=\"twitter:card\" content=\"summary_large_image\" \/>\n<meta name=\"twitter:label1\" content=\"Est. reading time\" \/>\n\t<meta name=\"twitter:data1\" content=\"3 minutos\" \/>\n<!-- \/ Yoast SEO plugin. -->","yoast_head_json":{"title":"Plumbing Leaks Lawyer - EC Law Counsel","description":"Proteja su hogar de los da\u00f1os por filtraciones de fontaner\u00eda. EC Law Counsel ofrece asesor\u00eda legal experta en el sur de Florida para maximizar su reclamo de seguro.","robots":{"index":"index","follow":"follow","max-snippet":"max-snippet:-1","max-image-preview":"max-image-preview:large","max-video-preview":"max-video-preview:-1"},"canonical":"https:\/\/eclawcounsel.com\/es\/abogado-especialista-en-filtraciones-en-la-fontaneria\/","og_locale":"es_ES","og_type":"article","og_title":"Plumbing Leaks Lawyer - EC Law Counsel","og_description":"Proteja su hogar de los da\u00f1os por filtraciones de fontaner\u00eda. EC Law Counsel ofrece asesor\u00eda legal experta en el sur de Florida para maximizar su reclamo de seguro.","og_url":"https:\/\/eclawcounsel.com\/es\/abogado-especialista-en-filtraciones-en-la-fontaneria\/","og_site_name":"EC Law Counsel","article_modified_time":"2025-09-12T16:28:26+00:00","twitter_card":"summary_large_image","twitter_misc":{"Est. reading time":"3 minutos"},"schema":{"@context":"https:\/\/schema.org","@graph":[{"@type":"WebPage","@id":"https:\/\/eclawcounsel.com\/es\/abogado-especialista-en-filtraciones-en-la-fontaneria\/","url":"https:\/\/eclawcounsel.com\/es\/abogado-especialista-en-filtraciones-en-la-fontaneria\/","name":"Plumbing Leaks Lawyer - EC Law Counsel","isPartOf":{"@id":"https:\/\/eclawcounsel.com\/es\/#website"},"datePublished":"2025-07-14T13:33:42+00:00","dateModified":"2025-09-12T16:28:26+00:00","description":"Proteja su hogar de los da\u00f1os por filtraciones de fontaner\u00eda. EC Law Counsel ofrece asesor\u00eda legal experta en el sur de Florida para maximizar su reclamo de seguro.","breadcrumb":{"@id":"https:\/\/eclawcounsel.com\/es\/abogado-especialista-en-filtraciones-en-la-fontaneria\/#breadcrumb"},"inLanguage":"es","potentialAction":[{"@type":"ReadAction","target":["https:\/\/eclawcounsel.com\/es\/abogado-especialista-en-filtraciones-en-la-fontaneria\/"]}]},{"@type":"BreadcrumbList","@id":"https:\/\/eclawcounsel.com\/es\/abogado-especialista-en-filtraciones-en-la-fontaneria\/#breadcrumb","itemListElement":[{"@type":"ListItem","position":1,"name":"Home","item":"https:\/\/eclawcounsel.com\/es\/"},{"@type":"ListItem","position":2,"name":"Plumbing Leaks Lawyer"}]},{"@type":"WebSite","@id":"https:\/\/eclawcounsel.com\/es\/#website","url":"https:\/\/eclawcounsel.com\/es\/","name":"EC Law Counsel","description":"","publisher":{"@id":"https:\/\/eclawcounsel.com\/es\/#organization"},"potentialAction":[{"@type":"SearchAction","target":{"@type":"EntryPoint","urlTemplate":"https:\/\/eclawcounsel.com\/es\/?s={search_term_string}"},"query-input":{"@type":"PropertyValueSpecification","valueRequired":true,"valueName":"search_term_string"}}],"inLanguage":"es"},{"@type":"Organization","@id":"https:\/\/eclawcounsel.com\/es\/#organization","name":"EC Law Counsel","url":"https:\/\/eclawcounsel.com\/es\/","logo":{"@type":"ImageObject","inLanguage":"es","@id":"https:\/\/eclawcounsel.com\/es\/#\/schema\/logo\/image\/","url":"https:\/\/eclawcounsel.com\/wp-content\/uploads\/2025\/06\/eclawcounsel-logo.svg","contentUrl":"https:\/\/eclawcounsel.com\/wp-content\/uploads\/2025\/06\/eclawcounsel-logo.svg","width":196,"height":61,"caption":"EC Law Counsel"},"image":{"@id":"https:\/\/eclawcounsel.com\/es\/#\/schema\/logo\/image\/"}}]}},"_links":{"self":[{"href":"https:\/\/eclawcounsel.com\/es\/wp-json\/wp\/v2\/pages\/1118","targetHints":{"allow":["GET"]}}],"collection":[{"href":"https:\/\/eclawcounsel.com\/es\/wp-json\/wp\/v2\/pages"}],"about":[{"href":"https:\/\/eclawcounsel.com\/es\/wp-json\/wp\/v2\/types\/page"}],"author":[{"embeddable":true,"href":"https:\/\/eclawcounsel.com\/es\/wp-json\/wp\/v2\/users\/2"}],"replies":[{"embeddable":true,"href":"https:\/\/eclawcounsel.com\/es\/wp-json\/wp\/v2\/comments?post=1118"}],"version-history":[{"count":0,"href":"https:\/\/eclawcounsel.com\/es\/wp-json\/wp\/v2\/pages\/1118\/revisions"}],"wp:attachment":[{"href":"https:\/\/eclawcounsel.com\/es\/wp-json\/wp\/v2\/media?parent=1118"}],"curies":[{"name":"wp","href":"https:\/\/api.w.org\/{rel}","templated":true}]}}