{"id":1120,"date":"2025-07-14T13:35:28","date_gmt":"2025-07-14T13:35:28","guid":{"rendered":"https:\/\/eclawcounsel.com\/experienced-roof-damage-lawyer-in-southeast-and-southwest-florida\/"},"modified":"2025-09-12T08:41:34","modified_gmt":"2025-09-12T08:41:34","slug":"danos-a-techos-en-el-sureste-y-suroeste","status":"publish","type":"page","link":"https:\/\/eclawcounsel.com\/es\/danos-a-techos-en-el-sureste-y-suroeste\/","title":{"rendered":"Florida Roof Damage Lawyer"},"content":{"rendered":"<p>Si su casa sufri\u00f3 da\u00f1os en el techo, necesita un abogado con experiencia en da\u00f1os en el techo para examinar su demanda a la compa\u00f1\u00eda de seguros. Las compa\u00f1\u00edas de seguros pueden tratar de subestimar su demanda o minimizar su pago si usted no tiene apoyo legal y un equipo de expertos de su lado.<\/p>\n<p>En la Asesor\u00eda Jur\u00eddica EC, nuestro equipo especializado entiende las normas de seguros de propiedad y el proceso de la demanda. Por lo tanto, podemos proporcionarles a nuestros clientes orientaci\u00f3n experta y apoyo a lo largo de todo el proceso de las demandas, asegurando que reciban la indemnizaci\u00f3n m\u00e1xima a la que tienen derecho en virtud de su p\u00f3liza. Tenemos m\u00e1s de diez a\u00f1os de experiencia en el manejo de demandas por da\u00f1os en el techo para los residentes del sur de Florida.<\/p>\n<p>Comun\u00edquese con nosotros hoy mismo llamando al <a href=\"tel:954-861-0833\">954-861-0833<\/a> para hablar con un abogado experto en da\u00f1os al techo.<\/p>\n<h2>Da\u00f1os en el techo cubiertos por su compa\u00f1\u00eda de seguros<\/h2>\n<p>Su seguro a la propiedad cubrir\u00e1 los da\u00f1os en el techo que resulten de un incidente cubierto. Esto significa que su p\u00f3liza debe cubrir la causa del da\u00f1o a su techo.<\/p>\n<p>Los ejemplos de da\u00f1os en el techo que cubren la mayor\u00eda de las p\u00f3lizas de seguro incluyen los siguientes:<\/p>\n<ul>\n<li>Da\u00f1o por tormentas<\/li>\n<li>Da\u00f1os por vientos<\/li>\n<li>Da\u00f1os por granizo<\/li>\n<li>Da\u00f1os por tornados<\/li>\n<li>Da\u00f1os por huracanes<\/li>\n<li>Tormentas tropicales<\/li>\n<li>Da\u00f1o por ca\u00edda de \u00e1rboles<\/li>\n<\/ul>\n<p>Por el contrario, la mayor\u00eda de las p\u00f3lizas no incluyen cobertura para el desgaste diario. Un abogado con experiencia en da\u00f1os al techo de la Asesor\u00eda Jur\u00eddica EC puede guiarle a trav\u00e9s del proceso de la demanda y explicarle los da\u00f1os cubiertos y c\u00f3mo presentar a la compa\u00f1\u00eda de seguros las pruebas de los da\u00f1os.<\/p>\n<h2>Pasos por seguir tras sufrir da\u00f1os en el techo en el sur de Florida<\/h2>\n<p>Tras sufrir da\u00f1os en el techo, usted debe actuar con rapidez para proteger su vivienda y cumplir con su p\u00f3liza de seguro. Debe tomar las siguientes medidas:<\/p>\n<ul>\n<li>Documentar los da\u00f1os lo mejor que pueda con evidencia fotogr\u00e1fica.<\/li>\n<li>Atenuar los da\u00f1os adicionales: tome medidas razonables para limitar los da\u00f1os que podr\u00eda causar su techo comprometido. Estos pasos incluyen detener cualquier filtraci\u00f3n cubriendo el techo con lonas.<\/li>\n<\/ul>\n<p>La Asesor\u00eda Jur\u00eddica EC tiene m\u00e1s de una d\u00e9cada de experiencia trabajando con propietarios en el sur de Florida en sus demandas a las compa\u00f1\u00edas de seguros. Podemos guiarle a trav\u00e9s de este desafiante proceso y presentar a su compa\u00f1\u00eda de seguros una demanda detallada de todos los da\u00f1os.<\/p>\n<h2>Cuestiones a tener en cuenta en su demanda por da\u00f1os en el techo en el sureste y suroeste de Florida<\/h2>\n<p>Una demanda a la compa\u00f1\u00eda de seguros por da\u00f1os en el techo plantea problemas \u00fanicos relacionados con la causa de los da\u00f1os. En algunos casos, su compa\u00f1\u00eda de seguros no cubrir\u00e1 su p\u00e9rdida dependiendo de:<\/p>\n<ul>\n<li>Cualquier mantenimiento o reparaci\u00f3n anterior.<\/li>\n<li>Antig\u00fcedad y estado de su techo<\/li>\n<li>C\u00f3digos de construcci\u00f3n<\/li>\n<li>Cualquier da\u00f1o estructural preexistente en el techo<\/li>\n<\/ul>\n<p>Las compa\u00f1\u00edas de seguros no cubren los da\u00f1os materiales por el uso y desgaste normal. Puede ser dif\u00edcil determinar la causa precisa de los da\u00f1os a su techo, y su aseguradora puede negarle la cobertura sobre esta base.<\/p>\n<p>Para demostrar que su p\u00f3liza cubre los da\u00f1os en el techo, necesita la asistencia de un abogado con experiencia en da\u00f1os en el techo. La Asesor\u00eda Jur\u00eddica EC puede ayudarla a preparar su demanda.<\/p>\n<p>Comun\u00edquese con un abogado experimentado en da\u00f1os en el techo de Florida en la Asesor\u00eda Jur\u00eddica EC\u00a0<\/p>\n<p>Las demandas a las compa\u00f1\u00edas de seguros son particularmente dif\u00edciles de manejar solo, porque la aseguradora puede no tener en cuenta sus mejores intereses. Un abogado con experiencia en da\u00f1os al techo de la Asesor\u00eda Jur\u00eddica EC comprende el proceso de demanda y siempre tendr\u00e1 en mente sus mejores intereses. Podemos ayudarle con todos los aspectos de su demanda a la compa\u00f1\u00eda de seguros y negociar con su aseguradora.<\/p>\n<p>Comun\u00edquese hoy al <a href=\"tel:954-861-0833\">954-861-0833<\/a> para hablar con un abogado con experiencia en da\u00f1os al techo.<\/p>\n","protected":false},"excerpt":{"rendered":"<p>Si su casa sufri\u00f3 da\u00f1os en el techo, necesita un abogado con experiencia en da\u00f1os en el techo para examinar su demanda a la compa\u00f1\u00eda de seguros. Las compa\u00f1\u00edas de seguros pueden tratar de subestimar su demanda o minimizar su pago si usted no tiene apoyo legal y un equipo de expertos de su lado. [&hellip;]<\/p>\n","protected":false},"author":2,"featured_media":0,"parent":0,"menu_order":0,"comment_status":"closed","ping_status":"closed","template":"page-templates\/services-template.php","meta":{"_acf_changed":false,"inline_featured_image":false,"footnotes":""},"class_list":["post-1120","page","type-page","status-publish","hentry"],"acf":[],"yoast_head":"<!-- This site is optimized with the Yoast SEO plugin v27.4 - https:\/\/yoast.com\/product\/yoast-seo-wordpress\/ -->\n<title>Abogado en da\u00f1os a techos en el sureste de Florida - EC Law<\/title>\n<meta name=\"description\" content=\"Asesor\u00eda Jur\u00eddica EC: expertos en reclamaciones por da\u00f1os en techos en el sureste y suroeste de Florida. Obtenga la indemnizaci\u00f3n que merece.\" \/>\n<meta name=\"robots\" content=\"index, follow, max-snippet:-1, max-image-preview:large, max-video-preview:-1\" \/>\n<link rel=\"canonical\" href=\"https:\/\/eclawcounsel.com\/es\/danos-a-techos-en-el-sureste-y-suroeste\/\" \/>\n<meta property=\"og:locale\" content=\"es_ES\" \/>\n<meta property=\"og:type\" content=\"article\" \/>\n<meta property=\"og:title\" content=\"Abogado en da\u00f1os a techos en el sureste de Florida - EC Law\" \/>\n<meta property=\"og:description\" content=\"Asesor\u00eda Jur\u00eddica EC: expertos en reclamaciones por da\u00f1os en techos en el sureste y suroeste de Florida. Obtenga la indemnizaci\u00f3n que merece.\" \/>\n<meta property=\"og:url\" content=\"https:\/\/eclawcounsel.com\/es\/danos-a-techos-en-el-sureste-y-suroeste\/\" \/>\n<meta property=\"og:site_name\" content=\"EC Law Counsel\" \/>\n<meta property=\"article:modified_time\" content=\"2025-09-12T08:41:34+00:00\" \/>\n<meta name=\"twitter:card\" content=\"summary_large_image\" \/>\n<meta name=\"twitter:label1\" content=\"Est. reading time\" \/>\n\t<meta name=\"twitter:data1\" content=\"3 minutos\" \/>\n<!-- \/ Yoast SEO plugin. -->","yoast_head_json":{"title":"Abogado en da\u00f1os a techos en el sureste de Florida - EC Law","description":"Asesor\u00eda Jur\u00eddica EC: expertos en reclamaciones por da\u00f1os en techos en el sureste y suroeste de Florida. Obtenga la indemnizaci\u00f3n que merece.","robots":{"index":"index","follow":"follow","max-snippet":"max-snippet:-1","max-image-preview":"max-image-preview:large","max-video-preview":"max-video-preview:-1"},"canonical":"https:\/\/eclawcounsel.com\/es\/danos-a-techos-en-el-sureste-y-suroeste\/","og_locale":"es_ES","og_type":"article","og_title":"Abogado en da\u00f1os a techos en el sureste de Florida - EC Law","og_description":"Asesor\u00eda Jur\u00eddica EC: expertos en reclamaciones por da\u00f1os en techos en el sureste y suroeste de Florida. Obtenga la indemnizaci\u00f3n que merece.","og_url":"https:\/\/eclawcounsel.com\/es\/danos-a-techos-en-el-sureste-y-suroeste\/","og_site_name":"EC Law Counsel","article_modified_time":"2025-09-12T08:41:34+00:00","twitter_card":"summary_large_image","twitter_misc":{"Est. reading time":"3 minutos"},"schema":{"@context":"https:\/\/schema.org","@graph":[{"@type":"WebPage","@id":"https:\/\/eclawcounsel.com\/es\/danos-a-techos-en-el-sureste-y-suroeste\/","url":"https:\/\/eclawcounsel.com\/es\/danos-a-techos-en-el-sureste-y-suroeste\/","name":"Abogado en da\u00f1os a techos en el sureste de Florida - EC Law","isPartOf":{"@id":"https:\/\/eclawcounsel.com\/es\/#website"},"datePublished":"2025-07-14T13:35:28+00:00","dateModified":"2025-09-12T08:41:34+00:00","description":"Asesor\u00eda Jur\u00eddica EC: expertos en reclamaciones por da\u00f1os en techos en el sureste y suroeste de Florida. Obtenga la indemnizaci\u00f3n que merece.","breadcrumb":{"@id":"https:\/\/eclawcounsel.com\/es\/danos-a-techos-en-el-sureste-y-suroeste\/#breadcrumb"},"inLanguage":"es","potentialAction":[{"@type":"ReadAction","target":["https:\/\/eclawcounsel.com\/es\/danos-a-techos-en-el-sureste-y-suroeste\/"]}]},{"@type":"BreadcrumbList","@id":"https:\/\/eclawcounsel.com\/es\/danos-a-techos-en-el-sureste-y-suroeste\/#breadcrumb","itemListElement":[{"@type":"ListItem","position":1,"name":"Home","item":"https:\/\/eclawcounsel.com\/es\/"},{"@type":"ListItem","position":2,"name":"Florida Roof Damage Lawyer"}]},{"@type":"WebSite","@id":"https:\/\/eclawcounsel.com\/es\/#website","url":"https:\/\/eclawcounsel.com\/es\/","name":"EC Law Counsel","description":"","publisher":{"@id":"https:\/\/eclawcounsel.com\/es\/#organization"},"potentialAction":[{"@type":"SearchAction","target":{"@type":"EntryPoint","urlTemplate":"https:\/\/eclawcounsel.com\/es\/?s={search_term_string}"},"query-input":{"@type":"PropertyValueSpecification","valueRequired":true,"valueName":"search_term_string"}}],"inLanguage":"es"},{"@type":"Organization","@id":"https:\/\/eclawcounsel.com\/es\/#organization","name":"EC Law Counsel","url":"https:\/\/eclawcounsel.com\/es\/","logo":{"@type":"ImageObject","inLanguage":"es","@id":"https:\/\/eclawcounsel.com\/es\/#\/schema\/logo\/image\/","url":"https:\/\/eclawcounsel.com\/wp-content\/uploads\/2025\/06\/eclawcounsel-logo.svg","contentUrl":"https:\/\/eclawcounsel.com\/wp-content\/uploads\/2025\/06\/eclawcounsel-logo.svg","width":196,"height":61,"caption":"EC Law Counsel"},"image":{"@id":"https:\/\/eclawcounsel.com\/es\/#\/schema\/logo\/image\/"}}]}},"_links":{"self":[{"href":"https:\/\/eclawcounsel.com\/es\/wp-json\/wp\/v2\/pages\/1120","targetHints":{"allow":["GET"]}}],"collection":[{"href":"https:\/\/eclawcounsel.com\/es\/wp-json\/wp\/v2\/pages"}],"about":[{"href":"https:\/\/eclawcounsel.com\/es\/wp-json\/wp\/v2\/types\/page"}],"author":[{"embeddable":true,"href":"https:\/\/eclawcounsel.com\/es\/wp-json\/wp\/v2\/users\/2"}],"replies":[{"embeddable":true,"href":"https:\/\/eclawcounsel.com\/es\/wp-json\/wp\/v2\/comments?post=1120"}],"version-history":[{"count":0,"href":"https:\/\/eclawcounsel.com\/es\/wp-json\/wp\/v2\/pages\/1120\/revisions"}],"wp:attachment":[{"href":"https:\/\/eclawcounsel.com\/es\/wp-json\/wp\/v2\/media?parent=1120"}],"curies":[{"name":"wp","href":"https:\/\/api.w.org\/{rel}","templated":true}]}}