{"id":1124,"date":"2025-07-14T13:46:13","date_gmt":"2025-07-14T13:46:13","guid":{"rendered":"https:\/\/eclawcounsel.com\/seasoned-tornado-damage-lawyer-serving-southeast-and-southwest-florida\/"},"modified":"2025-09-12T08:44:00","modified_gmt":"2025-09-12T08:44:00","slug":"seasoned-tornado-damage-lawyer-serving-southeast-and-southwest-florida","status":"publish","type":"page","link":"https:\/\/eclawcounsel.com\/es\/seasoned-tornado-damage-lawyer-serving-southeast-and-southwest-florida\/","title":{"rendered":"Florida Tornado Damage Lawyer"},"content":{"rendered":"<p>Con un promedio de m\u00e1s de 60 tornados por a\u00f1o, Florida es\u00a0<a href=\"https:\/\/www.foxweather.com\/learn\/average-number-tornadoes-every-state\"><u>El cuarto lugar m\u00e1s propenso a tornados<\/u><\/a>\u00a0Estado. Un tornado puede causar da\u00f1os devastadores a la propiedad y dejarle con costos de reparaci\u00f3n abrumadores.<\/p>\n<p>Si su hogar sufri\u00f3 da\u00f1os a causa de un tornado, nuestros abogados pueden ayudarle a obtener una indemnizaci\u00f3n mediante una reclamaci\u00f3n al seguro. Llame a EC Law Counsel al\u00a0<a href=\"https:\/\/eclawcounsel.com\/seasoned-tornado-damage-lawyer-serving-southeast-and-southwest-florida\/tel:954-740-6333\"><u>954-740-6333<\/u><\/a>\u00a0para obtener una evaluaci\u00f3n inicial gratuita del caso por parte de un\u00a0<a href=\"https:\/\/eclawcounsel.com\/es\/conozca-a-la-abogada-eunice-cabrera\/\"><u>Abogado con experiencia en da\u00f1os por tornados en Florida<\/u><\/a>.<\/p>\n<h2>\u00bfEl seguro de vivienda cubre los tornados?<\/h2>\n<p>Si su seguro de vivienda incluye da\u00f1os por viento, tambi\u00e9n deber\u00eda cubrir tornados. Tras un tornado, su aseguradora podr\u00eda cubrir:<\/p>\n<ul>\n<li>Da\u00f1os a su hogar y dependencias<\/li>\n<li>Da\u00f1os o p\u00e9rdidas de bienes personales elegibles<\/li>\n<li>Costos de reubicaci\u00f3n en caso de que necesite vivir en un hotel o un apartamento alquilado durante las reparaciones<\/li>\n<\/ul>\n<p>El l\u00edmite m\u00e1ximo de cobertura para tornados y otros desastres naturales depende de su p\u00f3liza espec\u00edfica. La mayor\u00eda de los propietarios tambi\u00e9n deber\u00e1n pagar un deducible, que es una cantidad que usted debe pagar como parte de su acuerdo de indemnizaci\u00f3n.<\/p>\n<p>Tenga en cuenta que el seguro de vivienda est\u00e1ndar no cubre los da\u00f1os por inundaci\u00f3n, que pueden ocurrir simult\u00e1neamente con un tornado. Nuestro experto abogado especializado en reclamaciones por da\u00f1os por tornado puede ayudarle a comprender su cobertura y el valor potencial de la reclamaci\u00f3n.<\/p>\n<h2>Qu\u00e9 hacer despu\u00e9s de un tornado<\/h2>\n<p>Si ha experimentado un tornado, es esencial priorizar su seguridad y la seguridad de los dem\u00e1s.<\/p>\n<p>Tan pronto como pueda hacerlo de forma segura, deber\u00e1:<\/p>\n<ul>\n<li>Tome varias fotograf\u00edas y videos de la propiedad da\u00f1ada, incluida su casa, dependencias como garajes y cobertizos, y pertenencias personales.<\/li>\n<li>Proteja su propiedad: Tome medidas para protegerla de da\u00f1os mayores. Esto puede incluir cubrir ventanas rotas, cubrir techos da\u00f1ados con lonas y tapiar paredes o puertas da\u00f1adas.<\/li>\n<li>Asegure su propiedad: asegure su propiedad cerrando puertas y ventanas y retire cualquier objeto de valor a un lugar seguro.<\/li>\n<li>Busque ayuda de un abogado con experiencia en reclamos para revisar su p\u00f3liza de seguro de propietario y presentar un reclamo.<\/li>\n<\/ul>\n<h2>C\u00f3mo un abogado especializado en da\u00f1os causados por tornados puede ayudarle con su reclamaci\u00f3n<\/h2>\n<p>Aunque el seguro de vivienda suele cubrir tornados, muchos floridanos se enfrentan a la denegaci\u00f3n de sus reclamaciones. Una compa\u00f1\u00eda de seguros puede cuestionar la causa del da\u00f1o a la propiedad o subestimar significativamente los costos de reparaci\u00f3n. Trabajar con abogados expertos en reclamaciones de seguros puede ayudarle a proteger sus derechos y a obtener una mejor oferta de indemnizaci\u00f3n.<\/p>\n<p>El asesor jur\u00eddico de la CE se encargar\u00e1 de:<\/p>\n<ul>\n<li>Nos encargamos de todo el proceso de reclamaci\u00f3n, incluida la negociaci\u00f3n con su aseguradora.<\/li>\n<li>Le ayudamos a evitar errores que puedan perjudicar su reclamaci\u00f3n<\/li>\n<li>Trabajar para agilizar el proceso de reclamaciones<\/li>\n<li>Mejore sus posibilidades de recuperar un acuerdo justo m\u00e1ximo<\/li>\n<\/ul>\n<h2>Asesor\u00eda Legal de la CE: Abogados de confianza especializados en da\u00f1os por tornados en Florida<\/h2>\n<p>\u00bfSu propiedad sufri\u00f3 da\u00f1os por un tornado? \u00bfHa tenido dificultades con su reclamaci\u00f3n al seguro? No pierda tiempo: contacte hoy mismo con un abogado especializado en seguros de propiedad.<\/p>\n<p>EC Law Counsel ha recuperado millones de d\u00f3lares para clientes en toda Florida durante m\u00e1s de una d\u00e9cada gestionando reclamos por da\u00f1os a la propiedad. Nuestro bufete puede proteger sus derechos durante todo el proceso de reclamo por da\u00f1os causados por tornados y trabajar para ayudarle a obtener la indemnizaci\u00f3n m\u00e1s alta posible.<\/p>\n<p>Para una consulta gratuita con un abogado especializado en da\u00f1os por tornados, llame al\u00a0<a href=\"https:\/\/eclawcounsel.com\/seasoned-tornado-damage-lawyer-serving-southeast-and-southwest-florida\/tel:954-740-6333\"><u>954-740-6333<\/u><\/a>\u00a0o rellene nuestro formulario online.<\/p>\n","protected":false},"excerpt":{"rendered":"<p>Con un promedio de m\u00e1s de 60 tornados por a\u00f1o, Florida es\u00a0El cuarto lugar m\u00e1s propenso a tornados\u00a0Estado. Un tornado puede causar da\u00f1os devastadores a la propiedad y dejarle con costos de reparaci\u00f3n abrumadores. Si su hogar sufri\u00f3 da\u00f1os a causa de un tornado, nuestros abogados pueden ayudarle a obtener una indemnizaci\u00f3n mediante una reclamaci\u00f3n [&hellip;]<\/p>\n","protected":false},"author":2,"featured_media":0,"parent":0,"menu_order":0,"comment_status":"closed","ping_status":"closed","template":"page-templates\/services-template.php","meta":{"_acf_changed":false,"inline_featured_image":false,"footnotes":""},"class_list":["post-1124","page","type-page","status-publish","hentry"],"acf":[],"yoast_head":"<!-- This site is optimized with the Yoast SEO plugin v27.4 - https:\/\/yoast.com\/product\/yoast-seo-wordpress\/ -->\n<title>Abogado de da\u00f1os por tornados en Florida - EC Law Counsel<\/title>\n<meta name=\"description\" content=\"Descubra c\u00f3mo nuestro experto abogado especializado en da\u00f1os causados por tornados en Florida en EC Law Counsel puede ayudarle a proteger sus derechos y asegurarle una compensaci\u00f3n justa.\" \/>\n<meta name=\"robots\" content=\"index, follow, max-snippet:-1, max-image-preview:large, max-video-preview:-1\" \/>\n<link rel=\"canonical\" href=\"https:\/\/eclawcounsel.com\/es\/seasoned-tornado-damage-lawyer-serving-southeast-and-southwest-florida\/\" \/>\n<meta property=\"og:locale\" content=\"es_ES\" \/>\n<meta property=\"og:type\" content=\"article\" \/>\n<meta property=\"og:title\" content=\"Abogado de da\u00f1os por tornados en Florida - EC Law Counsel\" \/>\n<meta property=\"og:description\" content=\"Descubra c\u00f3mo nuestro experto abogado especializado en da\u00f1os causados por tornados en Florida en EC Law Counsel puede ayudarle a proteger sus derechos y asegurarle una compensaci\u00f3n justa.\" \/>\n<meta property=\"og:url\" content=\"https:\/\/eclawcounsel.com\/es\/seasoned-tornado-damage-lawyer-serving-southeast-and-southwest-florida\/\" \/>\n<meta property=\"og:site_name\" content=\"EC Law Counsel\" \/>\n<meta property=\"article:modified_time\" content=\"2025-09-12T08:44:00+00:00\" \/>\n<meta name=\"twitter:card\" content=\"summary_large_image\" \/>\n<meta name=\"twitter:label1\" content=\"Est. reading time\" \/>\n\t<meta name=\"twitter:data1\" content=\"3 minutos\" \/>\n<!-- \/ Yoast SEO plugin. -->","yoast_head_json":{"title":"Abogado de da\u00f1os por tornados en Florida - EC Law Counsel","description":"Descubra c\u00f3mo nuestro experto abogado especializado en da\u00f1os causados por tornados en Florida en EC Law Counsel puede ayudarle a proteger sus derechos y asegurarle una compensaci\u00f3n justa.","robots":{"index":"index","follow":"follow","max-snippet":"max-snippet:-1","max-image-preview":"max-image-preview:large","max-video-preview":"max-video-preview:-1"},"canonical":"https:\/\/eclawcounsel.com\/es\/seasoned-tornado-damage-lawyer-serving-southeast-and-southwest-florida\/","og_locale":"es_ES","og_type":"article","og_title":"Abogado de da\u00f1os por tornados en Florida - EC Law Counsel","og_description":"Descubra c\u00f3mo nuestro experto abogado especializado en da\u00f1os causados por tornados en Florida en EC Law Counsel puede ayudarle a proteger sus derechos y asegurarle una compensaci\u00f3n justa.","og_url":"https:\/\/eclawcounsel.com\/es\/seasoned-tornado-damage-lawyer-serving-southeast-and-southwest-florida\/","og_site_name":"EC Law Counsel","article_modified_time":"2025-09-12T08:44:00+00:00","twitter_card":"summary_large_image","twitter_misc":{"Est. reading time":"3 minutos"},"schema":{"@context":"https:\/\/schema.org","@graph":[{"@type":"WebPage","@id":"https:\/\/eclawcounsel.com\/es\/seasoned-tornado-damage-lawyer-serving-southeast-and-southwest-florida\/","url":"https:\/\/eclawcounsel.com\/es\/seasoned-tornado-damage-lawyer-serving-southeast-and-southwest-florida\/","name":"Abogado de da\u00f1os por tornados en Florida - EC Law Counsel","isPartOf":{"@id":"https:\/\/eclawcounsel.com\/es\/#website"},"datePublished":"2025-07-14T13:46:13+00:00","dateModified":"2025-09-12T08:44:00+00:00","description":"Descubra c\u00f3mo nuestro experto abogado especializado en da\u00f1os causados por tornados en Florida en EC Law Counsel puede ayudarle a proteger sus derechos y asegurarle una compensaci\u00f3n justa.","breadcrumb":{"@id":"https:\/\/eclawcounsel.com\/es\/seasoned-tornado-damage-lawyer-serving-southeast-and-southwest-florida\/#breadcrumb"},"inLanguage":"es","potentialAction":[{"@type":"ReadAction","target":["https:\/\/eclawcounsel.com\/es\/seasoned-tornado-damage-lawyer-serving-southeast-and-southwest-florida\/"]}]},{"@type":"BreadcrumbList","@id":"https:\/\/eclawcounsel.com\/es\/seasoned-tornado-damage-lawyer-serving-southeast-and-southwest-florida\/#breadcrumb","itemListElement":[{"@type":"ListItem","position":1,"name":"Home","item":"https:\/\/eclawcounsel.com\/es\/"},{"@type":"ListItem","position":2,"name":"Florida Tornado Damage Lawyer"}]},{"@type":"WebSite","@id":"https:\/\/eclawcounsel.com\/es\/#website","url":"https:\/\/eclawcounsel.com\/es\/","name":"EC Law Counsel","description":"","publisher":{"@id":"https:\/\/eclawcounsel.com\/es\/#organization"},"potentialAction":[{"@type":"SearchAction","target":{"@type":"EntryPoint","urlTemplate":"https:\/\/eclawcounsel.com\/es\/?s={search_term_string}"},"query-input":{"@type":"PropertyValueSpecification","valueRequired":true,"valueName":"search_term_string"}}],"inLanguage":"es"},{"@type":"Organization","@id":"https:\/\/eclawcounsel.com\/es\/#organization","name":"EC Law Counsel","url":"https:\/\/eclawcounsel.com\/es\/","logo":{"@type":"ImageObject","inLanguage":"es","@id":"https:\/\/eclawcounsel.com\/es\/#\/schema\/logo\/image\/","url":"https:\/\/eclawcounsel.com\/wp-content\/uploads\/2025\/06\/eclawcounsel-logo.svg","contentUrl":"https:\/\/eclawcounsel.com\/wp-content\/uploads\/2025\/06\/eclawcounsel-logo.svg","width":196,"height":61,"caption":"EC Law Counsel"},"image":{"@id":"https:\/\/eclawcounsel.com\/es\/#\/schema\/logo\/image\/"}}]}},"_links":{"self":[{"href":"https:\/\/eclawcounsel.com\/es\/wp-json\/wp\/v2\/pages\/1124","targetHints":{"allow":["GET"]}}],"collection":[{"href":"https:\/\/eclawcounsel.com\/es\/wp-json\/wp\/v2\/pages"}],"about":[{"href":"https:\/\/eclawcounsel.com\/es\/wp-json\/wp\/v2\/types\/page"}],"author":[{"embeddable":true,"href":"https:\/\/eclawcounsel.com\/es\/wp-json\/wp\/v2\/users\/2"}],"replies":[{"embeddable":true,"href":"https:\/\/eclawcounsel.com\/es\/wp-json\/wp\/v2\/comments?post=1124"}],"version-history":[{"count":0,"href":"https:\/\/eclawcounsel.com\/es\/wp-json\/wp\/v2\/pages\/1124\/revisions"}],"wp:attachment":[{"href":"https:\/\/eclawcounsel.com\/es\/wp-json\/wp\/v2\/media?parent=1124"}],"curies":[{"name":"wp","href":"https:\/\/api.w.org\/{rel}","templated":true}]}}