{"id":1192,"date":"2025-07-14T14:03:52","date_gmt":"2025-07-14T14:03:52","guid":{"rendered":"https:\/\/eclawcounsel.com\/water-damage\/"},"modified":"2025-09-12T08:47:20","modified_gmt":"2025-09-12T08:47:20","slug":"water-damage","status":"publish","type":"page","link":"https:\/\/eclawcounsel.com\/es\/water-damage\/","title":{"rendered":"Water Damage Lawyer"},"content":{"rendered":"<h2>Aseg\u00farese de que su reclamo se tramite con la ayuda de un abogado especializado en reclamos de seguros<\/h2>\n<p>Con lluvias durante todo el a\u00f1o y la constante amenaza de huracanes, las viviendas de Florida corren un alto riesgo de sufrir da\u00f1os por agua. Los propietarios suelen invertir en una p\u00f3liza de seguro de vivienda amplia para su tranquilidad, solo para descubrir que su aseguradora intenta denegar o minimizar su reclamaci\u00f3n cuando ocurre un desastre.<\/p>\n<p>Si su vivienda sufri\u00f3 da\u00f1os por lluvia, inundaci\u00f3n, reflujo de agua, fugas de plomer\u00eda u otras causas, necesita un abogado con experiencia en da\u00f1os por agua para presentar su reclamaci\u00f3n. Llame a EC Law Counsel al (954) 740-6333 para una consulta gratuita sobre el proceso de reclamaci\u00f3n por da\u00f1os por agua en Florida.<\/p>\n<h2>Cobertura de seguro para diferentes tipos de da\u00f1os por agua<\/h2>\n<p>Las propiedades en Florida pueden sufrir da\u00f1os por agua por diversas razones. Algunas circunstancias que justifican una reclamaci\u00f3n por da\u00f1os por inundaci\u00f3n incluyen:<\/p>\n<ul>\n<li>Tuber\u00edas con fugas o rotas<\/li>\n<li>Respaldo de agua o alcantarillado<\/li>\n<li>Explosi\u00f3n del calentador de agua<\/li>\n<li>Granizo<\/li>\n<li>Desastres naturales como inundaciones y huracanes<\/li>\n<\/ul>\n<p>La cobertura para los distintos tipos de da\u00f1os por agua depende de la p\u00f3liza de seguro de su vivienda. Por ejemplo, el seguro de vivienda rara vez cubre inundaciones. Muchas aseguradoras cubren da\u00f1os impredecibles, pero no aquellos que el mantenimiento rutinario deber\u00eda haber evitado, como problemas con bombas de sumidero antiguas.<\/p>\n<p>Un abogado con experiencia en da\u00f1os por agua puede ayudarlo a comprender si su p\u00f3liza cubre su reclamo por da\u00f1os por inundaci\u00f3n.<\/p>\n<h2>El proceso de reclamaci\u00f3n de seguro por da\u00f1os por agua en Florida<\/h2>\n<p>Cuando note que su propiedad ha sufrido da\u00f1os por agua, notifique a su aseguradora. La compa\u00f1\u00eda de seguros debe:<\/p>\n<ul>\n<li>Reconocer oficialmente su reclamaci\u00f3n dentro de los 14 d\u00edas<\/li>\n<li>Confirme el estado de su reclamo (cubierto, bajo investigaci\u00f3n o denegado) dentro de 30 d\u00edas<\/li>\n<li>Resolver su reclamo dentro de los 90 d\u00edas, en la mayor\u00eda de los casos<\/li>\n<li>Pagarle dentro de los 20 d\u00edas posteriores a haber alcanzado un acuerdo de conciliaci\u00f3n por escrito<\/li>\n<\/ul>\n<h2>\u00bfPor qu\u00e9 necesita un abogado especializado en reclamaciones por da\u00f1os por inundaciones?<\/h2>\n<p>Si es propietario de una vivienda y ha sufrido da\u00f1os por agua, quiz\u00e1s crea que basta con informar a su aseguradora sobre los da\u00f1os y esperar la indemnizaci\u00f3n. Sin embargo, las reclamaciones por da\u00f1os por agua pueden ser complejas y no todas las aseguradoras act\u00faan de buena fe. En algunos casos, las aseguradoras pueden ofrecer informaci\u00f3n enga\u00f1osa, prolongar la reclamaci\u00f3n o intentar minimizar la magnitud de los da\u00f1os.<\/p>\n<p>Un abogado experto en reclamos por da\u00f1os por inundaciones puede:<\/p>\n<ul>\n<li>Eval\u00fae el alcance de la cobertura de su p\u00f3liza de seguro de vivienda<\/li>\n<li>Le ayudamos a obtener una valoraci\u00f3n precisa de los da\u00f1os a la propiedad.<\/li>\n<li>Manejar el proceso de reclamaci\u00f3n, incluido el cumplimiento de sus obligaciones despu\u00e9s de la p\u00e9rdida.<\/li>\n<li>Comun\u00edquese con su aseguradora y trabaje para negociar un acuerdo razonable.<\/li>\n<li>Si es necesario, apelar una reclamaci\u00f3n denegada injustamente<\/li>\n<\/ul>\n<p>El equipo de EC Law Counsel cuenta con un amplio conocimiento del sector asegurador, ya que trabaj\u00f3 como peritos de seguros y auxiliares de reclamaciones. En los m\u00e1s de 11 a\u00f1os que nuestro bufete boutique lleva sirviendo en Florida, hemos ayudado a propietarios de viviendas a resolver innumerables reclamaciones por da\u00f1os por inundaci\u00f3n, incluyendo reclamaciones que ya han sido denegadas y se han prolongado durante a\u00f1os.<\/p>\n<h2>Asesor\u00eda legal de EC: Manejo de reclamos por da\u00f1os causados por agua, tanto antiguos como recientes, en el sureste y suroeste de Florida<\/h2>\n<p>\u00bfSe prepara para presentar una reclamaci\u00f3n por da\u00f1os a la propiedad? \u00bfSu aseguradora ya la ha rechazado? Podemos ayudarle. En EC Law Counsel, nuestros abogados especializados en reclamaciones de seguros cuentan con d\u00e9cadas de experiencia gestionando con \u00e9xito todo tipo de reclamaciones por da\u00f1os a la propiedad en Florida.<\/p>\n<p>Llama al (954) 740-6333 o cont\u00e1ctano\u00a0s<a href=\"https:\/\/eclawcounsel.com\/es\/contact\/\"><u>en l\u00ednea<\/u><\/a>para una consulta gratuita con un abogado de da\u00f1os por agua en Florida.<\/p>\n","protected":false},"excerpt":{"rendered":"<p>Aseg\u00farese de que su reclamo se tramite con la ayuda de un abogado especializado en reclamos de seguros Con lluvias durante todo el a\u00f1o y la constante amenaza de huracanes, las viviendas de Florida corren un alto riesgo de sufrir da\u00f1os por agua. Los propietarios suelen invertir en una p\u00f3liza de seguro de vivienda amplia [&hellip;]<\/p>\n","protected":false},"author":2,"featured_media":0,"parent":0,"menu_order":0,"comment_status":"closed","ping_status":"closed","template":"page-templates\/services-template.php","meta":{"_acf_changed":false,"inline_featured_image":false,"footnotes":""},"class_list":["post-1192","page","type-page","status-publish","hentry"],"acf":[],"yoast_head":"<!-- This site is optimized with the Yoast SEO plugin v27.3 - https:\/\/yoast.com\/product\/yoast-seo-wordpress\/ -->\n<title>Abogado de da\u00f1os por agua - EC Law Counsel<\/title>\n<meta name=\"description\" content=\"Si su hogar sufri\u00f3 da\u00f1os por agua, comun\u00edquese con EC Law Counsel al (954) 740-6333 para programar una consulta gratuita.\" \/>\n<meta name=\"robots\" content=\"index, follow, max-snippet:-1, max-image-preview:large, max-video-preview:-1\" \/>\n<link rel=\"canonical\" href=\"https:\/\/eclawcounsel.com\/es\/water-damage\/\" \/>\n<meta property=\"og:locale\" content=\"es_ES\" \/>\n<meta property=\"og:type\" content=\"article\" \/>\n<meta property=\"og:title\" content=\"Abogado de da\u00f1os por agua - EC Law Counsel\" \/>\n<meta property=\"og:description\" content=\"Si su hogar sufri\u00f3 da\u00f1os por agua, comun\u00edquese con EC Law Counsel al (954) 740-6333 para programar una consulta gratuita.\" \/>\n<meta property=\"og:url\" content=\"https:\/\/eclawcounsel.com\/es\/water-damage\/\" \/>\n<meta property=\"og:site_name\" content=\"EC Law Counsel\" \/>\n<meta property=\"article:modified_time\" content=\"2025-09-12T08:47:20+00:00\" \/>\n<meta name=\"twitter:card\" content=\"summary_large_image\" \/>\n<meta name=\"twitter:label1\" content=\"Est. reading time\" \/>\n\t<meta name=\"twitter:data1\" content=\"3 minutos\" \/>\n<!-- \/ Yoast SEO plugin. -->","yoast_head_json":{"title":"Abogado de da\u00f1os por agua - EC Law Counsel","description":"Si su hogar sufri\u00f3 da\u00f1os por agua, comun\u00edquese con EC Law Counsel al (954) 740-6333 para programar una consulta gratuita.","robots":{"index":"index","follow":"follow","max-snippet":"max-snippet:-1","max-image-preview":"max-image-preview:large","max-video-preview":"max-video-preview:-1"},"canonical":"https:\/\/eclawcounsel.com\/es\/water-damage\/","og_locale":"es_ES","og_type":"article","og_title":"Abogado de da\u00f1os por agua - EC Law Counsel","og_description":"Si su hogar sufri\u00f3 da\u00f1os por agua, comun\u00edquese con EC Law Counsel al (954) 740-6333 para programar una consulta gratuita.","og_url":"https:\/\/eclawcounsel.com\/es\/water-damage\/","og_site_name":"EC Law Counsel","article_modified_time":"2025-09-12T08:47:20+00:00","twitter_card":"summary_large_image","twitter_misc":{"Est. reading time":"3 minutos"},"schema":{"@context":"https:\/\/schema.org","@graph":[{"@type":"WebPage","@id":"https:\/\/eclawcounsel.com\/es\/water-damage\/","url":"https:\/\/eclawcounsel.com\/es\/water-damage\/","name":"Abogado de da\u00f1os por agua - EC Law Counsel","isPartOf":{"@id":"https:\/\/eclawcounsel.com\/es\/#website"},"datePublished":"2025-07-14T14:03:52+00:00","dateModified":"2025-09-12T08:47:20+00:00","description":"Si su hogar sufri\u00f3 da\u00f1os por agua, comun\u00edquese con EC Law Counsel al (954) 740-6333 para programar una consulta gratuita.","breadcrumb":{"@id":"https:\/\/eclawcounsel.com\/es\/water-damage\/#breadcrumb"},"inLanguage":"es","potentialAction":[{"@type":"ReadAction","target":["https:\/\/eclawcounsel.com\/es\/water-damage\/"]}]},{"@type":"BreadcrumbList","@id":"https:\/\/eclawcounsel.com\/es\/water-damage\/#breadcrumb","itemListElement":[{"@type":"ListItem","position":1,"name":"Home","item":"https:\/\/eclawcounsel.com\/es\/"},{"@type":"ListItem","position":2,"name":"Water Damage Lawyer"}]},{"@type":"WebSite","@id":"https:\/\/eclawcounsel.com\/es\/#website","url":"https:\/\/eclawcounsel.com\/es\/","name":"EC Law Counsel","description":"","publisher":{"@id":"https:\/\/eclawcounsel.com\/es\/#organization"},"potentialAction":[{"@type":"SearchAction","target":{"@type":"EntryPoint","urlTemplate":"https:\/\/eclawcounsel.com\/es\/?s={search_term_string}"},"query-input":{"@type":"PropertyValueSpecification","valueRequired":true,"valueName":"search_term_string"}}],"inLanguage":"es"},{"@type":"Organization","@id":"https:\/\/eclawcounsel.com\/es\/#organization","name":"EC Law Counsel","url":"https:\/\/eclawcounsel.com\/es\/","logo":{"@type":"ImageObject","inLanguage":"es","@id":"https:\/\/eclawcounsel.com\/es\/#\/schema\/logo\/image\/","url":"https:\/\/eclawcounsel.com\/wp-content\/uploads\/2025\/06\/eclawcounsel-logo.svg","contentUrl":"https:\/\/eclawcounsel.com\/wp-content\/uploads\/2025\/06\/eclawcounsel-logo.svg","width":196,"height":61,"caption":"EC Law Counsel"},"image":{"@id":"https:\/\/eclawcounsel.com\/es\/#\/schema\/logo\/image\/"}}]}},"_links":{"self":[{"href":"https:\/\/eclawcounsel.com\/es\/wp-json\/wp\/v2\/pages\/1192","targetHints":{"allow":["GET"]}}],"collection":[{"href":"https:\/\/eclawcounsel.com\/es\/wp-json\/wp\/v2\/pages"}],"about":[{"href":"https:\/\/eclawcounsel.com\/es\/wp-json\/wp\/v2\/types\/page"}],"author":[{"embeddable":true,"href":"https:\/\/eclawcounsel.com\/es\/wp-json\/wp\/v2\/users\/2"}],"replies":[{"embeddable":true,"href":"https:\/\/eclawcounsel.com\/es\/wp-json\/wp\/v2\/comments?post=1192"}],"version-history":[{"count":0,"href":"https:\/\/eclawcounsel.com\/es\/wp-json\/wp\/v2\/pages\/1192\/revisions"}],"wp:attachment":[{"href":"https:\/\/eclawcounsel.com\/es\/wp-json\/wp\/v2\/media?parent=1192"}],"curies":[{"name":"wp","href":"https:\/\/api.w.org\/{rel}","templated":true}]}}