{"id":1194,"date":"2025-07-14T13:59:46","date_gmt":"2025-07-14T13:59:46","guid":{"rendered":"https:\/\/eclawcounsel.com\/experienced-vandalism-and-theft-lawyer-in-southeast-and-southwest-florida\/"},"modified":"2025-09-12T08:48:58","modified_gmt":"2025-09-12T08:48:58","slug":"experienced-vandalism-and-theft-lawyer-in-southeast-and-southwest-florida","status":"publish","type":"page","link":"https:\/\/eclawcounsel.com\/es\/experienced-vandalism-and-theft-lawyer-in-southeast-and-southwest-florida\/","title":{"rendered":"Experienced Vandalism and Theft Lawyer in Florida"},"content":{"rendered":"<p>Si su vivienda o negocio sufre da\u00f1os o p\u00e9rdidas debido a vandalismo o robo, podr\u00eda recuperar sus p\u00e9rdidas con su p\u00f3liza de seguro de vivienda o negocio. La p\u00f3liza que cubra la p\u00e9rdida depender\u00e1 del tipo de propiedad da\u00f1ada o robada.<\/p>\n<p>Si su hogar o negocio en Florida sufri\u00f3 recientemente un allanamiento, desfiguraci\u00f3n o robo, contacte hoy mismo con un abogado especializado en vandalismo y robo de EC Law Counsel al 954-740-6333. Podemos ayudarle a comprender las complejidades de las reclamaciones por vandalismo y robo.<\/p>\n<h2>\u00bfQu\u00e9 cubrir\u00e1n las compa\u00f1\u00edas de seguros en un reclamo por robo o vandalismo?<\/h2>\n<p>Si se da cuenta de que ha sufrido da\u00f1os en su negocio o propiedad personal por robo o vandalismo, debe contactar a la polic\u00eda para iniciar una investigaci\u00f3n y presentar una denuncia. Luego, comun\u00edquese con su compa\u00f1\u00eda de seguros para notificarles los da\u00f1os y solicitar una inspecci\u00f3n por parte de un perito.<\/p>\n<p>Haga una lista de los bienes robados o da\u00f1ados. Contacte a la polic\u00eda para a\u00f1adir informaci\u00f3n adicional al informe policial con su inventario de da\u00f1os. Las compa\u00f1\u00edas de seguros comparan las reclamaciones con los informes policiales para verificar que los art\u00edculos denunciados coincidan en cantidad y valor.<\/p>\n<h2>\u00bfExiste una diferencia en la cobertura de reclamos residenciales y comerciales?<\/h2>\n<p>Un abogado especializado en vandalismo y robo de nuestra firma puede revisar su p\u00f3liza para determinar los l\u00edmites de cobertura y los da\u00f1os que califican. En el caso de una vivienda, los da\u00f1os o p\u00e9rdidas causados por vandalismo o robo generalmente est\u00e1n cubiertos por una p\u00f3liza de seguro de vivienda. Esta p\u00f3liza suele incluir cobertura por da\u00f1os a la propiedad, robo y p\u00e9rdida de pertenencias personales causados por vandalismo o robo. Sin embargo, es importante revisar la p\u00f3liza y los l\u00edmites de cobertura para determinar el alcance de la cobertura.<\/p>\n<p>Para una empresa, los da\u00f1os o p\u00e9rdidas causados por vandalismo o robo pueden estar cubiertos por una p\u00f3liza de seguro de propiedad comercial. Esta p\u00f3liza generalmente incluye cobertura por da\u00f1os a la propiedad, robo y p\u00e9rdida de inventario o equipo causados por vandalismo o robo. Es importante revisar la redacci\u00f3n espec\u00edfica de la p\u00f3liza y los l\u00edmites de cobertura para determinar el alcance de la cobertura.<\/p>\n<p>En ambos casos, es importante denunciar el vandalismo o robo a la polic\u00eda y a la compa\u00f1\u00eda de seguros lo antes posible para iniciar el proceso de reclamaci\u00f3n y garantizar que se recopile toda la evidencia necesaria.<\/p>\n<p>Su p\u00f3liza puede brindarle compensaci\u00f3n por lo siguiente:<\/p>\n<ul>\n<li>Costos de reparaci\u00f3n o reemplazo de portones, ventanas, puertas, sistema de seguridad, etc. de su hogar o negocio.<\/li>\n<li>Reparaciones estructurales de paredes, techos, estructuras de soporte, etc.<\/li>\n<li>Da\u00f1os por incendio y remediaci\u00f3n<\/li>\n<li>Da\u00f1os por agua y remediaci\u00f3n<\/li>\n<li>Vivienda temporal si su casa no es habitable<\/li>\n<li>Seguro de interrupci\u00f3n de negocio<\/li>\n<\/ul>\n<h2>\u00bfC\u00f3mo puede un abogado especializado en vandalismo y robo ayudarme con mi reclamo?<\/h2>\n<p>Un abogado de nuestra firma puede ayudarle a revisar su p\u00f3liza de seguro y la documentaci\u00f3n de su reclamaci\u00f3n para tener la mejor oportunidad de obtener la aprobaci\u00f3n. Las compa\u00f1\u00edas de seguros generalmente no pagan reclamaciones, por lo que contar con representaci\u00f3n legal puede ayudarles a ser honestas.<\/p>\n<p>Conf\u00edenos:<\/p>\n<ul>\n<li>Revise su p\u00f3liza para comprender los da\u00f1os calificados y los l\u00edmites de reclamo<\/li>\n<li>Representar sus intereses ante la compa\u00f1\u00eda de seguros<\/li>\n<li>Re\u00fana evidencia para su reclamo de seguro<\/li>\n<li>Expl\u00edcale tu p\u00f3liza para que conozcas tus derechos<\/li>\n<li>Obtenga la m\u00e1xima compensaci\u00f3n por sus p\u00e9rdidas y da\u00f1os.<\/li>\n<li>Presentar litigio por denegaci\u00f3n por mala fe de la compa\u00f1\u00eda de seguros<\/li>\n<\/ul>\n<h2>Comun\u00edquese con EC Law Group para obtener un abogado especializado en vandalismo y robo que preste servicio en Florida.<\/h2>\n<p>Si necesita un abogado con experiencia en vandalismo y robo para su reclamaci\u00f3n de seguro de vivienda o negocio, cont\u00e1ctenos en EC Law Group en Hollywood, Florida. Nos enorgullece servir a nuestros clientes en Florida. Ll\u00e1menos hoy al 954-740-6333.<\/p>\n","protected":false},"excerpt":{"rendered":"<p>Si su vivienda o negocio sufre da\u00f1os o p\u00e9rdidas debido a vandalismo o robo, podr\u00eda recuperar sus p\u00e9rdidas con su p\u00f3liza de seguro de vivienda o negocio. La p\u00f3liza que cubra la p\u00e9rdida depender\u00e1 del tipo de propiedad da\u00f1ada o robada. Si su hogar o negocio en Florida sufri\u00f3 recientemente un allanamiento, desfiguraci\u00f3n o robo, [&hellip;]<\/p>\n","protected":false},"author":2,"featured_media":0,"parent":0,"menu_order":0,"comment_status":"closed","ping_status":"closed","template":"page-templates\/services-template.php","meta":{"_acf_changed":false,"inline_featured_image":false,"footnotes":""},"class_list":["post-1194","page","type-page","status-publish","hentry"],"acf":[],"yoast_head":"<!-- This site is optimized with the Yoast SEO plugin v27.4 - https:\/\/yoast.com\/product\/yoast-seo-wordpress\/ -->\n<title>Abogado experto en vandalismo y robo en Florida - EC Law Counsel<\/title>\n<meta name=\"description\" content=\"\u00bfDa\u00f1os o p\u00e9rdidas por vandalismo o robo? Con la ayuda de nuestro abogado de Florida, podr\u00eda recuperar sus p\u00e9rdidas. 954-740-6333\" \/>\n<meta name=\"robots\" content=\"index, follow, max-snippet:-1, max-image-preview:large, max-video-preview:-1\" \/>\n<link rel=\"canonical\" href=\"https:\/\/eclawcounsel.com\/es\/experienced-vandalism-and-theft-lawyer-in-southeast-and-southwest-florida\/\" \/>\n<meta property=\"og:locale\" content=\"es_ES\" \/>\n<meta property=\"og:type\" content=\"article\" \/>\n<meta property=\"og:title\" content=\"Abogado experto en vandalismo y robo en Florida - EC Law Counsel\" \/>\n<meta property=\"og:description\" content=\"\u00bfDa\u00f1os o p\u00e9rdidas por vandalismo o robo? Con la ayuda de nuestro abogado de Florida, podr\u00eda recuperar sus p\u00e9rdidas. 954-740-6333\" \/>\n<meta property=\"og:url\" content=\"https:\/\/eclawcounsel.com\/es\/experienced-vandalism-and-theft-lawyer-in-southeast-and-southwest-florida\/\" \/>\n<meta property=\"og:site_name\" content=\"EC Law Counsel\" \/>\n<meta property=\"article:modified_time\" content=\"2025-09-12T08:48:58+00:00\" \/>\n<meta name=\"twitter:card\" content=\"summary_large_image\" \/>\n<meta name=\"twitter:label1\" content=\"Est. reading time\" \/>\n\t<meta name=\"twitter:data1\" content=\"3 minutos\" \/>\n<!-- \/ Yoast SEO plugin. -->","yoast_head_json":{"title":"Abogado experto en vandalismo y robo en Florida - EC Law Counsel","description":"\u00bfDa\u00f1os o p\u00e9rdidas por vandalismo o robo? Con la ayuda de nuestro abogado de Florida, podr\u00eda recuperar sus p\u00e9rdidas. 954-740-6333","robots":{"index":"index","follow":"follow","max-snippet":"max-snippet:-1","max-image-preview":"max-image-preview:large","max-video-preview":"max-video-preview:-1"},"canonical":"https:\/\/eclawcounsel.com\/es\/experienced-vandalism-and-theft-lawyer-in-southeast-and-southwest-florida\/","og_locale":"es_ES","og_type":"article","og_title":"Abogado experto en vandalismo y robo en Florida - EC Law Counsel","og_description":"\u00bfDa\u00f1os o p\u00e9rdidas por vandalismo o robo? Con la ayuda de nuestro abogado de Florida, podr\u00eda recuperar sus p\u00e9rdidas. 954-740-6333","og_url":"https:\/\/eclawcounsel.com\/es\/experienced-vandalism-and-theft-lawyer-in-southeast-and-southwest-florida\/","og_site_name":"EC Law Counsel","article_modified_time":"2025-09-12T08:48:58+00:00","twitter_card":"summary_large_image","twitter_misc":{"Est. reading time":"3 minutos"},"schema":{"@context":"https:\/\/schema.org","@graph":[{"@type":"WebPage","@id":"https:\/\/eclawcounsel.com\/es\/experienced-vandalism-and-theft-lawyer-in-southeast-and-southwest-florida\/","url":"https:\/\/eclawcounsel.com\/es\/experienced-vandalism-and-theft-lawyer-in-southeast-and-southwest-florida\/","name":"Abogado experto en vandalismo y robo en Florida - EC Law Counsel","isPartOf":{"@id":"https:\/\/eclawcounsel.com\/es\/#website"},"datePublished":"2025-07-14T13:59:46+00:00","dateModified":"2025-09-12T08:48:58+00:00","description":"\u00bfDa\u00f1os o p\u00e9rdidas por vandalismo o robo? Con la ayuda de nuestro abogado de Florida, podr\u00eda recuperar sus p\u00e9rdidas. 954-740-6333","breadcrumb":{"@id":"https:\/\/eclawcounsel.com\/es\/experienced-vandalism-and-theft-lawyer-in-southeast-and-southwest-florida\/#breadcrumb"},"inLanguage":"es","potentialAction":[{"@type":"ReadAction","target":["https:\/\/eclawcounsel.com\/es\/experienced-vandalism-and-theft-lawyer-in-southeast-and-southwest-florida\/"]}]},{"@type":"BreadcrumbList","@id":"https:\/\/eclawcounsel.com\/es\/experienced-vandalism-and-theft-lawyer-in-southeast-and-southwest-florida\/#breadcrumb","itemListElement":[{"@type":"ListItem","position":1,"name":"Home","item":"https:\/\/eclawcounsel.com\/es\/"},{"@type":"ListItem","position":2,"name":"Experienced Vandalism and Theft Lawyer in Florida"}]},{"@type":"WebSite","@id":"https:\/\/eclawcounsel.com\/es\/#website","url":"https:\/\/eclawcounsel.com\/es\/","name":"EC Law Counsel","description":"","publisher":{"@id":"https:\/\/eclawcounsel.com\/es\/#organization"},"potentialAction":[{"@type":"SearchAction","target":{"@type":"EntryPoint","urlTemplate":"https:\/\/eclawcounsel.com\/es\/?s={search_term_string}"},"query-input":{"@type":"PropertyValueSpecification","valueRequired":true,"valueName":"search_term_string"}}],"inLanguage":"es"},{"@type":"Organization","@id":"https:\/\/eclawcounsel.com\/es\/#organization","name":"EC Law Counsel","url":"https:\/\/eclawcounsel.com\/es\/","logo":{"@type":"ImageObject","inLanguage":"es","@id":"https:\/\/eclawcounsel.com\/es\/#\/schema\/logo\/image\/","url":"https:\/\/eclawcounsel.com\/wp-content\/uploads\/2025\/06\/eclawcounsel-logo.svg","contentUrl":"https:\/\/eclawcounsel.com\/wp-content\/uploads\/2025\/06\/eclawcounsel-logo.svg","width":196,"height":61,"caption":"EC Law Counsel"},"image":{"@id":"https:\/\/eclawcounsel.com\/es\/#\/schema\/logo\/image\/"}}]}},"_links":{"self":[{"href":"https:\/\/eclawcounsel.com\/es\/wp-json\/wp\/v2\/pages\/1194","targetHints":{"allow":["GET"]}}],"collection":[{"href":"https:\/\/eclawcounsel.com\/es\/wp-json\/wp\/v2\/pages"}],"about":[{"href":"https:\/\/eclawcounsel.com\/es\/wp-json\/wp\/v2\/types\/page"}],"author":[{"embeddable":true,"href":"https:\/\/eclawcounsel.com\/es\/wp-json\/wp\/v2\/users\/2"}],"replies":[{"embeddable":true,"href":"https:\/\/eclawcounsel.com\/es\/wp-json\/wp\/v2\/comments?post=1194"}],"version-history":[{"count":0,"href":"https:\/\/eclawcounsel.com\/es\/wp-json\/wp\/v2\/pages\/1194\/revisions"}],"wp:attachment":[{"href":"https:\/\/eclawcounsel.com\/es\/wp-json\/wp\/v2\/media?parent=1194"}],"curies":[{"name":"wp","href":"https:\/\/api.w.org\/{rel}","templated":true}]}}