{"id":1201,"date":"2025-07-14T13:37:08","date_gmt":"2025-07-14T13:37:08","guid":{"rendered":"https:\/\/eclawcounsel.com\/florida-smoke-damage-lawyer-serving-southeast-and-southwest-florida\/"},"modified":"2025-09-17T07:00:34","modified_gmt":"2025-09-17T07:00:34","slug":"florida-smoke-damage-lawyer-serving-southeast-and-southwest-florida","status":"publish","type":"page","link":"https:\/\/eclawcounsel.com\/es\/florida-smoke-damage-lawyer-serving-southeast-and-southwest-florida\/","title":{"rendered":"Florida Smoke Damage Lawyer Serving Southeast and Southwest Florida"},"content":{"rendered":"<p>Si bien los da\u00f1os por humo suelen ocurrir por un incendio dentro de su hogar, tambi\u00e9n pueden deberse a una propiedad o estructura cercana, o a un incendio forestal. Si su hogar sufre da\u00f1os por humo a causa de un incendio, deber\u00eda hablar con un abogado especializado en da\u00f1os por humo. EC Law Counsel cuenta con m\u00e1s de una d\u00e9cada de experiencia exigiendo responsabilidades a las compa\u00f1\u00edas de seguros y representando a clientes en Hollywood, Florida, y en todo el sureste y suroeste de Florida. Ll\u00e1menos hoy mismo al\u00a0<a href=\"tel:+19547406333\"><u>954-740-6333<\/u><\/a>.<\/p>\n<h2>\u00bfEl seguro de propietarios cubrir\u00e1 los da\u00f1os causados por humo?<\/h2>\n<p>La mayor\u00eda de las p\u00f3lizas de seguro de vivienda incluyen cobertura contra incendios y da\u00f1os por humo. A menudo, se agrupan bajo el t\u00edtulo de seguro contra incendios. Un abogado especializado en reclamaciones de seguros de EC Law Counsel puede revisar su p\u00f3liza de vivienda con usted para determinar el alcance exacto de su cobertura.<\/p>\n<p>El proceso de reclamaci\u00f3n al seguro puede ser complejo, especialmente en lo que respecta a las reclamaciones por da\u00f1os causados por humo, ya que los da\u00f1os no siempre son evidentes. Su p\u00f3liza de seguro incluir\u00e1 requisitos espec\u00edficos que debe cumplir para recuperar sus da\u00f1os y otros que afectan la cantidad que puede recuperar. Algunos de estos requisitos incluyen los siguientes:<\/p>\n<ul>\n<li>Obligaci\u00f3n de cooperar<\/li>\n<li>Notificaci\u00f3n oportuna y presentaci\u00f3n de su reclamaci\u00f3n<\/li>\n<li>Lista detallada de sus p\u00e9rdidas firmada bajo pena de perjurio<\/li>\n<\/ul>\n<p>Comun\u00edquese hoy con un abogado con experiencia en da\u00f1os por humo de EC Law Counsel y podremos guiarlo a trav\u00e9s del proceso.<\/p>\n<h2>\u00bfQu\u00e9 da\u00f1os causa el humo a su hogar?<\/h2>\n<p>Los da\u00f1os causados por fuego y humo pueden causar graves da\u00f1os a una vivienda y a su valor. Las consecuencias directas de los da\u00f1os por incendio suelen ser evidentes de inmediato. Por otro lado, los da\u00f1os causados por humo pueden filtrarse en el sistema de climatizaci\u00f3n (HVAC) y extenderse por toda la casa sin ser detectados.<\/p>\n<p>Al identificar da\u00f1os por humo en su hogar para su reclamo de seguro, es esencial verificar las siguientes \u00e1reas:<\/p>\n<ul>\n<li>Sistema HVAC<\/li>\n<li>Techos y paredes, incluidos paneles de yeso, pintura y papel tapiz.<\/li>\n<li>Obra de arte<\/li>\n<li>Cortinas, alfombras, suelos y muebles.<\/li>\n<li>Ropa y ropa de cama<\/li>\n<li>Electrodom\u00e9sticos y electr\u00f3nica<\/li>\n<\/ul>\n<p>Los da\u00f1os causados por humo pueden aparecer de varias maneras, pero algunas de las m\u00e1s comunes incluyen las siguientes:<\/p>\n<ul>\n<li>Olor en la tela<\/li>\n<li>Residuos de holl\u00edn en las paredes o muebles<\/li>\n<li>Descoloramiento<\/li>\n<li>Quitar el barniz de pisos y muebles<\/li>\n<li>Electrodom\u00e9sticos deslustrados<\/li>\n<\/ul>\n<p>Si su hogar sufre da\u00f1os por humo debido a un incendio, inicie su reclamo de seguro por da\u00f1os a la propiedad con la ayuda de nuestros abogados en EC Law Counsel.<\/p>\n<h2>Podemos ayudarle a presentar un reclamo de seguro por da\u00f1os causados por humo o incendio<\/h2>\n<p>Su p\u00f3liza de seguro debe detallar los pasos a seguir para presentar una reclamaci\u00f3n. Por lo general, debe:<\/p>\n<ul>\n<li>Notifique a su aseguradora<\/li>\n<li>Tomar esfuerzos razonables para limitar el da\u00f1o<\/li>\n<li>Solicitar presupuestos a empresas de remediaci\u00f3n de humo<\/li>\n<li>Complete su documentaci\u00f3n de reclamaci\u00f3n de seguro<\/li>\n<li>Proporcionar una lista detallada de los da\u00f1os<\/li>\n<\/ul>\n<p>Tambi\u00e9n debe tomar las siguientes medidas para protegerse:<\/p>\n<ul>\n<li>Tome evidencia fotogr\u00e1fica del da\u00f1o.<\/li>\n<li>Realice un seguimiento de todas las comunicaciones con su aseguradora<\/li>\n<li>Realice un seguimiento de todos los gastos en los que incurra como resultado del da\u00f1o<\/li>\n<li>Contacte con un abogado con experiencia en reclamaciones de seguros<\/li>\n<\/ul>\n<h2>Comun\u00edquese con un abogado de seguros con experiencia en EC Counsel<\/h2>\n<p>En EC Law Counsel, nuestro bufete cuenta con m\u00e1s de diez a\u00f1os de experiencia representando a clientes en el sureste y suroeste de Florida. Si necesita ayuda con una reclamaci\u00f3n o sospecha que su compa\u00f1\u00eda de seguros no le est\u00e1 dando un trato justo, lucharemos para proteger sus intereses. Ll\u00e1menos al\u00a0<a href=\"tel:+19547406333\"><u>954-740-6333<\/u><\/a>, y hable hoy con un abogado con experiencia en da\u00f1os por humo.<\/p>\n","protected":false},"excerpt":{"rendered":"<p>Si bien los da\u00f1os por humo suelen ocurrir por un incendio dentro de su hogar, tambi\u00e9n pueden deberse a una propiedad o estructura cercana, o a un incendio forestal. Si su hogar sufre da\u00f1os por humo a causa de un incendio, deber\u00eda hablar con un abogado especializado en da\u00f1os por humo. EC Law Counsel cuenta [&hellip;]<\/p>\n","protected":false},"author":2,"featured_media":0,"parent":0,"menu_order":0,"comment_status":"closed","ping_status":"closed","template":"page-templates\/services-template.php","meta":{"_acf_changed":false,"inline_featured_image":false,"footnotes":""},"class_list":["post-1201","page","type-page","status-publish","hentry"],"acf":[],"yoast_head":"<!-- This site is optimized with the Yoast SEO plugin v27.3 - https:\/\/yoast.com\/product\/yoast-seo-wordpress\/ -->\n<title>Abogado de da\u00f1os por humo en Florida para el sureste y suroeste de Florida - EC Law<\/title>\n<meta name=\"description\" content=\"Despu\u00e9s de un incendio, conf\u00ede en EC Law Counsel para gestionar su reclamaci\u00f3n de seguro por da\u00f1os causados por humo y luchar por la indemnizaci\u00f3n que merece. Sirviendo a propietarios de viviendas del sureste y suroeste de Florida.\" \/>\n<meta name=\"robots\" content=\"index, follow, max-snippet:-1, max-image-preview:large, max-video-preview:-1\" \/>\n<link rel=\"canonical\" href=\"https:\/\/eclawcounsel.com\/es\/florida-smoke-damage-lawyer-serving-southeast-and-southwest-florida\/\" \/>\n<meta property=\"og:locale\" content=\"es_ES\" \/>\n<meta property=\"og:type\" content=\"article\" \/>\n<meta property=\"og:title\" content=\"Abogado de da\u00f1os por humo en Florida para el sureste y suroeste de Florida - EC Law\" \/>\n<meta property=\"og:description\" content=\"Despu\u00e9s de un incendio, conf\u00ede en EC Law Counsel para gestionar su reclamaci\u00f3n de seguro por da\u00f1os causados por humo y luchar por la indemnizaci\u00f3n que merece. Sirviendo a propietarios de viviendas del sureste y suroeste de Florida.\" \/>\n<meta property=\"og:url\" content=\"https:\/\/eclawcounsel.com\/es\/florida-smoke-damage-lawyer-serving-southeast-and-southwest-florida\/\" \/>\n<meta property=\"og:site_name\" content=\"EC Law Counsel\" \/>\n<meta property=\"article:modified_time\" content=\"2025-09-17T07:00:34+00:00\" \/>\n<meta name=\"twitter:card\" content=\"summary_large_image\" \/>\n<meta name=\"twitter:label1\" content=\"Est. reading time\" \/>\n\t<meta name=\"twitter:data1\" content=\"3 minutos\" \/>\n<!-- \/ Yoast SEO plugin. -->","yoast_head_json":{"title":"Abogado de da\u00f1os por humo en Florida para el sureste y suroeste de Florida - EC Law","description":"Despu\u00e9s de un incendio, conf\u00ede en EC Law Counsel para gestionar su reclamaci\u00f3n de seguro por da\u00f1os causados por humo y luchar por la indemnizaci\u00f3n que merece. Sirviendo a propietarios de viviendas del sureste y suroeste de Florida.","robots":{"index":"index","follow":"follow","max-snippet":"max-snippet:-1","max-image-preview":"max-image-preview:large","max-video-preview":"max-video-preview:-1"},"canonical":"https:\/\/eclawcounsel.com\/es\/florida-smoke-damage-lawyer-serving-southeast-and-southwest-florida\/","og_locale":"es_ES","og_type":"article","og_title":"Abogado de da\u00f1os por humo en Florida para el sureste y suroeste de Florida - EC Law","og_description":"Despu\u00e9s de un incendio, conf\u00ede en EC Law Counsel para gestionar su reclamaci\u00f3n de seguro por da\u00f1os causados por humo y luchar por la indemnizaci\u00f3n que merece. Sirviendo a propietarios de viviendas del sureste y suroeste de Florida.","og_url":"https:\/\/eclawcounsel.com\/es\/florida-smoke-damage-lawyer-serving-southeast-and-southwest-florida\/","og_site_name":"EC Law Counsel","article_modified_time":"2025-09-17T07:00:34+00:00","twitter_card":"summary_large_image","twitter_misc":{"Est. reading time":"3 minutos"},"schema":{"@context":"https:\/\/schema.org","@graph":[{"@type":"WebPage","@id":"https:\/\/eclawcounsel.com\/es\/florida-smoke-damage-lawyer-serving-southeast-and-southwest-florida\/","url":"https:\/\/eclawcounsel.com\/es\/florida-smoke-damage-lawyer-serving-southeast-and-southwest-florida\/","name":"Abogado de da\u00f1os por humo en Florida para el sureste y suroeste de Florida - EC Law","isPartOf":{"@id":"https:\/\/eclawcounsel.com\/es\/#website"},"datePublished":"2025-07-14T13:37:08+00:00","dateModified":"2025-09-17T07:00:34+00:00","description":"Despu\u00e9s de un incendio, conf\u00ede en EC Law Counsel para gestionar su reclamaci\u00f3n de seguro por da\u00f1os causados por humo y luchar por la indemnizaci\u00f3n que merece. Sirviendo a propietarios de viviendas del sureste y suroeste de Florida.","breadcrumb":{"@id":"https:\/\/eclawcounsel.com\/es\/florida-smoke-damage-lawyer-serving-southeast-and-southwest-florida\/#breadcrumb"},"inLanguage":"es","potentialAction":[{"@type":"ReadAction","target":["https:\/\/eclawcounsel.com\/es\/florida-smoke-damage-lawyer-serving-southeast-and-southwest-florida\/"]}]},{"@type":"BreadcrumbList","@id":"https:\/\/eclawcounsel.com\/es\/florida-smoke-damage-lawyer-serving-southeast-and-southwest-florida\/#breadcrumb","itemListElement":[{"@type":"ListItem","position":1,"name":"Home","item":"https:\/\/eclawcounsel.com\/es\/"},{"@type":"ListItem","position":2,"name":"Florida Smoke Damage Lawyer Serving Southeast and Southwest Florida"}]},{"@type":"WebSite","@id":"https:\/\/eclawcounsel.com\/es\/#website","url":"https:\/\/eclawcounsel.com\/es\/","name":"EC Law Counsel","description":"","publisher":{"@id":"https:\/\/eclawcounsel.com\/es\/#organization"},"potentialAction":[{"@type":"SearchAction","target":{"@type":"EntryPoint","urlTemplate":"https:\/\/eclawcounsel.com\/es\/?s={search_term_string}"},"query-input":{"@type":"PropertyValueSpecification","valueRequired":true,"valueName":"search_term_string"}}],"inLanguage":"es"},{"@type":"Organization","@id":"https:\/\/eclawcounsel.com\/es\/#organization","name":"EC Law Counsel","url":"https:\/\/eclawcounsel.com\/es\/","logo":{"@type":"ImageObject","inLanguage":"es","@id":"https:\/\/eclawcounsel.com\/es\/#\/schema\/logo\/image\/","url":"https:\/\/eclawcounsel.com\/wp-content\/uploads\/2025\/06\/eclawcounsel-logo.svg","contentUrl":"https:\/\/eclawcounsel.com\/wp-content\/uploads\/2025\/06\/eclawcounsel-logo.svg","width":196,"height":61,"caption":"EC Law Counsel"},"image":{"@id":"https:\/\/eclawcounsel.com\/es\/#\/schema\/logo\/image\/"}}]}},"_links":{"self":[{"href":"https:\/\/eclawcounsel.com\/es\/wp-json\/wp\/v2\/pages\/1201","targetHints":{"allow":["GET"]}}],"collection":[{"href":"https:\/\/eclawcounsel.com\/es\/wp-json\/wp\/v2\/pages"}],"about":[{"href":"https:\/\/eclawcounsel.com\/es\/wp-json\/wp\/v2\/types\/page"}],"author":[{"embeddable":true,"href":"https:\/\/eclawcounsel.com\/es\/wp-json\/wp\/v2\/users\/2"}],"replies":[{"embeddable":true,"href":"https:\/\/eclawcounsel.com\/es\/wp-json\/wp\/v2\/comments?post=1201"}],"version-history":[{"count":0,"href":"https:\/\/eclawcounsel.com\/es\/wp-json\/wp\/v2\/pages\/1201\/revisions"}],"wp:attachment":[{"href":"https:\/\/eclawcounsel.com\/es\/wp-json\/wp\/v2\/media?parent=1201"}],"curies":[{"name":"wp","href":"https:\/\/api.w.org\/{rel}","templated":true}]}}