{"id":1206,"date":"2025-07-14T13:43:27","date_gmt":"2025-07-14T13:43:27","guid":{"rendered":"https:\/\/eclawcounsel.com\/supplemental-claim-lawyer-serving-southeast-and-southwest-florida\/"},"modified":"2025-09-17T07:03:43","modified_gmt":"2025-09-17T07:03:43","slug":"supplemental-claim-lawyer-serving-southeast-and-southwest-florida","status":"publish","type":"page","link":"https:\/\/eclawcounsel.com\/es\/supplemental-claim-lawyer-serving-southeast-and-southwest-florida\/","title":{"rendered":"Supplemental Claim Lawyer Serving Southeast and Southwest Florida"},"content":{"rendered":"<p>Presentar una reclamaci\u00f3n de seguro complementario puede ser confuso. Nuestro bufete cuenta con m\u00e1s de una d\u00e9cada de experiencia en la gesti\u00f3n de reclamaciones de compa\u00f1\u00edas de seguros para clientes como usted. Un abogado especializado en reclamaciones complementarias de EC Law Counsel puede guiarle en el proceso.<\/p>\n<p>La ley de Florida exige que las aseguradoras paguen con prontitud los da\u00f1os indiscutibles. Si bien esta reclamaci\u00f3n inicial y el pago le permiten comenzar a reparar su vivienda, probablemente deba presentar una reclamaci\u00f3n complementaria por da\u00f1os. Para obtener ayuda con su reclamaci\u00f3n complementaria en el sureste o suroeste de Florida, ll\u00e1menos hoy mismo al\u00a0<a href=\"tel:+19547406333\"><u>954-740-6333<\/u><\/a>.<\/p>\n<h2>Podemos ayudarle a gestionar sus reclamaciones iniciales y complementarias<\/h2>\n<p>Las compa\u00f1\u00edas de seguros de Florida deben pagar los da\u00f1os indiscutibles derivados de reclamos de propiedad residencial dentro de los 90 d\u00edas posteriores a la fecha en que usted report\u00f3 el reclamo. Los da\u00f1os indiscutibles equivalen a la valoraci\u00f3n que el tasador asign\u00f3 tras inspeccionar su vivienda. Desafortunadamente, esta cantidad puede ser menor que los da\u00f1os reales que sufri\u00f3.<\/p>\n<p>Las compa\u00f1\u00edas de seguros pueden calcular sus da\u00f1os indiscutibles utilizando el valor real en efectivo. Sin embargo, el valor en efectivo es el costo de reemplazar su propiedad despu\u00e9s de aplicar un plan de depreciaci\u00f3n definido por la aseguradora. Por lo tanto, estas determinaciones a menudo subestiman la magnitud de sus da\u00f1os.<\/p>\n<p>Si tiene dudas, no est\u00e1 solo. Las reclamaciones de seguros son notoriamente dif\u00edciles de gestionar por su cuenta. Si recibe un pago por da\u00f1os indiscutibles, nuestros abogados de EC Law Counsel pueden ayudarle a evitar errores comunes.<\/p>\n<h2>No firme un formulario de autorizaci\u00f3n<\/h2>\n<p>En ocasiones, las compa\u00f1\u00edas de seguros le pedir\u00e1n que firme una exenci\u00f3n de responsabilidad al pagar da\u00f1os indiscutibles. Nunca debe firmar una exenci\u00f3n de responsabilidad. Una vez firmada, ya no podr\u00e1 presentar una reclamaci\u00f3n complementaria por da\u00f1os.<\/p>\n<p>Si su compa\u00f1\u00eda de seguros le pide que firme un formulario de autorizaci\u00f3n, comun\u00edquese con un abogado experimentado en reclamos complementarios de EC Law Counsel lo antes posible.<\/p>\n<h2>Cobrar el cheque por da\u00f1os indiscutibles no es un acuerdo<\/h2>\n<p>Cobrar el cheque por da\u00f1os indiscutibles no es lo mismo que aceptar un acuerdo. Este cheque le permitir\u00e1 iniciar las reparaciones, pero probablemente tendr\u00e1 que presentar una reclamaci\u00f3n complementaria por da\u00f1os a medida que avanzan las reparaciones.<br \/>\nEl hecho de haber cobrado el cheque por da\u00f1os indiscutibles no le impide reclamar da\u00f1os adicionales en un reclamo complementario por da\u00f1os siempre y cuando no haya firmado una liberaci\u00f3n.<\/p>\n<h2>Su aseguradora no puede cerrar su reclamo<\/h2>\n<p>Podr\u00eda intentar presentar una reclamaci\u00f3n complementaria y luego enterarse de que su aseguradora la cerr\u00f3. Esto es enga\u00f1oso, ya que solo un acuerdo o una sentencia pueden cerrar una reclamaci\u00f3n de seguro.<\/p>\n<p>Su aseguradora puede esperar que usted se d\u00e9 por vencido y pague los da\u00f1os adicionales usted mismo, pero nuestros abogados pueden ayudarlo a reabrir su reclamo y presentar un Aviso de intenci\u00f3n de iniciar un litigio seg\u00fan la secci\u00f3n 627.70152 de los Estatutos de Florida.<\/p>\n<h2>Comun\u00edquese con un abogado de seguros de EC Law Counsel para obtener ayuda con reclamos iniciales y complementarios<\/h2>\n<p>Un abogado especializado en reclamaciones complementarias de EC Law Counsel est\u00e1 listo para poner a su disposici\u00f3n nuestra d\u00e9cada de experiencia. Nos encargamos de todo el proceso y luchamos para proteger sus intereses. Ll\u00e1menos al\u00a0<a href=\"tel:+19547406333\"><u>954-740-6333<\/u><\/a>.<\/p>\n","protected":false},"excerpt":{"rendered":"<p>Presentar una reclamaci\u00f3n de seguro complementario puede ser confuso. Nuestro bufete cuenta con m\u00e1s de una d\u00e9cada de experiencia en la gesti\u00f3n de reclamaciones de compa\u00f1\u00edas de seguros para clientes como usted. Un abogado especializado en reclamaciones complementarias de EC Law Counsel puede guiarle en el proceso. La ley de Florida exige que las aseguradoras [&hellip;]<\/p>\n","protected":false},"author":2,"featured_media":0,"parent":0,"menu_order":0,"comment_status":"closed","ping_status":"closed","template":"page-templates\/services-template.php","meta":{"_acf_changed":false,"inline_featured_image":false,"footnotes":""},"class_list":["post-1206","page","type-page","status-publish","hentry"],"acf":[],"yoast_head":"<!-- This site is optimized with the Yoast SEO plugin v27.3 - https:\/\/yoast.com\/product\/yoast-seo-wordpress\/ -->\n<title>Abogado especializado en reclamaciones complementarias que atiende al sureste y suroeste de Florida<\/title>\n<meta name=\"description\" content=\"\u00bfTiene dudas sobre las reclamaciones complementarias? EC Law Counsel ayuda a los propietarios de viviendas de Florida a gestionar los tr\u00e1mites de seguros para obtener fondos adicionales por da\u00f1os a la propiedad.\" \/>\n<meta name=\"robots\" content=\"index, follow, max-snippet:-1, max-image-preview:large, max-video-preview:-1\" \/>\n<link rel=\"canonical\" href=\"https:\/\/eclawcounsel.com\/es\/supplemental-claim-lawyer-serving-southeast-and-southwest-florida\/\" \/>\n<meta property=\"og:locale\" content=\"es_ES\" \/>\n<meta property=\"og:type\" content=\"article\" \/>\n<meta property=\"og:title\" content=\"Abogado especializado en reclamaciones complementarias que atiende al sureste y suroeste de Florida\" \/>\n<meta property=\"og:description\" content=\"\u00bfTiene dudas sobre las reclamaciones complementarias? EC Law Counsel ayuda a los propietarios de viviendas de Florida a gestionar los tr\u00e1mites de seguros para obtener fondos adicionales por da\u00f1os a la propiedad.\" \/>\n<meta property=\"og:url\" content=\"https:\/\/eclawcounsel.com\/es\/supplemental-claim-lawyer-serving-southeast-and-southwest-florida\/\" \/>\n<meta property=\"og:site_name\" content=\"EC Law Counsel\" \/>\n<meta property=\"article:modified_time\" content=\"2025-09-17T07:03:43+00:00\" \/>\n<meta name=\"twitter:card\" content=\"summary_large_image\" \/>\n<meta name=\"twitter:label1\" content=\"Est. reading time\" \/>\n\t<meta name=\"twitter:data1\" content=\"3 minutos\" \/>\n<!-- \/ Yoast SEO plugin. -->","yoast_head_json":{"title":"Abogado especializado en reclamaciones complementarias que atiende al sureste y suroeste de Florida","description":"\u00bfTiene dudas sobre las reclamaciones complementarias? EC Law Counsel ayuda a los propietarios de viviendas de Florida a gestionar los tr\u00e1mites de seguros para obtener fondos adicionales por da\u00f1os a la propiedad.","robots":{"index":"index","follow":"follow","max-snippet":"max-snippet:-1","max-image-preview":"max-image-preview:large","max-video-preview":"max-video-preview:-1"},"canonical":"https:\/\/eclawcounsel.com\/es\/supplemental-claim-lawyer-serving-southeast-and-southwest-florida\/","og_locale":"es_ES","og_type":"article","og_title":"Abogado especializado en reclamaciones complementarias que atiende al sureste y suroeste de Florida","og_description":"\u00bfTiene dudas sobre las reclamaciones complementarias? EC Law Counsel ayuda a los propietarios de viviendas de Florida a gestionar los tr\u00e1mites de seguros para obtener fondos adicionales por da\u00f1os a la propiedad.","og_url":"https:\/\/eclawcounsel.com\/es\/supplemental-claim-lawyer-serving-southeast-and-southwest-florida\/","og_site_name":"EC Law Counsel","article_modified_time":"2025-09-17T07:03:43+00:00","twitter_card":"summary_large_image","twitter_misc":{"Est. reading time":"3 minutos"},"schema":{"@context":"https:\/\/schema.org","@graph":[{"@type":"WebPage","@id":"https:\/\/eclawcounsel.com\/es\/supplemental-claim-lawyer-serving-southeast-and-southwest-florida\/","url":"https:\/\/eclawcounsel.com\/es\/supplemental-claim-lawyer-serving-southeast-and-southwest-florida\/","name":"Abogado especializado en reclamaciones complementarias que atiende al sureste y suroeste de Florida","isPartOf":{"@id":"https:\/\/eclawcounsel.com\/es\/#website"},"datePublished":"2025-07-14T13:43:27+00:00","dateModified":"2025-09-17T07:03:43+00:00","description":"\u00bfTiene dudas sobre las reclamaciones complementarias? EC Law Counsel ayuda a los propietarios de viviendas de Florida a gestionar los tr\u00e1mites de seguros para obtener fondos adicionales por da\u00f1os a la propiedad.","breadcrumb":{"@id":"https:\/\/eclawcounsel.com\/es\/supplemental-claim-lawyer-serving-southeast-and-southwest-florida\/#breadcrumb"},"inLanguage":"es","potentialAction":[{"@type":"ReadAction","target":["https:\/\/eclawcounsel.com\/es\/supplemental-claim-lawyer-serving-southeast-and-southwest-florida\/"]}]},{"@type":"BreadcrumbList","@id":"https:\/\/eclawcounsel.com\/es\/supplemental-claim-lawyer-serving-southeast-and-southwest-florida\/#breadcrumb","itemListElement":[{"@type":"ListItem","position":1,"name":"Home","item":"https:\/\/eclawcounsel.com\/es\/"},{"@type":"ListItem","position":2,"name":"Supplemental Claim Lawyer Serving Southeast and Southwest Florida"}]},{"@type":"WebSite","@id":"https:\/\/eclawcounsel.com\/es\/#website","url":"https:\/\/eclawcounsel.com\/es\/","name":"EC Law Counsel","description":"","publisher":{"@id":"https:\/\/eclawcounsel.com\/es\/#organization"},"potentialAction":[{"@type":"SearchAction","target":{"@type":"EntryPoint","urlTemplate":"https:\/\/eclawcounsel.com\/es\/?s={search_term_string}"},"query-input":{"@type":"PropertyValueSpecification","valueRequired":true,"valueName":"search_term_string"}}],"inLanguage":"es"},{"@type":"Organization","@id":"https:\/\/eclawcounsel.com\/es\/#organization","name":"EC Law Counsel","url":"https:\/\/eclawcounsel.com\/es\/","logo":{"@type":"ImageObject","inLanguage":"es","@id":"https:\/\/eclawcounsel.com\/es\/#\/schema\/logo\/image\/","url":"https:\/\/eclawcounsel.com\/wp-content\/uploads\/2025\/06\/eclawcounsel-logo.svg","contentUrl":"https:\/\/eclawcounsel.com\/wp-content\/uploads\/2025\/06\/eclawcounsel-logo.svg","width":196,"height":61,"caption":"EC Law Counsel"},"image":{"@id":"https:\/\/eclawcounsel.com\/es\/#\/schema\/logo\/image\/"}}]}},"_links":{"self":[{"href":"https:\/\/eclawcounsel.com\/es\/wp-json\/wp\/v2\/pages\/1206","targetHints":{"allow":["GET"]}}],"collection":[{"href":"https:\/\/eclawcounsel.com\/es\/wp-json\/wp\/v2\/pages"}],"about":[{"href":"https:\/\/eclawcounsel.com\/es\/wp-json\/wp\/v2\/types\/page"}],"author":[{"embeddable":true,"href":"https:\/\/eclawcounsel.com\/es\/wp-json\/wp\/v2\/users\/2"}],"replies":[{"embeddable":true,"href":"https:\/\/eclawcounsel.com\/es\/wp-json\/wp\/v2\/comments?post=1206"}],"version-history":[{"count":0,"href":"https:\/\/eclawcounsel.com\/es\/wp-json\/wp\/v2\/pages\/1206\/revisions"}],"wp:attachment":[{"href":"https:\/\/eclawcounsel.com\/es\/wp-json\/wp\/v2\/media?parent=1206"}],"curies":[{"name":"wp","href":"https:\/\/api.w.org\/{rel}","templated":true}]}}