{"id":1208,"date":"2025-07-14T13:58:22","date_gmt":"2025-07-14T13:58:22","guid":{"rendered":"https:\/\/eclawcounsel.com\/trust-a-south-florida-lawyer-experienced-in-underpaid-claims\/"},"modified":"2025-09-17T07:05:03","modified_gmt":"2025-09-17T07:05:03","slug":"trust-a-south-florida-lawyer-experienced-in-underpaid-claims","status":"publish","type":"page","link":"https:\/\/eclawcounsel.com\/es\/trust-a-south-florida-lawyer-experienced-in-underpaid-claims\/","title":{"rendered":"Trust a South Florida Lawyer Experienced in Underpaid Claims"},"content":{"rendered":"<p>Si ha tomado todas las medidas necesarias para presentar una reclamaci\u00f3n de seguro comercial o da\u00f1os a la propiedad ante su compa\u00f1\u00eda de seguros y aun as\u00ed ha recibido una denegaci\u00f3n o una oferta muy baja, necesita un abogado que comprenda los pormenores de las reclamaciones mal pagadas. Lo cierto es que las compa\u00f1\u00edas de seguros a menudo deniegan o pagan de menos las reclamaciones leg\u00edtimas; necesita un abogado que le apoye para garantizar sus derechos.<\/p>\n<p>Cont\u00e1ctenos en EC Law Counsel, que atiende al sureste y suroeste de Florida, para hablar sobre sus reclamos de seguro con pagos insuficientes. Podemos revisar sus p\u00f3lizas de seguro, hablar con sus ajustadores, reabrir sus reclamos y presentar una demanda judicial si es necesario. Ll\u00e1menos al\u00a0<a href=\"tel:954-861-0833\"><u>954-861-0833<\/u><\/a>\u00a0para programar una consulta.<\/p>\n<h2>\u00bfC\u00f3mo intentar\u00e1 una compa\u00f1\u00eda de seguros pagar menos de lo debido en las reclamaciones?<\/h2>\n<p>Existen muchas estrategias que las compa\u00f1\u00edas de seguros utilizan para pagar menos de lo debido en las reclamaciones. Las p\u00f3lizas de seguro suelen contener un lenguaje confuso que dificulta la comprensi\u00f3n de c\u00f3mo presentar una reclamaci\u00f3n correctamente o de los l\u00edmites de la p\u00f3liza. Otras t\u00e1cticas que una compa\u00f1\u00eda de seguros podr\u00eda utilizar incluyen:<\/p>\n<ol>\n<li><strong>Negaci\u00f3n total<\/strong> Algunos ajustadores de seguros rechazan autom\u00e1ticamente todas las reclamaciones que llegan a su despacho y dejan que el departamento legal se encargue de las reclamaciones en disputa. Otros revisan cada reclamaci\u00f3n caso por caso, pero solo aprueban las reclamaciones de asegurados con l\u00edmites de p\u00f3liza m\u00e1s altos, ya que estos clientes suelen pagar m\u00e1s. Un abogado con experiencia en reclamaciones con pagos insuficientes puede ayudarle a presentar una apelaci\u00f3n o una demanda.<\/li>\n<li><strong>Denegaci\u00f3n parcial o pago insuficiente<\/strong> Su compa\u00f1\u00eda de seguros podr\u00eda emitirle un cheque por $2,500 para cubrir su responsabilidad por un pal\u00e9 de tejas despu\u00e9s de pagar su deducible de $10,000. Sin embargo, su techo podr\u00eda requerir un reemplazo completo de $36,000 despu\u00e9s de pagar el deducible. El pago insuficiente de las reclamaciones es una t\u00e1ctica com\u00fan que utilizan las compa\u00f1\u00edas de seguros.<\/li>\n<li><strong>Proceso de reclamaci\u00f3n por mala fe<\/strong> Cada vez que una compa\u00f1\u00eda de seguros rechaza, paga de menos o retrasa intencionalmente una reclamaci\u00f3n leg\u00edtima, act\u00faa de mala fe. Su compa\u00f1\u00eda de seguros podr\u00eda exigir un proceso de varios pasos para su reclamaci\u00f3n, o podr\u00eda no recibir actualizaciones del perito que la revisa. Todos estos son trucos de mala fe que usan las compa\u00f1\u00edas de seguros.<\/li>\n<\/ol>\n<h2>\u00bfPor qu\u00e9 los ajustadores de seguros pagan menos de lo debido en las reclamaciones?<\/h2>\n<p>Pagar las reclamaciones en su totalidad afecta las ganancias de las compa\u00f1\u00edas de seguros, por lo que probablemente intentar\u00e1n todo lo posible para evitar pagar las reclamaciones por su valor total, incluyendo:<\/p>\n<ul>\n<li>Uso de software algor\u00edtmico para generar estimaciones m\u00ednimas<\/li>\n<li>Subestimar los reclamos y hacer creer a los asegurados que est\u00e1n ofreciendo el verdadero valor de los da\u00f1os<\/li>\n<li>Incluir un acuerdo de liberaci\u00f3n si un asegurado cobra un cheque de reclamaci\u00f3n<\/li>\n<li>No esperar que los asegurados abandonados presenten reclamos mal pagados con un abogado<\/li>\n<\/ul>\n<h2>\u00bfQu\u00e9 puede hacer un abogado con experiencia en reclamaciones de seguros para ayudar en mi caso?<\/h2>\n<p>Si cree que su compa\u00f1\u00eda de seguros rechaz\u00f3 o pag\u00f3 de menos su reclamo de mala fe, nuestros abogados de reclamos pueden:<\/p>\n<ul>\n<li>Revise sus p\u00f3lizas de seguro para conocer los detalles y l\u00edmites de cobertura. Podemos determinar si su compa\u00f1\u00eda de seguros tiene una raz\u00f3n v\u00e1lida para rechazar su reclamaci\u00f3n y, de no ser as\u00ed, podemos exigirle responsabilidades.<\/li>\n<li>Ayudarle a documentar evidencia para un reclamo<\/li>\n<li>Negociaci\u00f3n con la compa\u00f1\u00eda de seguros: Podemos negociar con la compa\u00f1\u00eda de seguros en su nombre y llegar a un acuerdo. Utilizamos nuestros conocimientos y experiencia para negociar un acuerdo justo que cubra sus p\u00e9rdidas.<\/li>\n<li>Presente una demanda contra su compa\u00f1\u00eda de seguros si no reabren sus operaciones ni pagan su reclamaci\u00f3n. Si las negociaciones fracasan, nuestros abogados pueden demandar a la compa\u00f1\u00eda de seguros.<\/li>\n<\/ul>\n<h2>Comun\u00edquese con un abogado de seguros que atienda al sureste y suroeste de Florida<\/h2>\n<p>Las reclamaciones de pago insuficiente son frecuentes en el sector asegurador. Si necesita un abogado con experiencia en reclamaciones de seguros, cont\u00e1ctenos en EC Law Counsel. Atendemos todo el sureste y suroeste de Florida. Ll\u00e1menos hoy mismo.\u00a0<a href=\"tel:954-861-0833\"><u>954-861-0833<\/u><\/a> para programar una cita con un abogado de reclamos.<\/p>\n","protected":false},"excerpt":{"rendered":"<p>Si ha tomado todas las medidas necesarias para presentar una reclamaci\u00f3n de seguro comercial o da\u00f1os a la propiedad ante su compa\u00f1\u00eda de seguros y aun as\u00ed ha recibido una denegaci\u00f3n o una oferta muy baja, necesita un abogado que comprenda los pormenores de las reclamaciones mal pagadas. Lo cierto es que las compa\u00f1\u00edas de [&hellip;]<\/p>\n","protected":false},"author":2,"featured_media":0,"parent":0,"menu_order":0,"comment_status":"closed","ping_status":"closed","template":"page-templates\/services-template.php","meta":{"_acf_changed":false,"inline_featured_image":false,"footnotes":""},"class_list":["post-1208","page","type-page","status-publish","hentry"],"acf":[],"yoast_head":"<!-- This site is optimized with the Yoast SEO plugin v27.4 - https:\/\/yoast.com\/product\/yoast-seo-wordpress\/ -->\n<title>Conf\u00ede en un abogado del sur de Florida con experiencia en reclamos mal pagados<\/title>\n<meta name=\"description\" content=\"\u00bfSu compa\u00f1\u00eda de seguros le est\u00e1 pagando menos de lo que le corresponde? Conf\u00ede en los abogados expertos de EC Law Counsel en el sur de Florida para obtener la indemnizaci\u00f3n que merece.\" \/>\n<meta name=\"robots\" content=\"index, follow, max-snippet:-1, max-image-preview:large, max-video-preview:-1\" \/>\n<link rel=\"canonical\" href=\"https:\/\/eclawcounsel.com\/es\/trust-a-south-florida-lawyer-experienced-in-underpaid-claims\/\" \/>\n<meta property=\"og:locale\" content=\"es_ES\" \/>\n<meta property=\"og:type\" content=\"article\" \/>\n<meta property=\"og:title\" content=\"Conf\u00ede en un abogado del sur de Florida con experiencia en reclamos mal pagados\" \/>\n<meta property=\"og:description\" content=\"\u00bfSu compa\u00f1\u00eda de seguros le est\u00e1 pagando menos de lo que le corresponde? Conf\u00ede en los abogados expertos de EC Law Counsel en el sur de Florida para obtener la indemnizaci\u00f3n que merece.\" \/>\n<meta property=\"og:url\" content=\"https:\/\/eclawcounsel.com\/es\/trust-a-south-florida-lawyer-experienced-in-underpaid-claims\/\" \/>\n<meta property=\"og:site_name\" content=\"EC Law Counsel\" \/>\n<meta property=\"article:modified_time\" content=\"2025-09-17T07:05:03+00:00\" \/>\n<meta name=\"twitter:card\" content=\"summary_large_image\" \/>\n<meta name=\"twitter:label1\" content=\"Est. reading time\" \/>\n\t<meta name=\"twitter:data1\" content=\"4 minutos\" \/>\n<!-- \/ Yoast SEO plugin. -->","yoast_head_json":{"title":"Conf\u00ede en un abogado del sur de Florida con experiencia en reclamos mal pagados","description":"\u00bfSu compa\u00f1\u00eda de seguros le est\u00e1 pagando menos de lo que le corresponde? Conf\u00ede en los abogados expertos de EC Law Counsel en el sur de Florida para obtener la indemnizaci\u00f3n que merece.","robots":{"index":"index","follow":"follow","max-snippet":"max-snippet:-1","max-image-preview":"max-image-preview:large","max-video-preview":"max-video-preview:-1"},"canonical":"https:\/\/eclawcounsel.com\/es\/trust-a-south-florida-lawyer-experienced-in-underpaid-claims\/","og_locale":"es_ES","og_type":"article","og_title":"Conf\u00ede en un abogado del sur de Florida con experiencia en reclamos mal pagados","og_description":"\u00bfSu compa\u00f1\u00eda de seguros le est\u00e1 pagando menos de lo que le corresponde? Conf\u00ede en los abogados expertos de EC Law Counsel en el sur de Florida para obtener la indemnizaci\u00f3n que merece.","og_url":"https:\/\/eclawcounsel.com\/es\/trust-a-south-florida-lawyer-experienced-in-underpaid-claims\/","og_site_name":"EC Law Counsel","article_modified_time":"2025-09-17T07:05:03+00:00","twitter_card":"summary_large_image","twitter_misc":{"Est. reading time":"4 minutos"},"schema":{"@context":"https:\/\/schema.org","@graph":[{"@type":"WebPage","@id":"https:\/\/eclawcounsel.com\/es\/trust-a-south-florida-lawyer-experienced-in-underpaid-claims\/","url":"https:\/\/eclawcounsel.com\/es\/trust-a-south-florida-lawyer-experienced-in-underpaid-claims\/","name":"Conf\u00ede en un abogado del sur de Florida con experiencia en reclamos mal pagados","isPartOf":{"@id":"https:\/\/eclawcounsel.com\/es\/#website"},"datePublished":"2025-07-14T13:58:22+00:00","dateModified":"2025-09-17T07:05:03+00:00","description":"\u00bfSu compa\u00f1\u00eda de seguros le est\u00e1 pagando menos de lo que le corresponde? Conf\u00ede en los abogados expertos de EC Law Counsel en el sur de Florida para obtener la indemnizaci\u00f3n que merece.","breadcrumb":{"@id":"https:\/\/eclawcounsel.com\/es\/trust-a-south-florida-lawyer-experienced-in-underpaid-claims\/#breadcrumb"},"inLanguage":"es","potentialAction":[{"@type":"ReadAction","target":["https:\/\/eclawcounsel.com\/es\/trust-a-south-florida-lawyer-experienced-in-underpaid-claims\/"]}]},{"@type":"BreadcrumbList","@id":"https:\/\/eclawcounsel.com\/es\/trust-a-south-florida-lawyer-experienced-in-underpaid-claims\/#breadcrumb","itemListElement":[{"@type":"ListItem","position":1,"name":"Home","item":"https:\/\/eclawcounsel.com\/es\/"},{"@type":"ListItem","position":2,"name":"Trust a South Florida Lawyer Experienced in Underpaid Claims"}]},{"@type":"WebSite","@id":"https:\/\/eclawcounsel.com\/es\/#website","url":"https:\/\/eclawcounsel.com\/es\/","name":"EC Law Counsel","description":"","publisher":{"@id":"https:\/\/eclawcounsel.com\/es\/#organization"},"potentialAction":[{"@type":"SearchAction","target":{"@type":"EntryPoint","urlTemplate":"https:\/\/eclawcounsel.com\/es\/?s={search_term_string}"},"query-input":{"@type":"PropertyValueSpecification","valueRequired":true,"valueName":"search_term_string"}}],"inLanguage":"es"},{"@type":"Organization","@id":"https:\/\/eclawcounsel.com\/es\/#organization","name":"EC Law Counsel","url":"https:\/\/eclawcounsel.com\/es\/","logo":{"@type":"ImageObject","inLanguage":"es","@id":"https:\/\/eclawcounsel.com\/es\/#\/schema\/logo\/image\/","url":"https:\/\/eclawcounsel.com\/wp-content\/uploads\/2025\/06\/eclawcounsel-logo.svg","contentUrl":"https:\/\/eclawcounsel.com\/wp-content\/uploads\/2025\/06\/eclawcounsel-logo.svg","width":196,"height":61,"caption":"EC Law Counsel"},"image":{"@id":"https:\/\/eclawcounsel.com\/es\/#\/schema\/logo\/image\/"}}]}},"_links":{"self":[{"href":"https:\/\/eclawcounsel.com\/es\/wp-json\/wp\/v2\/pages\/1208","targetHints":{"allow":["GET"]}}],"collection":[{"href":"https:\/\/eclawcounsel.com\/es\/wp-json\/wp\/v2\/pages"}],"about":[{"href":"https:\/\/eclawcounsel.com\/es\/wp-json\/wp\/v2\/types\/page"}],"author":[{"embeddable":true,"href":"https:\/\/eclawcounsel.com\/es\/wp-json\/wp\/v2\/users\/2"}],"replies":[{"embeddable":true,"href":"https:\/\/eclawcounsel.com\/es\/wp-json\/wp\/v2\/comments?post=1208"}],"version-history":[{"count":0,"href":"https:\/\/eclawcounsel.com\/es\/wp-json\/wp\/v2\/pages\/1208\/revisions"}],"wp:attachment":[{"href":"https:\/\/eclawcounsel.com\/es\/wp-json\/wp\/v2\/media?parent=1208"}],"curies":[{"name":"wp","href":"https:\/\/api.w.org\/{rel}","templated":true}]}}