{"id":1220,"date":"2025-06-19T12:12:28","date_gmt":"2025-06-19T12:12:28","guid":{"rendered":"https:\/\/eclawcounsel.com\/privacy-policy\/"},"modified":"2025-07-25T16:51:40","modified_gmt":"2025-07-25T16:51:40","slug":"privacy-policy","status":"publish","type":"page","link":"https:\/\/eclawcounsel.com\/es\/privacy-policy\/","title":{"rendered":"Privacy Policy"},"content":{"rendered":"","protected":false},"excerpt":{"rendered":"","protected":false},"author":2,"featured_media":0,"parent":0,"menu_order":0,"comment_status":"closed","ping_status":"open","template":"page-templates\/flexible-template.php","meta":{"_acf_changed":false,"inline_featured_image":false,"footnotes":""},"class_list":["post-1220","page","type-page","status-publish","hentry"],"acf":[],"yoast_head":"<!-- This site is optimized with the Yoast SEO plugin v27.4 - https:\/\/yoast.com\/product\/yoast-seo-wordpress\/ -->\n<title>Pol\u00edtica de privacidad - Asesor\u00eda jur\u00eddica de la CE<\/title>\n<meta name=\"description\" content=\"Lea la Pol\u00edtica de Privacidad de EC Law Counsel para conocer c\u00f3mo manejamos sus datos personales, garantizando la transparencia, la seguridad y el cumplimiento de los est\u00e1ndares legales.\" \/>\n<meta name=\"robots\" content=\"index, follow, max-snippet:-1, max-image-preview:large, max-video-preview:-1\" \/>\n<link rel=\"canonical\" href=\"https:\/\/eclawcounsel.com\/es\/privacy-policy\/\" \/>\n<meta property=\"og:locale\" content=\"es_ES\" \/>\n<meta property=\"og:type\" content=\"article\" \/>\n<meta property=\"og:title\" content=\"Pol\u00edtica de privacidad - Asesor\u00eda jur\u00eddica de la CE\" \/>\n<meta property=\"og:description\" content=\"Lea la Pol\u00edtica de Privacidad de EC Law Counsel para conocer c\u00f3mo manejamos sus datos personales, garantizando la transparencia, la seguridad y el cumplimiento de los est\u00e1ndares legales.\" \/>\n<meta property=\"og:url\" content=\"https:\/\/eclawcounsel.com\/es\/privacy-policy\/\" \/>\n<meta property=\"og:site_name\" content=\"EC Law Counsel\" \/>\n<meta property=\"article:modified_time\" content=\"2025-07-25T16:51:40+00:00\" \/>\n<meta name=\"twitter:card\" content=\"summary_large_image\" \/>\n<!-- \/ Yoast SEO plugin. -->","yoast_head_json":{"title":"Pol\u00edtica de privacidad - Asesor\u00eda jur\u00eddica de la CE","description":"Lea la Pol\u00edtica de Privacidad de EC Law Counsel para conocer c\u00f3mo manejamos sus datos personales, garantizando la transparencia, la seguridad y el cumplimiento de los est\u00e1ndares legales.","robots":{"index":"index","follow":"follow","max-snippet":"max-snippet:-1","max-image-preview":"max-image-preview:large","max-video-preview":"max-video-preview:-1"},"canonical":"https:\/\/eclawcounsel.com\/es\/privacy-policy\/","og_locale":"es_ES","og_type":"article","og_title":"Pol\u00edtica de privacidad - Asesor\u00eda jur\u00eddica de la CE","og_description":"Lea la Pol\u00edtica de Privacidad de EC Law Counsel para conocer c\u00f3mo manejamos sus datos personales, garantizando la transparencia, la seguridad y el cumplimiento de los est\u00e1ndares legales.","og_url":"https:\/\/eclawcounsel.com\/es\/privacy-policy\/","og_site_name":"EC Law Counsel","article_modified_time":"2025-07-25T16:51:40+00:00","twitter_card":"summary_large_image","schema":{"@context":"https:\/\/schema.org","@graph":[{"@type":"WebPage","@id":"https:\/\/eclawcounsel.com\/es\/privacy-policy\/","url":"https:\/\/eclawcounsel.com\/es\/privacy-policy\/","name":"Pol\u00edtica de privacidad - Asesor\u00eda jur\u00eddica de la CE","isPartOf":{"@id":"https:\/\/eclawcounsel.com\/es\/#website"},"datePublished":"2025-06-19T12:12:28+00:00","dateModified":"2025-07-25T16:51:40+00:00","description":"Lea la Pol\u00edtica de Privacidad de EC Law Counsel para conocer c\u00f3mo manejamos sus datos personales, garantizando la transparencia, la seguridad y el cumplimiento de los est\u00e1ndares legales.","breadcrumb":{"@id":"https:\/\/eclawcounsel.com\/es\/privacy-policy\/#breadcrumb"},"inLanguage":"es","potentialAction":[{"@type":"ReadAction","target":["https:\/\/eclawcounsel.com\/es\/privacy-policy\/"]}]},{"@type":"BreadcrumbList","@id":"https:\/\/eclawcounsel.com\/es\/privacy-policy\/#breadcrumb","itemListElement":[{"@type":"ListItem","position":1,"name":"Home","item":"https:\/\/eclawcounsel.com\/es\/"},{"@type":"ListItem","position":2,"name":"Privacy Policy"}]},{"@type":"WebSite","@id":"https:\/\/eclawcounsel.com\/es\/#website","url":"https:\/\/eclawcounsel.com\/es\/","name":"EC Law Counsel","description":"","publisher":{"@id":"https:\/\/eclawcounsel.com\/es\/#organization"},"potentialAction":[{"@type":"SearchAction","target":{"@type":"EntryPoint","urlTemplate":"https:\/\/eclawcounsel.com\/es\/?s={search_term_string}"},"query-input":{"@type":"PropertyValueSpecification","valueRequired":true,"valueName":"search_term_string"}}],"inLanguage":"es"},{"@type":"Organization","@id":"https:\/\/eclawcounsel.com\/es\/#organization","name":"EC Law Counsel","url":"https:\/\/eclawcounsel.com\/es\/","logo":{"@type":"ImageObject","inLanguage":"es","@id":"https:\/\/eclawcounsel.com\/es\/#\/schema\/logo\/image\/","url":"https:\/\/eclawcounsel.com\/wp-content\/uploads\/2025\/06\/eclawcounsel-logo.svg","contentUrl":"https:\/\/eclawcounsel.com\/wp-content\/uploads\/2025\/06\/eclawcounsel-logo.svg","width":196,"height":61,"caption":"EC Law Counsel"},"image":{"@id":"https:\/\/eclawcounsel.com\/es\/#\/schema\/logo\/image\/"}}]}},"_links":{"self":[{"href":"https:\/\/eclawcounsel.com\/es\/wp-json\/wp\/v2\/pages\/1220","targetHints":{"allow":["GET"]}}],"collection":[{"href":"https:\/\/eclawcounsel.com\/es\/wp-json\/wp\/v2\/pages"}],"about":[{"href":"https:\/\/eclawcounsel.com\/es\/wp-json\/wp\/v2\/types\/page"}],"author":[{"embeddable":true,"href":"https:\/\/eclawcounsel.com\/es\/wp-json\/wp\/v2\/users\/2"}],"replies":[{"embeddable":true,"href":"https:\/\/eclawcounsel.com\/es\/wp-json\/wp\/v2\/comments?post=1220"}],"version-history":[{"count":0,"href":"https:\/\/eclawcounsel.com\/es\/wp-json\/wp\/v2\/pages\/1220\/revisions"}],"wp:attachment":[{"href":"https:\/\/eclawcounsel.com\/es\/wp-json\/wp\/v2\/media?parent=1220"}],"curies":[{"name":"wp","href":"https:\/\/api.w.org\/{rel}","templated":true}]}}