{"id":957,"date":"2025-07-14T12:16:30","date_gmt":"2025-07-14T12:16:30","guid":{"rendered":"https:\/\/eclawcounsel.com\/business-loss\/"},"modified":"2025-09-12T16:17:20","modified_gmt":"2025-09-12T16:17:20","slug":"necesita-un-abogado-especializado-en-perdidas-de-negocios-de-florida","status":"publish","type":"page","link":"https:\/\/eclawcounsel.com\/es\/necesita-un-abogado-especializado-en-perdidas-de-negocios-de-florida\/","title":{"rendered":"Do You Need a Florida Business Loss Lawyer?"},"content":{"rendered":"<p>Como propietario de un negocio en el sureste o suroeste de Florida, se enfrenta todos los d\u00edas al riesgo de p\u00e9rdidas en su negocio. Sin embargo \u00bfsab\u00eda usted que los propietarios de negocios pueden presentar reclamaciones de seguros para una serie de p\u00e9rdidas m\u00e1s all\u00e1 de los desastres naturales o el robo? Puede que se sorprenda al descubrir cu\u00e1les son las p\u00e9rdidas que cubre su p\u00f3liza de seguro.<\/p>\n<p>Un abogado especializado en p\u00e9rdidas de negocios de nuestra Asesor\u00eda Jur\u00eddica EC del bufete de abogados puede revisar las p\u00f3lizas de seguro de su empresa para determinar qu\u00e9 reclamaciones de seguro puede presentar y los l\u00edmites de su p\u00f3liza.<\/p>\n<p>Ll\u00e1menos a nuestra Asesor\u00eda Jur\u00eddica EC del bufete de abogados, al 954-861-0833 para programar una consulta con un abogado especializado en seguros de negocios de nuestro bufete en Hollywood, FL.<\/p>\n<h2>La mayor\u00eda de las p\u00f3lizas de seguro de negocios cubrir\u00e1n estas p\u00e9rdidas<\/h2>\n<p>Su negocio puede sufrir p\u00e9rdidas por numerosas causas, pero s\u00f3lo puede presentar reclamaciones de seguros para compensar sus p\u00e9rdidas si est\u00e1n bajo la cobertura de su p\u00f3liza de seguro. Algunas cosas que su compa\u00f1\u00eda de seguros podr\u00eda ofrecer en la cobertura por p\u00e9rdidas de su negocio incluyen:<\/p>\n<ul>\n<li>Seguro por interrupci\u00f3n del negocio por desastres naturales.<\/li>\n<li>Protecci\u00f3n contra fraude y robo por empleados<\/li>\n<li>Protecci\u00f3n contra rotura de maquinaria y equipos<\/li>\n<li>Cobertura por p\u00e9rdidas por infracci\u00f3n o falsificaci\u00f3n de derechos de autor<\/li>\n<li>Seguro por retraso en la fecha de inicio para ingresos anticipados por una puesta en marcha<\/li>\n<li>Cobertura por robo o p\u00e9rdida de dinero<\/li>\n<li>Protecci\u00f3n contra da\u00f1os personales durante un atraco<\/li>\n<li>Protecci\u00f3n contra fraude o cancelaci\u00f3n de tarjetas de cr\u00e9dito<\/li>\n<li>Seguro por fallecimiento o invalidez de personas en caso de operaciones cr\u00edticas<\/li>\n<li>Seguro contra un posible delito, incluidos el secuestro, la extorsi\u00f3n o el atraco<\/li>\n<li>Seguro contra delitos cibern\u00e9ticos<\/li>\n<\/ul>\n<p>P\u00f3ngase en contacto con nuestro bufete de abogados para que nuestro abogado experto en p\u00e9rdidas de negocios revise su p\u00f3liza de seguro y le explique qu\u00e9 compensaciones puede recibir su empresa.<\/p>\n<h2>Presentaci\u00f3n de reclamos de seguro por interrupci\u00f3n y p\u00e9rdidas de negocios<\/h2>\n<p>Su compa\u00f1\u00eda de seguros le pedir\u00e1 que presente la documentaci\u00f3n adecuada de sus ingresos anteriores y las p\u00e9rdidas que ha sufrido su negocio debido a su reclamo cubierto. Si no presenta la documentaci\u00f3n adecuada para todos sus costos, su compa\u00f1\u00eda de seguros podr\u00eda pagar menos o rechazar su reclamo.<\/p>\n<p>Un abogado experto en p\u00e9rdidas de negocios de nuestro bufete de abogados puede revisar su documentaci\u00f3n en cada etapa de su demanda para ayudarle a recuperar la compensaci\u00f3n adecuada por sus p\u00e9rdidas.<\/p>\n<h2>En que forma un abogado experto n p\u00e9rdidas de negocios puede ayudarle como propietario de un negocio a administrar su demanda<\/h2>\n<p>Las compa\u00f1\u00edas de seguros suelen denegar demandas leg\u00edtimas o pagar de menos, incluso a clientes antiguos que nunca han dejado de pagar. Su abogado especializado en p\u00e9rdidas comerciales puede ayudarle a tramitar su demanda, especialmente si la compa\u00f1\u00eda de seguros act\u00faa de mala fe, incluyendo:<\/p>\n<ul>\n<li>No investigar la demanda o deniega su reclamaci\u00f3n antes de llevar a cabo una investigaci\u00f3n<\/li>\n<li>Tergiversar la cobertura en su p\u00f3liza<\/li>\n<li>Incumplir con la obligaci\u00f3n de ofrecer una comunicaci\u00f3n r\u00e1pida sobre su demanda<\/li>\n<li>Negar o pagar de menos una demanda leg\u00edtima con la documentaci\u00f3n adecuada<\/li>\n<\/ul>\n<p>Estas son t\u00e1cticas comunes que utilizan las compa\u00f1\u00edas de seguros para obligar a sus clientes a presentar una demanda contra sus aseguradoras. P\u00f3ngase en contacto con nuestra firma hoy para que un abogado experto en p\u00e9rdidas de negocios revise su caso para una demanda de seguros de negocios.<\/p>\n<h2>P\u00f3ngase en contacto con nosotros en la Asesor\u00eda Jur\u00eddica EC del bufete de abogados para hablar con un abogado especializado en p\u00e9rdidas comerciales en el sureste y suroeste de Florida<\/h2>\n<p>No importa en qu\u00e9 etapa del proceso se encuentre su demanda, nuestro abogado con experiencia en p\u00e9rdidas comerciales en la Asesor\u00eda Jur\u00eddica EC del bufete de abogados puede ayudarlo a administrar su reclamo o construir su caso. Ll\u00e1menos hoy al <b>954-861-0833 <\/b>para programar una consulta en el sureste y suroeste de Florida.<\/p>\n","protected":false},"excerpt":{"rendered":"<p>Como propietario de un negocio en el sureste o suroeste de Florida, se enfrenta todos los d\u00edas al riesgo de p\u00e9rdidas en su negocio. Sin embargo \u00bfsab\u00eda usted que los propietarios de negocios pueden presentar reclamaciones de seguros para una serie de p\u00e9rdidas m\u00e1s all\u00e1 de los desastres naturales o el robo? Puede que se [&hellip;]<\/p>\n","protected":false},"author":2,"featured_media":0,"parent":0,"menu_order":0,"comment_status":"closed","ping_status":"closed","template":"page-templates\/services-template.php","meta":{"_acf_changed":false,"inline_featured_image":false,"footnotes":""},"class_list":["post-957","page","type-page","status-publish","hentry"],"acf":[],"yoast_head":"<!-- This site is optimized with the Yoast SEO plugin v27.4 - https:\/\/yoast.com\/product\/yoast-seo-wordpress\/ -->\n<title>\u00bfNecesita un abogado en p\u00e9rdidas de negocios en Florida?<\/title>\n<meta name=\"description\" content=\"Recupere la estabilidad de su negocio en Florida tras p\u00e9rdidas significativas. Nuestro bufete se especializa en reclamaciones de seguros comerciales exitosas.\" \/>\n<meta name=\"robots\" content=\"index, follow, max-snippet:-1, max-image-preview:large, max-video-preview:-1\" \/>\n<link rel=\"canonical\" href=\"https:\/\/eclawcounsel.com\/es\/necesita-un-abogado-especializado-en-perdidas-de-negocios-de-florida\/\" \/>\n<meta property=\"og:locale\" content=\"es_ES\" \/>\n<meta property=\"og:type\" content=\"article\" \/>\n<meta property=\"og:title\" content=\"\u00bfNecesita un abogado en p\u00e9rdidas de negocios en Florida?\" \/>\n<meta property=\"og:description\" content=\"Recupere la estabilidad de su negocio en Florida tras p\u00e9rdidas significativas. Nuestro bufete se especializa en reclamaciones de seguros comerciales exitosas.\" \/>\n<meta property=\"og:url\" content=\"https:\/\/eclawcounsel.com\/es\/necesita-un-abogado-especializado-en-perdidas-de-negocios-de-florida\/\" \/>\n<meta property=\"og:site_name\" content=\"EC Law Counsel\" \/>\n<meta property=\"article:modified_time\" content=\"2025-09-12T16:17:20+00:00\" \/>\n<meta name=\"twitter:card\" content=\"summary_large_image\" \/>\n<meta name=\"twitter:label1\" content=\"Est. reading time\" \/>\n\t<meta name=\"twitter:data1\" content=\"3 minutos\" \/>\n<!-- \/ Yoast SEO plugin. -->","yoast_head_json":{"title":"\u00bfNecesita un abogado en p\u00e9rdidas de negocios en Florida?","description":"Recupere la estabilidad de su negocio en Florida tras p\u00e9rdidas significativas. Nuestro bufete se especializa en reclamaciones de seguros comerciales exitosas.","robots":{"index":"index","follow":"follow","max-snippet":"max-snippet:-1","max-image-preview":"max-image-preview:large","max-video-preview":"max-video-preview:-1"},"canonical":"https:\/\/eclawcounsel.com\/es\/necesita-un-abogado-especializado-en-perdidas-de-negocios-de-florida\/","og_locale":"es_ES","og_type":"article","og_title":"\u00bfNecesita un abogado en p\u00e9rdidas de negocios en Florida?","og_description":"Recupere la estabilidad de su negocio en Florida tras p\u00e9rdidas significativas. Nuestro bufete se especializa en reclamaciones de seguros comerciales exitosas.","og_url":"https:\/\/eclawcounsel.com\/es\/necesita-un-abogado-especializado-en-perdidas-de-negocios-de-florida\/","og_site_name":"EC Law Counsel","article_modified_time":"2025-09-12T16:17:20+00:00","twitter_card":"summary_large_image","twitter_misc":{"Est. reading time":"3 minutos"},"schema":{"@context":"https:\/\/schema.org","@graph":[{"@type":"WebPage","@id":"https:\/\/eclawcounsel.com\/es\/necesita-un-abogado-especializado-en-perdidas-de-negocios-de-florida\/","url":"https:\/\/eclawcounsel.com\/es\/necesita-un-abogado-especializado-en-perdidas-de-negocios-de-florida\/","name":"\u00bfNecesita un abogado en p\u00e9rdidas de negocios en Florida?","isPartOf":{"@id":"https:\/\/eclawcounsel.com\/es\/#website"},"datePublished":"2025-07-14T12:16:30+00:00","dateModified":"2025-09-12T16:17:20+00:00","description":"Recupere la estabilidad de su negocio en Florida tras p\u00e9rdidas significativas. Nuestro bufete se especializa en reclamaciones de seguros comerciales exitosas.","breadcrumb":{"@id":"https:\/\/eclawcounsel.com\/es\/necesita-un-abogado-especializado-en-perdidas-de-negocios-de-florida\/#breadcrumb"},"inLanguage":"es","potentialAction":[{"@type":"ReadAction","target":["https:\/\/eclawcounsel.com\/es\/necesita-un-abogado-especializado-en-perdidas-de-negocios-de-florida\/"]}]},{"@type":"BreadcrumbList","@id":"https:\/\/eclawcounsel.com\/es\/necesita-un-abogado-especializado-en-perdidas-de-negocios-de-florida\/#breadcrumb","itemListElement":[{"@type":"ListItem","position":1,"name":"Home","item":"https:\/\/eclawcounsel.com\/es\/"},{"@type":"ListItem","position":2,"name":"Do You Need a Florida Business Loss Lawyer?"}]},{"@type":"WebSite","@id":"https:\/\/eclawcounsel.com\/es\/#website","url":"https:\/\/eclawcounsel.com\/es\/","name":"EC Law Counsel","description":"","publisher":{"@id":"https:\/\/eclawcounsel.com\/es\/#organization"},"potentialAction":[{"@type":"SearchAction","target":{"@type":"EntryPoint","urlTemplate":"https:\/\/eclawcounsel.com\/es\/?s={search_term_string}"},"query-input":{"@type":"PropertyValueSpecification","valueRequired":true,"valueName":"search_term_string"}}],"inLanguage":"es"},{"@type":"Organization","@id":"https:\/\/eclawcounsel.com\/es\/#organization","name":"EC Law Counsel","url":"https:\/\/eclawcounsel.com\/es\/","logo":{"@type":"ImageObject","inLanguage":"es","@id":"https:\/\/eclawcounsel.com\/es\/#\/schema\/logo\/image\/","url":"https:\/\/eclawcounsel.com\/wp-content\/uploads\/2025\/06\/eclawcounsel-logo.svg","contentUrl":"https:\/\/eclawcounsel.com\/wp-content\/uploads\/2025\/06\/eclawcounsel-logo.svg","width":196,"height":61,"caption":"EC Law Counsel"},"image":{"@id":"https:\/\/eclawcounsel.com\/es\/#\/schema\/logo\/image\/"}}]}},"_links":{"self":[{"href":"https:\/\/eclawcounsel.com\/es\/wp-json\/wp\/v2\/pages\/957","targetHints":{"allow":["GET"]}}],"collection":[{"href":"https:\/\/eclawcounsel.com\/es\/wp-json\/wp\/v2\/pages"}],"about":[{"href":"https:\/\/eclawcounsel.com\/es\/wp-json\/wp\/v2\/types\/page"}],"author":[{"embeddable":true,"href":"https:\/\/eclawcounsel.com\/es\/wp-json\/wp\/v2\/users\/2"}],"replies":[{"embeddable":true,"href":"https:\/\/eclawcounsel.com\/es\/wp-json\/wp\/v2\/comments?post=957"}],"version-history":[{"count":0,"href":"https:\/\/eclawcounsel.com\/es\/wp-json\/wp\/v2\/pages\/957\/revisions"}],"wp:attachment":[{"href":"https:\/\/eclawcounsel.com\/es\/wp-json\/wp\/v2\/media?parent=957"}],"curies":[{"name":"wp","href":"https:\/\/api.w.org\/{rel}","templated":true}]}}